{"id":2755,"date":"2021-08-20T12:39:54","date_gmt":"2021-08-20T12:39:54","guid":{"rendered":"https:\/\/www.tks3d.com\/?post_type=product&#038;p=2755"},"modified":"2025-09-15T12:13:03","modified_gmt":"2025-09-15T12:13:03","slug":"tranyckelring-formad-som-ett-ben-och-med-ett-husdjurs-namn","status":"publish","type":"product","link":"https:\/\/kiemmi.com\/sv\/shop\/llaveros-madera\/llavero-de-madera-con-forma-de-hueso-y-nombre-mascota\/","title":{"rendered":"Tr\u00e4nyckelring i form av ett ben och med ditt husdjurs namn"},"content":{"rendered":"<p>Ge dina nycklar en touch av charm och personlighet med denna bed\u00e5rande nyckelring i tr\u00e4, formad som ett ben, ett unikt f\u00f6rem\u00e5l som garanterat kommer att f\u00e5 dina nycklar att sticka ut!<\/p>\n<p>Varje nyckelring \u00e4r minuti\u00f6st handgjord med lasersk\u00e4rning och gravyrteknik f\u00f6r att uppn\u00e5 en o\u00f6vertr\u00e4ffad detaljniv\u00e5 och precision.<\/p>\n<p>V\u00e5rt h\u00f6gkvalitativa tr\u00e4 kommer fr\u00e5n h\u00e5llbara europeiska skogar, vilket visar v\u00e5rt engagemang f\u00f6r milj\u00f6skydd och excellens in i minsta detalj.<\/p>\n<p>Dessutom erbjuder vi m\u00f6jligheten att anpassa din nyckelring med en m\u00e4ngd olika f\u00e4rger, vilket g\u00f6r att du kan skapa ett verkligt unikt smycke.<\/p>\n<p>F\u00f6r att s\u00e4kerst\u00e4lla h\u00e5llbarhet och bibeh\u00e5lla dess sk\u00f6nhet \u00e4r varje nyckelring noggrant lackerad, vilket ger skydd mot dagligt slitage.<\/p>\n<p>Oavsett om det \u00e4r till dig sj\u00e4lv eller som en speciell present till n\u00e5gon n\u00e4ra dig, \u00e4r denna nyckelring inte bara ett praktiskt tillbeh\u00f6r utan ocks\u00e5 en symbol f\u00f6r k\u00e4rlek och lojalitet till v\u00e5ra \u00e4lskade husdjur. Skaffa din idag och b\u00e4r din hundkompis sj\u00e4l med dig vart du \u00e4n g\u00e5r!<\/p>\n<p><strong>M\u00e5tt:<\/strong><\/p>\n<ul>\n<li>Bredd: 30 mm<\/li>\n<li>H\u00f6jd: 55 mm<\/li>\n<li>Tjocklek: 3 mm<\/li>\n<\/ul>\n<p><strong>Material:<\/strong><\/p>\n<ul>\n<li>Tr\u00e4<\/li>\n<\/ul>","protected":false},"excerpt":{"rendered":"<p>Ge dina nycklar charm med denna benformade tr\u00e4nyckelring. Handgjord med o\u00f6vertr\u00e4ffad precision och detaljer. Den \u00e4r tillverkad av kvalitetstr\u00e4 fr\u00e5n h\u00e5llbara europeiska skogar. Kan anpassas med en m\u00e4ngd olika betsf\u00e4rger. Ett tillbeh\u00f6r som \u00e5terspeglar k\u00e4rlek och lojalitet till husdjur.<\/p>","protected":false},"featured_media":5362,"template":"","meta":{"_seopress_robots_primary_cat":"33","_seopress_titles_title":"Llavero de madera en forma de hueso: \u00fanico y personalizable","_seopress_titles_desc":"Destaca con un llavero de madera artesanal y sostenible. Personal\u00edzalo en color para ti o como regalo especial. Pr\u00e1ctico y con estilo \u00fanico.","_seopress_robots_index":"","site-sidebar-layout":"default","site-content-layout":"","ast-site-content-layout":"default","site-content-style":"default","site-sidebar-style":"default","ast-global-header-display":"","ast-banner-title-visibility":"","ast-main-header-display":"","ast-hfb-above-header-display":"","ast-hfb-below-header-display":"","ast-hfb-mobile-header-display":"","site-post-title":"","ast-breadcrumbs-content":"","ast-featured-img":"","footer-sml-layout":"","ast-disable-related-posts":"","theme-transparent-header-meta":"default","adv-header-id-meta":"","stick-header-meta":"default","header-above-stick-meta":"","header-main-stick-meta":"","header-below-stick-meta":"","astra-migrate-meta-layouts":"set","ast-page-background-enabled":"default","ast-page-background-meta":{"desktop":{"background-color":"","background-image":"","background-repeat":"repeat","background-position":"center center","background-size":"auto","background-attachment":"scroll","background-type":"","background-media":"","overlay-type":"","overlay-color":"","overlay-opacity":"","overlay-gradient":""},"tablet":{"background-color":"","background-image":"","background-repeat":"repeat","background-position":"center center","background-size":"auto","background-attachment":"scroll","background-type":"","background-media":"","overlay-type":"","overlay-color":"","overlay-opacity":"","overlay-gradient":""},"mobile":{"background-color":"","background-image":"","background-repeat":"repeat","background-position":"center center","background-size":"auto","background-attachment":"scroll","background-type":"","background-media":"","overlay-type":"","overlay-color":"","overlay-opacity":"","overlay-gradient":""}},"ast-content-background-meta":{"desktop":{"background-color":"var(--ast-global-color-5)","background-image":"","background-repeat":"repeat","background-position":"center center","background-size":"auto","background-attachment":"scroll","background-type":"","background-media":"","overlay-type":"","overlay-color":"","overlay-opacity":"","overlay-gradient":""},"tablet":{"background-color":"var(--ast-global-color-5)","background-image":"","background-repeat":"repeat","background-position":"center center","background-size":"auto","background-attachment":"scroll","background-type":"","background-media":"","overlay-type":"","overlay-color":"","overlay-opacity":"","overlay-gradient":""},"mobile":{"background-color":"var(--ast-global-color-5)","background-image":"","background-repeat":"repeat","background-position":"center center","background-size":"auto","background-attachment":"scroll","background-type":"","background-media":"","overlay-type":"","overlay-color":"","overlay-opacity":"","overlay-gradient":""}}},"product_brand":[],"product_cat":[33,87],"product_tag":[],"class_list":{"0":"post-2755","1":"product","2":"type-product","3":"status-publish","4":"has-post-thumbnail","6":"product_cat-llaveros-madera","7":"product_cat-mascotas","8":"desktop-align-center","9":"tablet-align-left","10":"mobile-align-center","11":"ast-product-gallery-layout-horizontal","12":"ast-magnify-disabled","13":"ast-product-tabs-layout-horizontal","14":"tm-has-options","16":"first","17":"instock","18":"taxable","19":"shipping-taxable","20":"purchasable","21":"product-type-simple"},"_links":{"self":[{"href":"https:\/\/kiemmi.com\/sv\/wp-json\/wp\/v2\/product\/2755","targetHints":{"allow":["GET"]}}],"collection":[{"href":"https:\/\/kiemmi.com\/sv\/wp-json\/wp\/v2\/product"}],"about":[{"href":"https:\/\/kiemmi.com\/sv\/wp-json\/wp\/v2\/types\/product"}],"version-history":[{"count":0,"href":"https:\/\/kiemmi.com\/sv\/wp-json\/wp\/v2\/product\/2755\/revisions"}],"wp:featuredmedia":[{"embeddable":true,"href":"https:\/\/kiemmi.com\/sv\/wp-json\/wp\/v2\/media\/5362"}],"wp:attachment":[{"href":"https:\/\/kiemmi.com\/sv\/wp-json\/wp\/v2\/media?parent=2755"}],"wp:term":[{"taxonomy":"product_brand","embeddable":true,"href":"https:\/\/kiemmi.com\/sv\/wp-json\/wp\/v2\/product_brand?post=2755"},{"taxonomy":"product_cat","embeddable":true,"href":"https:\/\/kiemmi.com\/sv\/wp-json\/wp\/v2\/product_cat?post=2755"},{"taxonomy":"product_tag","embeddable":true,"href":"https:\/\/kiemmi.com\/sv\/wp-json\/wp\/v2\/product_tag?post=2755"}],"curies":[{"name":"wp","href":"https:\/\/api.w.org\/{rel}","templated":true}]}}