{"id":2744,"date":"2021-08-18T07:49:19","date_gmt":"2021-08-18T07:49:19","guid":{"rendered":"https:\/\/www.tks3d.com\/?post_type=product&#038;p=2744"},"modified":"2025-09-11T21:27:27","modified_gmt":"2025-09-11T21:27:27","slug":"tranyckelring-med-hundtassavtryck-och-husdjursnamn","status":"publish","type":"product","link":"https:\/\/kiemmi.com\/sv\/shop\/llaveros-madera\/llavero-madera-huella-de-perro-y-nombre-mascota\/","title":{"rendered":"Tr\u00e4nyckelringar med hundtassavtryck och personligt husdjursnamn"},"content":{"rendered":"<p>F\u00f6rvandla varje \u00f6gonblick till ett speciellt minne med denna charmiga nyckelring i tr\u00e4 med tassavtryck, ett unikt f\u00f6rem\u00e5l som f\u00e5ngar essensen av k\u00e4rlek till v\u00e5ra husdjur.<\/p>\n<p>Varje nyckelring \u00e4r noggrant handgjord med lasersk\u00e4rning och gravyrteknik f\u00f6r att s\u00e4kerst\u00e4lla exceptionell kvalitet och detaljer.<\/p>\n<p>Tr\u00e4et som anv\u00e4nds kommer fr\u00e5n h\u00e5llbara europeiska skogar, vilket \u00e5terspeglar v\u00e5rt engagemang f\u00f6r milj\u00f6 och kvalitet.<\/p>\n<p>Dessutom erbjuder vi m\u00f6jligheten att personifiera din nyckelring med en m\u00e4ngd olika f\u00e4rger, vilket g\u00f6r att du kan ge den en personlig touch.<\/p>\n<p>F\u00f6r att s\u00e4kerst\u00e4lla h\u00e5llbarhet och bibeh\u00e5lla dess sk\u00f6nhet \u00e4r varje nyckelring expertlackerad, vilket ger skydd mot dagligt slitage.<\/p>\n<p>Oavsett om det \u00e4r till dig sj\u00e4lv eller som en meningsfull g\u00e5va, \u00e4r denna nyckelring mycket mer \u00e4n bara ett tillbeh\u00f6r: den \u00e4r en hyllning till den speciella band vi delar med v\u00e5ra lurviga v\u00e4nner. Skaffa din idag och b\u00e4r ditt husdjurs sj\u00e4l med dig vart du \u00e4n g\u00e5r!<\/p>\n<p><strong>M\u00e5tt:<\/strong><\/p>\n<ul>\n<li>Tjocklek: 3 mm<\/li>\n<li>Bredd: 45 mm<\/li>\n<li>H\u00f6jd: 42 mm<\/li>\n<\/ul>\n<p><strong>Material:<\/strong><\/p>\n<ul>\n<li>Tr\u00e4<\/li>\n<\/ul>\n<p><strong>F\u00e4rger:<\/strong><\/p>\n<div id='gallery-1' class='gallery galleryid-2744 gallery-columns-6 gallery-size-thumbnail'><figure class='gallery-item'>\n\t\t\t<div class='gallery-icon landscape'>\n\t\t\t\t<a href='https:\/\/kiemmi.com\/sv\/?attachment_id=5352'><img width=\"150\" height=\"150\" src=\"https:\/\/kiemmi.com\/wp-content\/uploads\/2022\/12\/20230422_170532_001-150x150.jpg\" class=\"attachment-thumbnail size-thumbnail\" alt=\"Tr\u00e4nyckelring Hundtass \/ Katttass\" aria-describedby=\"gallery-1-5352\" srcset=\"https:\/\/kiemmi.com\/wp-content\/uploads\/2022\/12\/20230422_170532_001-150x150.jpg 150w, https:\/\/kiemmi.com\/wp-content\/uploads\/2022\/12\/20230422_170532_001-300x300.jpg 300w, https:\/\/kiemmi.com\/wp-content\/uploads\/2022\/12\/20230422_170532_001-100x100.jpg 100w, https:\/\/kiemmi.com\/wp-content\/uploads\/2022\/12\/20230422_170532_001-600x600.jpg 600w, https:\/\/kiemmi.com\/wp-content\/uploads\/2022\/12\/20230422_170532_001-64x64.jpg 64w, https:\/\/kiemmi.com\/wp-content\/uploads\/2022\/12\/20230422_170532_001-1024x1024.jpg 1024w, https:\/\/kiemmi.com\/wp-content\/uploads\/2022\/12\/20230422_170532_001-768x768.jpg 768w, https:\/\/kiemmi.com\/wp-content\/uploads\/2022\/12\/20230422_170532_001-1536x1536.jpg 1536w, https:\/\/kiemmi.com\/wp-content\/uploads\/2022\/12\/20230422_170532_001-12x12.jpg 12w, https:\/\/kiemmi.com\/wp-content\/uploads\/2022\/12\/20230422_170532_001-500x500.jpg 500w, https:\/\/kiemmi.com\/wp-content\/uploads\/2022\/12\/20230422_170532_001.jpg 2000w\" sizes=\"(max-width: 150px) 100vw, 150px\" data-xoowscfly=\"fly\" decoding=\"async\" \/><\/a>\n\t\t\t<\/div>\n\t\t\t\t<figcaption class='wp-caption-text gallery-caption' id='gallery-1-5352'>\n\t\t\t\tNaturtr\u00e4\n\t\t\t\t<\/figcaption><\/figure><figure class='gallery-item'>\n\t\t\t<div class='gallery-icon landscape'>\n\t\t\t\t<a href='https:\/\/kiemmi.com\/sv\/?attachment_id=5355'><img width=\"150\" height=\"150\" src=\"https:\/\/kiemmi.com\/wp-content\/uploads\/2022\/12\/20230422_170632_001-150x150.jpg\" class=\"attachment-thumbnail size-thumbnail\" alt=\"Tr\u00e4nyckelring Hundtass \/ Katttass\" aria-describedby=\"gallery-1-5355\" srcset=\"https:\/\/kiemmi.com\/wp-content\/uploads\/2022\/12\/20230422_170632_001-150x150.jpg 150w, https:\/\/kiemmi.com\/wp-content\/uploads\/2022\/12\/20230422_170632_001-300x300.jpg 300w, https:\/\/kiemmi.com\/wp-content\/uploads\/2022\/12\/20230422_170632_001-100x100.jpg 100w, https:\/\/kiemmi.com\/wp-content\/uploads\/2022\/12\/20230422_170632_001-600x600.jpg 600w, https:\/\/kiemmi.com\/wp-content\/uploads\/2022\/12\/20230422_170632_001-64x64.jpg 64w, https:\/\/kiemmi.com\/wp-content\/uploads\/2022\/12\/20230422_170632_001-1024x1024.jpg 1024w, https:\/\/kiemmi.com\/wp-content\/uploads\/2022\/12\/20230422_170632_001-768x768.jpg 768w, https:\/\/kiemmi.com\/wp-content\/uploads\/2022\/12\/20230422_170632_001-1536x1536.jpg 1536w, https:\/\/kiemmi.com\/wp-content\/uploads\/2022\/12\/20230422_170632_001-12x12.jpg 12w, https:\/\/kiemmi.com\/wp-content\/uploads\/2022\/12\/20230422_170632_001-500x500.jpg 500w, https:\/\/kiemmi.com\/wp-content\/uploads\/2022\/12\/20230422_170632_001.jpg 2000w\" sizes=\"(max-width: 150px) 100vw, 150px\" data-xoowscfly=\"fly\" decoding=\"async\" \/><\/a>\n\t\t\t<\/div>\n\t\t\t\t<figcaption class='wp-caption-text gallery-caption' id='gallery-1-5355'>\n\t\t\t\tEk\n\t\t\t\t<\/figcaption><\/figure><figure class='gallery-item'>\n\t\t\t<div class='gallery-icon landscape'>\n\t\t\t\t<a href='https:\/\/kiemmi.com\/sv\/?attachment_id=5353'><img width=\"150\" height=\"150\" src=\"https:\/\/kiemmi.com\/wp-content\/uploads\/2022\/12\/20230422_170608_001-150x150.jpg\" class=\"attachment-thumbnail size-thumbnail\" alt=\"Tr\u00e4nyckelring Hundtass \/ Katttass\" aria-describedby=\"gallery-1-5353\" srcset=\"https:\/\/kiemmi.com\/wp-content\/uploads\/2022\/12\/20230422_170608_001-150x150.jpg 150w, https:\/\/kiemmi.com\/wp-content\/uploads\/2022\/12\/20230422_170608_001-300x300.jpg 300w, https:\/\/kiemmi.com\/wp-content\/uploads\/2022\/12\/20230422_170608_001-100x100.jpg 100w, https:\/\/kiemmi.com\/wp-content\/uploads\/2022\/12\/20230422_170608_001-600x600.jpg 600w, https:\/\/kiemmi.com\/wp-content\/uploads\/2022\/12\/20230422_170608_001-64x64.jpg 64w, https:\/\/kiemmi.com\/wp-content\/uploads\/2022\/12\/20230422_170608_001-1024x1024.jpg 1024w, https:\/\/kiemmi.com\/wp-content\/uploads\/2022\/12\/20230422_170608_001-768x768.jpg 768w, https:\/\/kiemmi.com\/wp-content\/uploads\/2022\/12\/20230422_170608_001-1536x1536.jpg 1536w, https:\/\/kiemmi.com\/wp-content\/uploads\/2022\/12\/20230422_170608_001-12x12.jpg 12w, https:\/\/kiemmi.com\/wp-content\/uploads\/2022\/12\/20230422_170608_001-500x500.jpg 500w, https:\/\/kiemmi.com\/wp-content\/uploads\/2022\/12\/20230422_170608_001.jpg 2000w\" sizes=\"(max-width: 150px) 100vw, 150px\" data-xoowscfly=\"fly\" decoding=\"async\" \/><\/a>\n\t\t\t<\/div>\n\t\t\t\t<figcaption class='wp-caption-text gallery-caption' id='gallery-1-5353'>\n\t\t\t\tSapeli\n\t\t\t\t<\/figcaption><\/figure><figure class='gallery-item'>\n\t\t\t<div class='gallery-icon landscape'>\n\t\t\t\t<a href='https:\/\/kiemmi.com\/sv\/?attachment_id=5347'><img width=\"150\" height=\"150\" src=\"https:\/\/kiemmi.com\/wp-content\/uploads\/2022\/12\/20230422_170559_001-150x150.jpg\" class=\"attachment-thumbnail size-thumbnail\" alt=\"Tr\u00e4nyckelring i form av en hund-\/katttass\" aria-describedby=\"gallery-1-5347\" srcset=\"https:\/\/kiemmi.com\/wp-content\/uploads\/2022\/12\/20230422_170559_001-150x150.jpg 150w, https:\/\/kiemmi.com\/wp-content\/uploads\/2022\/12\/20230422_170559_001-300x300.jpg 300w, https:\/\/kiemmi.com\/wp-content\/uploads\/2022\/12\/20230422_170559_001-100x100.jpg 100w, https:\/\/kiemmi.com\/wp-content\/uploads\/2022\/12\/20230422_170559_001-600x600.jpg 600w, https:\/\/kiemmi.com\/wp-content\/uploads\/2022\/12\/20230422_170559_001-64x64.jpg 64w, https:\/\/kiemmi.com\/wp-content\/uploads\/2022\/12\/20230422_170559_001-1024x1024.jpg 1024w, https:\/\/kiemmi.com\/wp-content\/uploads\/2022\/12\/20230422_170559_001-768x768.jpg 768w, https:\/\/kiemmi.com\/wp-content\/uploads\/2022\/12\/20230422_170559_001-1536x1536.jpg 1536w, https:\/\/kiemmi.com\/wp-content\/uploads\/2022\/12\/20230422_170559_001-12x12.jpg 12w, https:\/\/kiemmi.com\/wp-content\/uploads\/2022\/12\/20230422_170559_001-500x500.jpg 500w, https:\/\/kiemmi.com\/wp-content\/uploads\/2022\/12\/20230422_170559_001.jpg 2000w\" sizes=\"(max-width: 150px) 100vw, 150px\" data-xoowscfly=\"fly\" decoding=\"async\" \/><\/a>\n\t\t\t<\/div>\n\t\t\t\t<figcaption class='wp-caption-text gallery-caption' id='gallery-1-5347'>\n\t\t\t\tValn\u00f6t\n\t\t\t\t<\/figcaption><\/figure><figure class='gallery-item'>\n\t\t\t<div class='gallery-icon landscape'>\n\t\t\t\t<a href='https:\/\/kiemmi.com\/sv\/?attachment_id=5348'><img width=\"150\" height=\"150\" src=\"https:\/\/kiemmi.com\/wp-content\/uploads\/2022\/12\/20230422_170543_001-150x150.jpg\" class=\"attachment-thumbnail size-thumbnail\" alt=\"Tr\u00e4nyckelring Hundtass \/ Katttass\" aria-describedby=\"gallery-1-5348\" srcset=\"https:\/\/kiemmi.com\/wp-content\/uploads\/2022\/12\/20230422_170543_001-150x150.jpg 150w, https:\/\/kiemmi.com\/wp-content\/uploads\/2022\/12\/20230422_170543_001-300x300.jpg 300w, https:\/\/kiemmi.com\/wp-content\/uploads\/2022\/12\/20230422_170543_001-100x100.jpg 100w, https:\/\/kiemmi.com\/wp-content\/uploads\/2022\/12\/20230422_170543_001-600x600.jpg 600w, https:\/\/kiemmi.com\/wp-content\/uploads\/2022\/12\/20230422_170543_001-64x64.jpg 64w, https:\/\/kiemmi.com\/wp-content\/uploads\/2022\/12\/20230422_170543_001-1024x1024.jpg 1024w, https:\/\/kiemmi.com\/wp-content\/uploads\/2022\/12\/20230422_170543_001-768x768.jpg 768w, https:\/\/kiemmi.com\/wp-content\/uploads\/2022\/12\/20230422_170543_001-1536x1536.jpg 1536w, https:\/\/kiemmi.com\/wp-content\/uploads\/2022\/12\/20230422_170543_001-12x12.jpg 12w, https:\/\/kiemmi.com\/wp-content\/uploads\/2022\/12\/20230422_170543_001-500x500.jpg 500w, https:\/\/kiemmi.com\/wp-content\/uploads\/2022\/12\/20230422_170543_001.jpg 2000w\" sizes=\"(max-width: 150px) 100vw, 150px\" data-xoowscfly=\"fly\" decoding=\"async\" \/><\/a>\n\t\t\t<\/div>\n\t\t\t\t<figcaption class='wp-caption-text gallery-caption' id='gallery-1-5348'>\n\t\t\t\tWengue\n\t\t\t\t<\/figcaption><\/figure><figure class='gallery-item'>\n\t\t\t<div class='gallery-icon landscape'>\n\t\t\t\t<a href='https:\/\/kiemmi.com\/sv\/?attachment_id=5354'><img width=\"150\" height=\"150\" src=\"https:\/\/kiemmi.com\/wp-content\/uploads\/2022\/12\/20230422_170621_001-150x150.jpg\" class=\"attachment-thumbnail size-thumbnail\" alt=\"Tr\u00e4nyckelring Hundtass \/ Katttass\" aria-describedby=\"gallery-1-5354\" srcset=\"https:\/\/kiemmi.com\/wp-content\/uploads\/2022\/12\/20230422_170621_001-150x150.jpg 150w, https:\/\/kiemmi.com\/wp-content\/uploads\/2022\/12\/20230422_170621_001-300x300.jpg 300w, https:\/\/kiemmi.com\/wp-content\/uploads\/2022\/12\/20230422_170621_001-100x100.jpg 100w, https:\/\/kiemmi.com\/wp-content\/uploads\/2022\/12\/20230422_170621_001-600x600.jpg 600w, https:\/\/kiemmi.com\/wp-content\/uploads\/2022\/12\/20230422_170621_001-64x64.jpg 64w, https:\/\/kiemmi.com\/wp-content\/uploads\/2022\/12\/20230422_170621_001-1024x1024.jpg 1024w, https:\/\/kiemmi.com\/wp-content\/uploads\/2022\/12\/20230422_170621_001-768x768.jpg 768w, https:\/\/kiemmi.com\/wp-content\/uploads\/2022\/12\/20230422_170621_001-1536x1536.jpg 1536w, https:\/\/kiemmi.com\/wp-content\/uploads\/2022\/12\/20230422_170621_001-12x12.jpg 12w, https:\/\/kiemmi.com\/wp-content\/uploads\/2022\/12\/20230422_170621_001-500x500.jpg 500w, https:\/\/kiemmi.com\/wp-content\/uploads\/2022\/12\/20230422_170621_001.jpg 2000w\" sizes=\"(max-width: 150px) 100vw, 150px\" data-xoowscfly=\"fly\" decoding=\"async\" \/><\/a>\n\t\t\t<\/div>\n\t\t\t\t<figcaption class='wp-caption-text gallery-caption' id='gallery-1-5354'>\n\t\t\t\tR\u00f6d\n\t\t\t\t<\/figcaption><\/figure>\n\t\t<\/div>","protected":false},"excerpt":{"rendered":"<p>F\u00f6rvandla varje \u00f6gonblick med denna charmiga nyckelring i tr\u00e4 med tassavtryck, ett unikt f\u00f6rem\u00e5l som f\u00e5ngar essensen av v\u00e5r k\u00e4rlek till v\u00e5ra husdjur. Varje nyckelring \u00e4r handgjord med lasersk\u00e4rning och gravyrteknik f\u00f6r att s\u00e4kerst\u00e4lla exceptionell kvalitet. Tr\u00e4et kommer fr\u00e5n h\u00e5llbara europeiska skogar, vilket \u00e5terspeglar v\u00e5rt engagemang f\u00f6r milj\u00f6 och kvalitet. Vi erbjuder anpassning med en m\u00e4ngd olika betsf\u00e4rger f\u00f6r att ge en personlig touch. Denna nyckelring \u00e4r en hyllning till den speciella band vi delar med v\u00e5ra lurviga v\u00e4nner, perfekt f\u00f6r dig sj\u00e4lv eller som en meningsfull present.<\/p>","protected":false},"featured_media":5349,"template":"","meta":{"_seopress_robots_primary_cat":"33","_seopress_titles_title":"Llavero Huella de Perro: Recuerda a Tu Mascota Siempre","_seopress_titles_desc":"Luce un llavero \u00fanico de madera en forma de huella de perro, personalizable y ecoamigable. Captura el amor por tu mascota con estilo y calidad.","_seopress_robots_index":"","site-sidebar-layout":"default","site-content-layout":"","ast-site-content-layout":"default","site-content-style":"default","site-sidebar-style":"default","ast-global-header-display":"","ast-banner-title-visibility":"","ast-main-header-display":"","ast-hfb-above-header-display":"","ast-hfb-below-header-display":"","ast-hfb-mobile-header-display":"","site-post-title":"","ast-breadcrumbs-content":"","ast-featured-img":"","footer-sml-layout":"","ast-disable-related-posts":"","theme-transparent-header-meta":"default","adv-header-id-meta":"","stick-header-meta":"default","header-above-stick-meta":"","header-main-stick-meta":"","header-below-stick-meta":"","astra-migrate-meta-layouts":"set","ast-page-background-enabled":"default","ast-page-background-meta":{"desktop":{"background-color":"","background-image":"","background-repeat":"repeat","background-position":"center center","background-size":"auto","background-attachment":"scroll","background-type":"","background-media":"","overlay-type":"","overlay-color":"","overlay-opacity":"","overlay-gradient":""},"tablet":{"background-color":"","background-image":"","background-repeat":"repeat","background-position":"center center","background-size":"auto","background-attachment":"scroll","background-type":"","background-media":"","overlay-type":"","overlay-color":"","overlay-opacity":"","overlay-gradient":""},"mobile":{"background-color":"","background-image":"","background-repeat":"repeat","background-position":"center center","background-size":"auto","background-attachment":"scroll","background-type":"","background-media":"","overlay-type":"","overlay-color":"","overlay-opacity":"","overlay-gradient":""}},"ast-content-background-meta":{"desktop":{"background-color":"var(--ast-global-color-5)","background-image":"","background-repeat":"repeat","background-position":"center center","background-size":"auto","background-attachment":"scroll","background-type":"","background-media":"","overlay-type":"","overlay-color":"","overlay-opacity":"","overlay-gradient":""},"tablet":{"background-color":"var(--ast-global-color-5)","background-image":"","background-repeat":"repeat","background-position":"center center","background-size":"auto","background-attachment":"scroll","background-type":"","background-media":"","overlay-type":"","overlay-color":"","overlay-opacity":"","overlay-gradient":""},"mobile":{"background-color":"var(--ast-global-color-5)","background-image":"","background-repeat":"repeat","background-position":"center center","background-size":"auto","background-attachment":"scroll","background-type":"","background-media":"","overlay-type":"","overlay-color":"","overlay-opacity":"","overlay-gradient":""}}},"product_brand":[],"product_cat":[33,87],"product_tag":[],"class_list":{"0":"post-2744","1":"product","2":"type-product","3":"status-publish","4":"has-post-thumbnail","6":"product_cat-llaveros-madera","7":"product_cat-mascotas","8":"desktop-align-center","9":"tablet-align-left","10":"mobile-align-center","11":"ast-product-gallery-layout-horizontal","12":"ast-magnify-disabled","13":"ast-product-tabs-layout-horizontal","14":"tm-has-options","16":"first","17":"instock","18":"taxable","19":"shipping-taxable","20":"purchasable","21":"product-type-simple"},"_links":{"self":[{"href":"https:\/\/kiemmi.com\/sv\/wp-json\/wp\/v2\/product\/2744","targetHints":{"allow":["GET"]}}],"collection":[{"href":"https:\/\/kiemmi.com\/sv\/wp-json\/wp\/v2\/product"}],"about":[{"href":"https:\/\/kiemmi.com\/sv\/wp-json\/wp\/v2\/types\/product"}],"version-history":[{"count":0,"href":"https:\/\/kiemmi.com\/sv\/wp-json\/wp\/v2\/product\/2744\/revisions"}],"wp:featuredmedia":[{"embeddable":true,"href":"https:\/\/kiemmi.com\/sv\/wp-json\/wp\/v2\/media\/5349"}],"wp:attachment":[{"href":"https:\/\/kiemmi.com\/sv\/wp-json\/wp\/v2\/media?parent=2744"}],"wp:term":[{"taxonomy":"product_brand","embeddable":true,"href":"https:\/\/kiemmi.com\/sv\/wp-json\/wp\/v2\/product_brand?post=2744"},{"taxonomy":"product_cat","embeddable":true,"href":"https:\/\/kiemmi.com\/sv\/wp-json\/wp\/v2\/product_cat?post=2744"},{"taxonomy":"product_tag","embeddable":true,"href":"https:\/\/kiemmi.com\/sv\/wp-json\/wp\/v2\/product_tag?post=2744"}],"curies":[{"name":"wp","href":"https:\/\/api.w.org\/{rel}","templated":true}]}}