{"id":2716,"date":"2021-08-12T12:01:10","date_gmt":"2021-08-12T12:01:10","guid":{"rendered":"https:\/\/www.tks3d.com\/?post_type=product&#038;p=2716"},"modified":"2025-06-04T12:08:39","modified_gmt":"2025-06-04T12:08:39","slug":"specialanpassat-mobiltelefonstativ-i-tra-modell-1","status":"publish","type":"product","link":"https:\/\/kiemmi.com\/sv\/shop\/soportes-para-moviles\/soporte-para-moviles-de-madera-personalizados-modelo-1\/","title":{"rendered":"Anpassat mobiltelefonst\u00e4ll i tr\u00e4 \u2013 Modell 1"},"content":{"rendered":"<p>Stativet levereras i 3 delar f\u00f6r montering.<\/p>\n<p>Perfekt f\u00f6r telefoner med sk\u00e4rmar fr\u00e5n 6 tum.<\/p>\n<p>Den bifogade bilden kommer att bearbetas av v\u00e5ra experter f\u00f6r att konvertera den till ett &quot;siluett&quot;-format.<\/p>\n<p><strong>M\u00e5tt:<\/strong><\/p>\n<ul>\n<li>Tjocklek: 3 mm<\/li>\n<\/ul>\n<p><a href=\"https:\/\/kiemmi.com\/wp-content\/uploads\/2021\/08\/soporte-moviles-modelo1-dimensiones.jpg\"><img decoding=\"async\" class=\"wp-image-2734 size-medium aligncenter\" src=\"https:\/\/kiemmi.com\/wp-content\/uploads\/2021\/08\/soporte-moviles-modelo1-dimensiones-300x252.jpg\" alt=\"\" width=\"300\" height=\"252\" srcset=\"https:\/\/kiemmi.com\/wp-content\/uploads\/2021\/08\/soporte-moviles-modelo1-dimensiones-300x252.jpg 300w, https:\/\/kiemmi.com\/wp-content\/uploads\/2021\/08\/soporte-moviles-modelo1-dimensiones-600x504.jpg 600w, https:\/\/kiemmi.com\/wp-content\/uploads\/2021\/08\/soporte-moviles-modelo1-dimensiones-64x54.jpg 64w, https:\/\/kiemmi.com\/wp-content\/uploads\/2021\/08\/soporte-moviles-modelo1-dimensiones-1024x860.jpg 1024w, https:\/\/kiemmi.com\/wp-content\/uploads\/2021\/08\/soporte-moviles-modelo1-dimensiones-768x645.jpg 768w, https:\/\/kiemmi.com\/wp-content\/uploads\/2021\/08\/soporte-moviles-modelo1-dimensiones.jpg 1074w\" sizes=\"(max-width: 300px) 100vw, 300px\" \/><\/a><\/p>\n<p><strong>Material:<\/strong><\/p>\n<ul>\n<li>Plywood<\/li>\n<\/ul>\n<p><strong>Transport:<\/strong><\/p>\n<ul>\n<li>GRATISSS ??!!<\/li>\n<\/ul>","protected":false},"excerpt":{"rendered":"<p>Stativet levereras i 3 delar f\u00f6r montering.<\/p>\n<p>Perfekt f\u00f6r telefoner med sk\u00e4rmar fr\u00e5n 6 tum.<\/p>\n<p>Den bifogade bilden kommer att bearbetas av v\u00e5ra experter f\u00f6r att konvertera den till ett &quot;siluett&quot;-format.<\/p>","protected":false},"featured_media":2718,"template":"","meta":{"_seopress_robots_primary_cat":"34","_seopress_titles_title":"%%title%% %%page%%","_seopress_titles_desc":"","_seopress_robots_index":"","site-sidebar-layout":"default","site-content-layout":"","ast-site-content-layout":"default","site-content-style":"default","site-sidebar-style":"default","ast-global-header-display":"","ast-banner-title-visibility":"","ast-main-header-display":"","ast-hfb-above-header-display":"","ast-hfb-below-header-display":"","ast-hfb-mobile-header-display":"","site-post-title":"","ast-breadcrumbs-content":"","ast-featured-img":"","footer-sml-layout":"","ast-disable-related-posts":"","theme-transparent-header-meta":"","adv-header-id-meta":"","stick-header-meta":"","header-above-stick-meta":"","header-main-stick-meta":"","header-below-stick-meta":"","astra-migrate-meta-layouts":"default","ast-page-background-enabled":"default","ast-page-background-meta":{"desktop":{"background-color":"","background-image":"","background-repeat":"repeat","background-position":"center center","background-size":"auto","background-attachment":"scroll","background-type":"","background-media":"","overlay-type":"","overlay-color":"","overlay-opacity":"","overlay-gradient":""},"tablet":{"background-color":"","background-image":"","background-repeat":"repeat","background-position":"center center","background-size":"auto","background-attachment":"scroll","background-type":"","background-media":"","overlay-type":"","overlay-color":"","overlay-opacity":"","overlay-gradient":""},"mobile":{"background-color":"","background-image":"","background-repeat":"repeat","background-position":"center center","background-size":"auto","background-attachment":"scroll","background-type":"","background-media":"","overlay-type":"","overlay-color":"","overlay-opacity":"","overlay-gradient":""}},"ast-content-background-meta":{"desktop":{"background-color":"var(--ast-global-color-5)","background-image":"","background-repeat":"repeat","background-position":"center center","background-size":"auto","background-attachment":"scroll","background-type":"","background-media":"","overlay-type":"","overlay-color":"","overlay-opacity":"","overlay-gradient":""},"tablet":{"background-color":"var(--ast-global-color-5)","background-image":"","background-repeat":"repeat","background-position":"center center","background-size":"auto","background-attachment":"scroll","background-type":"","background-media":"","overlay-type":"","overlay-color":"","overlay-opacity":"","overlay-gradient":""},"mobile":{"background-color":"var(--ast-global-color-5)","background-image":"","background-repeat":"repeat","background-position":"center center","background-size":"auto","background-attachment":"scroll","background-type":"","background-media":"","overlay-type":"","overlay-color":"","overlay-opacity":"","overlay-gradient":""}}},"product_brand":[],"product_cat":[34],"product_tag":[],"class_list":{"0":"post-2716","1":"product","2":"type-product","3":"status-publish","4":"has-post-thumbnail","6":"product_cat-soportes-para-moviles","7":"desktop-align-center","8":"tablet-align-left","9":"mobile-align-center","10":"ast-product-gallery-layout-horizontal","11":"ast-magnify-disabled","12":"ast-product-tabs-layout-horizontal","13":"tm-has-options","15":"first","16":"instock","17":"sale","18":"taxable","19":"shipping-taxable","20":"purchasable","21":"product-type-simple"},"_links":{"self":[{"href":"https:\/\/kiemmi.com\/sv\/wp-json\/wp\/v2\/product\/2716","targetHints":{"allow":["GET"]}}],"collection":[{"href":"https:\/\/kiemmi.com\/sv\/wp-json\/wp\/v2\/product"}],"about":[{"href":"https:\/\/kiemmi.com\/sv\/wp-json\/wp\/v2\/types\/product"}],"version-history":[{"count":0,"href":"https:\/\/kiemmi.com\/sv\/wp-json\/wp\/v2\/product\/2716\/revisions"}],"wp:featuredmedia":[{"embeddable":true,"href":"https:\/\/kiemmi.com\/sv\/wp-json\/wp\/v2\/media\/2718"}],"wp:attachment":[{"href":"https:\/\/kiemmi.com\/sv\/wp-json\/wp\/v2\/media?parent=2716"}],"wp:term":[{"taxonomy":"product_brand","embeddable":true,"href":"https:\/\/kiemmi.com\/sv\/wp-json\/wp\/v2\/product_brand?post=2716"},{"taxonomy":"product_cat","embeddable":true,"href":"https:\/\/kiemmi.com\/sv\/wp-json\/wp\/v2\/product_cat?post=2716"},{"taxonomy":"product_tag","embeddable":true,"href":"https:\/\/kiemmi.com\/sv\/wp-json\/wp\/v2\/product_tag?post=2716"}],"curies":[{"name":"wp","href":"https:\/\/api.w.org\/{rel}","templated":true}]}}