{"id":2588,"date":"2021-07-23T09:23:32","date_gmt":"2021-07-23T09:23:32","guid":{"rendered":"https:\/\/www.tks3d.com\/?post_type=product&#038;p=2588"},"modified":"2025-12-09T11:26:37","modified_gmt":"2025-12-09T11:26:37","slug":"personlig-trastjarnetikett-2","status":"publish","type":"product","link":"https:\/\/kiemmi.com\/sv\/shop\/etiquetas-madera\/etiqueta-madera-personalizada-estrella-2\/","title":{"rendered":"Personlig tr\u00e4etikett Stj\u00e4rna 2"},"content":{"rendered":"<p>Laserskurna och graverade tr\u00e4etiketter, perfekta f\u00f6r handgjorda produkter, hantverk eller g\u00f6r-det-sj\u00e4lv-produkter.<\/p>\n<p>Ge dina produkter den utm\u00e4rkelse de f\u00f6rtj\u00e4nar.<\/p>\n<p>Helt anpassningsbara etiketter med din design. L\u00e4gg till valfri text eller form, vilket g\u00f6r dem helt unika.<\/p>\n<p>Produkten \u00e4r tillverkad i Spanien av oss sj\u00e4lva med stor omsorg.<\/p>\n<p><em><strong>M\u00e5tt:<\/strong><\/em><\/p>\n<ul>\n<li>H\u00f6jd: 2 mm<\/li>\n<\/ul>\n<p><img decoding=\"async\" class=\"alignnone size-full wp-image-2589\" src=\"https:\/\/kiemmi.com\/wp-content\/uploads\/2021\/07\/Etiqueta-de-madera-Estrella-2-Dimensiones.png\" alt=\"\" width=\"270\" height=\"268\" srcset=\"https:\/\/kiemmi.com\/wp-content\/uploads\/2021\/07\/Etiqueta-de-madera-Estrella-2-Dimensiones.png 270w, https:\/\/kiemmi.com\/wp-content\/uploads\/2021\/07\/Etiqueta-de-madera-Estrella-2-Dimensiones-100x100.png 100w, https:\/\/kiemmi.com\/wp-content\/uploads\/2021\/07\/Etiqueta-de-madera-Estrella-2-Dimensiones-64x64.png 64w, https:\/\/kiemmi.com\/wp-content\/uploads\/2021\/07\/Etiqueta-de-madera-Estrella-2-Dimensiones-150x150.png 150w\" sizes=\"(max-width: 270px) 100vw, 270px\" \/><\/p>\n<p><em><strong>Material:<\/strong><\/em><\/p>\n<ul>\n<li>Plywood<\/li>\n<\/ul>\n<p><em><strong>Transport:<\/strong><\/em><\/p>\n<ul>\n<li>Eftersom detta \u00e4r en anpassningsbar produkt tar det mellan 2\u20134 dagar att producera din best\u00e4llning beroende p\u00e5 v\u00e5r arbetsbelastning. Om du beh\u00f6ver en br\u00e5dskande best\u00e4llning, v\u00e4nligen kontakta oss.<\/li>\n<\/ul>","protected":false},"excerpt":{"rendered":"<p>Laserskurna och graverade tr\u00e4etiketter, perfekta f\u00f6r handgjorda produkter, hantverk eller g\u00f6r-det-sj\u00e4lv-produkter.<\/p>\n<p>Ge dina produkter den utm\u00e4rkelse de f\u00f6rtj\u00e4nar.<\/p>\n<p>Helt anpassningsbara etiketter med din design. L\u00e4gg till valfri text eller form, vilket g\u00f6r dem helt unika.<\/p>\n<p>Minsta best\u00e4llning p\u00e5 10 etiketter.<\/p>","protected":false},"featured_media":4061,"template":"","meta":{"_seopress_robots_primary_cat":"0","_seopress_titles_title":"%%title%% %%page%%","_seopress_titles_desc":"Etiquetas de madera totalmente personalizadas con tu dise\u00f1o. Ideal para destacar tu productos. La etiqueta perfecta para productos artesanales.","_seopress_robots_index":"","site-sidebar-layout":"default","site-content-layout":"","ast-site-content-layout":"default","site-content-style":"default","site-sidebar-style":"default","ast-global-header-display":"","ast-banner-title-visibility":"","ast-main-header-display":"","ast-hfb-above-header-display":"","ast-hfb-below-header-display":"","ast-hfb-mobile-header-display":"","site-post-title":"","ast-breadcrumbs-content":"","ast-featured-img":"","footer-sml-layout":"","ast-disable-related-posts":"","theme-transparent-header-meta":"","adv-header-id-meta":"","stick-header-meta":"","header-above-stick-meta":"","header-main-stick-meta":"","header-below-stick-meta":"","astra-migrate-meta-layouts":"default","ast-page-background-enabled":"default","ast-page-background-meta":{"desktop":{"background-color":"","background-image":"","background-repeat":"repeat","background-position":"center center","background-size":"auto","background-attachment":"scroll","background-type":"","background-media":"","overlay-type":"","overlay-color":"","overlay-opacity":"","overlay-gradient":""},"tablet":{"background-color":"","background-image":"","background-repeat":"repeat","background-position":"center center","background-size":"auto","background-attachment":"scroll","background-type":"","background-media":"","overlay-type":"","overlay-color":"","overlay-opacity":"","overlay-gradient":""},"mobile":{"background-color":"","background-image":"","background-repeat":"repeat","background-position":"center center","background-size":"auto","background-attachment":"scroll","background-type":"","background-media":"","overlay-type":"","overlay-color":"","overlay-opacity":"","overlay-gradient":""}},"ast-content-background-meta":{"desktop":{"background-color":"var(--ast-global-color-5)","background-image":"","background-repeat":"repeat","background-position":"center center","background-size":"auto","background-attachment":"scroll","background-type":"","background-media":"","overlay-type":"","overlay-color":"","overlay-opacity":"","overlay-gradient":""},"tablet":{"background-color":"var(--ast-global-color-5)","background-image":"","background-repeat":"repeat","background-position":"center center","background-size":"auto","background-attachment":"scroll","background-type":"","background-media":"","overlay-type":"","overlay-color":"","overlay-opacity":"","overlay-gradient":""},"mobile":{"background-color":"var(--ast-global-color-5)","background-image":"","background-repeat":"repeat","background-position":"center center","background-size":"auto","background-attachment":"scroll","background-type":"","background-media":"","overlay-type":"","overlay-color":"","overlay-opacity":"","overlay-gradient":""}}},"product_brand":[],"product_cat":[28],"product_tag":[],"class_list":{"0":"post-2588","1":"product","2":"type-product","3":"status-publish","4":"has-post-thumbnail","6":"product_cat-etiquetas-madera","7":"desktop-align-center","8":"tablet-align-left","9":"mobile-align-center","10":"ast-product-gallery-layout-horizontal","11":"ast-magnify-disabled","12":"ast-product-tabs-layout-horizontal","13":"tm-no-options","15":"first","16":"instock","17":"taxable","18":"shipping-taxable","19":"purchasable","20":"product-type-simple"},"_links":{"self":[{"href":"https:\/\/kiemmi.com\/sv\/wp-json\/wp\/v2\/product\/2588","targetHints":{"allow":["GET"]}}],"collection":[{"href":"https:\/\/kiemmi.com\/sv\/wp-json\/wp\/v2\/product"}],"about":[{"href":"https:\/\/kiemmi.com\/sv\/wp-json\/wp\/v2\/types\/product"}],"version-history":[{"count":0,"href":"https:\/\/kiemmi.com\/sv\/wp-json\/wp\/v2\/product\/2588\/revisions"}],"wp:featuredmedia":[{"embeddable":true,"href":"https:\/\/kiemmi.com\/sv\/wp-json\/wp\/v2\/media\/4061"}],"wp:attachment":[{"href":"https:\/\/kiemmi.com\/sv\/wp-json\/wp\/v2\/media?parent=2588"}],"wp:term":[{"taxonomy":"product_brand","embeddable":true,"href":"https:\/\/kiemmi.com\/sv\/wp-json\/wp\/v2\/product_brand?post=2588"},{"taxonomy":"product_cat","embeddable":true,"href":"https:\/\/kiemmi.com\/sv\/wp-json\/wp\/v2\/product_cat?post=2588"},{"taxonomy":"product_tag","embeddable":true,"href":"https:\/\/kiemmi.com\/sv\/wp-json\/wp\/v2\/product_tag?post=2588"}],"curies":[{"name":"wp","href":"https:\/\/api.w.org\/{rel}","templated":true}]}}