{"id":16237,"date":"2025-04-16T20:27:45","date_gmt":"2025-04-16T20:27:45","guid":{"rendered":"https:\/\/kiemmi.com\/?post_type=product&#038;p=16237"},"modified":"2025-05-28T19:31:39","modified_gmt":"2025-05-28T19:31:39","slug":"personlig-tassavtrycksoppnare-i-tra-miljovanlig-present-till-husdjursalskare","status":"publish","type":"product","link":"https:\/\/kiemmi.com\/sv\/shop\/mascotas\/abrebotellas-de-madera-con-forma-de-huella-personalizada-regalo-ecologico-para-amantes-de-mascotas\/","title":{"rendered":"Personlig tassavtrycks\u00f6ppnare i tr\u00e4 \u2013 milj\u00f6v\u00e4nlig present till husdjurs\u00e4lskare"},"content":{"rendered":"<p>Letar du efter en originell, milj\u00f6v\u00e4nlig och personlig present till en djur\u00e4lskare? <strong>handgjord flask\u00f6ppnare i form av en husdjurstass<\/strong> Det \u00e4r det perfekta valet. Handgjord av furu och anpassningsbar med din hunds eller katts namn, kombinerar denna produkt funktionalitet, design och djuromsorg.<\/p>\n<p>Varje stycke \u00e4r noggrant tillverkat och behandlat med en blandning av naturliga, milj\u00f6v\u00e4nliga och giftfria f\u00e4rgade oljor och vaxer. Du kan v\u00e4lja mellan flera olika betsar som framh\u00e4ver tr\u00e4ets sk\u00f6nhet och g\u00f6r varje flask\u00f6ppnare unik.<\/p>\n<p>Dessutom inkluderar det <strong>tv\u00e5 integrerade neodymmagneter<\/strong> p\u00e5 baksidan, vilket g\u00f6r att den enkelt kan f\u00e4stas p\u00e5 metallytor som kylsk\u00e5p eller k\u00f6ksb\u00e4nk, s\u00e5 att den alltid \u00e4r n\u00e4ra till hands och ger en dekorativ touch.<\/p>\n<p>Dess ergonomiska form ligger bekv\u00e4mt i handen, vilket g\u00f6r den till ett praktiskt och snyggt tillbeh\u00f6r.<\/p>\n<p>Perfekt f\u00f6r \u00e5rsdagar eller helt enkelt som en speciell present till n\u00e5gon som delar sitt liv med ett husdjur.<\/p>\n<h3>\u2728 Huvudfunktioner:<\/h3>\n<p>\ud83d\udc3e <strong>Exklusiv design<\/strong> i form av ett hund- eller katttassavtryck<br \/>\n\ud83d\udd24 <strong>Anpassningsbar<\/strong> med ditt husdjurs namn<br \/>\n\ud83c\udf32 <strong>Naturlig tall<\/strong> h\u00e5llbart producerad<br \/>\n\ud83d\udcd0 <strong>M\u00e5tt: <\/strong>\u00a07,5 cm bred \u2013 6,6 cm h\u00f6g \u2013 1,8 cm tjock<br \/>\n\ud83c\udfa8 <strong>Olika nyanser av f\u00e4rgning<\/strong> att v\u00e4lja efter din stil<br \/>\n\ud83c\udf43 <strong>Milj\u00f6v\u00e4nlig och giftfri finish<\/strong>, med naturliga oljor och vaxer<br \/>\n\ud83e\uddf2 <strong>Inkluderar 2 neodymmagneter<\/strong>, f\u00f6r att f\u00e4sta den p\u00e5 metallytor<br \/>\n\ud83d\udd90\ufe0f <strong>Bekv\u00e4m och ergonomisk<\/strong>, passar perfekt i handen<br \/>\n\ud83c\udf81 <strong>Perfekt f\u00f6r presenter<\/strong> till djur\u00e4lskare<br \/>\n\ud83c\uddea\ud83c\uddf8 <strong>Handgjort i Spanien<\/strong> med k\u00e4rlek och h\u00e4ngivenhet<\/p>\n<p>Med denna personliga flask\u00f6ppnare blir det ett s\u00e4tt att minnas din trogna lurviga f\u00f6ljeslagare.<br \/>\nL\u00e4gg din best\u00e4llning nu och skapa en unik och funktionell souvenir!<\/p>","protected":false},"excerpt":{"rendered":"<p>Handgjord flask\u00f6ppnare i form av ett hund- eller katttassavtryck, anpassningsbar med ditt husdjurs namn. Tillverkad av furu med milj\u00f6v\u00e4nlig finish. En originell och funktionell present!<\/p>","protected":false},"featured_media":16241,"template":"","meta":{"_seopress_robots_primary_cat":"none","_seopress_titles_title":"Regalo original: Abrebotellas personalizable y ecol\u00f3gico","_seopress_titles_desc":"Regala un abrebotellas ecol\u00f3gico y personalizado en forma de huella, fabricado a mano en Espa\u00f1a. \u00a1Funcional, \u00fanico y con estilo!","_seopress_robots_index":"","site-sidebar-layout":"default","site-content-layout":"","ast-site-content-layout":"default","site-content-style":"default","site-sidebar-style":"default","ast-global-header-display":"","ast-banner-title-visibility":"","ast-main-header-display":"","ast-hfb-above-header-display":"","ast-hfb-below-header-display":"","ast-hfb-mobile-header-display":"","site-post-title":"","ast-breadcrumbs-content":"","ast-featured-img":"","footer-sml-layout":"","ast-disable-related-posts":"","theme-transparent-header-meta":"default","adv-header-id-meta":"","stick-header-meta":"default","header-above-stick-meta":"","header-main-stick-meta":"","header-below-stick-meta":"","astra-migrate-meta-layouts":"set","ast-page-background-enabled":"default","ast-page-background-meta":{"desktop":{"background-color":"","background-image":"","background-repeat":"repeat","background-position":"center center","background-size":"auto","background-attachment":"scroll","background-type":"","background-media":"","overlay-type":"","overlay-color":"","overlay-opacity":"","overlay-gradient":""},"tablet":{"background-color":"","background-image":"","background-repeat":"repeat","background-position":"center center","background-size":"auto","background-attachment":"scroll","background-type":"","background-media":"","overlay-type":"","overlay-color":"","overlay-opacity":"","overlay-gradient":""},"mobile":{"background-color":"","background-image":"","background-repeat":"repeat","background-position":"center center","background-size":"auto","background-attachment":"scroll","background-type":"","background-media":"","overlay-type":"","overlay-color":"","overlay-opacity":"","overlay-gradient":""}},"ast-content-background-meta":{"desktop":{"background-color":"var(--ast-global-color-5)","background-image":"","background-repeat":"repeat","background-position":"center center","background-size":"auto","background-attachment":"scroll","background-type":"","background-media":"","overlay-type":"","overlay-color":"","overlay-opacity":"","overlay-gradient":""},"tablet":{"background-color":"var(--ast-global-color-5)","background-image":"","background-repeat":"repeat","background-position":"center center","background-size":"auto","background-attachment":"scroll","background-type":"","background-media":"","overlay-type":"","overlay-color":"","overlay-opacity":"","overlay-gradient":""},"mobile":{"background-color":"var(--ast-global-color-5)","background-image":"","background-repeat":"repeat","background-position":"center center","background-size":"auto","background-attachment":"scroll","background-type":"","background-media":"","overlay-type":"","overlay-color":"","overlay-opacity":"","overlay-gradient":""}}},"product_brand":[],"product_cat":[87,49],"product_tag":[],"class_list":{"0":"post-16237","1":"product","2":"type-product","3":"status-publish","4":"has-post-thumbnail","6":"product_cat-mascotas","7":"product_cat-regalos-originales","8":"desktop-align-center","9":"tablet-align-left","10":"mobile-align-center","11":"ast-product-gallery-layout-horizontal","12":"ast-magnify-disabled","13":"ast-product-tabs-layout-horizontal","14":"tm-has-options","16":"first","17":"instock","18":"taxable","19":"shipping-taxable","20":"purchasable","21":"product-type-simple"},"_links":{"self":[{"href":"https:\/\/kiemmi.com\/sv\/wp-json\/wp\/v2\/product\/16237","targetHints":{"allow":["GET"]}}],"collection":[{"href":"https:\/\/kiemmi.com\/sv\/wp-json\/wp\/v2\/product"}],"about":[{"href":"https:\/\/kiemmi.com\/sv\/wp-json\/wp\/v2\/types\/product"}],"version-history":[{"count":0,"href":"https:\/\/kiemmi.com\/sv\/wp-json\/wp\/v2\/product\/16237\/revisions"}],"wp:featuredmedia":[{"embeddable":true,"href":"https:\/\/kiemmi.com\/sv\/wp-json\/wp\/v2\/media\/16241"}],"wp:attachment":[{"href":"https:\/\/kiemmi.com\/sv\/wp-json\/wp\/v2\/media?parent=16237"}],"wp:term":[{"taxonomy":"product_brand","embeddable":true,"href":"https:\/\/kiemmi.com\/sv\/wp-json\/wp\/v2\/product_brand?post=16237"},{"taxonomy":"product_cat","embeddable":true,"href":"https:\/\/kiemmi.com\/sv\/wp-json\/wp\/v2\/product_cat?post=16237"},{"taxonomy":"product_tag","embeddable":true,"href":"https:\/\/kiemmi.com\/sv\/wp-json\/wp\/v2\/product_tag?post=16237"}],"curies":[{"name":"wp","href":"https:\/\/api.w.org\/{rel}","templated":true}]}}