{"id":12248,"date":"2024-12-24T00:56:08","date_gmt":"2024-12-24T00:56:08","guid":{"rendered":"https:\/\/kiemmi.com\/?post_type=product&#038;p=12248"},"modified":"2025-09-12T10:57:05","modified_gmt":"2025-09-12T10:57:05","slug":"3d-trafigur-i-form-av-en-schaferhund","status":"publish","type":"product","link":"https:\/\/kiemmi.com\/sv\/shop\/decoracion-del-hogar\/figura-3d-de-madera-en-forma-de-pastor-aleman\/","title":{"rendered":"3D-tr\u00e4figur i form av en sch\u00e4ferhund"},"content":{"rendered":"<p>F\u00f6rvandla ditt hem med detta <strong>3D-tr\u00e4figur i form av en sch\u00e4ferhund<\/strong>, ett unikt dekorationsf\u00f6rem\u00e5l som ger elegans och en touch av naturen till alla utrymmen. Dess noggranna, handgjorda design f\u00e5ngar essensen av denna hundras i ett tredimensionellt format, perfekt f\u00f6r djur\u00e4lskare och personlig inredning. Dessutom kan du l\u00e4gga till ett lasergraverat meddelande, vilket g\u00f6r den till en minnesv\u00e4rd och meningsfull present. Perfekt att placera p\u00e5 ett bord, en hylla eller en m\u00f6bel. <strong>3D-skulptur<\/strong> Det \u00e4r inte bara ett dekorativt f\u00f6rem\u00e5l, utan ocks\u00e5 ett personligt konstverk som kommer att \u00e5terspegla din stil och personlighet.<\/p>\n<p><strong>Egenskaper:<\/strong><\/p>\n<p>\ud83d\udc3e <strong>Detaljerad och realistisk design<\/strong>Varje <strong>3D-tr\u00e4figur<\/strong> Den \u00e4r noggrant snidad f\u00f6r att f\u00e5nga den sch\u00e4fers sk\u00f6nhet och karakt\u00e4r, vilket g\u00f6r den till ett unikt konstverk.<\/p>\n<p>\ud83c\udfa8 <strong>Personalisering med lasergravering<\/strong>Du kan l\u00e4gga till ett personligt meddelande eller namn med lasergravyr, vilket g\u00f6r detta <strong>statyett<\/strong> bli \u00e4nnu mer speciell och unik.<\/p>\n<p>\ud83c\udf32 <strong>H\u00f6gkvalitativt material<\/strong>Tillverkad av h\u00f6gkvalitativt tr\u00e4 \u00e4r denna m\u00f6bel stark, h\u00e5llbar och har en oklanderlig finish som garanterar en l\u00e5ng livsl\u00e4ngd.<\/p>\n<p>\ud83c\udfe0 <strong>M\u00e5ngsidig dekoration<\/strong>Perfekt att placera var som helst i hemmet, oavsett om det \u00e4r p\u00e5 ett bord, en hylla eller en m\u00f6bel, vilket ger din inredning en elegant och naturlig touch.<\/p>\n<p>\ud83c\udf81 <strong>Idealisk present<\/strong>: Den <strong>figur<\/strong> Det \u00e4r en perfekt present till hund\u00e4lskare eller som en personlig present f\u00f6r speciella tillf\u00e4llen, som f\u00f6delsedagar, \u00e5rsdagar eller firanden.<\/p>","protected":false},"excerpt":{"rendered":"<p>Detta <strong>3D-tr\u00e4figur<\/strong> Formad som en sch\u00e4fer \u00e4r detta ett unikt och detaljerat dekorativt f\u00f6rem\u00e5l, perfekt f\u00f6r hund\u00e4lskare. Du kan personifiera det med ett lasergraverat meddelande, vilket g\u00f6r det till en speciell och meningsfull present. Dess noggranna design f\u00e5ngar sch\u00e4ferns essens och ger elegans till alla utrymmen. Tillverkad av h\u00f6gkvalitativt tr\u00e4 \u00e4r den robust och h\u00e5llbar. Perfekt att placera p\u00e5 ett bord, sk\u00e5p eller hylla. <strong>3D-skulptur<\/strong> f\u00f6rvandla vilken milj\u00f6 som helst med en naturlig och personlig touch.<\/p>","protected":false},"featured_media":12253,"template":"","meta":{"_seopress_robots_primary_cat":"none","_seopress_titles_title":"Figura 3D de Pastor Alem\u00e1n de madera: Elegancia y Personalizaci\u00f3n","_seopress_titles_desc":"A\u00f1ade elegancia y un toque natural con nuestra figura 3D de pastor alem\u00e1n. Personal\u00edzala con grabado l\u00e1ser. Ideal para amantes de perros y decoraci\u00f3n.","_seopress_robots_index":"","site-sidebar-layout":"default","site-content-layout":"","ast-site-content-layout":"default","site-content-style":"default","site-sidebar-style":"default","ast-global-header-display":"","ast-banner-title-visibility":"","ast-main-header-display":"","ast-hfb-above-header-display":"","ast-hfb-below-header-display":"","ast-hfb-mobile-header-display":"","site-post-title":"","ast-breadcrumbs-content":"","ast-featured-img":"","footer-sml-layout":"","ast-disable-related-posts":"","theme-transparent-header-meta":"default","adv-header-id-meta":"","stick-header-meta":"default","header-above-stick-meta":"","header-main-stick-meta":"","header-below-stick-meta":"","astra-migrate-meta-layouts":"set","ast-page-background-enabled":"default","ast-page-background-meta":{"desktop":{"background-color":"","background-image":"","background-repeat":"repeat","background-position":"center center","background-size":"auto","background-attachment":"scroll","background-type":"","background-media":"","overlay-type":"","overlay-color":"","overlay-opacity":"","overlay-gradient":""},"tablet":{"background-color":"","background-image":"","background-repeat":"repeat","background-position":"center center","background-size":"auto","background-attachment":"scroll","background-type":"","background-media":"","overlay-type":"","overlay-color":"","overlay-opacity":"","overlay-gradient":""},"mobile":{"background-color":"","background-image":"","background-repeat":"repeat","background-position":"center center","background-size":"auto","background-attachment":"scroll","background-type":"","background-media":"","overlay-type":"","overlay-color":"","overlay-opacity":"","overlay-gradient":""}},"ast-content-background-meta":{"desktop":{"background-color":"var(--ast-global-color-5)","background-image":"","background-repeat":"repeat","background-position":"center center","background-size":"auto","background-attachment":"scroll","background-type":"","background-media":"","overlay-type":"","overlay-color":"","overlay-opacity":"","overlay-gradient":""},"tablet":{"background-color":"var(--ast-global-color-5)","background-image":"","background-repeat":"repeat","background-position":"center center","background-size":"auto","background-attachment":"scroll","background-type":"","background-media":"","overlay-type":"","overlay-color":"","overlay-opacity":"","overlay-gradient":""},"mobile":{"background-color":"var(--ast-global-color-5)","background-image":"","background-repeat":"repeat","background-position":"center center","background-size":"auto","background-attachment":"scroll","background-type":"","background-media":"","overlay-type":"","overlay-color":"","overlay-opacity":"","overlay-gradient":""}}},"product_brand":[],"product_cat":[51,87],"product_tag":[],"class_list":{"0":"post-12248","1":"product","2":"type-product","3":"status-publish","4":"has-post-thumbnail","6":"product_cat-decoracion-del-hogar","7":"product_cat-mascotas","8":"desktop-align-center","9":"tablet-align-left","10":"mobile-align-center","11":"ast-product-gallery-layout-horizontal","12":"ast-magnify-disabled","13":"ast-product-tabs-layout-horizontal","14":"tm-has-options","16":"first","17":"instock","18":"taxable","19":"shipping-taxable","20":"purchasable","21":"product-type-simple"},"_links":{"self":[{"href":"https:\/\/kiemmi.com\/sv\/wp-json\/wp\/v2\/product\/12248","targetHints":{"allow":["GET"]}}],"collection":[{"href":"https:\/\/kiemmi.com\/sv\/wp-json\/wp\/v2\/product"}],"about":[{"href":"https:\/\/kiemmi.com\/sv\/wp-json\/wp\/v2\/types\/product"}],"version-history":[{"count":0,"href":"https:\/\/kiemmi.com\/sv\/wp-json\/wp\/v2\/product\/12248\/revisions"}],"wp:featuredmedia":[{"embeddable":true,"href":"https:\/\/kiemmi.com\/sv\/wp-json\/wp\/v2\/media\/12253"}],"wp:attachment":[{"href":"https:\/\/kiemmi.com\/sv\/wp-json\/wp\/v2\/media?parent=12248"}],"wp:term":[{"taxonomy":"product_brand","embeddable":true,"href":"https:\/\/kiemmi.com\/sv\/wp-json\/wp\/v2\/product_brand?post=12248"},{"taxonomy":"product_cat","embeddable":true,"href":"https:\/\/kiemmi.com\/sv\/wp-json\/wp\/v2\/product_cat?post=12248"},{"taxonomy":"product_tag","embeddable":true,"href":"https:\/\/kiemmi.com\/sv\/wp-json\/wp\/v2\/product_tag?post=12248"}],"curies":[{"name":"wp","href":"https:\/\/api.w.org\/{rel}","templated":true}]}}