{"id":8215,"date":"2024-05-28T22:57:38","date_gmt":"2024-05-28T22:57:38","guid":{"rendered":"https:\/\/kiemmi.com\/?page_id=8215"},"modified":"2025-01-14T22:27:20","modified_gmt":"2025-01-14T22:27:20","slug":"visitkort-i-tra","status":"publish","type":"page","link":"https:\/\/kiemmi.com\/sv\/tarjetas-de-visita-de-madera\/","title":{"rendered":"Visitkort i tr\u00e4"},"content":{"rendered":"\t\t<div data-elementor-type=\"wp-page\" data-elementor-id=\"8215\" class=\"elementor elementor-8215\">\n\t\t\t\t<div class=\"elementor-element elementor-element-ed2cc01 e-flex e-con-boxed e-con e-parent\" data-id=\"ed2cc01\" data-element_type=\"container\" data-e-type=\"container\">\n\t\t\t\t\t<div class=\"e-con-inner\">\n\t\t\t\t<div class=\"elementor-element elementor-element-6f737e9 elementor-widget elementor-widget-heading\" data-id=\"6f737e9\" data-element_type=\"widget\" data-e-type=\"widget\" data-widget_type=\"heading.default\">\n\t\t\t\t\t<h1 class=\"elementor-heading-title elementor-size-default\">Creaci\u00f3n y fabricaci\u00f3n de tarjetas de visita de madera<\/h1>\t\t\t\t<\/div>\n\t\t\t\t\t<\/div>\n\t\t\t\t<\/div>\n\t\t<div class=\"elementor-element elementor-element-a9df512 e-flex e-con-boxed e-con e-parent\" data-id=\"a9df512\" data-element_type=\"container\" data-e-type=\"container\">\n\t\t\t\t\t<div class=\"e-con-inner\">\n\t\t<div class=\"elementor-element elementor-element-f45371c e-con-full e-flex e-con e-child\" data-id=\"f45371c\" data-element_type=\"container\" data-e-type=\"container\">\n\t\t\t\t<div class=\"elementor-element elementor-element-5c9a20f elementor-widget elementor-widget-image\" data-id=\"5c9a20f\" data-element_type=\"widget\" data-e-type=\"widget\" data-widget_type=\"image.default\">\n\t\t\t\t\t\t\t\t\t\t\t\t\t\t\t<img decoding=\"async\" width=\"300\" height=\"225\" src=\"https:\/\/kiemmi.com\/wp-content\/uploads\/2024\/06\/Photoroom-20240610_140528-300x225.jpg\" class=\"attachment-medium size-medium wp-image-8480\" alt=\"Tarjetas de visita de madera\" srcset=\"https:\/\/kiemmi.com\/wp-content\/uploads\/2024\/06\/Photoroom-20240610_140528-300x225.jpg 300w, https:\/\/kiemmi.com\/wp-content\/uploads\/2024\/06\/Photoroom-20240610_140528-600x450.jpg 600w, https:\/\/kiemmi.com\/wp-content\/uploads\/2024\/06\/Photoroom-20240610_140528-64x48.jpg 64w, https:\/\/kiemmi.com\/wp-content\/uploads\/2024\/06\/Photoroom-20240610_140528-1024x768.jpg 1024w, https:\/\/kiemmi.com\/wp-content\/uploads\/2024\/06\/Photoroom-20240610_140528-768x576.jpg 768w, https:\/\/kiemmi.com\/wp-content\/uploads\/2024\/06\/Photoroom-20240610_140528-1536x1152.jpg 1536w, https:\/\/kiemmi.com\/wp-content\/uploads\/2024\/06\/Photoroom-20240610_140528-16x12.jpg 16w, https:\/\/kiemmi.com\/wp-content\/uploads\/2024\/06\/Photoroom-20240610_140528.jpg 2016w\" sizes=\"(max-width: 300px) 100vw, 300px\" \/>\t\t\t\t\t\t\t\t\t\t\t\t\t\t\t<\/div>\n\t\t\t\t<\/div>\n\t\t<div class=\"elementor-element elementor-element-f95fe31 e-con-full e-flex e-con e-child\" data-id=\"f95fe31\" data-element_type=\"container\" data-e-type=\"container\">\n\t\t\t\t<div class=\"elementor-element elementor-element-5e19fe5 elementor-widget elementor-widget-text-editor\" data-id=\"5e19fe5\" data-element_type=\"widget\" data-e-type=\"widget\" data-widget_type=\"text-editor.default\">\n\t\t\t\t\t\t\t\t\t<p style=\"text-align: left;\">En Kiemmi, somos especialistas en la fabricaci\u00f3n de tarjetas de visita de madera para empresas.<\/p><p>Nos esmeramos para dar la m\u00e1xima calidad a nuestras tarjetas de madera, para eso, revisamos las tarjetas a mano una a una y desechamos las que no cumplen nuestros estandares de calidad.<\/p><p>Nuestro proceso nos permite dise\u00f1ar tarjetas de visita de madera en cualquier forma y dimensi\u00f3n que el cliente necesite dando as\u00ed un toque de exclusividad sobre su competencia.<\/p>\t\t\t\t\t\t\t\t<\/div>\n\t\t\t\t<\/div>\n\t\t\t\t\t<\/div>\n\t\t\t\t<\/div>\n\t\t<div class=\"elementor-element elementor-element-201b5e9 e-flex e-con-boxed e-con e-parent\" data-id=\"201b5e9\" data-element_type=\"container\" data-e-type=\"container\">\n\t\t\t\t\t<div class=\"e-con-inner\">\n\t\t\t\t<div class=\"elementor-element elementor-element-88d8c38 elementor-widget elementor-widget-text-editor\" data-id=\"88d8c38\" data-element_type=\"widget\" data-e-type=\"widget\" data-widget_type=\"text-editor.default\">\n\t\t\t\t\t\t\t\t\t<p>Adem\u00e1s, ofrecemos grabado l\u00e1ser a una o a ambas caras. y troquelado (especialmente para logotipos), asegurando que cada tarjeta de madera corresponde a la imagen corporativa de su empresa.<\/p>\t\t\t\t\t\t\t\t<\/div>\n\t\t\t\t\t<\/div>\n\t\t\t\t<\/div>\n\t\t<div class=\"elementor-element elementor-element-76c305b e-flex e-con-boxed e-con e-parent\" data-id=\"76c305b\" data-element_type=\"container\" data-e-type=\"container\">\n\t\t\t\t\t<div class=\"e-con-inner\">\n\t\t<div class=\"elementor-element elementor-element-1c4ffcd e-con-full e-flex e-con e-child\" data-id=\"1c4ffcd\" data-element_type=\"container\" data-e-type=\"container\">\n\t\t\t\t<div class=\"elementor-element elementor-element-9408350 elementor-widget elementor-widget-image\" data-id=\"9408350\" data-element_type=\"widget\" data-e-type=\"widget\" data-widget_type=\"image.default\">\n\t\t\t\t\t\t\t\t\t\t\t\t\t\t\t<img decoding=\"async\" width=\"1024\" height=\"1024\" src=\"https:\/\/kiemmi.com\/wp-content\/uploads\/2024\/06\/Photoroom-20240610_220633-1024x1024.jpg\" class=\"attachment-large size-large wp-image-8494\" alt=\"Tarjetas de visita de madera\" srcset=\"https:\/\/kiemmi.com\/wp-content\/uploads\/2024\/06\/Photoroom-20240610_220633-1024x1024.jpg 1024w, https:\/\/kiemmi.com\/wp-content\/uploads\/2024\/06\/Photoroom-20240610_220633-300x300.jpg 300w, https:\/\/kiemmi.com\/wp-content\/uploads\/2024\/06\/Photoroom-20240610_220633-100x100.jpg 100w, https:\/\/kiemmi.com\/wp-content\/uploads\/2024\/06\/Photoroom-20240610_220633-600x600.jpg 600w, https:\/\/kiemmi.com\/wp-content\/uploads\/2024\/06\/Photoroom-20240610_220633-64x64.jpg 64w, https:\/\/kiemmi.com\/wp-content\/uploads\/2024\/06\/Photoroom-20240610_220633-150x150.jpg 150w, https:\/\/kiemmi.com\/wp-content\/uploads\/2024\/06\/Photoroom-20240610_220633-768x768.jpg 768w, https:\/\/kiemmi.com\/wp-content\/uploads\/2024\/06\/Photoroom-20240610_220633-1536x1536.jpg 1536w, https:\/\/kiemmi.com\/wp-content\/uploads\/2024\/06\/Photoroom-20240610_220633-12x12.jpg 12w, https:\/\/kiemmi.com\/wp-content\/uploads\/2024\/06\/Photoroom-20240610_220633-500x500.jpg 500w, https:\/\/kiemmi.com\/wp-content\/uploads\/2024\/06\/Photoroom-20240610_220633-32x32.jpg 32w, https:\/\/kiemmi.com\/wp-content\/uploads\/2024\/06\/Photoroom-20240610_220633.jpg 2048w\" sizes=\"(max-width: 1024px) 100vw, 1024px\" \/>\t\t\t\t\t\t\t\t\t\t\t\t\t\t\t<\/div>\n\t\t\t\t<\/div>\n\t\t<div class=\"elementor-element elementor-element-2be6657 e-con-full e-flex e-con e-child\" data-id=\"2be6657\" data-element_type=\"container\" data-e-type=\"container\">\n\t\t\t\t<div class=\"elementor-element elementor-element-79bcd6a elementor-widget elementor-widget-image\" data-id=\"79bcd6a\" data-element_type=\"widget\" data-e-type=\"widget\" data-widget_type=\"image.default\">\n\t\t\t\t\t\t\t\t\t\t\t\t\t\t\t<img decoding=\"async\" width=\"1024\" height=\"1024\" src=\"https:\/\/kiemmi.com\/wp-content\/uploads\/2024\/06\/Photoroom-20240610_220642-1024x1024.jpg\" class=\"attachment-large size-large wp-image-8495\" alt=\"Tarjetas de visita de madera\" srcset=\"https:\/\/kiemmi.com\/wp-content\/uploads\/2024\/06\/Photoroom-20240610_220642-1024x1024.jpg 1024w, https:\/\/kiemmi.com\/wp-content\/uploads\/2024\/06\/Photoroom-20240610_220642-300x300.jpg 300w, https:\/\/kiemmi.com\/wp-content\/uploads\/2024\/06\/Photoroom-20240610_220642-100x100.jpg 100w, https:\/\/kiemmi.com\/wp-content\/uploads\/2024\/06\/Photoroom-20240610_220642-600x600.jpg 600w, https:\/\/kiemmi.com\/wp-content\/uploads\/2024\/06\/Photoroom-20240610_220642-64x64.jpg 64w, https:\/\/kiemmi.com\/wp-content\/uploads\/2024\/06\/Photoroom-20240610_220642-150x150.jpg 150w, https:\/\/kiemmi.com\/wp-content\/uploads\/2024\/06\/Photoroom-20240610_220642-768x768.jpg 768w, https:\/\/kiemmi.com\/wp-content\/uploads\/2024\/06\/Photoroom-20240610_220642-1536x1536.jpg 1536w, https:\/\/kiemmi.com\/wp-content\/uploads\/2024\/06\/Photoroom-20240610_220642-12x12.jpg 12w, https:\/\/kiemmi.com\/wp-content\/uploads\/2024\/06\/Photoroom-20240610_220642-500x500.jpg 500w, https:\/\/kiemmi.com\/wp-content\/uploads\/2024\/06\/Photoroom-20240610_220642-32x32.jpg 32w, https:\/\/kiemmi.com\/wp-content\/uploads\/2024\/06\/Photoroom-20240610_220642.jpg 2048w\" sizes=\"(max-width: 1024px) 100vw, 1024px\" \/>\t\t\t\t\t\t\t\t\t\t\t\t\t\t\t<\/div>\n\t\t\t\t<\/div>\n\t\t<div class=\"elementor-element elementor-element-7bb5ba8 e-con-full e-flex e-con e-child\" data-id=\"7bb5ba8\" data-element_type=\"container\" data-e-type=\"container\">\n\t\t\t\t<div class=\"elementor-element elementor-element-e83b7b0 elementor-widget elementor-widget-image\" data-id=\"e83b7b0\" data-element_type=\"widget\" data-e-type=\"widget\" data-widget_type=\"image.default\">\n\t\t\t\t\t\t\t\t\t\t\t\t\t\t\t<img decoding=\"async\" width=\"1024\" height=\"1024\" src=\"https:\/\/kiemmi.com\/wp-content\/uploads\/2024\/06\/Photoroom-20240610_220624-1024x1024.jpg\" class=\"attachment-large size-large wp-image-8493\" alt=\"Tarjetas de visita de madera\" srcset=\"https:\/\/kiemmi.com\/wp-content\/uploads\/2024\/06\/Photoroom-20240610_220624-1024x1024.jpg 1024w, https:\/\/kiemmi.com\/wp-content\/uploads\/2024\/06\/Photoroom-20240610_220624-300x300.jpg 300w, https:\/\/kiemmi.com\/wp-content\/uploads\/2024\/06\/Photoroom-20240610_220624-100x100.jpg 100w, https:\/\/kiemmi.com\/wp-content\/uploads\/2024\/06\/Photoroom-20240610_220624-600x600.jpg 600w, https:\/\/kiemmi.com\/wp-content\/uploads\/2024\/06\/Photoroom-20240610_220624-64x64.jpg 64w, https:\/\/kiemmi.com\/wp-content\/uploads\/2024\/06\/Photoroom-20240610_220624-150x150.jpg 150w, https:\/\/kiemmi.com\/wp-content\/uploads\/2024\/06\/Photoroom-20240610_220624-768x768.jpg 768w, https:\/\/kiemmi.com\/wp-content\/uploads\/2024\/06\/Photoroom-20240610_220624-1536x1536.jpg 1536w, https:\/\/kiemmi.com\/wp-content\/uploads\/2024\/06\/Photoroom-20240610_220624-12x12.jpg 12w, https:\/\/kiemmi.com\/wp-content\/uploads\/2024\/06\/Photoroom-20240610_220624-500x500.jpg 500w, https:\/\/kiemmi.com\/wp-content\/uploads\/2024\/06\/Photoroom-20240610_220624-32x32.jpg 32w, https:\/\/kiemmi.com\/wp-content\/uploads\/2024\/06\/Photoroom-20240610_220624.jpg 2048w\" sizes=\"(max-width: 1024px) 100vw, 1024px\" \/>\t\t\t\t\t\t\t\t\t\t\t\t\t\t\t<\/div>\n\t\t\t\t<\/div>\n\t\t\t\t\t<\/div>\n\t\t\t\t<\/div>\n\t\t<div class=\"elementor-element elementor-element-b8e334a e-flex e-con-boxed e-con e-parent\" data-id=\"b8e334a\" data-element_type=\"container\" data-e-type=\"container\">\n\t\t\t\t\t<div class=\"e-con-inner\">\n\t\t\t\t<div class=\"elementor-element elementor-element-f3337a3 elementor-widget elementor-widget-text-editor\" data-id=\"f3337a3\" data-element_type=\"widget\" data-e-type=\"widget\" data-widget_type=\"text-editor.default\">\n\t\t\t\t\t\t\t\t\t<p>Habitualmente nuestras trajetas de madera tienen un espesor de 2mm, no obstante, disponemos de otros espesores (1mm, 1.5mm, 3mm) seg\u00fan las necesidades de nuestro cliente.<\/p><p>Impresione a sus clientes con nuestras tarjetas de visita de madera exclusivas y personalizadas.<\/p>\t\t\t\t\t\t\t\t<\/div>\n\t\t\t\t\t<\/div>\n\t\t\t\t<\/div>\n\t\t<div class=\"elementor-element elementor-element-a71b396 e-flex e-con-boxed e-con e-parent\" data-id=\"a71b396\" data-element_type=\"container\" data-e-type=\"container\">\n\t\t\t\t\t<div class=\"e-con-inner\">\n\t\t<div class=\"elementor-element elementor-element-73a6167 e-con-full e-flex e-con e-child\" data-id=\"73a6167\" data-element_type=\"container\" data-e-type=\"container\">\n\t\t\t\t<div class=\"elementor-element elementor-element-d8d375c elementor-widget elementor-widget-image\" data-id=\"d8d375c\" data-element_type=\"widget\" data-e-type=\"widget\" data-widget_type=\"image.default\">\n\t\t\t\t\t\t\t\t\t\t\t\t\t\t\t<img decoding=\"async\" width=\"1024\" height=\"512\" src=\"https:\/\/kiemmi.com\/wp-content\/uploads\/2024\/06\/Photoroom-20240610_140953-1024x512.jpg\" class=\"attachment-large size-large wp-image-8482\" alt=\"Tarjetas de visita de madera\" srcset=\"https:\/\/kiemmi.com\/wp-content\/uploads\/2024\/06\/Photoroom-20240610_140953-1024x512.jpg 1024w, https:\/\/kiemmi.com\/wp-content\/uploads\/2024\/06\/Photoroom-20240610_140953-600x300.jpg 600w, https:\/\/kiemmi.com\/wp-content\/uploads\/2024\/06\/Photoroom-20240610_140953-64x32.jpg 64w, https:\/\/kiemmi.com\/wp-content\/uploads\/2024\/06\/Photoroom-20240610_140953-300x150.jpg 300w, https:\/\/kiemmi.com\/wp-content\/uploads\/2024\/06\/Photoroom-20240610_140953-768x384.jpg 768w, https:\/\/kiemmi.com\/wp-content\/uploads\/2024\/06\/Photoroom-20240610_140953-1536x768.jpg 1536w, https:\/\/kiemmi.com\/wp-content\/uploads\/2024\/06\/Photoroom-20240610_140953-18x9.jpg 18w, https:\/\/kiemmi.com\/wp-content\/uploads\/2024\/06\/Photoroom-20240610_140953.jpg 2000w\" sizes=\"(max-width: 1024px) 100vw, 1024px\" \/>\t\t\t\t\t\t\t\t\t\t\t\t\t\t\t<\/div>\n\t\t\t\t<\/div>\n\t\t<div class=\"elementor-element elementor-element-7e65f98 e-con-full e-flex e-con e-child\" data-id=\"7e65f98\" data-element_type=\"container\" data-e-type=\"container\">\n\t\t\t\t<div class=\"elementor-element elementor-element-e705bc3 elementor-widget elementor-widget-image\" data-id=\"e705bc3\" data-element_type=\"widget\" data-e-type=\"widget\" data-widget_type=\"image.default\">\n\t\t\t\t\t\t\t\t\t\t\t\t\t\t\t<img decoding=\"async\" width=\"1024\" height=\"512\" src=\"https:\/\/kiemmi.com\/wp-content\/uploads\/2024\/06\/Photoroom-20240610_140941-1024x512.jpg\" class=\"attachment-large size-large wp-image-8481\" alt=\"Tarjetas de visita de madera\" srcset=\"https:\/\/kiemmi.com\/wp-content\/uploads\/2024\/06\/Photoroom-20240610_140941-1024x512.jpg 1024w, https:\/\/kiemmi.com\/wp-content\/uploads\/2024\/06\/Photoroom-20240610_140941-600x300.jpg 600w, https:\/\/kiemmi.com\/wp-content\/uploads\/2024\/06\/Photoroom-20240610_140941-64x32.jpg 64w, https:\/\/kiemmi.com\/wp-content\/uploads\/2024\/06\/Photoroom-20240610_140941-300x150.jpg 300w, https:\/\/kiemmi.com\/wp-content\/uploads\/2024\/06\/Photoroom-20240610_140941-768x384.jpg 768w, https:\/\/kiemmi.com\/wp-content\/uploads\/2024\/06\/Photoroom-20240610_140941-1536x768.jpg 1536w, https:\/\/kiemmi.com\/wp-content\/uploads\/2024\/06\/Photoroom-20240610_140941-18x9.jpg 18w, https:\/\/kiemmi.com\/wp-content\/uploads\/2024\/06\/Photoroom-20240610_140941.jpg 2000w\" sizes=\"(max-width: 1024px) 100vw, 1024px\" \/>\t\t\t\t\t\t\t\t\t\t\t\t\t\t\t<\/div>\n\t\t\t\t<\/div>\n\t\t\t\t\t<\/div>\n\t\t\t\t<\/div>\n\t\t<div class=\"elementor-element elementor-element-efdb681 e-flex e-con-boxed e-con e-parent\" data-id=\"efdb681\" data-element_type=\"container\" data-e-type=\"container\">\n\t\t\t\t\t<div class=\"e-con-inner\">\n\t\t\t\t<div class=\"elementor-element elementor-element-1e84824 elementor-widget elementor-widget-shortcode\" data-id=\"1e84824\" data-element_type=\"widget\" data-e-type=\"widget\" data-widget_type=\"shortcode.default\">\n\t\t\t\t\t\t\t<div class=\"elementor-shortcode\">[elementor-template id=\"8512\"]<\/div>\n\t\t\t\t\t\t<\/div>\n\t\t\t\t<div class=\"elementor-element elementor-element-180bbd2 elementor-widget elementor-widget-shortcode\" data-id=\"180bbd2\" data-element_type=\"widget\" data-e-type=\"widget\" data-widget_type=\"shortcode.default\">\n\t\t\t\t\t\t\t<div class=\"elementor-shortcode\">[elementor-template id=\"12761\"]<\/div>\n\t\t\t\t\t\t<\/div>\n\t\t\t\t\t<\/div>\n\t\t\t\t<\/div>\n\t\t\t\t<\/div>\n\t\t","protected":false},"excerpt":{"rendered":"<p>Creaci\u00f3n y fabricaci\u00f3n de tarjetas de visita de madera En Kiemmi, somos especialistas en la fabricaci\u00f3n de tarjetas de visita de madera para empresas. Nos esmeramos para dar la m\u00e1xima calidad a nuestras tarjetas de madera, para eso, revisamos las tarjetas a mano una a una y desechamos las que no cumplen nuestros estandares de [&hellip;]<\/p>\n","protected":false},"author":1,"featured_media":0,"parent":0,"menu_order":0,"comment_status":"closed","ping_status":"closed","template":"","meta":{"_seopress_robots_primary_cat":"0","_seopress_titles_title":"","_seopress_titles_desc":"","_seopress_robots_index":"","site-sidebar-layout":"default","site-content-layout":"","ast-site-content-layout":"default","site-content-style":"default","site-sidebar-style":"default","ast-global-header-display":"","ast-banner-title-visibility":"","ast-main-header-display":"","ast-hfb-above-header-display":"","ast-hfb-below-header-display":"","ast-hfb-mobile-header-display":"","site-post-title":"","ast-breadcrumbs-content":"","ast-featured-img":"","footer-sml-layout":"","ast-disable-related-posts":"","theme-transparent-header-meta":"","adv-header-id-meta":"","stick-header-meta":"","header-above-stick-meta":"","header-main-stick-meta":"","header-below-stick-meta":"","astra-migrate-meta-layouts":"default","ast-page-background-enabled":"default","ast-page-background-meta":{"desktop":{"background-color":"","background-image":"","background-repeat":"repeat","background-position":"center center","background-size":"auto","background-attachment":"scroll","background-type":"","background-media":"","overlay-type":"","overlay-color":"","overlay-opacity":"","overlay-gradient":""},"tablet":{"background-color":"","background-image":"","background-repeat":"repeat","background-position":"center center","background-size":"auto","background-attachment":"scroll","background-type":"","background-media":"","overlay-type":"","overlay-color":"","overlay-opacity":"","overlay-gradient":""},"mobile":{"background-color":"","background-image":"","background-repeat":"repeat","background-position":"center center","background-size":"auto","background-attachment":"scroll","background-type":"","background-media":"","overlay-type":"","overlay-color":"","overlay-opacity":"","overlay-gradient":""}},"ast-content-background-meta":{"desktop":{"background-color":"var(--ast-global-color-5)","background-image":"","background-repeat":"repeat","background-position":"center center","background-size":"auto","background-attachment":"scroll","background-type":"","background-media":"","overlay-type":"","overlay-color":"","overlay-opacity":"","overlay-gradient":""},"tablet":{"background-color":"var(--ast-global-color-5)","background-image":"","background-repeat":"repeat","background-position":"center center","background-size":"auto","background-attachment":"scroll","background-type":"","background-media":"","overlay-type":"","overlay-color":"","overlay-opacity":"","overlay-gradient":""},"mobile":{"background-color":"var(--ast-global-color-5)","background-image":"","background-repeat":"repeat","background-position":"center center","background-size":"auto","background-attachment":"scroll","background-type":"","background-media":"","overlay-type":"","overlay-color":"","overlay-opacity":"","overlay-gradient":""}},"footnotes":""},"class_list":["post-8215","page","type-page","status-publish","hentry"],"_links":{"self":[{"href":"https:\/\/kiemmi.com\/sv\/wp-json\/wp\/v2\/pages\/8215","targetHints":{"allow":["GET"]}}],"collection":[{"href":"https:\/\/kiemmi.com\/sv\/wp-json\/wp\/v2\/pages"}],"about":[{"href":"https:\/\/kiemmi.com\/sv\/wp-json\/wp\/v2\/types\/page"}],"author":[{"embeddable":true,"href":"https:\/\/kiemmi.com\/sv\/wp-json\/wp\/v2\/users\/1"}],"replies":[{"embeddable":true,"href":"https:\/\/kiemmi.com\/sv\/wp-json\/wp\/v2\/comments?post=8215"}],"version-history":[{"count":0,"href":"https:\/\/kiemmi.com\/sv\/wp-json\/wp\/v2\/pages\/8215\/revisions"}],"wp:attachment":[{"href":"https:\/\/kiemmi.com\/sv\/wp-json\/wp\/v2\/media?parent=8215"}],"curies":[{"name":"wp","href":"https:\/\/api.w.org\/{rel}","templated":true}]}}