{"id":5516,"date":"2023-05-12T23:22:18","date_gmt":"2023-05-12T23:22:18","guid":{"rendered":"https:\/\/kiemmi.com\/?page_id=5516"},"modified":"2025-09-25T21:37:35","modified_gmt":"2025-09-25T21:37:35","slug":"home","status":"publish","type":"page","link":"https:\/\/kiemmi.com\/sv\/","title":{"rendered":"Hem"},"content":{"rendered":"<div data-elementor-type=\"wp-page\" data-elementor-id=\"5516\" class=\"elementor elementor-5516\">\n\t\t\t\t<div class=\"elementor-element elementor-element-8d2c345 e-grid e-con-boxed e-con e-parent\" data-id=\"8d2c345\" data-element_type=\"container\" data-e-type=\"container\">\n\t\t\t\t\t<div class=\"e-con-inner\">\n\t\t<a class=\"elementor-element elementor-element-d388ad6 e-con-full e-flex e-con e-child\" data-id=\"d388ad6\" data-element_type=\"container\" data-e-type=\"container\" data-settings=\"{&quot;background_background&quot;:&quot;classic&quot;}\" href=\"https:\/\/kiemmi.com\/categoria-producto\/huchas\/\">\n\t\t\t\t<div class=\"elementor-element elementor-element-a554b37 elementor-widget elementor-widget-heading\" data-id=\"a554b37\" data-element_type=\"widget\" data-e-type=\"widget\" data-widget_type=\"heading.default\">\n\t\t\t\t\t<h2 class=\"elementor-heading-title elementor-size-default\">Anpassningsbara 3D-spargrisar<\/h2>\t\t\t\t<\/div>\n\t\t\t\t<\/a>\n\t\t<a class=\"elementor-element elementor-element-3bba645 e-con-full e-flex e-con e-child\" data-id=\"3bba645\" data-element_type=\"container\" data-e-type=\"container\" data-settings=\"{&quot;background_background&quot;:&quot;classic&quot;}\" href=\"https:\/\/kiemmi.com\/categoria-producto\/letras-3d-personalizadas\/\">\n\t\t\t\t<div class=\"elementor-element elementor-element-4ce3182 elementor-widget elementor-widget-heading\" data-id=\"4ce3182\" data-element_type=\"widget\" data-e-type=\"widget\" data-widget_type=\"heading.default\">\n\t\t\t\t\t<h2 class=\"elementor-heading-title elementor-size-default\">Anpassade 3D-bokst\u00e4ver<\/h2>\t\t\t\t<\/div>\n\t\t\t\t<\/a>\n\t\t<a class=\"elementor-element elementor-element-5ca94b0 e-con-full e-flex e-con e-child\" data-id=\"5ca94b0\" data-element_type=\"container\" data-e-type=\"container\" data-settings=\"{&quot;background_background&quot;:&quot;classic&quot;}\" href=\"https:\/\/kiemmi.com\/shop\/moda\/pajarita-de-madera-personalizable\/\">\n\t\t\t\t<div class=\"elementor-element elementor-element-29b175c elementor-widget elementor-widget-heading\" data-id=\"29b175c\" data-element_type=\"widget\" data-e-type=\"widget\" data-widget_type=\"heading.default\">\n\t\t\t\t\t<h2 class=\"elementor-heading-title elementor-size-default\">Anpassningsbara tr\u00e4flugor<\/h2>\t\t\t\t<\/div>\n\t\t\t\t<\/a>\n\t\t<a class=\"elementor-element elementor-element-36ce699 e-con-full e-flex e-con e-child\" data-id=\"36ce699\" data-element_type=\"container\" data-e-type=\"container\" data-settings=\"{&quot;background_background&quot;:&quot;classic&quot;}\" href=\"https:\/\/kiemmi.com\/categoria-producto\/relojes-de-madera\/\">\n\t\t\t\t<div class=\"elementor-element elementor-element-7191f57 elementor-widget elementor-widget-heading\" data-id=\"7191f57\" data-element_type=\"widget\" data-e-type=\"widget\" data-widget_type=\"heading.default\">\n\t\t\t\t\t<h2 class=\"elementor-heading-title elementor-size-default\">Tr\u00e4klockor<\/h2>\t\t\t\t<\/div>\n\t\t\t\t<\/a>\n\t\t<a class=\"elementor-element elementor-element-0d66ada e-con-full e-flex e-con e-child\" data-id=\"0d66ada\" data-element_type=\"container\" data-e-type=\"container\" data-settings=\"{&quot;background_background&quot;:&quot;classic&quot;}\" href=\"https:\/\/kiemmi.com\/categoria-producto\/libretas-de-madera-personalizadas\/\">\n\t\t\t\t<div class=\"elementor-element elementor-element-dfd440d elementor-widget elementor-widget-heading\" data-id=\"dfd440d\" data-element_type=\"widget\" data-e-type=\"widget\" data-widget_type=\"heading.default\">\n\t\t\t\t\t<h2 class=\"elementor-heading-title elementor-size-default\">Anteckningsb\u00f6cker med tr\u00e4omslag<\/h2>\t\t\t\t<\/div>\n\t\t\t\t<\/a>\n\t\t<a class=\"elementor-element elementor-element-483e521 e-con-full e-flex e-con e-child\" data-id=\"483e521\" data-element_type=\"container\" data-e-type=\"container\" data-settings=\"{&quot;background_background&quot;:&quot;classic&quot;}\" href=\"https:\/\/kiemmi.com\/categoria-producto\/lamparas\/\">\n\t\t\t\t<div class=\"elementor-element elementor-element-3f28cc9 elementor-widget elementor-widget-heading\" data-id=\"3f28cc9\" data-element_type=\"widget\" data-e-type=\"widget\" data-widget_type=\"heading.default\">\n\t\t\t\t\t<h2 class=\"elementor-heading-title elementor-size-default\">Tr\u00e4lampor och personliga lampor<\/h2>\t\t\t\t<\/div>\n\t\t\t\t<\/a>\n\t\t<a class=\"elementor-element elementor-element-504ea16 e-con-full e-flex e-con e-child\" data-id=\"504ea16\" data-element_type=\"container\" data-e-type=\"container\" data-settings=\"{&quot;background_background&quot;:&quot;classic&quot;}\" href=\"https:\/\/kiemmi.com\/shop\/decoracion-del-hogar\/calendario-3d-de-madera-en-forma-de-dodecaedro-personalizable\/\">\n\t\t\t\t<div class=\"elementor-element elementor-element-c708257 elementor-widget elementor-widget-heading\" data-id=\"c708257\" data-element_type=\"widget\" data-e-type=\"widget\" data-widget_type=\"heading.default\">\n\t\t\t\t\t<h2 class=\"elementor-heading-title elementor-size-default\">Anpassningsbara tr\u00e4kalendrar<\/h2>\t\t\t\t<\/div>\n\t\t\t\t<\/a>\n\t\t\t\t\t<\/div>\n\t\t\t\t<\/div>\n\t\t\t\t<\/div>","protected":false},"excerpt":{"rendered":"<p>Anpassningsbara 3D-spargrisar, personliga 3D-bokst\u00e4ver, anpassningsbara tr\u00e4flugor, tr\u00e4klockor, anteckningsb\u00f6cker med tr\u00e4omslag, personliga tr\u00e4lampor, anpassningsbara tr\u00e4kalendrar<\/p>","protected":false},"author":1,"featured_media":0,"parent":0,"menu_order":0,"comment_status":"closed","ping_status":"closed","template":"","meta":{"_seopress_robots_primary_cat":"0","_seopress_titles_title":"","_seopress_titles_desc":"","_seopress_robots_index":"","site-sidebar-layout":"default","site-content-layout":"","ast-site-content-layout":"default","site-content-style":"default","site-sidebar-style":"default","ast-global-header-display":"","ast-banner-title-visibility":"","ast-main-header-display":"","ast-hfb-above-header-display":"","ast-hfb-below-header-display":"","ast-hfb-mobile-header-display":"","site-post-title":"","ast-breadcrumbs-content":"","ast-featured-img":"","footer-sml-layout":"","ast-disable-related-posts":"","theme-transparent-header-meta":"","adv-header-id-meta":"","stick-header-meta":"","header-above-stick-meta":"","header-main-stick-meta":"","header-below-stick-meta":"","astra-migrate-meta-layouts":"default","ast-page-background-enabled":"default","ast-page-background-meta":{"desktop":{"background-color":"","background-image":"","background-repeat":"repeat","background-position":"center center","background-size":"auto","background-attachment":"scroll","background-type":"","background-media":"","overlay-type":"","overlay-color":"","overlay-opacity":"","overlay-gradient":""},"tablet":{"background-color":"","background-image":"","background-repeat":"repeat","background-position":"center center","background-size":"auto","background-attachment":"scroll","background-type":"","background-media":"","overlay-type":"","overlay-color":"","overlay-opacity":"","overlay-gradient":""},"mobile":{"background-color":"","background-image":"","background-repeat":"repeat","background-position":"center center","background-size":"auto","background-attachment":"scroll","background-type":"","background-media":"","overlay-type":"","overlay-color":"","overlay-opacity":"","overlay-gradient":""}},"ast-content-background-meta":{"desktop":{"background-color":"var(--ast-global-color-5)","background-image":"","background-repeat":"repeat","background-position":"center center","background-size":"auto","background-attachment":"scroll","background-type":"","background-media":"","overlay-type":"","overlay-color":"","overlay-opacity":"","overlay-gradient":""},"tablet":{"background-color":"var(--ast-global-color-5)","background-image":"","background-repeat":"repeat","background-position":"center center","background-size":"auto","background-attachment":"scroll","background-type":"","background-media":"","overlay-type":"","overlay-color":"","overlay-opacity":"","overlay-gradient":""},"mobile":{"background-color":"var(--ast-global-color-5)","background-image":"","background-repeat":"repeat","background-position":"center center","background-size":"auto","background-attachment":"scroll","background-type":"","background-media":"","overlay-type":"","overlay-color":"","overlay-opacity":"","overlay-gradient":""}},"footnotes":""},"class_list":["post-5516","page","type-page","status-publish","hentry"],"_links":{"self":[{"href":"https:\/\/kiemmi.com\/sv\/wp-json\/wp\/v2\/pages\/5516","targetHints":{"allow":["GET"]}}],"collection":[{"href":"https:\/\/kiemmi.com\/sv\/wp-json\/wp\/v2\/pages"}],"about":[{"href":"https:\/\/kiemmi.com\/sv\/wp-json\/wp\/v2\/types\/page"}],"author":[{"embeddable":true,"href":"https:\/\/kiemmi.com\/sv\/wp-json\/wp\/v2\/users\/1"}],"replies":[{"embeddable":true,"href":"https:\/\/kiemmi.com\/sv\/wp-json\/wp\/v2\/comments?post=5516"}],"version-history":[{"count":0,"href":"https:\/\/kiemmi.com\/sv\/wp-json\/wp\/v2\/pages\/5516\/revisions"}],"wp:attachment":[{"href":"https:\/\/kiemmi.com\/sv\/wp-json\/wp\/v2\/media?parent=5516"}],"curies":[{"name":"wp","href":"https:\/\/api.w.org\/{rel}","templated":true}]}}