{"id":2743,"date":"2021-08-18T06:52:10","date_gmt":"2021-08-18T06:52:10","guid":{"rendered":"https:\/\/www.tks3d.com\/?page_id=2743"},"modified":"2022-02-19T20:19:44","modified_gmt":"2022-02-19T20:19:44","slug":"allmanna-anvandnings-och-forsaljningsvillkor","status":"publish","type":"page","link":"https:\/\/kiemmi.com\/sv\/condiciones-generales-de-uso-y-venta\/","title":{"rendered":"Allm\u00e4nna anv\u00e4ndar- och f\u00f6rs\u00e4ljningsvillkor"},"content":{"rendered":"<h3 class=\"wp-block-heading\" id=\"1-datos-identificativos-de-camaloon\">1. KIEMMI:s identifieringsuppgifter<\/h3>\n\n\n\n<p>Leverant\u00f6ren av webbplatstj\u00e4nsten \u00e4r Emmanuel Kielichowski (nedan kallad \u201dKiemmi\u201d), med momsregistreringsnummer ESX2878559V och registrerat kontor p\u00e5 Calle Claveles 4, 12600 Vall de Ux\u00f3 (Castell\u00f3n), Spanien.<\/p>\n\n\n\n<h3 class=\"wp-block-heading\" id=\"2-descripcion-del-servicio\">2. Beskrivning av tj\u00e4nsten<\/h3>\n\n\n\n<p>P\u00e5 Kiemmi erbjuder vi en rad onlinetj\u00e4nster till v\u00e5ra anv\u00e4ndare och kunder, inklusive marknadsf\u00f6ring och tillverkning av personliga artiklar, presentartiklar och dekorativa f\u00f6rem\u00e5l: nyckelringar, askar, magneter, v\u00e4skor, klisterm\u00e4rken med mera.<\/p>\n\n\n\n<p>Anv\u00e4ndare av v\u00e5r webbplats kan k\u00f6pa produkter f\u00f6r eget bruk eller f\u00f6r att s\u00e4lja till tredje part.<\/p>\n\n\n\n<h3 class=\"wp-block-heading\" id=\"3-uso-de-las-paginas-web-bajo-la-marca-de-camaloon\">3. Anv\u00e4ndning av webbplatsen kiemmi.com<\/h3>\n\n\n\n<h4 class=\"wp-block-heading\" id=\"3-1-edad-minima\">3.1 Minimi\u00e5lder<\/h4>\n\n\n\n<p>F\u00f6r att vara anv\u00e4ndare av Kiemmis webbplats m\u00e5ste du vara myndig (minst 18 \u00e5r).<\/p>\n\n\n\n<h4 class=\"wp-block-heading\" id=\"3-2-licencia-de-uso-de-la-web-y-del-servicio-de-camaloon\">3.2 Licens att anv\u00e4nda Kiemmis webbplats och tj\u00e4nst<\/h4>\n\n\n\n<p>Kiemmi erbjuder dig en begr\u00e4nsad, \u00e5terkallelig licens att f\u00e5 \u00e5tkomst till och anv\u00e4nda v\u00e5ra webbplatser och tj\u00e4nster i enlighet med dessa anv\u00e4ndar- och f\u00f6rs\u00e4ljningsvillkor. Denna licens inkluderar inte r\u00e4tten att samla in eller anv\u00e4nda webbplatsinformation f\u00f6r \u00e4ndam\u00e5l som \u00e4r f\u00f6rbjudna av oss, s\u00e5som att konkurrera med Kiemmi, anv\u00e4nda Kiemmi-inneh\u00e5ll p\u00e5 n\u00e5got s\u00e4tt eller spara en delvis eller fullst\u00e4ndig kopia av v\u00e5ra webbplatser.<\/p>\n\n\n\n<h3 class=\"wp-block-heading\" id=\"4-reglas-generales\">4. Allm\u00e4nna regler<\/h3>\n\n\n\n<h4 class=\"wp-block-heading\" id=\"4-1-uso-prohibido\">4.1 F\u00f6rbjuden anv\u00e4ndning<\/h4>\n\n\n\n<p>Du f\u00e5r inte f\u00f6rs\u00f6ka orsaka, eller orsaka n\u00e5gon skada p\u00e5, v\u00e5ra webbplatser eller Kiemmi-tj\u00e4nsten. Till exempel, och utan att denna lista \u00e4r fullst\u00e4ndig eller utt\u00f6mmande, \u00e4r det f\u00f6rbjudet att:<\/p>\n\n\n\n<p>a. St\u00f6ra Kiemmis tj\u00e4nst genom att anv\u00e4nda virus eller andra program som \u00e4r utformade f\u00f6r att orsaka skador p\u00e5 programvara eller h\u00e5rdvara.<\/p>\n\n\n\n<p>b. \u00c4ndra eller skapa versioner av teknik som anv\u00e4nds p\u00e5 Kiemmis webbplatser<\/p>\n\n\n\n<p>c. Anv\u00e4nda n\u00e5gon typ av skript, robot eller teknik f\u00f6r att \u00f6vervaka Kiemmis webbplats<\/p>\n\n\n\n<p>d. Samla in e-postmeddelanden eller annan information via Kiemmi-tj\u00e4nsten<\/p>\n\n\n\n<p>e. Utge sig f\u00f6r att vara en annan person eller enhet, eller f\u00f6rfalska n\u00e5gon av dina uppgifter<\/p>\n\n\n\n<p>f. Bl\u00e4ddra eller k\u00f6p p\u00e5 Kiemmis webbplats om du inte \u00e4r myndig.<\/p>\n\n\n\n<h4 class=\"wp-block-heading\" id=\"4-2-privacidad-y-proteccion-de-datos\">4.2 Integritet och dataskydd<\/h4>\n\n\n\n<p>P\u00e5 Kiemmi \u00e4r vi s\u00e4rskilt m\u00e5na om s\u00e4kerheten och sekretessen f\u00f6r de uppgifter som v\u00e5ra kunder tillhandah\u00e5ller. Vi str\u00e4var efter att ge dig b\u00e4sta m\u00f6jliga service och onlineupplevelse. Du kan l\u00e4sa mer om dina r\u00e4ttigheter och hur du ut\u00f6var dem p\u00e5 sekretesssidan.&nbsp;<a href=\"https:\/\/kiemmi.com\/politica-de-privacidad\/\">Privatliv<\/a>.<\/p>\n\n\n\n<h4 class=\"wp-block-heading\" id=\"4-3-condiciones-de-compra\">4.3 K\u00f6pvillkor<\/h4>\n\n\n\n<h5 class=\"wp-block-heading\" id=\"4-3-1-sistema-de-venta\">4.3.1 F\u00f6rs\u00e4ljningssystem<\/h5>\n\n\n\n<p>F\u00f6r att g\u00f6ra ett k\u00f6p m\u00e5ste du skicka din best\u00e4llning online till oss via den kassaprocess som \u00e4r avsedd f\u00f6r detta \u00e4ndam\u00e5l. Du kan kontakta oss via&nbsp;<a href=\"mailto:info@kiemmi.com\">e-post<\/a>&nbsp;om du beh\u00f6ver hj\u00e4lp.<\/p>\n\n\n\n<h5 class=\"wp-block-heading\" id=\"4-3-2-impuestos-aplicables\">4.3.2 Till\u00e4mpliga skatter<\/h5>\n\n\n\n<p>Du hittar detaljerade priser f\u00f6r produkterna som visas p\u00e5 v\u00e5ra webbplatser under k\u00f6pprocessen. Vi visar dig beloppen inklusive moms, samt fraktkostnaden, innan vi godk\u00e4nner ditt k\u00f6p.<\/p>\n\n\n\n<p>Momsen kan variera beroende p\u00e5 din bos\u00e4ttningsort, produkttyp och dess ursprung. Om du har fr\u00e5gor om ett specifikt momsundantag kan du kontakta oss direkt via e-post p\u00e5&nbsp;<a href=\"mailto:info@kiemmi.com\">info@kiemmi.com<\/a>.<\/p>\n\n\n\n<p>Importtullar, kostnader f\u00f6r bank\u00f6verf\u00f6ringar, tullklareringsavgifter eller k\u00e4llskatter, eller de som r\u00f6r leverans till s\u00e4rskilda territorier (se avsnitt 4.3.4) eller l\u00e4nder utanf\u00f6r Europeiska unionen, \u00e4r ditt ansvar som kund och ing\u00e5r inte i de priser vi anger p\u00e5 webbplatsen.<\/p>\n\n\n\n<h5 class=\"wp-block-heading\" id=\"4-3-3-forma-de-pago\">4.3.3 Betalningsmetod<\/h5>\n\n\n\n<p>N\u00e4r du g\u00f6r din best\u00e4llning m\u00e5ste du betala med n\u00e5gon av de betalningsmetoder vi accepterar p\u00e5 v\u00e5r webbplats. F\u00f6rst d\u00e5 b\u00f6rjar vi behandla din best\u00e4llning. I vissa fall, och f\u00f6r att f\u00f6rhindra eventuellt bedr\u00e4geri, f\u00f6rbeh\u00e5ller sig Kiemmi r\u00e4tten att be v\u00e5ra kunder att anv\u00e4nda en specifik betalningsmetod eller kr\u00e4va ytterligare dokumentation.<\/p>\n\n\n\n<h5 class=\"wp-block-heading\" id=\"4-3-4-forma-gastos-y-plazos-de-envio\">4.3.4 Leveransmetod, kostnader och deadlines<\/h5>\n\n\n\n<p>Vi skickar best\u00e4llningar till v\u00e5ra kunder i Europa och resten av v\u00e4rlden via olika fraktf\u00f6retag. Vi ber\u00e4knar automatiskt priset f\u00f6r varje leverans n\u00e4r du beg\u00e4r en offert eller g\u00f6r en best\u00e4llning.<\/p>\n\n\n\n<p>Det finns vissa territorier som, trots att de tillh\u00f6r ett specifikt land, kan medf\u00f6ra extra avgifter eftersom rederier vanligtvis behandlar dem som undantag. Till exempel Ceuta, Melilla, Guadeloupe, Martinique, Kanarie\u00f6arna, etc.<\/p>\n\n\n\n<p>Produktionstider visas p\u00e5 v\u00e5r webbplats. Det \u00e4r m\u00f6jligt att en best\u00e4llning kan drabbas av vissa f\u00f6rseningar i produktionen p\u00e5 grund av produktbrist, sen bekr\u00e4ftelse fr\u00e5n dig, felaktig design etc. I vilket fall som helst \u00e4r vi p\u00e5 Kiemmi medvetna om att vi m\u00e5ste leverera produkterna till den leveransadress du anger som kund s\u00e5 snart som m\u00f6jligt, i enlighet med produktions- och leveranstider, och alltid inom trettio (30) kalenderdagar fr\u00e5n det datum vi bekr\u00e4ftar best\u00e4llningen. Om det uppst\u00e5r n\u00e5gra f\u00f6rseningar kommer vi att kontakta dig och informera dig om eventuella \u00e4ndringar.<\/p>\n\n\n\n<p>Leveranstider kan p\u00e5verkas av extraordin\u00e4ra transporth\u00e4ndelser (till exempel strejker, v\u00e4derf\u00f6rh\u00e5llanden, exceptionella politiska situationer etc.) eller av tull, kontroller i destinationslandet eller sv\u00e5righeter med att leverera varorna. Kiemmi tar inget ansvar f\u00f6r f\u00f6rseningar orsakade av transport\u00f6ren eller n\u00e5gra tullkontrollf\u00f6rfaranden. Vi \u00e4r dock fast beslutna att ers\u00e4tta alla best\u00e4llningar som har skadats eller f\u00f6rlorats under transporten inom en rimlig tidsram.<\/p>\n\n\n\n<h3 class=\"wp-block-heading\" id=\"5-garantias-cambios-cancelaciones-y-devoluciones\">5. Garantier, \u00e4ndringar, avbokningar och returer<\/h3>\n\n\n\n<p>Som anv\u00e4ndare kan du \u00e4ndra eller l\u00e4gga till en ny design, \u00e4ndra din leverans- och\/eller faktureringsadress eller avbryta best\u00e4llningen, s\u00e5 l\u00e4nge den inte faktiskt har g\u00e5tt in i produktionsprocessen.<\/p>\n\n\n\n<p>F\u00f6r att g\u00f6ra detta m\u00e5ste du skicka ett e-postmeddelande till&nbsp;<a href=\"mailto:info@kiemmi.com\">info@kiemmi.com<\/a>och bifoga ditt orderreferensnummer. Vi kommer att informera dig om huruvida byte eller avbokning \u00e4r l\u00e4mpligt efter att ha granskat statusen f\u00f6r din best\u00e4llning.<\/p>\n\n\n\n<p>Som anv\u00e4ndare och kund har du fjorton (14) kalenderdagar p\u00e5 dig att \u00e5ngra ditt k\u00f6p och returnera produkten eller produkterna, r\u00e4knat fr\u00e5n det \u00f6gonblick du mottagit best\u00e4llningen, och f\u00f6rutsatt att det inte \u00e4r en personlig produkt, det vill s\u00e4ga modifierad f\u00f6r v\u00e5ra kunder enligt deras instruktioner. F\u00f6r personliga produkter kan vi inte acceptera byten eller returer.<\/p>\n\n\n\n<p>Anpassade produkter kan ha sm\u00e4rre \u00e4ndringar i f\u00e4rg, vikt, textur, material, storlek eller design, samtidigt som de alltid uppfyller det syfte och den ursprungliga id\u00e9n som visas p\u00e5 v\u00e5ra webbplatser. Du m\u00e5ste behandla Kiemmi-produkter med st\u00f6rsta f\u00f6rsiktighet. Du f\u00e5r inte ha anv\u00e4nt dem eller utsatt dem f\u00f6r ol\u00e4mpliga eller skadliga f\u00f6rh\u00e5llanden, eller f\u00f6r manipulationer som kan p\u00e5verka deras skick negativt. Det \u00e4r ditt ansvar att f\u00f6rvara dem p\u00e5 r\u00e4tt s\u00e4tt tills vi inspekterar dem p\u00e5 Kiemmi om du vill returnera dem eller g\u00f6ra en reklamation.<\/p>\n\n\n\n<p>Returfraktkostnaderna \u00e4r kundens ansvar. F\u00f6r att g\u00f6ra det, v\u00e4nligen skicka ett e-postmeddelande till&nbsp;<a href=\"mailto:info@kiemmi.co\">info@kiemmi.com<\/a>&nbsp;beg\u00e4ra \u00e5terbetalning f\u00f6r din best\u00e4llning.<\/p>\n\n\n\n<p>N\u00e4r materialet har returnerats och vi bekr\u00e4ftat att det \u00e4r i felaktigt skick, \u00e5terbetalar vi produkten du betalat f\u00f6r, ut\u00f6ver de ursprungliga fraktkostnaderna, med den enklaste metoden (standardfrakt). Om returen beror p\u00e5 ett fel fr\u00e5n v\u00e5r sida kommer Kiemmi att t\u00e4cka returfraktkostnaderna. Annars ansvarar du f\u00f6r returfraktkostnaderna.<\/p>\n\n\n\n<p>Vi \u00e5terbetalar det \u00e5terbetalda beloppet inom fjorton (14) dagar efter att vi faktiskt mottagit den returnerade produkten, och med samma betalningsmetod som du anv\u00e4nde f\u00f6r k\u00f6pet.<\/p>\n\n\n\n<h3 class=\"wp-block-heading\" id=\"6-propiedad-intelectual\">6. Immateriella r\u00e4ttigheter<\/h3>\n\n\n\n<p>Vi f\u00f6rbeh\u00e5ller oss alla immateriella och industriella r\u00e4ttigheter som ing\u00e5r i Kiemmis webbplats, inklusive, men inte begr\u00e4nsat till, text, bilder, grafisk design, varum\u00e4rken, navigationsstruktur, information och inneh\u00e5ll. Vi ut\u00f6var exklusiva r\u00e4ttigheter att utnyttja dessa r\u00e4ttigheter i alla former, och i synnerhet r\u00e4ttigheterna till reproduktion, distribution, offentlig kommunikation och transformation, i enlighet med spansk lagstiftning om immateriella och industriella r\u00e4ttigheter.<\/p>\n\n\n\n<p>Om du som anv\u00e4ndare anpassar en produkt fr\u00e5n Kiemmis webbplats med en bild du har skickat in och som inte ing\u00e5r i Kiemmis bildkatalog, m\u00e5ste du garantera att du har alla immateriella och industriella r\u00e4ttigheter, s\u00e5v\u00e4l som eventuella bild- eller integritetsr\u00e4ttigheter som r\u00f6r individer eller juridiska personer, som \u00e4r n\u00f6dv\u00e4ndiga f\u00f6r att utnyttja bilden i den form eller det s\u00e4tt du \u00f6nskar. Som anv\u00e4ndare ger du oss i sin tur en begr\u00e4nsad licens att reproducera, kommunicera, distribuera och omvandla den bild du skickar in till den eller de anpassade produkter du har best\u00e4llt. N\u00e4r produkten har producerats och skickats till din leveransadress upph\u00f6r denna licens att g\u00e4lla.<\/p>\n\n\n\n<p>Du friskriver Kiemmi fr\u00e5n allt ansvar f\u00f6r tredjepartskrav som uppst\u00e5r till f\u00f6ljd av olaglig eller kriminell anv\u00e4ndning av bilder som omfattas av immateriella r\u00e4ttigheter eller industriella r\u00e4ttigheter, eller enskilda personers bild- eller integritetsr\u00e4ttigheter, i personliga produkter via v\u00e5ra webbplatser.<\/p>\n\n\n\n<h3 class=\"wp-block-heading\" id=\"7-quejas-y-reclamaciones\">7. Klagom\u00e5l och reklamationer<\/h3>\n\n\n\n<p>Som kund kan du alltid kontakta&nbsp;<a href=\"mailto:info@kiemmi.com\">info@kiemmi.com<\/a>&nbsp;f\u00f6r att vidarebefordra eventuella klagom\u00e5l, f\u00f6rslag eller anspr\u00e5k som uppst\u00e5r p\u00e5 grund av tillhandah\u00e5llandet av v\u00e5ra tj\u00e4nster. F\u00f6r att underl\u00e4tta handl\u00e4ggningen, v\u00e4nligen ange alltid faktura- eller ordernumret f\u00f6r din best\u00e4llning. Vi \u00e5tar oss att svara p\u00e5 f\u00f6rfr\u00e5gningar inom sju (7) arbetsdagar fr\u00e5n det datum d\u00e5 de mottagits korrekt av oss. Om klagom\u00e5let g\u00e4ller material som inte kommer fr\u00e5n Kiemmi kan det vara n\u00f6dv\u00e4ndigt att f\u00f6rl\u00e4nga denna period s\u00e5 att vi kan kontakta tillverkaren.<\/p>\n\n\n\n<p>Du kommer inte att kunna l\u00e4mna in klagom\u00e5l eller anspr\u00e5k g\u00e4llande best\u00e4llningar n\u00e4r sju (7) dagar har g\u00e5tt sedan de faktiskt levererades.<\/p>\n\n\n\n<h3 class=\"wp-block-heading\" id=\"8-derechos-de-camaloon\">8. Kiemmis r\u00e4ttigheter<\/h3>\n\n\n\n<h4 class=\"wp-block-heading\" id=\"8-1-monitorizacion\">8.1 \u00d6vervakning<\/h4>\n\n\n\n<p>P\u00e5 Kiemmi f\u00f6rbeh\u00e5ller vi oss r\u00e4tten (men \u00e5tar oss ingen skyldighet) att \u00f6vervaka alla transaktioner och all kommunikation som sker p\u00e5 v\u00e5r webbplats. Om vi, efter eget gottfinnande, fastst\u00e4ller att en anv\u00e4ndare eller kund bryter mot eller kan komma att bryta mot n\u00e5got villkor i dessa allm\u00e4nna anv\u00e4ndar- och f\u00f6rs\u00e4ljningsvillkor, eller att s\u00e5dan transaktion eller kommunikation \u00e4r ol\u00e4mplig, kan vi avbryta eller begr\u00e4nsa anv\u00e4ndarens \u00e5tkomst utan ytterligare \u00e5tg\u00e4rder.<\/p>\n\n\n\n<h4 class=\"wp-block-heading\" id=\"8-2-modificacion-del-servicio\">8.2 \u00c4ndring av tj\u00e4nsten<\/h4>\n\n\n\n<p>P\u00e5 Kiemmi f\u00f6rbeh\u00e5ller vi oss r\u00e4tten att \u00e4ndra layouten, organisationen och utseendet p\u00e5 v\u00e5r webbplats och de tj\u00e4nster vi erbjuder, och vi kan komma att \u00e4ndra eller avbryta alla aspekter av v\u00e5ra tj\u00e4nster och\/eller priser utan f\u00f6reg\u00e5ende meddelande eller n\u00e5gon r\u00e4tt till regress.<\/p>\n\n\n\n<h4 class=\"wp-block-heading\" id=\"8-3-cancelacion-del-contrato\">8.3 Upps\u00e4gning av avtalet<\/h4>\n\n\n\n<p>P\u00e5 Kiemmi kan vi, efter eget gottfinnande och med eller utan f\u00f6reg\u00e5ende meddelande, g\u00f6ra f\u00f6ljande:<\/p>\n\n\n\n<ul class=\"wp-block-list\"><li>St\u00e4nga av eller begr\u00e4nsa anv\u00e4ndningen av Kiemmi till en specifik anv\u00e4ndare, samt helt st\u00e4nga ett konto eller avbryta \u00e5tkomst till v\u00e5ra webbplatser.<\/li><li>Blockera eller avbryta produktionen av alla best\u00e4llningar som inneh\u00e5ller bilder som utg\u00f6r ett brott, som kr\u00e4nker tredje parts r\u00e4ttigheter, som \u00e4r st\u00f6tande, smakl\u00f6sa, v\u00e5ldsamma, kr\u00e4nkande, radikalt politiska, sekteristiska eller strider mot grundl\u00e4ggande m\u00e4nskliga r\u00e4ttigheter.<\/li><li>Blockera eller avbryta produktionen av alla best\u00e4llningar som, efter granskning, inneh\u00e5ller fel i design, priss\u00e4ttning eller som inte kan erbjuda tillr\u00e4cklig garanti f\u00f6r slutresultatet etc.<\/li><li>Rapportera eventuella missbruk eller bedr\u00e4gerier som har intr\u00e4ffat p\u00e5 v\u00e5ra webbplatser till relevanta myndigheter<\/li><li>Ta bort allt inneh\u00e5ll som vi anser l\u00e4mpligt fr\u00e5n Kiemmis servrar och kataloger eller allt som har f\u00f6reslagits av en anv\u00e4ndare.<\/li><li>Avbryta f\u00f6rs\u00e4ljningen av specifika produkter eller f\u00f6rs\u00e4ljning i n\u00e5gon annan valuta \u00e4n euro (\u20ac).<\/li><li>Avbryta tj\u00e4nsten efter eget gottfinnande eller erbjuda den i begr\u00e4nsad omfattning.<\/li><\/ul>\n\n\n\n<h3 class=\"wp-block-heading\" id=\"9-politica-de-enlaces\">9. L\u00e4nkpolicy<\/h3>\n\n\n\n<p>P\u00e5 Kiemmi ansvarar vi inte f\u00f6r n\u00e5gra webbplatser eller filer som kan n\u00e5s via hypertextl\u00e4nkar (&quot;l\u00e4nkar&quot;) som finns tillg\u00e4ngliga i v\u00e5rt inneh\u00e5ll. Ansvaret ligger hos respektive \u00e4gare. D\u00e4rf\u00f6r godk\u00e4nner eller st\u00f6der vi inte produkter, tj\u00e4nster, inneh\u00e5ll, information, data, filer eller n\u00e5gon annan typ av material som finns p\u00e5 s\u00e5dana webbplatser eller filer, och vi kontrollerar inte, och ansvarar inte heller f\u00f6r, kvaliteten, olagligheten, tillf\u00f6rlitligheten eller anv\u00e4ndbarheten av informationen, inneh\u00e5llet och tj\u00e4nsterna som finns p\u00e5 l\u00e4nkade webbplatser utanf\u00f6r v\u00e5ra sidor.<\/p>\n\n\n\n<p>Om det anses l\u00e4mpligt, eller om ett beh\u00f6rigt organ f\u00f6rklarar att uppgifterna \u00e4r olagliga, beordrar att de raderas eller om\u00f6jligg\u00f6r \u00e5tkomst till dem, eller om f\u00f6rekomsten av en \u00f6vertr\u00e4delse har f\u00f6rklarats och vi uttryckligen har underr\u00e4ttats om motsvarande l\u00f6sning, kommer vi omedelbart att ta bort de angivna l\u00e4nkarna.<\/p>\n\n\n\n<h3 class=\"wp-block-heading\" id=\"10-limitacion-de-responsabilidad\">10. Ansvarsbegr\u00e4nsning<\/h3>\n\n\n\n<p>Vi fr\u00e5ns\u00e4ger oss allt ansvar f\u00f6r skador av n\u00e5got slag som kan uppst\u00e5 p\u00e5 grund av bristande tillg\u00e4nglighet eller kontinuerlig drift av v\u00e5ra webbplatser. Vi fr\u00e5ns\u00e4ger oss \u00e4ven allt ansvar som uppst\u00e5r p\u00e5 grund av missbruk eller felaktig anv\u00e4ndning av v\u00e5ra produkter.<\/p>\n\n\n\n<h3 class=\"wp-block-heading\" id=\"11-cambios-en-las-presentes-condiciones-generales-de-uso-y-venta\">11. \u00c4ndringar av dessa allm\u00e4nna anv\u00e4ndar- och f\u00f6rs\u00e4ljningsvillkor<\/h3>\n\n\n\n<p>Vi f\u00f6rbeh\u00e5ller oss r\u00e4tten att \u00e4ndra alla aspekter av dessa allm\u00e4nna anv\u00e4ndar- och f\u00f6rs\u00e4ljningsvillkor, inklusive v\u00e5ra priser, godk\u00e4nda designer eller st\u00f6tande inneh\u00e5ll.<\/p>\n\n\n\n<h3 class=\"wp-block-heading\" id=\"12-legislacion-aplicable-y-jurisdiccion-competente\">12. Till\u00e4mplig lagstiftning och beh\u00f6rig jurisdiktion<\/h3>\n\n\n\n<p>Dessa allm\u00e4nna anv\u00e4ndar- och f\u00f6rs\u00e4ljningsvillkor regleras av spansk lag.<\/p>\n\n\n\n<p>Om en individ k\u00f6per produkter samtycker parterna till att underkasta sig den konsumentskiljedomsprocess som \u00e4r fastst\u00e4lld enligt lag f\u00f6r att l\u00f6sa eventuella tvister, och avst\u00e5r fr\u00e5n all annan jurisdiktion som kan g\u00e4lla f\u00f6r dem.<\/p>\n\n\n\n<p>Om ett f\u00f6retag k\u00f6per produkter, samtycker parterna till att underkasta sig domstolarna och tribunalerna med jurisdiktion i Nules f\u00f6r l\u00f6sning av eventuella tvister, och avst\u00e5r fr\u00e5n all annan jurisdiktion som kan vara till\u00e4mplig.<\/p>","protected":false},"excerpt":{"rendered":"<p>1. Datos identificativos de KIEMMI El prestador del servicio del sitio web es Emmanuel Kielichowski (en adelante, &#8220;Kiemmi&#8221;), con VAT intracomunitario ESX2878559V y con domicilio social en Calle Claveles 4, 12600 Vall de Ux\u00f3 (Castell\u00f3n), Spain. 2. Descripci\u00f3n del servicio En Kiemmi proporcionamos una serie de servicios a trav\u00e9s de Internet a nuestros usuarios y [&hellip;]<\/p>\n","protected":false},"author":1,"featured_media":0,"parent":0,"menu_order":0,"comment_status":"closed","ping_status":"closed","template":"","meta":{"_seopress_robots_primary_cat":"0","_seopress_titles_title":"","_seopress_titles_desc":"","_seopress_robots_index":"","site-sidebar-layout":"default","site-content-layout":"","ast-site-content-layout":"default","site-content-style":"default","site-sidebar-style":"default","ast-global-header-display":"","ast-banner-title-visibility":"","ast-main-header-display":"","ast-hfb-above-header-display":"","ast-hfb-below-header-display":"","ast-hfb-mobile-header-display":"","site-post-title":"","ast-breadcrumbs-content":"","ast-featured-img":"","footer-sml-layout":"","ast-disable-related-posts":"","theme-transparent-header-meta":"","adv-header-id-meta":"","stick-header-meta":"","header-above-stick-meta":"","header-main-stick-meta":"","header-below-stick-meta":"","astra-migrate-meta-layouts":"default","ast-page-background-enabled":"default","ast-page-background-meta":{"desktop":{"background-color":"","background-image":"","background-repeat":"repeat","background-position":"center center","background-size":"auto","background-attachment":"scroll","background-type":"","background-media":"","overlay-type":"","overlay-color":"","overlay-opacity":"","overlay-gradient":""},"tablet":{"background-color":"","background-image":"","background-repeat":"repeat","background-position":"center center","background-size":"auto","background-attachment":"scroll","background-type":"","background-media":"","overlay-type":"","overlay-color":"","overlay-opacity":"","overlay-gradient":""},"mobile":{"background-color":"","background-image":"","background-repeat":"repeat","background-position":"center center","background-size":"auto","background-attachment":"scroll","background-type":"","background-media":"","overlay-type":"","overlay-color":"","overlay-opacity":"","overlay-gradient":""}},"ast-content-background-meta":{"desktop":{"background-color":"var(--ast-global-color-5)","background-image":"","background-repeat":"repeat","background-position":"center center","background-size":"auto","background-attachment":"scroll","background-type":"","background-media":"","overlay-type":"","overlay-color":"","overlay-opacity":"","overlay-gradient":""},"tablet":{"background-color":"var(--ast-global-color-5)","background-image":"","background-repeat":"repeat","background-position":"center center","background-size":"auto","background-attachment":"scroll","background-type":"","background-media":"","overlay-type":"","overlay-color":"","overlay-opacity":"","overlay-gradient":""},"mobile":{"background-color":"var(--ast-global-color-5)","background-image":"","background-repeat":"repeat","background-position":"center center","background-size":"auto","background-attachment":"scroll","background-type":"","background-media":"","overlay-type":"","overlay-color":"","overlay-opacity":"","overlay-gradient":""}},"footnotes":""},"class_list":["post-2743","page","type-page","status-publish","hentry"],"_links":{"self":[{"href":"https:\/\/kiemmi.com\/sv\/wp-json\/wp\/v2\/pages\/2743","targetHints":{"allow":["GET"]}}],"collection":[{"href":"https:\/\/kiemmi.com\/sv\/wp-json\/wp\/v2\/pages"}],"about":[{"href":"https:\/\/kiemmi.com\/sv\/wp-json\/wp\/v2\/types\/page"}],"author":[{"embeddable":true,"href":"https:\/\/kiemmi.com\/sv\/wp-json\/wp\/v2\/users\/1"}],"replies":[{"embeddable":true,"href":"https:\/\/kiemmi.com\/sv\/wp-json\/wp\/v2\/comments?post=2743"}],"version-history":[{"count":0,"href":"https:\/\/kiemmi.com\/sv\/wp-json\/wp\/v2\/pages\/2743\/revisions"}],"wp:attachment":[{"href":"https:\/\/kiemmi.com\/sv\/wp-json\/wp\/v2\/media?parent=2743"}],"curies":[{"name":"wp","href":"https:\/\/api.w.org\/{rel}","templated":true}]}}