{"id":2226,"date":"2020-07-25T11:07:48","date_gmt":"2020-07-25T11:07:48","guid":{"rendered":"https:\/\/www.tks3d.com\/?page_id=2226"},"modified":"2022-01-22T17:54:20","modified_gmt":"2022-01-22T17:54:20","slug":"cookiepolicy","status":"publish","type":"page","link":"https:\/\/kiemmi.com\/sv\/politica-de-cookies\/","title":{"rendered":"Cookiepolicy"},"content":{"rendered":"<p>I enlighet med best\u00e4mmelserna i artikel 22.2 i lag 34\/2002 av den 11 juli om informationssamh\u00e4llets tj\u00e4nster och elektronisk handel informerar denna webbplats dig i detta avsnitt om&nbsp;<strong>policy f\u00f6r insamling och behandling av cookies<\/strong>.<\/p>\n\n\n\n<h4 class=\"wp-block-heading\">Vad \u00e4r kakor?<\/h4>\n\n\n\n<p>En cookie \u00e4r en fil som laddas ner till din dator n\u00e4r du bes\u00f6ker vissa webbplatser. Cookies g\u00f6r det bland annat m\u00f6jligt f\u00f6r en webbplats att lagra och h\u00e4mta information om en anv\u00e4ndares surfvanor eller deras enhet. Beroende p\u00e5 vilken information de inneh\u00e5ller och hur anv\u00e4ndaren anv\u00e4nder sin enhet kan de anv\u00e4ndas f\u00f6r att k\u00e4nna igen anv\u00e4ndaren.<\/p>\n\n\n\n<h4 class=\"wp-block-heading\">Typer av cookies och deras syfte<\/h4>\n\n\n\n<p>N\u00e4r du surfar p\u00e5 denna webbplats anv\u00e4nds sessionscookies, permanenta cookies, analyscookies och anpassningscookies:<\/p>\n\n\n\n<p><strong>Sessionscookies:<\/strong>&nbsp;Det h\u00e4r \u00e4r cookies som \u00e4r utformade f\u00f6r att samla in och lagra data medan anv\u00e4ndaren bes\u00f6ker en webbplats. De anv\u00e4nds vanligtvis f\u00f6r att lagra information som bara beh\u00f6vs f\u00f6r att tillhandah\u00e5lla den tj\u00e4nst som anv\u00e4ndaren beg\u00e4r vid ett enda tillf\u00e4lle.<\/p>\n\n\n\n<p><strong>Permanenta cookies:<\/strong>&nbsp;De \u00e4r en typ av cookie d\u00e4r informationen lagras p\u00e5 terminalen och kan n\u00e5s och behandlas under en period som definieras av cookiekontrollanten, vilken kan variera fr\u00e5n n\u00e5gra minuter till flera \u00e5r.<\/p>\n\n\n\n<p><strong>Analytiska cookies<\/strong>Dessa cookies, oavsett om de behandlas av oss eller av tredje part, g\u00f6r det m\u00f6jligt f\u00f6r oss att kvantifiera antalet anv\u00e4ndare och d\u00e4rmed utf\u00f6ra statistiska m\u00e4tningar och analyser av hur anv\u00e4ndarna anv\u00e4nder den erbjudna tj\u00e4nsten. F\u00f6r att g\u00f6ra detta analyserar vi dina surfvanor p\u00e5 v\u00e5r webbplats f\u00f6r att f\u00f6rb\u00e4ttra de produkter och tj\u00e4nster vi erbjuder.<\/p>\n\n\n\n<p><strong>Personaliseringscookies<\/strong>Det h\u00e4r \u00e4r de som till\u00e5ter anv\u00e4ndaren att komma \u00e5t tj\u00e4nsten med vissa f\u00f6rdefinierade allm\u00e4nna egenskaper baserade p\u00e5 en rad kriterier i anv\u00e4ndarens terminal, s\u00e5som spr\u00e5k eller vilken typ av webbl\u00e4sare de ansluter till tj\u00e4nsten genom.<\/p>\n\n\n\n<h4 class=\"wp-block-heading\">Uppdateringar och \u00e4ndringar av cookiepolicyn<\/h4>\n\n\n\n<p>KIEMMI kan komma att \u00e4ndra denna cookiepolicy baserat p\u00e5 nya lagstadgade eller regulatoriska krav, eller f\u00f6r att anpassa n\u00e4mnda policy till instruktioner utf\u00e4rdade av den spanska dataskyddsmyndigheten.<\/p>\n\n\n\n<p>Om du vill ha mer information om hur vi anv\u00e4nder cookies kan du maila oss p\u00e5 info@tekniservice.com<\/p>","protected":false},"excerpt":{"rendered":"<p>En cumplimiento con lo dispuesto en el art\u00edculo 22.2 de la Ley 34\/2002, de 11 de julio, de Servicios de la Sociedad de la Informaci\u00f3n y de Comercio Electr\u00f3nico, esta p\u00e1gina web le informa, en esta secci\u00f3n, sobre la&nbsp;pol\u00edtica de recogida y tratamiento de cookies. \u00bfQu\u00e9 son las cookies? Una cookie es un fichero que [&hellip;]<\/p>\n","protected":false},"author":1,"featured_media":0,"parent":0,"menu_order":0,"comment_status":"closed","ping_status":"closed","template":"","meta":{"_seopress_robots_primary_cat":"0","_seopress_titles_title":"","_seopress_titles_desc":"","_seopress_robots_index":"","site-sidebar-layout":"default","site-content-layout":"","ast-site-content-layout":"default","site-content-style":"default","site-sidebar-style":"default","ast-global-header-display":"","ast-banner-title-visibility":"","ast-main-header-display":"","ast-hfb-above-header-display":"","ast-hfb-below-header-display":"","ast-hfb-mobile-header-display":"","site-post-title":"","ast-breadcrumbs-content":"","ast-featured-img":"","footer-sml-layout":"","ast-disable-related-posts":"","theme-transparent-header-meta":"","adv-header-id-meta":"","stick-header-meta":"","header-above-stick-meta":"","header-main-stick-meta":"","header-below-stick-meta":"","astra-migrate-meta-layouts":"default","ast-page-background-enabled":"default","ast-page-background-meta":{"desktop":{"background-color":"","background-image":"","background-repeat":"repeat","background-position":"center center","background-size":"auto","background-attachment":"scroll","background-type":"","background-media":"","overlay-type":"","overlay-color":"","overlay-opacity":"","overlay-gradient":""},"tablet":{"background-color":"","background-image":"","background-repeat":"repeat","background-position":"center center","background-size":"auto","background-attachment":"scroll","background-type":"","background-media":"","overlay-type":"","overlay-color":"","overlay-opacity":"","overlay-gradient":""},"mobile":{"background-color":"","background-image":"","background-repeat":"repeat","background-position":"center center","background-size":"auto","background-attachment":"scroll","background-type":"","background-media":"","overlay-type":"","overlay-color":"","overlay-opacity":"","overlay-gradient":""}},"ast-content-background-meta":{"desktop":{"background-color":"var(--ast-global-color-5)","background-image":"","background-repeat":"repeat","background-position":"center center","background-size":"auto","background-attachment":"scroll","background-type":"","background-media":"","overlay-type":"","overlay-color":"","overlay-opacity":"","overlay-gradient":""},"tablet":{"background-color":"var(--ast-global-color-5)","background-image":"","background-repeat":"repeat","background-position":"center center","background-size":"auto","background-attachment":"scroll","background-type":"","background-media":"","overlay-type":"","overlay-color":"","overlay-opacity":"","overlay-gradient":""},"mobile":{"background-color":"var(--ast-global-color-5)","background-image":"","background-repeat":"repeat","background-position":"center center","background-size":"auto","background-attachment":"scroll","background-type":"","background-media":"","overlay-type":"","overlay-color":"","overlay-opacity":"","overlay-gradient":""}},"footnotes":""},"class_list":["post-2226","page","type-page","status-publish","hentry"],"_links":{"self":[{"href":"https:\/\/kiemmi.com\/sv\/wp-json\/wp\/v2\/pages\/2226","targetHints":{"allow":["GET"]}}],"collection":[{"href":"https:\/\/kiemmi.com\/sv\/wp-json\/wp\/v2\/pages"}],"about":[{"href":"https:\/\/kiemmi.com\/sv\/wp-json\/wp\/v2\/types\/page"}],"author":[{"embeddable":true,"href":"https:\/\/kiemmi.com\/sv\/wp-json\/wp\/v2\/users\/1"}],"replies":[{"embeddable":true,"href":"https:\/\/kiemmi.com\/sv\/wp-json\/wp\/v2\/comments?post=2226"}],"version-history":[{"count":0,"href":"https:\/\/kiemmi.com\/sv\/wp-json\/wp\/v2\/pages\/2226\/revisions"}],"wp:attachment":[{"href":"https:\/\/kiemmi.com\/sv\/wp-json\/wp\/v2\/media?parent=2226"}],"curies":[{"name":"wp","href":"https:\/\/api.w.org\/{rel}","templated":true}]}}