{"id":8907,"date":"2024-10-10T17:42:33","date_gmt":"2024-10-10T17:42:33","guid":{"rendered":"https:\/\/kiemmi.com\/?post_type=product&#038;p=8907"},"modified":"2025-09-02T08:41:16","modified_gmt":"2025-09-02T08:41:16","slug":"pusculita-personalizabila-3d-de-hamster","status":"publish","type":"product","link":"https:\/\/kiemmi.com\/ro\/shop\/huchas\/hucha-hamster-3d-personalizable\/","title":{"rendered":"Pu\u0219culi\u021b\u0103 3D de hamster personalizabil\u0103"},"content":{"rendered":"<p>Descoperi\u021bi pu\u0219culi\u021ba noastr\u0103 fermec\u0103toare imprimat\u0103 3D \u00een form\u0103 de hamster, perfect\u0103 pentru cei care caut\u0103 un cadou original \u0219i practic. Cu un design fermec\u0103tor \u0219i capacitatea de a personaliza culorile \u0219i de a ad\u0103uga un nume, aceast\u0103 pu\u0219culi\u021b\u0103 se potrive\u0219te oric\u0103rui stil. Ideal pentru toate v\u00e2rstele, combin\u0103 func\u021bionalitatea \u0219i creativitatea \u00eentr-un singur produs.<\/p>\n<p><strong>Caracteristici:<\/strong><\/p>\n<ul>\n<li>\ud83d\udc39 <strong>Design minunat de hamster<\/strong>: O pu\u0219culi\u021b\u0103 \u00een form\u0103 de hamster care adaug\u0103 o not\u0103 distractiv\u0103 \u0219i adorabil\u0103 oric\u0103rui spa\u021biu.<\/li>\n<li>\ud83c\udfa8 <strong style=\"font-family: -apple-system, BlinkMacSystemFont, 'Segoe UI', Roboto, 'Helvetica Neue', Arial, sans-serif, 'Apple Color Emoji', 'Segoe UI Emoji', 'Segoe UI Symbol'; font-size: 1rem;\">Personalizarea culorilor<\/strong><span style=\"font-family: -apple-system, BlinkMacSystemFont, 'Segoe UI', Roboto, 'Helvetica Neue', Arial, sans-serif, 'Apple Color Emoji', 'Segoe UI Emoji', 'Segoe UI Symbol'; font-size: 1rem;\">: Alege culorile pe care le preferi pentru ca pu\u0219culi\u021ba s\u0103 reflecte personalitatea ta sau a celui care o prime\u0219te.<\/span><\/li>\n<li>\u270f\ufe0f <strong style=\"font-family: -apple-system, BlinkMacSystemFont, 'Segoe UI', Roboto, 'Helvetica Neue', Arial, sans-serif, 'Apple Color Emoji', 'Segoe UI Emoji', 'Segoe UI Symbol'; font-size: 1rem;\">Nume personalizabil<\/strong><span style=\"font-family: -apple-system, BlinkMacSystemFont, 'Segoe UI', Roboto, 'Helvetica Neue', Arial, sans-serif, 'Apple Color Emoji', 'Segoe UI Emoji', 'Segoe UI Symbol'; font-size: 1rem;\">: Ad\u0103uga\u021bi numele pe care dori\u021bi s\u0103 face\u021bi pu\u0219culi\u021ba complet unic\u0103 \u0219i special\u0103.<\/span><\/li>\n<li>\u2699\ufe0f <strong style=\"font-family: -apple-system, BlinkMacSystemFont, 'Segoe UI', Roboto, 'Helvetica Neue', Arial, sans-serif, 'Apple Color Emoji', 'Segoe UI Emoji', 'Segoe UI Symbol'; font-size: 1rem;\">Mecanism interactiv pentru copii<\/strong><span style=\"font-family: -apple-system, BlinkMacSystemFont, 'Segoe UI', Roboto, 'Helvetica Neue', Arial, sans-serif, 'Apple Color Emoji', 'Segoe UI Emoji', 'Segoe UI Symbol'; font-size: 1rem;\">: Sistemul de angrenaje din inchidere ofera o experienta distractiva pentru cei mici, transformand economisirea intr-o activitate jucausa.<\/span><\/li>\n<li>\ud83c\udf81 <strong style=\"font-family: -apple-system, BlinkMacSystemFont, 'Segoe UI', Roboto, 'Helvetica Neue', Arial, sans-serif, 'Apple Color Emoji', 'Segoe UI Emoji', 'Segoe UI Symbol'; font-size: 1rem;\">Un cadou de neuitat<\/strong><span style=\"font-family: -apple-system, BlinkMacSystemFont, 'Segoe UI', Roboto, 'Helvetica Neue', Arial, sans-serif, 'Apple Color Emoji', 'Segoe UI Emoji', 'Segoe UI Symbol'; font-size: 1rem;\">: Este perfect pentru a surprinde prietenii, familia sau orice fan de hamsteri, datorita designului sau exclusiv si optiunilor de personalizare.<\/span><\/li>\n<li>\ud83d\udccf <strong style=\"font-family: -apple-system, BlinkMacSystemFont, 'Segoe UI', Roboto, 'Helvetica Neue', Arial, sans-serif, 'Apple Color Emoji', 'Segoe UI Emoji', 'Segoe UI Symbol'; font-size: 1rem;\">Dimensiune ideala<\/strong><span style=\"font-family: -apple-system, BlinkMacSystemFont, 'Segoe UI', Roboto, 'Helvetica Neue', Arial, sans-serif, 'Apple Color Emoji', 'Segoe UI Emoji', 'Segoe UI Symbol'; font-size: 1rem;\">: M\u0103sur\u00e2nd 17,4 cm lungime x 9,4 cm l\u0103\u021bime \u0219i 3,5 cm grosime, este suficient de compact pentru a se potrivi oriunde f\u0103r\u0103 a ocupa mult spa\u021biu.<\/span><\/li>\n<li>\ud83c\udfa8 <strong style=\"font-family: -apple-system, BlinkMacSystemFont, 'Segoe UI', Roboto, 'Helvetica Neue', Arial, sans-serif, 'Apple Color Emoji', 'Segoe UI Emoji', 'Segoe UI Symbol'; font-size: 1rem;\">Imprimare 3D de \u00eenalt\u0103 precizie<\/strong><span style=\"font-family: -apple-system, BlinkMacSystemFont, 'Segoe UI', Roboto, 'Helvetica Neue', Arial, sans-serif, 'Apple Color Emoji', 'Segoe UI Emoji', 'Segoe UI Symbol'; font-size: 1rem;\">: Fabricat folosind imprimare 3D de calitate, asigur\u00e2nd un finisaj detaliat \u0219i durabil.<\/span><\/li>\n<\/ul>\n<p>Cu aceast\u0103 pu\u0219culi\u021b\u0103 \u00een form\u0103 de hamster, nu vei avea doar un loc practic \u00een care s\u0103-\u021bi depozitezi economiile, ci \u0219i un accesoriu decorativ \u0219i personalizat care va face pe toat\u0103 lumea s\u0103 z\u00e2mbeasc\u0103.<\/p>","protected":false},"excerpt":{"rendered":"<p>Aceast\u0103 pu\u0219culi\u021b\u0103 \u00een form\u0103 de hamster este un cadou original \u0219i personalizabil, ideal pentru orice ocazie. Designul s\u0103u fermec\u0103tor \u0219i distractiv iese \u00een eviden\u021b\u0103 datorit\u0103 posibilit\u0103\u021bii de a alege culori \u0219i de a ad\u0103uga un nume. \u00cenchiderea mecanismului de viteze \u00eel face interactiv \u0219i distractiv, mai ales pentru copii. Cu o dimensiune compact\u0103 \u0219i practic\u0103, este u\u0219or de amplasat \u00een orice spa\u021biu. \u00cen plus, imprimarea sa 3D de \u00eenalt\u0103 calitate asigur\u0103 durabilitate \u0219i un finisaj detaliat.<\/p>","protected":false},"featured_media":8912,"template":"","meta":{"_seopress_robots_primary_cat":"88","_seopress_titles_title":"Hucha h\u00e1mster 3D personalizable: regalo \u00fanico","_seopress_titles_desc":"Descubre la hucha personalizable perfecta en dise\u00f1o de h\u00e1mster 3D, con colores y nombre \u00fanicos. Un regalo original y pr\u00e1ctico para todas las edades.","_seopress_robots_index":"","_seopress_analysis_target_kw":"hucha,3d,personalizable","site-sidebar-layout":"default","site-content-layout":"","ast-site-content-layout":"default","site-content-style":"default","site-sidebar-style":"default","ast-global-header-display":"","ast-banner-title-visibility":"","ast-main-header-display":"","ast-hfb-above-header-display":"","ast-hfb-below-header-display":"","ast-hfb-mobile-header-display":"","site-post-title":"","ast-breadcrumbs-content":"","ast-featured-img":"","footer-sml-layout":"","ast-disable-related-posts":"","theme-transparent-header-meta":"","adv-header-id-meta":"","stick-header-meta":"","header-above-stick-meta":"","header-main-stick-meta":"","header-below-stick-meta":"","astra-migrate-meta-layouts":"default","ast-page-background-enabled":"default","ast-page-background-meta":{"desktop":{"background-color":"","background-image":"","background-repeat":"repeat","background-position":"center center","background-size":"auto","background-attachment":"scroll","background-type":"","background-media":"","overlay-type":"","overlay-color":"","overlay-opacity":"","overlay-gradient":""},"tablet":{"background-color":"","background-image":"","background-repeat":"repeat","background-position":"center center","background-size":"auto","background-attachment":"scroll","background-type":"","background-media":"","overlay-type":"","overlay-color":"","overlay-opacity":"","overlay-gradient":""},"mobile":{"background-color":"","background-image":"","background-repeat":"repeat","background-position":"center center","background-size":"auto","background-attachment":"scroll","background-type":"","background-media":"","overlay-type":"","overlay-color":"","overlay-opacity":"","overlay-gradient":""}},"ast-content-background-meta":{"desktop":{"background-color":"var(--ast-global-color-5)","background-image":"","background-repeat":"repeat","background-position":"center center","background-size":"auto","background-attachment":"scroll","background-type":"","background-media":"","overlay-type":"","overlay-color":"","overlay-opacity":"","overlay-gradient":""},"tablet":{"background-color":"var(--ast-global-color-5)","background-image":"","background-repeat":"repeat","background-position":"center center","background-size":"auto","background-attachment":"scroll","background-type":"","background-media":"","overlay-type":"","overlay-color":"","overlay-opacity":"","overlay-gradient":""},"mobile":{"background-color":"var(--ast-global-color-5)","background-image":"","background-repeat":"repeat","background-position":"center center","background-size":"auto","background-attachment":"scroll","background-type":"","background-media":"","overlay-type":"","overlay-color":"","overlay-opacity":"","overlay-gradient":""}}},"product_brand":[],"product_cat":[88,87,49],"product_tag":[],"class_list":{"0":"post-8907","1":"product","2":"type-product","3":"status-publish","4":"has-post-thumbnail","6":"product_cat-huchas","7":"product_cat-mascotas","8":"product_cat-regalos-originales","9":"desktop-align-center","10":"tablet-align-left","11":"mobile-align-center","12":"ast-product-gallery-layout-horizontal","13":"ast-magnify-disabled","14":"ast-product-tabs-layout-horizontal","15":"tm-has-options","17":"first","18":"instock","19":"taxable","20":"shipping-taxable","21":"purchasable","22":"product-type-simple"},"_links":{"self":[{"href":"https:\/\/kiemmi.com\/ro\/wp-json\/wp\/v2\/product\/8907","targetHints":{"allow":["GET"]}}],"collection":[{"href":"https:\/\/kiemmi.com\/ro\/wp-json\/wp\/v2\/product"}],"about":[{"href":"https:\/\/kiemmi.com\/ro\/wp-json\/wp\/v2\/types\/product"}],"version-history":[{"count":0,"href":"https:\/\/kiemmi.com\/ro\/wp-json\/wp\/v2\/product\/8907\/revisions"}],"wp:featuredmedia":[{"embeddable":true,"href":"https:\/\/kiemmi.com\/ro\/wp-json\/wp\/v2\/media\/8912"}],"wp:attachment":[{"href":"https:\/\/kiemmi.com\/ro\/wp-json\/wp\/v2\/media?parent=8907"}],"wp:term":[{"taxonomy":"product_brand","embeddable":true,"href":"https:\/\/kiemmi.com\/ro\/wp-json\/wp\/v2\/product_brand?post=8907"},{"taxonomy":"product_cat","embeddable":true,"href":"https:\/\/kiemmi.com\/ro\/wp-json\/wp\/v2\/product_cat?post=8907"},{"taxonomy":"product_tag","embeddable":true,"href":"https:\/\/kiemmi.com\/ro\/wp-json\/wp\/v2\/product_tag?post=8907"}],"curies":[{"name":"wp","href":"https:\/\/api.w.org\/{rel}","templated":true}]}}