{"id":8839,"date":"2024-10-04T12:20:48","date_gmt":"2024-10-04T12:20:48","guid":{"rendered":"https:\/\/kiemmi.com\/?post_type=product&#038;p=8839"},"modified":"2025-09-15T12:13:03","modified_gmt":"2025-09-15T12:13:03","slug":"pusculite-3d-in-forma-de-labe-de-caine-pusculita-personalizabila","status":"publish","type":"product","link":"https:\/\/kiemmi.com\/ro\/shop\/huchas\/huchas-3d-en-forma-de-huella-de-perro-hucha-personalizable\/","title":{"rendered":"Pu\u0219culi\u021be 3D \u00een form\u0103 de labe de c\u00e2ine \u2013 Pu\u0219culi\u021b\u0103 personalizabil\u0103"},"content":{"rendered":"<p>Face\u021bi economisirea mai distractiv cu aceast\u0103 pu\u0219culi\u021b\u0103 original\u0103 \u00een form\u0103 de labe de c\u00e2ine, realizat\u0103 prin imprimare 3D \u0219i complet personalizabil\u0103! Pute\u021bi ad\u0103uga numele animalului dvs. de companie sau al persoanei dorite, s\u0103 alege\u021bi culorile pe care le prefera\u021bi, s\u0103 personaliza\u021bi marginile \u0219i aspectul din fa\u021b\u0103 pentru a-l face unic. \u00cenchiderea include un mecanism de vitez\u0103, ceea ce \u00eel face nu numai sigur, ci \u0219i distractiv pentru copii. Cu o dimensiune practic\u0103 \u0219i un design decorativ, aceast\u0103 caset\u0103 de bani este un cadou ideal pentru iubitorii de animale.<\/p>\n<p><strong>Caracteristici recomandate:<\/strong><\/p>\n<ul>\n<li>\ud83d\udc3e <strong>Forma de amprent\u0103 personalizabil\u0103<\/strong>: Ad\u0103uga\u021bi numele animalului dvs. de companie \u0219i ajusta\u021bi culorile, marginile \u0219i detaliile dup\u0103 bunul plac.<\/li>\n<li>\ud83c\udfa8 <strong>Imprimare 3D detaliat\u0103<\/strong>: Fabricat cu tehnologie de \u00eenalt\u0103 precizie, garant\u00e2nd o pu\u0219culi\u021b\u0103 rezistent\u0103 cu finisaj excelent.<\/li>\n<li>\ud83d\udd10 <strong>\u00cenchidere cu ro\u021bi din\u021bate<\/strong>: Mecanismul s\u0103u de \u00eenchidere tip roat\u0103 este u\u0219or de utilizat \u0219i p\u0103streaz\u0103 pu\u0219culi\u021ba \u00een siguran\u021b\u0103, f\u0103c\u00e2ndu-l distractiv pentru cei mici.<\/li>\n<li>\ud83c\udf81 <strong>Un cadou unic pentru iubitorii de animale<\/strong>: Ideal pentru oricine iube\u0219te c\u00e2inii sau animalele de companie \u00een general.<\/li>\n<li>\ud83d\udccf <strong>Dimensiune compact\u0103 \u0219i func\u021bional\u0103<\/strong>: M\u0103sur\u00e2nd 16,7 cm l\u0103\u021bime, 16 cm \u00een\u0103l\u021bime \u0219i 3,5 cm grosime, este perfect de plasat oriunde.<\/li>\n<li>\ud83c\udf08 <strong>Op\u021biuni de personalizare<\/strong>: Alege\u021bi culorile \u0219i detaliile pe care le prefera\u021bi, asigur\u00e2ndu-v\u0103 c\u0103 fiecare pu\u0219culi\u021b\u0103 este la fel de unic\u0103 ca \u0219i animalul dvs. de companie.<\/li>\n<\/ul>","protected":false},"excerpt":{"rendered":"<p>Aceast\u0103 pu\u0219culi\u021b\u0103 \u00een form\u0103 de labe de c\u00e2ine, realizat\u0103 cu imprimare 3D, este complet personalizabil\u0103, permi\u021b\u00e2ndu-v\u0103 s\u0103 ad\u0103uga\u021bi numele animalului dvs. de companie \u0219i s\u0103 alege\u021bi culorile \u0219i marginile. Mecanismul s\u0103u de \u00eenchidere a angrenajului este sigur \u0219i distractiv pentru copii. Cu un design compact, dimensiunile sale sunt de 16,7 cm l\u0103\u021bime, 16 cm \u00een\u0103l\u021bime \u0219i 3,5 cm grosime. Ideal ca cadou pentru iubitorii de animale, este at\u00e2t decorativ, c\u00e2t \u0219i func\u021bional. \u00cen plus, ofer\u0103 op\u021biuni de personalizare pentru a face fiecare pu\u0219culi\u021b\u0103 unic\u0103.<\/p>","protected":false},"featured_media":8862,"template":"","meta":{"_seopress_robots_primary_cat":"88","_seopress_titles_title":"Hucha 3D Huella Personalizada: Ahorra con Estilo","_seopress_titles_desc":"Haz del ahorro un juego divertido con nuestra hucha impresa en 3D. Personal\u00edzala totalmente y sorprende a los amantes de los animales.","_seopress_robots_index":"","_seopress_analysis_target_kw":"hucha 3d,huella,personalizable","site-sidebar-layout":"default","site-content-layout":"","ast-site-content-layout":"default","site-content-style":"default","site-sidebar-style":"default","ast-global-header-display":"","ast-banner-title-visibility":"","ast-main-header-display":"","ast-hfb-above-header-display":"","ast-hfb-below-header-display":"","ast-hfb-mobile-header-display":"","site-post-title":"","ast-breadcrumbs-content":"","ast-featured-img":"","footer-sml-layout":"","ast-disable-related-posts":"","theme-transparent-header-meta":"","adv-header-id-meta":"","stick-header-meta":"","header-above-stick-meta":"","header-main-stick-meta":"","header-below-stick-meta":"","astra-migrate-meta-layouts":"default","ast-page-background-enabled":"default","ast-page-background-meta":{"desktop":{"background-color":"","background-image":"","background-repeat":"repeat","background-position":"center center","background-size":"auto","background-attachment":"scroll","background-type":"","background-media":"","overlay-type":"","overlay-color":"","overlay-opacity":"","overlay-gradient":""},"tablet":{"background-color":"","background-image":"","background-repeat":"repeat","background-position":"center center","background-size":"auto","background-attachment":"scroll","background-type":"","background-media":"","overlay-type":"","overlay-color":"","overlay-opacity":"","overlay-gradient":""},"mobile":{"background-color":"","background-image":"","background-repeat":"repeat","background-position":"center center","background-size":"auto","background-attachment":"scroll","background-type":"","background-media":"","overlay-type":"","overlay-color":"","overlay-opacity":"","overlay-gradient":""}},"ast-content-background-meta":{"desktop":{"background-color":"var(--ast-global-color-5)","background-image":"","background-repeat":"repeat","background-position":"center center","background-size":"auto","background-attachment":"scroll","background-type":"","background-media":"","overlay-type":"","overlay-color":"","overlay-opacity":"","overlay-gradient":""},"tablet":{"background-color":"var(--ast-global-color-5)","background-image":"","background-repeat":"repeat","background-position":"center center","background-size":"auto","background-attachment":"scroll","background-type":"","background-media":"","overlay-type":"","overlay-color":"","overlay-opacity":"","overlay-gradient":""},"mobile":{"background-color":"var(--ast-global-color-5)","background-image":"","background-repeat":"repeat","background-position":"center center","background-size":"auto","background-attachment":"scroll","background-type":"","background-media":"","overlay-type":"","overlay-color":"","overlay-opacity":"","overlay-gradient":""}}},"product_brand":[],"product_cat":[88,87,49],"product_tag":[],"class_list":{"0":"post-8839","1":"product","2":"type-product","3":"status-publish","4":"has-post-thumbnail","6":"product_cat-huchas","7":"product_cat-mascotas","8":"product_cat-regalos-originales","9":"desktop-align-center","10":"tablet-align-left","11":"mobile-align-center","12":"ast-product-gallery-layout-horizontal","13":"ast-magnify-disabled","14":"ast-product-tabs-layout-horizontal","15":"tm-has-options","17":"first","18":"instock","19":"taxable","20":"shipping-taxable","21":"purchasable","22":"product-type-simple"},"_links":{"self":[{"href":"https:\/\/kiemmi.com\/ro\/wp-json\/wp\/v2\/product\/8839","targetHints":{"allow":["GET"]}}],"collection":[{"href":"https:\/\/kiemmi.com\/ro\/wp-json\/wp\/v2\/product"}],"about":[{"href":"https:\/\/kiemmi.com\/ro\/wp-json\/wp\/v2\/types\/product"}],"version-history":[{"count":0,"href":"https:\/\/kiemmi.com\/ro\/wp-json\/wp\/v2\/product\/8839\/revisions"}],"wp:featuredmedia":[{"embeddable":true,"href":"https:\/\/kiemmi.com\/ro\/wp-json\/wp\/v2\/media\/8862"}],"wp:attachment":[{"href":"https:\/\/kiemmi.com\/ro\/wp-json\/wp\/v2\/media?parent=8839"}],"wp:term":[{"taxonomy":"product_brand","embeddable":true,"href":"https:\/\/kiemmi.com\/ro\/wp-json\/wp\/v2\/product_brand?post=8839"},{"taxonomy":"product_cat","embeddable":true,"href":"https:\/\/kiemmi.com\/ro\/wp-json\/wp\/v2\/product_cat?post=8839"},{"taxonomy":"product_tag","embeddable":true,"href":"https:\/\/kiemmi.com\/ro\/wp-json\/wp\/v2\/product_tag?post=8839"}],"curies":[{"name":"wp","href":"https:\/\/api.w.org\/{rel}","templated":true}]}}