{"id":8819,"date":"2024-10-01T14:28:40","date_gmt":"2024-10-01T14:28:40","guid":{"rendered":"https:\/\/kiemmi.com\/?post_type=product&#038;p=8819"},"modified":"2025-06-02T21:15:08","modified_gmt":"2025-06-02T21:15:08","slug":"pusculita-3d-in-forma-de-os-de-caine-pusculita-personalizabila","status":"publish","type":"product","link":"https:\/\/kiemmi.com\/ro\/shop\/mascotas\/hucha-en-forma-de-hueso-3d-de-perro-hucha-personalizable\/","title":{"rendered":"Pu\u0219culi\u021b\u0103 3D \u00een form\u0103 de os de c\u00e2ine \u2013 Pu\u0219culi\u021b\u0103 personalizabil\u0103"},"content":{"rendered":"<p>Surprinde iubitorii de c\u00e2ini cu aceast\u0103 pu\u0219culi\u021b\u0103 distractiv\u0103 \u00een form\u0103 de os, realizat\u0103 cu imprimare 3D \u0219i complet personalizabil\u0103. Ad\u0103uga\u021bi o not\u0103 unic\u0103 cu numele animalului dvs. de companie, alege\u021bi culorile preferate \u0219i personaliza\u021bi aspectul frontal \u0219i marginile! In plus, mecanismul sau original de inchidere a angrenajului garanteaza ore in sir de distractie pentru cei mici. Cu o dimensiune ideal\u0103 pentru orice raft sau birou, aceast\u0103 pu\u0219culi\u021b\u0103 este un cadou practic \u0219i original care \u00eembin\u0103 creativitatea \u0219i func\u021bionalitatea.<\/p>\n<p><strong>Caracteristici recomandate:<\/strong><\/p>\n<ul>\n<li>\ud83d\udc3e <strong>Aspect personalizabil<\/strong>: Ad\u0103uga\u021bi numele dorit \u0219i alege\u021bi culorile \u0219i chenarele care reprezint\u0103 cel mai bine c\u00e2inele dvs.<\/li>\n<li>\ud83c\udfa8 <strong>Imprimare 3D de \u00eenalt\u0103 calitate<\/strong>: Fabricat cu precizie \u0219i aten\u021bie la detalii pentru o experien\u021b\u0103 durabil\u0103 \u0219i realist\u0103.<\/li>\n<li>\ud83d\udd10 <strong>Mecanism distractiv de \u00eenchidere<\/strong>: Sistemul s\u0103u de viteze este u\u0219or de utilizat \u0219i distractiv pentru copii, ace\u0219tia vor \u00eenv\u0103\u021ba s\u0103 economiseasc\u0103 \u00eentr-un mod distractiv!<\/li>\n<li>\ud83c\udf81 <strong>Cadoul perfect pentru iubitorii de c\u00e2ini<\/strong>: Un detaliu unic pentru orice ocazie special\u0103.<\/li>\n<li>\ud83d\udccf <strong>Dimensiuni ideale<\/strong>: La 17,4 cm latime, 9,4 cm inaltime si 3,5 cm grosime, este compact si decorativ.<\/li>\n<li>\ud83c\udf08 <strong>Op\u021biuni de personalizare nelimitate<\/strong>: Culori \u0219i detalii reglabile pentru a face fiecare pu\u0219culi\u021b\u0103 complet unic\u0103.<\/li>\n<\/ul>","protected":false},"excerpt":{"rendered":"<p>Aceast\u0103 pu\u0219culi\u021b\u0103 \u00een form\u0103 de os de c\u00e2ine, realizat\u0103 cu imprimare 3D, este complet personalizabil\u0103, permi\u021b\u00e2ndu-v\u0103 s\u0103 ad\u0103uga\u021bi nume, culori \u0219i detalii unice. Mecanismul s\u0103u de \u00eenchidere cu angrenaje este distractiv \u0219i u\u0219or de utilizat, ideal pentru copii. Este cadoul perfect pentru iubitorii de c\u00e2ini, combin\u00e2nd creativitatea \u0219i func\u021bionalitatea. Cu dimensiunile de 17,4 cm latime, 9,4 cm inaltime si 3,5 cm grosime, este compact si decorativ. Personalizeaza-l dupa bunul plac si surprinde cu un detaliu unic si original.<\/p>","protected":false},"featured_media":8824,"template":"","meta":{"_seopress_robots_primary_cat":"87","_seopress_titles_title":"Hucha 3D personalizable en forma de hueso \u00fanica y divertida","_seopress_titles_desc":"Hucha en forma de hueso con mecanismo de cierre de engranajes. Personal\u00edzala con el nombre de tu perro y elige tus colores favoritos. \u00a1Compra ya!","_seopress_robots_index":"","_seopress_analysis_target_kw":"","site-sidebar-layout":"default","site-content-layout":"","ast-site-content-layout":"default","site-content-style":"default","site-sidebar-style":"default","ast-global-header-display":"","ast-banner-title-visibility":"","ast-main-header-display":"","ast-hfb-above-header-display":"","ast-hfb-below-header-display":"","ast-hfb-mobile-header-display":"","site-post-title":"","ast-breadcrumbs-content":"","ast-featured-img":"","footer-sml-layout":"","ast-disable-related-posts":"","theme-transparent-header-meta":"","adv-header-id-meta":"","stick-header-meta":"","header-above-stick-meta":"","header-main-stick-meta":"","header-below-stick-meta":"","astra-migrate-meta-layouts":"default","ast-page-background-enabled":"default","ast-page-background-meta":{"desktop":{"background-color":"","background-image":"","background-repeat":"repeat","background-position":"center center","background-size":"auto","background-attachment":"scroll","background-type":"","background-media":"","overlay-type":"","overlay-color":"","overlay-opacity":"","overlay-gradient":""},"tablet":{"background-color":"","background-image":"","background-repeat":"repeat","background-position":"center center","background-size":"auto","background-attachment":"scroll","background-type":"","background-media":"","overlay-type":"","overlay-color":"","overlay-opacity":"","overlay-gradient":""},"mobile":{"background-color":"","background-image":"","background-repeat":"repeat","background-position":"center center","background-size":"auto","background-attachment":"scroll","background-type":"","background-media":"","overlay-type":"","overlay-color":"","overlay-opacity":"","overlay-gradient":""}},"ast-content-background-meta":{"desktop":{"background-color":"var(--ast-global-color-5)","background-image":"","background-repeat":"repeat","background-position":"center center","background-size":"auto","background-attachment":"scroll","background-type":"","background-media":"","overlay-type":"","overlay-color":"","overlay-opacity":"","overlay-gradient":""},"tablet":{"background-color":"var(--ast-global-color-5)","background-image":"","background-repeat":"repeat","background-position":"center center","background-size":"auto","background-attachment":"scroll","background-type":"","background-media":"","overlay-type":"","overlay-color":"","overlay-opacity":"","overlay-gradient":""},"mobile":{"background-color":"var(--ast-global-color-5)","background-image":"","background-repeat":"repeat","background-position":"center center","background-size":"auto","background-attachment":"scroll","background-type":"","background-media":"","overlay-type":"","overlay-color":"","overlay-opacity":"","overlay-gradient":""}}},"product_brand":[],"product_cat":[88,87,49],"product_tag":[],"class_list":{"0":"post-8819","1":"product","2":"type-product","3":"status-publish","4":"has-post-thumbnail","6":"product_cat-huchas","7":"product_cat-mascotas","8":"product_cat-regalos-originales","9":"desktop-align-center","10":"tablet-align-left","11":"mobile-align-center","12":"ast-product-gallery-layout-horizontal","13":"ast-magnify-disabled","14":"ast-product-tabs-layout-horizontal","15":"tm-has-options","17":"first","18":"instock","19":"taxable","20":"shipping-taxable","21":"purchasable","22":"product-type-simple"},"_links":{"self":[{"href":"https:\/\/kiemmi.com\/ro\/wp-json\/wp\/v2\/product\/8819","targetHints":{"allow":["GET"]}}],"collection":[{"href":"https:\/\/kiemmi.com\/ro\/wp-json\/wp\/v2\/product"}],"about":[{"href":"https:\/\/kiemmi.com\/ro\/wp-json\/wp\/v2\/types\/product"}],"version-history":[{"count":0,"href":"https:\/\/kiemmi.com\/ro\/wp-json\/wp\/v2\/product\/8819\/revisions"}],"wp:featuredmedia":[{"embeddable":true,"href":"https:\/\/kiemmi.com\/ro\/wp-json\/wp\/v2\/media\/8824"}],"wp:attachment":[{"href":"https:\/\/kiemmi.com\/ro\/wp-json\/wp\/v2\/media?parent=8819"}],"wp:term":[{"taxonomy":"product_brand","embeddable":true,"href":"https:\/\/kiemmi.com\/ro\/wp-json\/wp\/v2\/product_brand?post=8819"},{"taxonomy":"product_cat","embeddable":true,"href":"https:\/\/kiemmi.com\/ro\/wp-json\/wp\/v2\/product_cat?post=8819"},{"taxonomy":"product_tag","embeddable":true,"href":"https:\/\/kiemmi.com\/ro\/wp-json\/wp\/v2\/product_tag?post=8819"}],"curies":[{"name":"wp","href":"https:\/\/api.w.org\/{rel}","templated":true}]}}