{"id":8696,"date":"2024-08-27T10:35:00","date_gmt":"2024-08-27T10:35:00","guid":{"rendered":"https:\/\/kiemmi.com\/?post_type=product&#038;p=8696"},"modified":"2025-05-30T05:34:19","modified_gmt":"2025-05-30T05:34:19","slug":"nume-3d-personalizat-cu-stilul-mario-bros","status":"publish","type":"product","link":"https:\/\/kiemmi.com\/ro\/shop\/decoracion-del-hogar\/habitacion-de-bebe\/nombre-3d-personalizado-con-estilo-mario-bros\/","title":{"rendered":"Nume 3D personalizat \u00een stil Mario Bros"},"content":{"rendered":"<p>Ofer\u0103 o not\u0103 unic\u0103 \u0219i nostalgic\u0103 spa\u021biului t\u0103u cu acest semn personalizat 3D \u00een stil Mario Bros! Proiectat cu cea mai recent\u0103 tehnologie de imprimare 3D, acest semn ofer\u0103 nu numai calitate superioar\u0103, ci \u0219i personalizare complet\u0103, astfel \u00eenc\u00e2t s\u0103 pute\u021bi alege culorile fiec\u0103rei litere dup\u0103 gusturile dvs.<\/p>\n<p>Ideal ca element decorativ pentru camerele copiilor sau ca un cadou perfect pentru mesele de jocuri. Semnul 3D este conceput pentru a sta vertical pe orice suprafa\u021b\u0103 plan\u0103, combin\u00e2nd o not\u0103 retro \u0219i modern\u0103 care se potrive\u0219te \u00een orice mediu.<\/p>\n<p><strong>Caracteristici:<\/strong><\/p>\n<ul>\n<li>\ud83c\udfa8 <strong>Personalizat<\/strong>: Alege\u021bi culorile fiec\u0103rei litere \u00een func\u021bie de stilul dvs.<\/li>\n<li>\ud83c\udfae <strong>stilul Mario Bros<\/strong>: Un design inspirat din lumea clasic\u0103 a jocurilor video.<\/li>\n<li>\ud83d\udda8\ufe0f <strong>Imprimare 3D de \u00eenalt\u0103 calitate<\/strong>: Fabricat cu imprimante 3D de ultim\u0103 genera\u021bie, asigur\u00e2nd detalii precise \u0219i durabilitate.<\/li>\n<li>\ud83d\udce6 <strong>U\u0219or de plasat<\/strong>: Semnul r\u0103m\u00e2ne ferm pe suprafe\u021be plane, perfect pentru decorarea oric\u0103rui col\u021b al casei sau biroului t\u0103u.<\/li>\n<li>\ud83d\udccf <strong>Dimensiuni<\/strong>: Grosime de 19 mm, cu dimensiuni personalizabile pentru a se potrivi nevoilor dumneavoastr\u0103.<\/li>\n<\/ul>\n<p>Face\u021bi-v\u0103 numele s\u0103 prind\u0103 via\u021b\u0103 cu acest semn unic 3D. Personalizeaz\u0103-l ast\u0103zi \u0219i adaug\u0103 o not\u0103 de originalitate decorului t\u0103u.<\/p>","protected":false},"excerpt":{"rendered":"<p>Acest semn personalizat 3D cu stil Mario Bros este ideal pentru decorarea camerelor copiilor sau a meselor de jocuri. Fabricat cu imprimante 3D de ultim\u0103 genera\u021bie, ofer\u0103 calitate \u0219i precizie \u00eenalt\u0103. Pute\u021bi personaliza culorile fiec\u0103rei litere dup\u0103 bunul plac, f\u0103c\u00e2ndu-l un produs unic. Cu o grosime de 19 mm, este proiectat s\u0103 stea ferm pe orice suprafa\u021b\u0103 plan\u0103. Este o optiune originala pentru a da o nota retro si moderna oricarui spatiu.<\/p>","protected":false},"featured_media":8707,"template":"","meta":{"_seopress_robots_primary_cat":"none","_seopress_titles_title":"","_seopress_titles_desc":"","_seopress_robots_index":"","_seopress_analysis_target_kw":"","site-sidebar-layout":"default","site-content-layout":"","ast-site-content-layout":"default","site-content-style":"default","site-sidebar-style":"default","ast-global-header-display":"","ast-banner-title-visibility":"","ast-main-header-display":"","ast-hfb-above-header-display":"","ast-hfb-below-header-display":"","ast-hfb-mobile-header-display":"","site-post-title":"","ast-breadcrumbs-content":"","ast-featured-img":"","footer-sml-layout":"","ast-disable-related-posts":"","theme-transparent-header-meta":"default","adv-header-id-meta":"","stick-header-meta":"default","header-above-stick-meta":"","header-main-stick-meta":"","header-below-stick-meta":"","astra-migrate-meta-layouts":"set","ast-page-background-enabled":"default","ast-page-background-meta":{"desktop":{"background-color":"","background-image":"","background-repeat":"repeat","background-position":"center center","background-size":"auto","background-attachment":"scroll","background-type":"","background-media":"","overlay-type":"","overlay-color":"","overlay-opacity":"","overlay-gradient":""},"tablet":{"background-color":"","background-image":"","background-repeat":"repeat","background-position":"center center","background-size":"auto","background-attachment":"scroll","background-type":"","background-media":"","overlay-type":"","overlay-color":"","overlay-opacity":"","overlay-gradient":""},"mobile":{"background-color":"","background-image":"","background-repeat":"repeat","background-position":"center center","background-size":"auto","background-attachment":"scroll","background-type":"","background-media":"","overlay-type":"","overlay-color":"","overlay-opacity":"","overlay-gradient":""}},"ast-content-background-meta":{"desktop":{"background-color":"var(--ast-global-color-5)","background-image":"","background-repeat":"repeat","background-position":"center center","background-size":"auto","background-attachment":"scroll","background-type":"","background-media":"","overlay-type":"","overlay-color":"","overlay-opacity":"","overlay-gradient":""},"tablet":{"background-color":"var(--ast-global-color-5)","background-image":"","background-repeat":"repeat","background-position":"center center","background-size":"auto","background-attachment":"scroll","background-type":"","background-media":"","overlay-type":"","overlay-color":"","overlay-opacity":"","overlay-gradient":""},"mobile":{"background-color":"var(--ast-global-color-5)","background-image":"","background-repeat":"repeat","background-position":"center center","background-size":"auto","background-attachment":"scroll","background-type":"","background-media":"","overlay-type":"","overlay-color":"","overlay-opacity":"","overlay-gradient":""}}},"product_brand":[],"product_cat":[51,52,49],"product_tag":[],"class_list":{"0":"post-8696","1":"product","2":"type-product","3":"status-publish","4":"has-post-thumbnail","6":"product_cat-decoracion-del-hogar","7":"product_cat-habitacion-de-bebe","8":"product_cat-regalos-originales","9":"desktop-align-center","10":"tablet-align-left","11":"mobile-align-center","12":"ast-product-gallery-layout-horizontal","13":"ast-magnify-disabled","14":"ast-product-tabs-layout-horizontal","15":"tm-has-options","17":"first","18":"instock","19":"taxable","20":"shipping-taxable","21":"purchasable","22":"product-type-simple"},"_links":{"self":[{"href":"https:\/\/kiemmi.com\/ro\/wp-json\/wp\/v2\/product\/8696","targetHints":{"allow":["GET"]}}],"collection":[{"href":"https:\/\/kiemmi.com\/ro\/wp-json\/wp\/v2\/product"}],"about":[{"href":"https:\/\/kiemmi.com\/ro\/wp-json\/wp\/v2\/types\/product"}],"version-history":[{"count":0,"href":"https:\/\/kiemmi.com\/ro\/wp-json\/wp\/v2\/product\/8696\/revisions"}],"wp:featuredmedia":[{"embeddable":true,"href":"https:\/\/kiemmi.com\/ro\/wp-json\/wp\/v2\/media\/8707"}],"wp:attachment":[{"href":"https:\/\/kiemmi.com\/ro\/wp-json\/wp\/v2\/media?parent=8696"}],"wp:term":[{"taxonomy":"product_brand","embeddable":true,"href":"https:\/\/kiemmi.com\/ro\/wp-json\/wp\/v2\/product_brand?post=8696"},{"taxonomy":"product_cat","embeddable":true,"href":"https:\/\/kiemmi.com\/ro\/wp-json\/wp\/v2\/product_cat?post=8696"},{"taxonomy":"product_tag","embeddable":true,"href":"https:\/\/kiemmi.com\/ro\/wp-json\/wp\/v2\/product_tag?post=8696"}],"curies":[{"name":"wp","href":"https:\/\/api.w.org\/{rel}","templated":true}]}}