{"id":8682,"date":"2024-08-23T09:52:44","date_gmt":"2024-08-23T09:52:44","guid":{"rendered":"https:\/\/kiemmi.com\/?post_type=product&#038;p=8682"},"modified":"2025-09-25T19:46:31","modified_gmt":"2025-09-25T19:46:31","slug":"scrisoare-personalizata-3d-color-cu-nume","status":"publish","type":"product","link":"https:\/\/kiemmi.com\/ro\/shop\/letras-3d-personalizadas\/letra-3d-de-color-personalizada-con-nombre\/","title":{"rendered":"Liter\u0103 3D color personalizat\u0103 cu nume"},"content":{"rendered":"<p>\u021ai-ar pl\u0103cea s\u0103-\u021bi transformi spa\u021biile \u00een col\u021buri pline de vise \u0219i imagina\u021bie? Scrisorile noastre decorative personalizate sunt op\u021biunea perfect\u0103 pentru a realiza acest lucru.<\/p>\n<p>Versatilitatea lor le permite s\u0103 fie integrate \u00een diverse medii, de la u\u0219a camerei copiilor p\u00e2n\u0103 la rafturi, rafturi sau ca detalii decorative pe pere\u021bi.<\/p>\n<p>Fiecare liter\u0103 este complet personalizabil\u0103, put\u00e2nd alege numele, dimensiunile \u0219i culoarea care v\u0103 plac cel mai mult.<\/p>\n<p>Avem o mare varietate de culori din care sa alegem!<\/p>\n<p>Sunt cadoul ideal pentru nou-n\u0103scu\u021bi, bebelu\u0219i \u0219i copii de toate v\u00e2rstele.<\/p>\n<p>De fiecare dat\u0103 c\u00e2nd le vei privi, \u00ee\u021bi vor aminti nu doar de frumuse\u021bea lor, ci \u0219i de dragostea \u0219i d\u0103ruirea cu care au fost crea\u021bi. Personaliza\u021bi spa\u021biul copilului dvs. cu aceast\u0103 ini\u021bial\u0103 original\u0103 cu nume. Transform\u0103-\u021bi camera \u00eentr-un loc unic \u0219i vesel cu acest produs fermec\u0103tor!<\/p>\n<ul>\n<li>\ud83c\udfa8 CREA\u021aI-v\u0103 DESIGNUL PERSONALIZAT! Alege\u021bi dintr-o gam\u0103 larg\u0103 de culori pentru a se potrivi dup\u0103 bunul plac. Avem 5 dimensiuni diferite: 7 cm, 9 cm, 12 cm, 15 cm si 18 cm in inaltime, adaptabile oricarui spatiu din casa ta.<\/li>\n<li>\ud83d\udccf GROSI \u0218I ROBUSTE: Cu o grosime de 1,6 cm, literele noastre personalizate sunt perfecte pentru a fi a\u0219ezate pe rafturi, mese sau rafturi. De asemenea, le pute\u021bi ag\u0103\u021ba cu u\u0219urin\u021b\u0103 pe perete, pe u\u0219a dormitorului sau pe p\u0103tu\u021b.<\/li>\n<li>\ud83c\udf89 SURPRIZ\u0102 CU CADOURI ORIGINALE: Ideale pentru evenimente speciale precum baby showers, nun\u021bi, etc... Sunt un detaliu unic pentru a decora Sweet Table sau Candy Bar \u0219i pentru a-i face pe cei dragi s\u0103 se simt\u0103 speciali.<\/li>\n<li>\ud83c\udfe0 DECORA\u021aIE VERSATIL\u0102: Literele noastre se potrivesc perfect \u00een orice mediu de acas\u0103, de la camerele \u0219i dormitoarele copiilor p\u00e2n\u0103 la sufragerie \u0219i holuri. Ad\u0103uga\u021bi o not\u0103 personal\u0103 \u0219i unic\u0103 fiec\u0103rui spa\u021biu.<\/li>\n<li>\ud83c\udf0d MATERIAL DURABIL \u0218I PRODUC\u021aIE LOCAL\u0102: Fabricat din PLA, un material ecologic derivat din resurse naturale precum porumbul. Prietenos cu mediul. Toate produsele noastre sunt fabricate \u00een Spania folosind imprimare 3D, t\u0103iere cu laser \u0219i gravare, asigur\u00e2nd un finisaj impecabil.<\/li>\n<\/ul>","protected":false},"excerpt":{"rendered":"<p>\u021ai-ar pl\u0103cea s\u0103-\u021bi transformi spa\u021biile \u00een col\u021buri pline de vise \u0219i imagina\u021bie? Scrisorile noastre decorative personalizate sunt op\u021biunea perfect\u0103 pentru a realiza acest lucru. Versatilitatea lor le permite s\u0103 fie integrate \u00een diverse medii, de la u\u0219a camerei copiilor p\u00e2n\u0103 la rafturi, rafturi sau ca detalii decorative pe pere\u021bi. Fiecare liter\u0103 este complet personalizabil\u0103, put\u00e2nd alege numele, dimensiunile \u0219i culoarea care v\u0103 plac cel mai mult.<\/p>","protected":false},"featured_media":8683,"template":"","meta":{"_seopress_robots_primary_cat":"104","_seopress_titles_title":"","_seopress_titles_desc":"Transforma tus espacios con letras 3D personalizadas en varios colores y tama\u00f1os. Decora con estilo y sostenibilidad. Ideal para regalos \u00fanicos.","_seopress_robots_index":"","_seopress_analysis_target_kw":"letra,3d,personalizada","site-sidebar-layout":"default","site-content-layout":"","ast-site-content-layout":"default","site-content-style":"default","site-sidebar-style":"default","ast-global-header-display":"","ast-banner-title-visibility":"","ast-main-header-display":"","ast-hfb-above-header-display":"","ast-hfb-below-header-display":"","ast-hfb-mobile-header-display":"","site-post-title":"","ast-breadcrumbs-content":"","ast-featured-img":"","footer-sml-layout":"","ast-disable-related-posts":"","theme-transparent-header-meta":"default","adv-header-id-meta":"","stick-header-meta":"default","header-above-stick-meta":"","header-main-stick-meta":"","header-below-stick-meta":"","astra-migrate-meta-layouts":"set","ast-page-background-enabled":"default","ast-page-background-meta":{"desktop":{"background-color":"","background-image":"","background-repeat":"repeat","background-position":"center center","background-size":"auto","background-attachment":"scroll","background-type":"","background-media":"","overlay-type":"","overlay-color":"","overlay-opacity":"","overlay-gradient":""},"tablet":{"background-color":"","background-image":"","background-repeat":"repeat","background-position":"center center","background-size":"auto","background-attachment":"scroll","background-type":"","background-media":"","overlay-type":"","overlay-color":"","overlay-opacity":"","overlay-gradient":""},"mobile":{"background-color":"","background-image":"","background-repeat":"repeat","background-position":"center center","background-size":"auto","background-attachment":"scroll","background-type":"","background-media":"","overlay-type":"","overlay-color":"","overlay-opacity":"","overlay-gradient":""}},"ast-content-background-meta":{"desktop":{"background-color":"var(--ast-global-color-5)","background-image":"","background-repeat":"repeat","background-position":"center center","background-size":"auto","background-attachment":"scroll","background-type":"","background-media":"","overlay-type":"","overlay-color":"","overlay-opacity":"","overlay-gradient":""},"tablet":{"background-color":"var(--ast-global-color-5)","background-image":"","background-repeat":"repeat","background-position":"center center","background-size":"auto","background-attachment":"scroll","background-type":"","background-media":"","overlay-type":"","overlay-color":"","overlay-opacity":"","overlay-gradient":""},"mobile":{"background-color":"var(--ast-global-color-5)","background-image":"","background-repeat":"repeat","background-position":"center center","background-size":"auto","background-attachment":"scroll","background-type":"","background-media":"","overlay-type":"","overlay-color":"","overlay-opacity":"","overlay-gradient":""}}},"product_brand":[103],"product_cat":[51,45,52,104,49],"product_tag":[],"class_list":{"0":"post-8682","1":"product","2":"type-product","3":"status-publish","4":"has-post-thumbnail","6":"product_brand-kiemmi-creations","7":"product_cat-decoracion-del-hogar","8":"product_cat-detalles-para-bodas-y-eventos","9":"product_cat-habitacion-de-bebe","10":"product_cat-letras-3d-personalizadas","11":"product_cat-regalos-originales","12":"desktop-align-center","13":"tablet-align-left","14":"mobile-align-center","15":"ast-product-gallery-layout-horizontal","16":"ast-magnify-disabled","17":"ast-product-tabs-layout-horizontal","18":"tm-has-options","20":"first","21":"instock","22":"taxable","23":"shipping-taxable","24":"purchasable","25":"product-type-simple"},"_links":{"self":[{"href":"https:\/\/kiemmi.com\/ro\/wp-json\/wp\/v2\/product\/8682","targetHints":{"allow":["GET"]}}],"collection":[{"href":"https:\/\/kiemmi.com\/ro\/wp-json\/wp\/v2\/product"}],"about":[{"href":"https:\/\/kiemmi.com\/ro\/wp-json\/wp\/v2\/types\/product"}],"version-history":[{"count":0,"href":"https:\/\/kiemmi.com\/ro\/wp-json\/wp\/v2\/product\/8682\/revisions"}],"wp:featuredmedia":[{"embeddable":true,"href":"https:\/\/kiemmi.com\/ro\/wp-json\/wp\/v2\/media\/8683"}],"wp:attachment":[{"href":"https:\/\/kiemmi.com\/ro\/wp-json\/wp\/v2\/media?parent=8682"}],"wp:term":[{"taxonomy":"product_brand","embeddable":true,"href":"https:\/\/kiemmi.com\/ro\/wp-json\/wp\/v2\/product_brand?post=8682"},{"taxonomy":"product_cat","embeddable":true,"href":"https:\/\/kiemmi.com\/ro\/wp-json\/wp\/v2\/product_cat?post=8682"},{"taxonomy":"product_tag","embeddable":true,"href":"https:\/\/kiemmi.com\/ro\/wp-json\/wp\/v2\/product_tag?post=8682"}],"curies":[{"name":"wp","href":"https:\/\/api.w.org\/{rel}","templated":true}]}}