{"id":7788,"date":"2024-03-18T14:38:11","date_gmt":"2024-03-18T14:38:11","guid":{"rendered":"https:\/\/kiemmi.com\/?post_type=product&#038;p=7788"},"modified":"2025-12-09T11:26:37","modified_gmt":"2025-12-09T11:26:37","slug":"rochie-din-lemn-pentru-atarna-fotografii-luna-ziua-de-nastere","status":"publish","type":"product","link":"https:\/\/kiemmi.com\/ro\/shop\/natalicios\/vestido-de-madera-para-colgar-fotos-cumple-mes\/","title":{"rendered":"Rochie din lemn pentru a ag\u0103\u021ba fotografii pentru luna aniversar\u0103"},"content":{"rendered":"<p>Surprinde\u021bi fiecare moment al primului an al bebelu\u0219ului dvs. cu rochia noastr\u0103 fermec\u0103toare personalizat\u0103 din lemn pentru ag\u0103\u021bat foto!<\/p>\n<p>Rochia noastr\u0103 de ziua de na\u0219tere din lemn este piesa perfect\u0103 pentru a crea amintiri de neuitat. Realizat\u0103 din lemn de \u00eenalt\u0103 calitate, aceast\u0103 rochie este at\u00e2t durabil\u0103, c\u00e2t \u0219i fermec\u0103toare. \u00cel po\u021bi personaliza cu u\u0219urin\u021b\u0103 ad\u0103ug\u00e2nd numele bebelu\u0219ului t\u0103u, f\u0103c\u00e2ndu-l o comoar\u0103 unic\u0103 \u0219i special\u0103.<\/p>\n<p>Cu spa\u021biu pentru a ag\u0103\u021ba fotografii din fiecare lun\u0103 din primul an al bebelu\u0219ului t\u0103u, aceast\u0103 rochie nu este doar un decor frumos pentru gr\u0103dini\u021b\u0103, ci \u0219i o modalitate minunat\u0103 de a urm\u0103ri cre\u0219terea \u0219i dezvoltarea micu\u021bului t\u0103u. Fiecare fotografie surprinde un moment pre\u021bios pe care \u00eel ve\u021bi pre\u021bui pentru totdeauna.<\/p>\n<p>Retr\u0103ie\u0219te acele momente \u0219i s\u0103rb\u0103tore\u0219te primul an de via\u021b\u0103 al bebelu\u0219ului t\u0103u cu rochia noastr\u0103 de zi de na\u0219tere din lemn. Face\u021bi fiecare lun\u0103 special\u0103 \u0219i memorabil\u0103!<\/p>\n<p><em><strong>Dimensiuni:<\/strong><\/em><\/p>\n<ul>\n<li>Latime: 28 cm<\/li>\n<li>Inaltime 49,5 cm<\/li>\n<\/ul>","protected":false},"excerpt":{"rendered":"<p>Surprinde\u021bi momentele speciale ale primului an al bebelu\u0219ului dvs. cu rochia noastr\u0103 de lemn pentru ag\u0103\u021bat foto pentru luna. Personalizeaz\u0103-l cu numele bebelu\u0219ului t\u0103u pentru a-l face \u0219i mai special. Fabricat din lemn de \u00eenalt\u0103 calitate, este durabil \u0219i fermec\u0103tor. Ideal pentru decorarea camerelor copiilor si amintirea cresterii bebelusului tau. Retr\u0103ie\u0219te fiecare lun\u0103 cu fotografii pe care le vei pre\u021bui pentru totdeauna.<\/p>","protected":false},"featured_media":7791,"template":"","meta":{"_seopress_robots_primary_cat":"81","_seopress_titles_title":"","_seopress_titles_desc":"","_seopress_robots_index":"","_seopress_analysis_target_kw":"","site-sidebar-layout":"default","site-content-layout":"","ast-site-content-layout":"default","site-content-style":"default","site-sidebar-style":"default","ast-global-header-display":"","ast-banner-title-visibility":"","ast-main-header-display":"","ast-hfb-above-header-display":"","ast-hfb-below-header-display":"","ast-hfb-mobile-header-display":"","site-post-title":"","ast-breadcrumbs-content":"","ast-featured-img":"","footer-sml-layout":"","ast-disable-related-posts":"","theme-transparent-header-meta":"default","adv-header-id-meta":"","stick-header-meta":"default","header-above-stick-meta":"","header-main-stick-meta":"","header-below-stick-meta":"","astra-migrate-meta-layouts":"set","ast-page-background-enabled":"default","ast-page-background-meta":{"desktop":{"background-color":"","background-image":"","background-repeat":"repeat","background-position":"center center","background-size":"auto","background-attachment":"scroll","background-type":"","background-media":"","overlay-type":"","overlay-color":"","overlay-opacity":"","overlay-gradient":""},"tablet":{"background-color":"","background-image":"","background-repeat":"repeat","background-position":"center center","background-size":"auto","background-attachment":"scroll","background-type":"","background-media":"","overlay-type":"","overlay-color":"","overlay-opacity":"","overlay-gradient":""},"mobile":{"background-color":"","background-image":"","background-repeat":"repeat","background-position":"center center","background-size":"auto","background-attachment":"scroll","background-type":"","background-media":"","overlay-type":"","overlay-color":"","overlay-opacity":"","overlay-gradient":""}},"ast-content-background-meta":{"desktop":{"background-color":"var(--ast-global-color-5)","background-image":"","background-repeat":"repeat","background-position":"center center","background-size":"auto","background-attachment":"scroll","background-type":"","background-media":"","overlay-type":"","overlay-color":"","overlay-opacity":"","overlay-gradient":""},"tablet":{"background-color":"var(--ast-global-color-5)","background-image":"","background-repeat":"repeat","background-position":"center center","background-size":"auto","background-attachment":"scroll","background-type":"","background-media":"","overlay-type":"","overlay-color":"","overlay-opacity":"","overlay-gradient":""},"mobile":{"background-color":"var(--ast-global-color-5)","background-image":"","background-repeat":"repeat","background-position":"center center","background-size":"auto","background-attachment":"scroll","background-type":"","background-media":"","overlay-type":"","overlay-color":"","overlay-opacity":"","overlay-gradient":""}}},"product_brand":[],"product_cat":[52,81,49],"product_tag":[],"class_list":{"0":"post-7788","1":"product","2":"type-product","3":"status-publish","4":"has-post-thumbnail","6":"product_cat-habitacion-de-bebe","7":"product_cat-natalicios","8":"product_cat-regalos-originales","9":"desktop-align-center","10":"tablet-align-left","11":"mobile-align-center","12":"ast-product-gallery-layout-horizontal","13":"ast-product-gallery-with-no-image","14":"ast-magnify-disabled","15":"ast-product-tabs-layout-horizontal","16":"tm-has-options","18":"first","19":"instock","20":"taxable","21":"shipping-taxable","22":"purchasable","23":"product-type-simple"},"_links":{"self":[{"href":"https:\/\/kiemmi.com\/ro\/wp-json\/wp\/v2\/product\/7788","targetHints":{"allow":["GET"]}}],"collection":[{"href":"https:\/\/kiemmi.com\/ro\/wp-json\/wp\/v2\/product"}],"about":[{"href":"https:\/\/kiemmi.com\/ro\/wp-json\/wp\/v2\/types\/product"}],"version-history":[{"count":0,"href":"https:\/\/kiemmi.com\/ro\/wp-json\/wp\/v2\/product\/7788\/revisions"}],"wp:featuredmedia":[{"embeddable":true,"href":"https:\/\/kiemmi.com\/ro\/wp-json\/wp\/v2\/media\/7791"}],"wp:attachment":[{"href":"https:\/\/kiemmi.com\/ro\/wp-json\/wp\/v2\/media?parent=7788"}],"wp:term":[{"taxonomy":"product_brand","embeddable":true,"href":"https:\/\/kiemmi.com\/ro\/wp-json\/wp\/v2\/product_brand?post=7788"},{"taxonomy":"product_cat","embeddable":true,"href":"https:\/\/kiemmi.com\/ro\/wp-json\/wp\/v2\/product_cat?post=7788"},{"taxonomy":"product_tag","embeddable":true,"href":"https:\/\/kiemmi.com\/ro\/wp-json\/wp\/v2\/product_tag?post=7788"}],"curies":[{"name":"wp","href":"https:\/\/api.w.org\/{rel}","templated":true}]}}