{"id":7763,"date":"2024-03-03T21:52:40","date_gmt":"2024-03-03T21:52:40","guid":{"rendered":"https:\/\/kiemmi.com\/?post_type=product&#038;p=7763"},"modified":"2024-07-28T13:37:23","modified_gmt":"2024-07-28T13:37:23","slug":"lampa-led-nastere-metacrilat-multicolora","status":"publish","type":"product","link":"https:\/\/kiemmi.com\/ro\/shop\/lamparas\/lampara-led-multicolor-metacrilato-de-nacimiento\/","title":{"rendered":"Lamp\u0103 Multicolor\u0103 Led Na\u0219tere Metacrilat"},"content":{"rendered":"<p>Descopera lampa LED multicolora din metacrilat perfecta pentru momente speciale precum nasterea bebelusului tau! Special conceput\u0103 ca lamp\u0103 de noptier\u0103 pentru copii, aceast\u0103 lamp\u0103 ofer\u0103 o experien\u021b\u0103 personalizat\u0103 \u0219i fermec\u0103toare.<\/p>\n<p>Cu capacitatea de a personaliza numele copilului \u0219i de a ad\u0103uga detalii despre na\u0219tere precum data, ora, greutatea \u0219i \u00een\u0103l\u021bimea, aceast\u0103 lamp\u0103 devine un suvenir de neuitat. Telecomanda inclus\u0103 v\u0103 permite s\u0103 controla\u021bi cu u\u0219urin\u021b\u0103 anima\u021biile de culoare moale \u0219i fluide care sunt proiectate prin LED-urile sale de \u00eenalt\u0103 rezolu\u021bie.<\/p>\n<p>Lasa-te captivat de animatia curcubeu, care creeaza un mediu linistitor si relaxant perfect pentru bebelusul tau. \u00cen plus, aceast\u0103 lamp\u0103 este conceput\u0103 av\u00e2nd \u00een vedere siguran\u021ba copiilor, deoarece func\u021bioneaz\u0103 la tensiune sc\u0103zut\u0103 \u0219i poate fi conectat\u0103 cu u\u0219urin\u021b\u0103 prin \u00eenc\u0103rc\u0103torul t\u0103u mobil USB-C.<\/p>\n<p>Fie ca un decor frumos pentru camera bebelusului tau sau ca un cadou unic pentru un nou nascut, aceasta lampa LED multicolora este o alegere exceptionala. In plus, metacrilatul are un tratament nanotehnologic care previne micro-zgarieturile si mentine lampa fara praf, garantand durabilitatea si frumusetea acesteia in timp.<\/p>\n<p>Crea\u021bi medii magnifice cu aceast\u0103 lamp\u0103 LED pentru copii!<\/p>\n<p><strong>Caracteristici:<\/strong><\/p>\n<ul>\n<li><strong>Dimensiuni:<\/strong>\n<ul>\n<li>Model normal:\n<ul>\n<li>Latime: 16 cm<\/li>\n<li>Inaltime: 17 cm<\/li>\n<li>Ad\u00e2ncime: 6 cm (de la baz\u0103)<\/li>\n<\/ul>\n<\/li>\n<li>Model mare:\n<ul>\n<li>Latime: 20 cm<\/li>\n<li>Inaltime: 21,5 cm<\/li>\n<li>Ad\u00e2ncime: 6 cm (de la baz\u0103)<\/li>\n<\/ul>\n<\/li>\n<\/ul>\n<\/li>\n<\/ul>","protected":false},"excerpt":{"rendered":"<p>Descopera lampa LED multicolora din metacrilat pentru zile de nastere, ideala ca veioara de noapte pentru copii. Personalizat cu numele copilului \u0219i informa\u021biile despre na\u0219tere, devine un suvenir unic. Cu telecomanda \u0219i LED-urile de \u00eenalt\u0103 rezolu\u021bie, creeaz\u0103 anima\u021bii fluide \u0219i relaxante. Seif pentru copii cu alimentare de joas\u0103 tensiune \u0219i conexiune USB-C. Perfect ca decor sau cadou pentru nou-n\u0103scu\u021bi.<\/p>","protected":false},"featured_media":7771,"template":"","meta":{"_seopress_robots_primary_cat":"19","_seopress_titles_title":"%%title%% %%page%%","_seopress_titles_desc":"","_seopress_robots_index":"","_seopress_analysis_target_kw":"","site-sidebar-layout":"default","site-content-layout":"","ast-site-content-layout":"default","site-content-style":"default","site-sidebar-style":"default","ast-global-header-display":"","ast-banner-title-visibility":"","ast-main-header-display":"","ast-hfb-above-header-display":"","ast-hfb-below-header-display":"","ast-hfb-mobile-header-display":"","site-post-title":"","ast-breadcrumbs-content":"","ast-featured-img":"","footer-sml-layout":"","ast-disable-related-posts":"","theme-transparent-header-meta":"","adv-header-id-meta":"","stick-header-meta":"","header-above-stick-meta":"","header-main-stick-meta":"","header-below-stick-meta":"","astra-migrate-meta-layouts":"default","ast-page-background-enabled":"default","ast-page-background-meta":{"desktop":{"background-color":"","background-image":"","background-repeat":"repeat","background-position":"center center","background-size":"auto","background-attachment":"scroll","background-type":"","background-media":"","overlay-type":"","overlay-color":"","overlay-opacity":"","overlay-gradient":""},"tablet":{"background-color":"","background-image":"","background-repeat":"repeat","background-position":"center center","background-size":"auto","background-attachment":"scroll","background-type":"","background-media":"","overlay-type":"","overlay-color":"","overlay-opacity":"","overlay-gradient":""},"mobile":{"background-color":"","background-image":"","background-repeat":"repeat","background-position":"center center","background-size":"auto","background-attachment":"scroll","background-type":"","background-media":"","overlay-type":"","overlay-color":"","overlay-opacity":"","overlay-gradient":""}},"ast-content-background-meta":{"desktop":{"background-color":"var(--ast-global-color-5)","background-image":"","background-repeat":"repeat","background-position":"center center","background-size":"auto","background-attachment":"scroll","background-type":"","background-media":"","overlay-type":"","overlay-color":"","overlay-opacity":"","overlay-gradient":""},"tablet":{"background-color":"var(--ast-global-color-5)","background-image":"","background-repeat":"repeat","background-position":"center center","background-size":"auto","background-attachment":"scroll","background-type":"","background-media":"","overlay-type":"","overlay-color":"","overlay-opacity":"","overlay-gradient":""},"mobile":{"background-color":"var(--ast-global-color-5)","background-image":"","background-repeat":"repeat","background-position":"center center","background-size":"auto","background-attachment":"scroll","background-type":"","background-media":"","overlay-type":"","overlay-color":"","overlay-opacity":"","overlay-gradient":""}}},"product_brand":[],"product_cat":[19,49],"product_tag":[],"class_list":{"0":"post-7763","1":"product","2":"type-product","3":"status-publish","4":"has-post-thumbnail","6":"product_cat-lamparas","7":"product_cat-regalos-originales","8":"desktop-align-center","9":"tablet-align-left","10":"mobile-align-center","11":"ast-product-gallery-layout-horizontal","12":"ast-magnify-disabled","13":"ast-product-tabs-layout-horizontal","14":"tm-has-options","16":"first","17":"instock","18":"taxable","19":"shipping-taxable","20":"purchasable","21":"product-type-simple"},"_links":{"self":[{"href":"https:\/\/kiemmi.com\/ro\/wp-json\/wp\/v2\/product\/7763","targetHints":{"allow":["GET"]}}],"collection":[{"href":"https:\/\/kiemmi.com\/ro\/wp-json\/wp\/v2\/product"}],"about":[{"href":"https:\/\/kiemmi.com\/ro\/wp-json\/wp\/v2\/types\/product"}],"version-history":[{"count":0,"href":"https:\/\/kiemmi.com\/ro\/wp-json\/wp\/v2\/product\/7763\/revisions"}],"wp:featuredmedia":[{"embeddable":true,"href":"https:\/\/kiemmi.com\/ro\/wp-json\/wp\/v2\/media\/7771"}],"wp:attachment":[{"href":"https:\/\/kiemmi.com\/ro\/wp-json\/wp\/v2\/media?parent=7763"}],"wp:term":[{"taxonomy":"product_brand","embeddable":true,"href":"https:\/\/kiemmi.com\/ro\/wp-json\/wp\/v2\/product_brand?post=7763"},{"taxonomy":"product_cat","embeddable":true,"href":"https:\/\/kiemmi.com\/ro\/wp-json\/wp\/v2\/product_cat?post=7763"},{"taxonomy":"product_tag","embeddable":true,"href":"https:\/\/kiemmi.com\/ro\/wp-json\/wp\/v2\/product_tag?post=7763"}],"curies":[{"name":"wp","href":"https:\/\/api.w.org\/{rel}","templated":true}]}}