{"id":7684,"date":"2024-02-13T06:42:24","date_gmt":"2024-02-13T06:42:24","guid":{"rendered":"https:\/\/kiemmi.com\/?post_type=product&#038;p=7684"},"modified":"2025-12-09T11:26:37","modified_gmt":"2025-12-09T11:26:37","slug":"caiet-din-lemn-color-paris","status":"publish","type":"product","link":"https:\/\/kiemmi.com\/ro\/shop\/libretas-de-madera-personalizadas\/libreta-de-madera-a-color-paris\/","title":{"rendered":"Caiet din lemn color Paris"},"content":{"rendered":"<p>Caietele noastre realizate manual sunt adev\u0103rate bijuterii pentru iubitorii de scris \u0219i design. Fiecare are blaturi din lemn t\u0103iate cu laser, f\u0103c\u00e2ndu-le unice \u0219i distinctive. \u00cen plus, caietele noastre sunt decorate cu un imprimeu color al ora\u0219ului Paris, d\u00e2ndu-le un farmec francez \u0219i o not\u0103 de romantism.<\/p>\n<p>Notebook-ul are format A5, ceea ce \u00eel face practic \u0219i u\u0219or de luat oriunde. Cu 80 de coli, adic\u0103 160 de pagini, vei avea spa\u021biu mai mult dec\u00e2t suficient pentru a-\u021bi surprinde toate ideile, g\u00e2ndurile \u0219i notele importante. Indiferent dac\u0103 scrie\u021bi, desena\u021bi sau pur \u0219i simplu lua\u021bi noti\u021be, acest caiet va fi \u00eenso\u021bitorul vostru perfect \u00een toate aventurile voastre.<\/p>\n<p>\u00cen plus, \u00ee\u021bi po\u021bi personaliza \u00een continuare notebook-ul aleg\u00e2nd \u00eentre diferite col\u021buri metalice pentru a-i proteja marginile. Fie c\u0103 sunt \u00een tonuri aurii, argintii sau negre, aceste col\u021buri adaug\u0103 o not\u0103 elegant\u0103 \u0219i sofisticat\u0103 notebook-ului t\u0103u, protej\u00e2ndu-l \u00een acela\u0219i timp de uzura utiliz\u0103rii zilnice.<\/p>\n<p>Pe scurt, caietele noastre realizate manual cu coper\u021bi din lemn t\u0103iate cu laser, imprimarea color a ora\u0219ului Paris, format A5 \u0219i 80 de coli sunt combina\u021bia perfect\u0103 de stil, func\u021bionalitate \u0219i calitate. Nu numai c\u0103 te vor ajuta s\u0103-\u021bi organizezi ideile, dar vor fi \u0219i un obiect de admira\u021bie \u0219i invidie pentru cei care le v\u0103d. Nu mai a\u0219tepta \u0219i ia-l pe al t\u0103u chiar acum!<\/p>\n<p><strong>Caracteristici:<\/strong><\/p>\n<ul>\n<li><em>Tapas:<\/em> 15,2 cm (l\u0103\u021bime) x 21,5 cm (\u00een\u0103l\u021bime) x 2,5 cm (grosime)<\/li>\n<li><em>frunze:<\/em> Din A5 (14,8 cm l\u0103\u021bime x 21 cm \u00een\u0103l\u021bime)<\/li>\n<li>80 de coli (160 de pagini)<\/li>\n<\/ul>","protected":false},"excerpt":{"rendered":"<p>Caietele noastre lucrate manual sunt bijuterii unice, cu coper\u021bi din lemn t\u0103iate cu laser, decorate cu un imprimeu color al ora\u0219ului Paris, d\u00e2ndu-le o not\u0103 romantic\u0103. Sunt practice \u0219i u\u0219or de transportat, cu 80 de coli pentru a-\u021bi surprinde ideile \u0219i notele importante. \u00cen plus, le po\u021bi personaliza cu col\u021buri metalice \u00een tonuri aurii, argintii sau negre pentru a le proteja \u0219i a le oferi o not\u0103 elegant\u0103. Pe scurt, caietele noastre sunt combina\u021bia perfect\u0103 de stil, func\u021bionalitate \u0219i calitate, care nu numai c\u0103 te vor ajuta s\u0103-\u021bi organizezi ideile, ci vor fi \u0219i admirate de ceilal\u021bi.<\/p>","protected":false},"featured_media":8212,"template":"","meta":{"_seopress_robots_primary_cat":"50","_seopress_titles_title":"Libretas \u00fanicas de Par\u00eds: dise\u00f1o elegante y pr\u00e1ctico","_seopress_titles_desc":"Descubre nuestras libretas A5 \u00fanicas, hechas a mano con tapas de madera y dise\u00f1o de Par\u00eds. Elegancia, funcionalidad y estilo en cada p\u00e1gina. \u00a1Consigue la tuya!","_seopress_robots_index":"","_seopress_analysis_target_kw":"","site-sidebar-layout":"default","site-content-layout":"","ast-site-content-layout":"default","site-content-style":"default","site-sidebar-style":"default","ast-global-header-display":"","ast-banner-title-visibility":"","ast-main-header-display":"","ast-hfb-above-header-display":"","ast-hfb-below-header-display":"","ast-hfb-mobile-header-display":"","site-post-title":"","ast-breadcrumbs-content":"","ast-featured-img":"","footer-sml-layout":"","ast-disable-related-posts":"","theme-transparent-header-meta":"default","adv-header-id-meta":"","stick-header-meta":"default","header-above-stick-meta":"","header-main-stick-meta":"","header-below-stick-meta":"","astra-migrate-meta-layouts":"set","ast-page-background-enabled":"default","ast-page-background-meta":{"desktop":{"background-color":"","background-image":"","background-repeat":"repeat","background-position":"center center","background-size":"auto","background-attachment":"scroll","background-type":"","background-media":"","overlay-type":"","overlay-color":"","overlay-opacity":"","overlay-gradient":""},"tablet":{"background-color":"","background-image":"","background-repeat":"repeat","background-position":"center center","background-size":"auto","background-attachment":"scroll","background-type":"","background-media":"","overlay-type":"","overlay-color":"","overlay-opacity":"","overlay-gradient":""},"mobile":{"background-color":"","background-image":"","background-repeat":"repeat","background-position":"center center","background-size":"auto","background-attachment":"scroll","background-type":"","background-media":"","overlay-type":"","overlay-color":"","overlay-opacity":"","overlay-gradient":""}},"ast-content-background-meta":{"desktop":{"background-color":"var(--ast-global-color-5)","background-image":"","background-repeat":"repeat","background-position":"center center","background-size":"auto","background-attachment":"scroll","background-type":"","background-media":"","overlay-type":"","overlay-color":"","overlay-opacity":"","overlay-gradient":""},"tablet":{"background-color":"var(--ast-global-color-5)","background-image":"","background-repeat":"repeat","background-position":"center center","background-size":"auto","background-attachment":"scroll","background-type":"","background-media":"","overlay-type":"","overlay-color":"","overlay-opacity":"","overlay-gradient":""},"mobile":{"background-color":"var(--ast-global-color-5)","background-image":"","background-repeat":"repeat","background-position":"center center","background-size":"auto","background-attachment":"scroll","background-type":"","background-media":"","overlay-type":"","overlay-color":"","overlay-opacity":"","overlay-gradient":""}}},"product_brand":[],"product_cat":[50],"product_tag":[],"class_list":{"0":"post-7684","1":"product","2":"type-product","3":"status-publish","4":"has-post-thumbnail","6":"product_cat-libretas-de-madera-personalizadas","7":"desktop-align-center","8":"tablet-align-left","9":"mobile-align-center","10":"ast-product-gallery-layout-horizontal","11":"ast-product-gallery-with-no-image","12":"ast-magnify-disabled","13":"ast-product-tabs-layout-horizontal","14":"tm-has-options","16":"first","17":"instock","18":"taxable","19":"shipping-taxable","20":"purchasable","21":"product-type-simple"},"_links":{"self":[{"href":"https:\/\/kiemmi.com\/ro\/wp-json\/wp\/v2\/product\/7684","targetHints":{"allow":["GET"]}}],"collection":[{"href":"https:\/\/kiemmi.com\/ro\/wp-json\/wp\/v2\/product"}],"about":[{"href":"https:\/\/kiemmi.com\/ro\/wp-json\/wp\/v2\/types\/product"}],"version-history":[{"count":0,"href":"https:\/\/kiemmi.com\/ro\/wp-json\/wp\/v2\/product\/7684\/revisions"}],"wp:featuredmedia":[{"embeddable":true,"href":"https:\/\/kiemmi.com\/ro\/wp-json\/wp\/v2\/media\/8212"}],"wp:attachment":[{"href":"https:\/\/kiemmi.com\/ro\/wp-json\/wp\/v2\/media?parent=7684"}],"wp:term":[{"taxonomy":"product_brand","embeddable":true,"href":"https:\/\/kiemmi.com\/ro\/wp-json\/wp\/v2\/product_brand?post=7684"},{"taxonomy":"product_cat","embeddable":true,"href":"https:\/\/kiemmi.com\/ro\/wp-json\/wp\/v2\/product_cat?post=7684"},{"taxonomy":"product_tag","embeddable":true,"href":"https:\/\/kiemmi.com\/ro\/wp-json\/wp\/v2\/product_tag?post=7684"}],"curies":[{"name":"wp","href":"https:\/\/api.w.org\/{rel}","templated":true}]}}