{"id":6843,"date":"2023-10-15T09:15:56","date_gmt":"2023-10-15T09:15:56","guid":{"rendered":"https:\/\/kiemmi.com\/?post_type=product&#038;p=6843"},"modified":"2024-10-08T06:56:06","modified_gmt":"2024-10-08T06:56:06","slug":"suport-pentru-telefon-mobil-din-lemn-realizat-manual-cu-gravare-laser-a-animalelor","status":"publish","type":"product","link":"https:\/\/kiemmi.com\/ro\/shop\/soportes-para-moviles\/soporte-para-moviles-de-madera-hecho-a-mano-con-grabado-laser-de-animales\/","title":{"rendered":"Suport pentru telefon mobil din lemn realizat manual cu gravare cu laser a animalelor"},"content":{"rendered":"<p>C\u0103uta\u021bi o modalitate unic\u0103 \u0219i ecologic\u0103 de a ad\u0103uga o not\u0103 special\u0103 spa\u021biului dvs.? Fabricat manual cu gravur\u0103 laser rafinat\u0103 a animalelor, suportul nostru mobil din lemn este alegerea perfect\u0103. Dispun\u00e2nd de un design meticulos detaliat de c\u00e2ini, pisici, p\u0103s\u0103ri \u0219i al\u021bi \u00eenso\u021bitori adorabili, acest suport combin\u0103 func\u021bionalitatea \u0219i stilul \u00eentr-un mod unic.<\/p>\n<p><strong>Caracteristici cheie:<\/strong><\/p>\n<ul>\n<li><strong>Realizat manual cu lemn durabil:<\/strong> Fiecare suport este realizat cu grij\u0103 din lemn durabil, ceea ce \u00eel face o op\u021biune ecologic\u0103 pentru iubitorii de natur\u0103 \u0219i de animale.<\/li>\n<li><strong>Detalii impresionante:<\/strong> Gravurile noastre cu laser arat\u0103 animale cu o precizie \u0219i un realism surprinz\u0103toare. Fiecare detaliu iese \u00een eviden\u021b\u0103 printr-o calitate care te va l\u0103sa uimit.<\/li>\n<li><strong>Design universal:<\/strong> Acest suport este compatibil cu majoritatea modelelor de telefoane mobile, ceea ce \u00eel face ideal pentru oricine caut\u0103 o solu\u021bie versatil\u0103 \u0219i elegant\u0103.<\/li>\n<li><strong>Cadou perfect:<\/strong> Cuno\u0219ti pe cineva care este iubitor de animale sau animale de companie? Acest suport este cadoul ideal care combin\u0103 pasiunea ta cu func\u021bionalitatea de zi cu zi.<\/li>\n<li><strong>U\u0219or de asamblat:<\/strong> Instalarea este simpl\u0103 \u0219i rapid\u0103, permi\u021b\u00e2ndu-v\u0103 s\u0103 v\u0103 bucura\u021bi de suportul mobil \u00een c\u00e2teva minute.<\/li>\n<\/ul>\n<p>Adaug\u0103 o not\u0103 de stil \u0219i personalitate spa\u021biului t\u0103u, ar\u0103t\u00e2ndu-\u021bi \u00een acela\u0219i timp dragostea pentru animale \u0219i mediu. Fie pentru uz personal, fie ca un cadou semnificativ, suportul nostru pentru telefonul mobil din lemn gravat cu laser este o alegere exceptionala. Nu rata\u021bi ocazia de a achizi\u021biona aceast\u0103 oper\u0103 de art\u0103 func\u021bional\u0103.<\/p>\n<p>Comand\u0103-l pe al t\u0103u ast\u0103zi \u0219i adu o bucat\u0103 de natur\u0103 cu tine \u00een via\u021ba ta de zi cu zi!<\/p>\n<p><strong>Dimensiuni:<\/strong><\/p>\n<ul>\n<li>Latime: 8 cm<\/li>\n<li>Inaltime: 15 cm<\/li>\n<li>Grosime: 3 mm<\/li>\n<\/ul>\n<p><strong>Material:<\/strong><\/p>\n<ul>\n<li>Placaj de mesteacan<\/li>\n<\/ul>","protected":false},"excerpt":{"rendered":"<p>Eviden\u021biaz\u0103-\u021bi dragostea pentru animale cu suportul mobil din lemn realizat manual, cu gravuri laser detaliate ale c\u00e2inilor, pisicilor, p\u0103s\u0103rilor \u0219i multe altele. Acest produs ecologic este ideal at\u00e2t ca cadou special, c\u00e2t \u0219i pentru uz personal. Fiecare suport este realizat din lemn durabil \u0219i se potrive\u0219te cu majoritatea modelelor de telefoane. Combin\u0103 func\u021bionalitatea \u0219i stilul \u00een spa\u021biul t\u0103u \u00eentr-un mod unic. Adaug\u0103 o not\u0103 natural\u0103 \u0219i sofisticat\u0103 vie\u021bii tale de zi cu zi cu aceast\u0103 oper\u0103 de art\u0103 func\u021bional\u0103.<\/p>","protected":false},"featured_media":6844,"template":"","meta":{"_seopress_robots_primary_cat":"34","_seopress_titles_title":"%%title%%","_seopress_titles_desc":"Resalta tu pasi\u00f3n por los animales con nuestro soporte de m\u00f3vil de madera ecofriendly. Ideal para amantes de las mascotas. \u00a1Ord\u00e9nalo hoy!","_seopress_robots_index":"","_seopress_analysis_target_kw":"","site-sidebar-layout":"default","site-content-layout":"","ast-site-content-layout":"default","site-content-style":"default","site-sidebar-style":"default","ast-global-header-display":"","ast-banner-title-visibility":"","ast-main-header-display":"","ast-hfb-above-header-display":"","ast-hfb-below-header-display":"","ast-hfb-mobile-header-display":"","site-post-title":"","ast-breadcrumbs-content":"","ast-featured-img":"","footer-sml-layout":"","ast-disable-related-posts":"","theme-transparent-header-meta":"","adv-header-id-meta":"","stick-header-meta":"","header-above-stick-meta":"","header-main-stick-meta":"","header-below-stick-meta":"","astra-migrate-meta-layouts":"default","ast-page-background-enabled":"default","ast-page-background-meta":{"desktop":{"background-color":"","background-image":"","background-repeat":"repeat","background-position":"center center","background-size":"auto","background-attachment":"scroll","background-type":"","background-media":"","overlay-type":"","overlay-color":"","overlay-opacity":"","overlay-gradient":""},"tablet":{"background-color":"","background-image":"","background-repeat":"repeat","background-position":"center center","background-size":"auto","background-attachment":"scroll","background-type":"","background-media":"","overlay-type":"","overlay-color":"","overlay-opacity":"","overlay-gradient":""},"mobile":{"background-color":"","background-image":"","background-repeat":"repeat","background-position":"center center","background-size":"auto","background-attachment":"scroll","background-type":"","background-media":"","overlay-type":"","overlay-color":"","overlay-opacity":"","overlay-gradient":""}},"ast-content-background-meta":{"desktop":{"background-color":"var(--ast-global-color-5)","background-image":"","background-repeat":"repeat","background-position":"center center","background-size":"auto","background-attachment":"scroll","background-type":"","background-media":"","overlay-type":"","overlay-color":"","overlay-opacity":"","overlay-gradient":""},"tablet":{"background-color":"var(--ast-global-color-5)","background-image":"","background-repeat":"repeat","background-position":"center center","background-size":"auto","background-attachment":"scroll","background-type":"","background-media":"","overlay-type":"","overlay-color":"","overlay-opacity":"","overlay-gradient":""},"mobile":{"background-color":"var(--ast-global-color-5)","background-image":"","background-repeat":"repeat","background-position":"center center","background-size":"auto","background-attachment":"scroll","background-type":"","background-media":"","overlay-type":"","overlay-color":"","overlay-opacity":"","overlay-gradient":""}}},"product_brand":[],"product_cat":[87,49,34],"product_tag":[],"class_list":{"0":"post-6843","1":"product","2":"type-product","3":"status-publish","4":"has-post-thumbnail","6":"product_cat-mascotas","7":"product_cat-regalos-originales","8":"product_cat-soportes-para-moviles","9":"desktop-align-center","10":"tablet-align-left","11":"mobile-align-center","12":"ast-product-gallery-layout-horizontal","13":"ast-magnify-disabled","14":"ast-product-tabs-layout-horizontal","15":"tm-no-options","17":"first","18":"instock","19":"taxable","20":"shipping-taxable","21":"purchasable","22":"product-type-simple"},"_links":{"self":[{"href":"https:\/\/kiemmi.com\/ro\/wp-json\/wp\/v2\/product\/6843","targetHints":{"allow":["GET"]}}],"collection":[{"href":"https:\/\/kiemmi.com\/ro\/wp-json\/wp\/v2\/product"}],"about":[{"href":"https:\/\/kiemmi.com\/ro\/wp-json\/wp\/v2\/types\/product"}],"version-history":[{"count":0,"href":"https:\/\/kiemmi.com\/ro\/wp-json\/wp\/v2\/product\/6843\/revisions"}],"wp:featuredmedia":[{"embeddable":true,"href":"https:\/\/kiemmi.com\/ro\/wp-json\/wp\/v2\/media\/6844"}],"wp:attachment":[{"href":"https:\/\/kiemmi.com\/ro\/wp-json\/wp\/v2\/media?parent=6843"}],"wp:term":[{"taxonomy":"product_brand","embeddable":true,"href":"https:\/\/kiemmi.com\/ro\/wp-json\/wp\/v2\/product_brand?post=6843"},{"taxonomy":"product_cat","embeddable":true,"href":"https:\/\/kiemmi.com\/ro\/wp-json\/wp\/v2\/product_cat?post=6843"},{"taxonomy":"product_tag","embeddable":true,"href":"https:\/\/kiemmi.com\/ro\/wp-json\/wp\/v2\/product_tag?post=6843"}],"curies":[{"name":"wp","href":"https:\/\/api.w.org\/{rel}","templated":true}]}}