{"id":6838,"date":"2023-10-15T08:45:49","date_gmt":"2023-10-15T08:45:49","guid":{"rendered":"https:\/\/kiemmi.com\/?post_type=product&#038;p=6838"},"modified":"2025-09-15T12:13:03","modified_gmt":"2025-09-15T12:13:03","slug":"suport-din-lemn-pentru-telefon-mobil-gravat-cu-caini","status":"publish","type":"product","link":"https:\/\/kiemmi.com\/ro\/shop\/soportes-para-moviles\/soporte-para-moviles-de-madera-grabado-con-perros\/","title":{"rendered":"Suport din lemn pentru telefon mobil gravat cu caini"},"content":{"rendered":"<p>C\u0103uta\u021bi un suport mobil unic \u0219i ecologic, cu o not\u0103 personalizat\u0103 pentru iubitorii de c\u00e2ini? Nu mai c\u0103uta! V\u0103 prezent\u0103m suportul mobil din lemn t\u0103iat cu laser \u0219i gravat manual, \u00eempodobit cu modele minunate de c\u00e2ini.<\/p>\n<p>Suportul nostru pentru telefon mobil combin\u0103 c\u0103ldura \u0219i frumuse\u021bea lemnului cu precizia grav\u0103rii cu laser pentru a v\u0103 oferi un accesoriu cu adev\u0103rat excep\u021bional. Fiecare piesa este lucrata manual cu grija, ceea ce inseamna ca nu exista doi suporturi la fel, ceea ce o face un cadou unic si special.<\/p>\n<p><strong>Caracteristici recomandate:<\/strong><\/p>\n<ul>\n<li><strong>Lemn durabil:<\/strong> Acest suport este fabricat din lemn din surse durabile, ceea ce \u00eel face o alegere ecologic\u0103 \u0219i ecologic\u0103.<\/li>\n<li><strong>Modele pentru c\u00e2ini:<\/strong> Imprimeurile de c\u00e2ini adaug\u0103 o not\u0103 fermec\u0103toare, personal\u0103, care va face orice iubitor de c\u00e2ini s\u0103 z\u00e2mbeasc\u0103.<\/li>\n<li><strong>Stabilitate \u0219i func\u021bionalitate:<\/strong> Suportul nostru mobil ofer\u0103 o baz\u0103 solid\u0103 pentru dispozitivul dvs., permi\u021b\u00e2ndu-v\u0103 s\u0103 v\u0103 bucura\u021bi de m\u00e2inile libere oric\u00e2nd \u0219i oriunde.<\/li>\n<li><strong>Ideal pentru cadouri:<\/strong> Acest suport este cadoul perfect pentru cei care \u00ee\u0219i ador\u0103 tovar\u0103\u0219ii canini. Este un gest de afec\u021biune care va fi apreciat mult timp.<\/li>\n<\/ul>\n<p>Fie pentru uz personal, fie ca un cadou semnificativ, suportul nostru mobil din lemn este alegerea perfect\u0103. De fiecare dat\u0103 c\u00e2nd \u00eel folosi\u021bi, v\u0103 ve\u021bi aminti de frumuse\u021bea lemnului natural \u0219i de dragostea c\u00e2inilor.<\/p>\n<p>Adaug\u0103 o not\u0103 de elegan\u021b\u0103 \u0219i con\u0219tiin\u021b\u0103 ecologic\u0103 vie\u021bii tale de zi cu zi cu suportul nostru mobil din lemn. Comanda acum \u0219i experimenteaz\u0103 magia m\u0103iestriei \u0219i pasiunea pentru c\u00e2ini \u00een fiecare detaliu!<\/p>\n<p><strong>Dimensiuni:<\/strong><\/p>\n<ul>\n<li>Latime: 8 cm<\/li>\n<li>Inaltime: 15 cm<\/li>\n<li>Grosime: 3 mm<\/li>\n<\/ul>\n<p><strong>Material:<\/strong><\/p>\n<ul>\n<li>Placaj de mesteacan<\/li>\n<\/ul>","protected":false},"excerpt":{"rendered":"<p>E\u0219ti \u00een c\u0103utarea unui suport pentru telefon mobil ecologic cu gravuri de c\u00e2ini? Descoperi\u021bi standul nostru din lemn realizat manual, unic \u0219i durabil. Ideala ca cadou sau pentru iubitorii de caini, fiecare piesa este unica. Oferim stabilitate \u0219i func\u021bionalitate, \u00eembin\u00e2nd frumuse\u021bea lemnului cu dragostea pentru canini. Adaug\u0103 o not\u0103 de elegan\u021b\u0103 \u0219i con\u0219tiin\u021b\u0103 ecologic\u0103 vie\u021bii tale de zi cu zi cu suportul nostru mobil din lemn. Comanda azi!<\/p>","protected":false},"featured_media":6839,"template":"","meta":{"_seopress_robots_primary_cat":"34","_seopress_titles_title":"%%title%%","_seopress_titles_desc":"Soporte para m\u00f3viles de madera grabada con laser con dise\u00f1os de perros. Eco-friendly y \u00fanico, ideal para regalos y amantes de perros.","_seopress_robots_index":"","_seopress_analysis_target_kw":"","site-sidebar-layout":"default","site-content-layout":"","ast-site-content-layout":"default","site-content-style":"default","site-sidebar-style":"default","ast-global-header-display":"","ast-banner-title-visibility":"","ast-main-header-display":"","ast-hfb-above-header-display":"","ast-hfb-below-header-display":"","ast-hfb-mobile-header-display":"","site-post-title":"","ast-breadcrumbs-content":"","ast-featured-img":"","footer-sml-layout":"","ast-disable-related-posts":"","theme-transparent-header-meta":"","adv-header-id-meta":"","stick-header-meta":"","header-above-stick-meta":"","header-main-stick-meta":"","header-below-stick-meta":"","astra-migrate-meta-layouts":"default","ast-page-background-enabled":"default","ast-page-background-meta":{"desktop":{"background-color":"","background-image":"","background-repeat":"repeat","background-position":"center center","background-size":"auto","background-attachment":"scroll","background-type":"","background-media":"","overlay-type":"","overlay-color":"","overlay-opacity":"","overlay-gradient":""},"tablet":{"background-color":"","background-image":"","background-repeat":"repeat","background-position":"center center","background-size":"auto","background-attachment":"scroll","background-type":"","background-media":"","overlay-type":"","overlay-color":"","overlay-opacity":"","overlay-gradient":""},"mobile":{"background-color":"","background-image":"","background-repeat":"repeat","background-position":"center center","background-size":"auto","background-attachment":"scroll","background-type":"","background-media":"","overlay-type":"","overlay-color":"","overlay-opacity":"","overlay-gradient":""}},"ast-content-background-meta":{"desktop":{"background-color":"var(--ast-global-color-5)","background-image":"","background-repeat":"repeat","background-position":"center center","background-size":"auto","background-attachment":"scroll","background-type":"","background-media":"","overlay-type":"","overlay-color":"","overlay-opacity":"","overlay-gradient":""},"tablet":{"background-color":"var(--ast-global-color-5)","background-image":"","background-repeat":"repeat","background-position":"center center","background-size":"auto","background-attachment":"scroll","background-type":"","background-media":"","overlay-type":"","overlay-color":"","overlay-opacity":"","overlay-gradient":""},"mobile":{"background-color":"var(--ast-global-color-5)","background-image":"","background-repeat":"repeat","background-position":"center center","background-size":"auto","background-attachment":"scroll","background-type":"","background-media":"","overlay-type":"","overlay-color":"","overlay-opacity":"","overlay-gradient":""}}},"product_brand":[],"product_cat":[87,49,34],"product_tag":[],"class_list":{"0":"post-6838","1":"product","2":"type-product","3":"status-publish","4":"has-post-thumbnail","6":"product_cat-mascotas","7":"product_cat-regalos-originales","8":"product_cat-soportes-para-moviles","9":"desktop-align-center","10":"tablet-align-left","11":"mobile-align-center","12":"ast-product-gallery-layout-horizontal","13":"ast-magnify-disabled","14":"ast-product-tabs-layout-horizontal","15":"tm-no-options","17":"first","18":"instock","19":"taxable","20":"shipping-taxable","21":"purchasable","22":"product-type-simple"},"_links":{"self":[{"href":"https:\/\/kiemmi.com\/ro\/wp-json\/wp\/v2\/product\/6838","targetHints":{"allow":["GET"]}}],"collection":[{"href":"https:\/\/kiemmi.com\/ro\/wp-json\/wp\/v2\/product"}],"about":[{"href":"https:\/\/kiemmi.com\/ro\/wp-json\/wp\/v2\/types\/product"}],"version-history":[{"count":0,"href":"https:\/\/kiemmi.com\/ro\/wp-json\/wp\/v2\/product\/6838\/revisions"}],"wp:featuredmedia":[{"embeddable":true,"href":"https:\/\/kiemmi.com\/ro\/wp-json\/wp\/v2\/media\/6839"}],"wp:attachment":[{"href":"https:\/\/kiemmi.com\/ro\/wp-json\/wp\/v2\/media?parent=6838"}],"wp:term":[{"taxonomy":"product_brand","embeddable":true,"href":"https:\/\/kiemmi.com\/ro\/wp-json\/wp\/v2\/product_brand?post=6838"},{"taxonomy":"product_cat","embeddable":true,"href":"https:\/\/kiemmi.com\/ro\/wp-json\/wp\/v2\/product_cat?post=6838"},{"taxonomy":"product_tag","embeddable":true,"href":"https:\/\/kiemmi.com\/ro\/wp-json\/wp\/v2\/product_tag?post=6838"}],"curies":[{"name":"wp","href":"https:\/\/api.w.org\/{rel}","templated":true}]}}