{"id":6726,"date":"2023-10-11T06:42:58","date_gmt":"2023-10-11T06:42:58","guid":{"rendered":"https:\/\/kiemmi.com\/?post_type=product&#038;p=6726"},"modified":"2025-09-12T06:19:20","modified_gmt":"2025-09-12T06:19:20","slug":"nu-deranjati-semnul-usii-in-forma-de-caine","status":"publish","type":"product","link":"https:\/\/kiemmi.com\/ro\/shop\/decoracion-del-hogar\/letrero-colgante-para-puerta\/cartel-no-molestar-para-puerta-en-forma-de-perro\/","title":{"rendered":"Semn de u\u0219\u0103 \u201eNu deranja\u021bi\u201d \u00een form\u0103 de c\u00e2ine"},"content":{"rendered":"<p>C\u0103uta\u021bi o modalitate unic\u0103 \u0219i fermec\u0103toare de a v\u0103 personaliza u\u0219a de la intrare sau de a ad\u0103uga o not\u0103 special\u0103 camerei copilului dumneavoastr\u0103? Semnul nostru de u\u0219\u0103 \u00een form\u0103 de c\u00e2ine, realizat manual meticulos din lemn natural, cu t\u0103iere \u0219i gravare cu laser, este r\u0103spunsul perfect.<\/p>\n<p>Fiecare dintre semnele noastre este conceput\u0103 cu dragoste \u0219i aten\u021bie la detalii, f\u0103c\u00e2ndu-l o pies\u0103 de decor cu adev\u0103rat unic\u0103. Capacitatea de a personaliza textul v\u0103 permite s\u0103 ad\u0103uga\u021bi o not\u0103 personal\u0103 \u0219i semnificativ\u0103 casei dvs. Imagina\u021bia ta este limita!<\/p>\n<p>Acest semn nu numai c\u0103 adaug\u0103 o not\u0103 de dr\u0103gu\u021b oric\u0103rei \u00eenc\u0103peri, dar creeaz\u0103 \u0219i o atmosfer\u0103 dr\u0103gu\u021b\u0103 pe care to\u021bi iubitorii de c\u00e2ini \u0219i animale de companie o vor aprecia. Este completarea ideal\u0103 pentru orice spa\u021biu, de la camera unui bebelu\u0219 p\u00e2n\u0103 la camera de zi sau chiar u\u0219a de la intrare.<\/p>\n<p>Calitatea \u0219i durabilitatea sunt fundamentale pentru noi. Prin urmare, am protejat lemnul cu lac pe baz\u0103 de ap\u0103, care asigur\u0103 c\u0103 semnul dumneavoastr\u0103 \u00ee\u0219i men\u021bine frumuse\u021bea \u0219i farmecul pentru o lung\u0103 perioad\u0103 de timp.<\/p>\n<p>Vrei s\u0103 oferi un cadou special unui iubitor de c\u00e2ini? Acest semn este alegerea perfect\u0103. Este o modalitate unic\u0103 de a ar\u0103ta apreciere \u0219i dragoste fa\u021b\u0103 de acei prieteni bl\u0103ni\u021bi care ne lumineaz\u0103 via\u021ba.<\/p>\n<p>Adaug\u0103 c\u0103ldur\u0103 \u0219i personalitate casei tale cu semnul nostru personalizat pentru u\u0219\u0103 \u00een form\u0103 de c\u00e2ine. Decoreaz\u0103 cu stil \u0219i arat\u0103-\u021bi dragostea pentru animalele de companie!<\/p>\n<p><b>Caracteristici<\/b><strong>:<\/strong><\/p>\n<ul>\n<li>Material: Lemn natural (lacuit pe ambele fete cu produse ecologice)<\/li>\n<li>Dimensiuni: 12 cm latime x 24,4 cm inaltime x 0,3 cm grosime<\/li>\n<\/ul>","protected":false},"excerpt":{"rendered":"<p>Semnul nostru personalizat de u\u0219\u0103 \u00een form\u0103 de c\u00e2ine, realizat manual din lemn natural cu t\u0103iere \u0219i gravare cu laser, este op\u021biunea ideal\u0103 pentru a v\u0103 decora casa \u00eentr-un mod unic. Este perfect pentru camera unui bebelus sau orice spatiu pe care vrei sa il faci special. Creeaz\u0103 o atmosfer\u0103 dr\u0103gu\u021b\u0103 \u0219i este un cadou minunat pentru iubitorii de c\u00e2ini \u0219i animale de companie. Lemnul este protejat cu lac pe baza de apa pentru a-i asigura durabilitatea in timp. Adaug\u0103 o not\u0103 de c\u0103ldur\u0103 \u0219i personalitate casei tale cu aceast\u0103 pies\u0103 frumoas\u0103 de decor.<\/p>","protected":false},"featured_media":6727,"template":"","meta":{"_seopress_robots_primary_cat":"57","_seopress_titles_title":"%%title%% %%page%%","_seopress_titles_desc":"Personaliza tu puerta con encanto \u00fanico: Cartel de puerta de madera con forma de perro grabado l\u00e1ser. Ideal para amantes de mascotas. \u00a1Compra hoy!","_seopress_robots_index":"","_seopress_analysis_target_kw":"","site-sidebar-layout":"default","site-content-layout":"","ast-site-content-layout":"default","site-content-style":"default","site-sidebar-style":"default","ast-global-header-display":"","ast-banner-title-visibility":"","ast-main-header-display":"","ast-hfb-above-header-display":"","ast-hfb-below-header-display":"","ast-hfb-mobile-header-display":"","site-post-title":"","ast-breadcrumbs-content":"","ast-featured-img":"","footer-sml-layout":"","ast-disable-related-posts":"","theme-transparent-header-meta":"default","adv-header-id-meta":"","stick-header-meta":"default","header-above-stick-meta":"","header-main-stick-meta":"","header-below-stick-meta":"","astra-migrate-meta-layouts":"set","ast-page-background-enabled":"default","ast-page-background-meta":{"desktop":{"background-color":"","background-image":"","background-repeat":"repeat","background-position":"center center","background-size":"auto","background-attachment":"scroll","background-type":"","background-media":"","overlay-type":"","overlay-color":"","overlay-opacity":"","overlay-gradient":""},"tablet":{"background-color":"","background-image":"","background-repeat":"repeat","background-position":"center center","background-size":"auto","background-attachment":"scroll","background-type":"","background-media":"","overlay-type":"","overlay-color":"","overlay-opacity":"","overlay-gradient":""},"mobile":{"background-color":"","background-image":"","background-repeat":"repeat","background-position":"center center","background-size":"auto","background-attachment":"scroll","background-type":"","background-media":"","overlay-type":"","overlay-color":"","overlay-opacity":"","overlay-gradient":""}},"ast-content-background-meta":{"desktop":{"background-color":"var(--ast-global-color-5)","background-image":"","background-repeat":"repeat","background-position":"center center","background-size":"auto","background-attachment":"scroll","background-type":"","background-media":"","overlay-type":"","overlay-color":"","overlay-opacity":"","overlay-gradient":""},"tablet":{"background-color":"var(--ast-global-color-5)","background-image":"","background-repeat":"repeat","background-position":"center center","background-size":"auto","background-attachment":"scroll","background-type":"","background-media":"","overlay-type":"","overlay-color":"","overlay-opacity":"","overlay-gradient":""},"mobile":{"background-color":"var(--ast-global-color-5)","background-image":"","background-repeat":"repeat","background-position":"center center","background-size":"auto","background-attachment":"scroll","background-type":"","background-media":"","overlay-type":"","overlay-color":"","overlay-opacity":"","overlay-gradient":""}}},"product_brand":[],"product_cat":[44,51,57,87],"product_tag":[],"class_list":{"0":"post-6726","1":"product","2":"type-product","3":"status-publish","4":"has-post-thumbnail","6":"product_cat-cartel-madera","7":"product_cat-decoracion-del-hogar","8":"product_cat-letrero-colgante-para-puerta","9":"product_cat-mascotas","10":"desktop-align-center","11":"tablet-align-left","12":"mobile-align-center","13":"ast-product-gallery-layout-horizontal","14":"ast-magnify-disabled","15":"ast-product-tabs-layout-horizontal","16":"tm-has-options","18":"first","19":"instock","20":"taxable","21":"shipping-taxable","22":"purchasable","23":"product-type-simple"},"_links":{"self":[{"href":"https:\/\/kiemmi.com\/ro\/wp-json\/wp\/v2\/product\/6726","targetHints":{"allow":["GET"]}}],"collection":[{"href":"https:\/\/kiemmi.com\/ro\/wp-json\/wp\/v2\/product"}],"about":[{"href":"https:\/\/kiemmi.com\/ro\/wp-json\/wp\/v2\/types\/product"}],"version-history":[{"count":0,"href":"https:\/\/kiemmi.com\/ro\/wp-json\/wp\/v2\/product\/6726\/revisions"}],"wp:featuredmedia":[{"embeddable":true,"href":"https:\/\/kiemmi.com\/ro\/wp-json\/wp\/v2\/media\/6727"}],"wp:attachment":[{"href":"https:\/\/kiemmi.com\/ro\/wp-json\/wp\/v2\/media?parent=6726"}],"wp:term":[{"taxonomy":"product_brand","embeddable":true,"href":"https:\/\/kiemmi.com\/ro\/wp-json\/wp\/v2\/product_brand?post=6726"},{"taxonomy":"product_cat","embeddable":true,"href":"https:\/\/kiemmi.com\/ro\/wp-json\/wp\/v2\/product_cat?post=6726"},{"taxonomy":"product_tag","embeddable":true,"href":"https:\/\/kiemmi.com\/ro\/wp-json\/wp\/v2\/product_tag?post=6726"}],"curies":[{"name":"wp","href":"https:\/\/api.w.org\/{rel}","templated":true}]}}