{"id":6609,"date":"2023-10-03T19:33:58","date_gmt":"2023-10-03T19:33:58","guid":{"rendered":"https:\/\/kiemmi.com\/?post_type=product&#038;p=6609"},"modified":"2025-09-02T08:41:17","modified_gmt":"2025-09-02T08:41:17","slug":"cuier-din-lemn-personalizat-cu-nume-un-cadou-de-neuitat-pentru-iubiti","status":"publish","type":"product","link":"https:\/\/kiemmi.com\/ro\/shop\/detalles-para-bodas-y-eventos\/percha-de-madera-personalizada-con-nombre-un-regalo-inolvidable-para-novios\/","title":{"rendered":"Umera\u0219 personalizat din lemn cu nume \u2013 Un cadou de neuitat pentru iubi\u021bi"},"content":{"rendered":"<p>S\u0103rb\u0103tore\u0219te dragostea \u0219i unirea a doi oameni speciali cu cuierul nostru personalizat din lemn, cadoul perfect pentru cuplul care este pe cale s\u0103 spun\u0103 \u201eDa\u201d. Fiecare dintre umerasele noastre este atent proiectat \u0219i realizat cu detalii care \u00eel fac cu adev\u0103rat unic.<\/p>\n<p><strong>Dimensiuni:<\/strong><\/p>\n<ul>\n<li><em><strong>Larg:<\/strong><\/em> 43 cm<\/li>\n<li><em><strong>Ridicat:<\/strong><\/em> 23 cm (inclusiv c\u00e2rlig)<\/li>\n<li><em><strong>Grosime:<\/strong><\/em> 1,2 cm<\/li>\n<\/ul>\n<p><strong>Caracteristici recomandate:<\/strong><\/p>\n<ul>\n<li><strong><em>Personalizare exclusiv\u0103<\/em><\/strong>: Fiecare cuier este meticulos personalizat cu numele mirilor, creat din lemn decupat cu laser si pictat manual. Acest lucru adauga o nota personala si eleganta pe care mirii o vor aprecia ani de zile.<\/li>\n<li><em><strong>C\u00e2rlig pivotant 360\u00b0<\/strong><\/em>: Umera\u0219ul nostru are un c\u00e2rlig pivotant care ofer\u0103 o versatilitate excep\u021bional\u0103. Acest lucru permite ca costumele de nunt\u0103 s\u0103 fie at\u00e2rnate convenabil, indiferent de modul \u00een care sunt at\u00e2rnate \u00een dulap.<\/li>\n<li><em><strong>Cadou de neuitat:<\/strong><\/em> Acest cuier nu este doar un accesoriu func\u021bional, ci \u0219i un suvenir special al unei zile memorabile. Este un cadou pe care mirii \u00eel vor pre\u021bui \u0219i \u00ee\u0219i vor aminti cu drag \u00een anii urm\u0103tori.<\/li>\n<li><em><strong>Perfect pentru nun\u021bi \u0219i anivers\u0103ri:<\/strong><\/em> Pe l\u00e2ng\u0103 faptul c\u0103 este un cadou ideal de nunt\u0103, acest cuier personalizat este perfect \u0219i pentru aniversari, logodne \u0219i alte ocazii speciale legate de dragoste.<\/li>\n<li><em><strong>Calitate superioara:<\/strong><\/em> Folosim lemn de \u00eenalt\u0103 calitate, puternic \u0219i durabil. Aten\u021bia la detalii \u00een fiecare aspect al designului \u0219i produc\u021biei v\u0103 asigur\u0103 c\u0103 ve\u021bi ob\u021bine o pies\u0103 de calitate care va dura toat\u0103 via\u021ba.<\/li>\n<\/ul>\n<p>Arat\u0103-\u021bi dragostea \u0219i considera\u021bia aleg\u00e2nd acest cuier personalizat din lemn ca cadou pentru miri. De fiecare dat\u0103 c\u00e2nd \u00ee\u0219i at\u00e2rn\u0103 \u021binutele pe acest cuier unic, li se va aminti de dragostea \u0219i bucuria zilei lor speciale. Comanda ast\u0103zi \u0219i creeaz\u0103 o amintire de durat\u0103 pentru acel cuplu special din via\u021ba ta.<\/p>","protected":false},"excerpt":{"rendered":"<p>Umera\u0219 personalizat din lemn cu nume, ideal ca cadou pentru cuplurile care urmeaz\u0103 s\u0103 se c\u0103s\u0103toreasc\u0103. Nume din lemn t\u0103iate cu laser \u0219i pictate manual pentru o not\u0103 unic\u0103. C\u00e2rlig rotativ la 360\u00b0 pentru ag\u0103\u021bat confortabil costumele de nunt\u0103. Cadou de durata si emotionant pentru nunti si aniversari.<\/p>","protected":false},"featured_media":6630,"template":"","meta":{"_seopress_robots_primary_cat":"45","_seopress_titles_title":"%%title%%","_seopress_titles_desc":"","_seopress_robots_index":"","_seopress_analysis_target_kw":"","site-sidebar-layout":"default","site-content-layout":"","ast-site-content-layout":"default","site-content-style":"default","site-sidebar-style":"default","ast-global-header-display":"","ast-banner-title-visibility":"","ast-main-header-display":"","ast-hfb-above-header-display":"","ast-hfb-below-header-display":"","ast-hfb-mobile-header-display":"","site-post-title":"","ast-breadcrumbs-content":"","ast-featured-img":"","footer-sml-layout":"","ast-disable-related-posts":"","theme-transparent-header-meta":"","adv-header-id-meta":"","stick-header-meta":"","header-above-stick-meta":"","header-main-stick-meta":"","header-below-stick-meta":"","astra-migrate-meta-layouts":"default","ast-page-background-enabled":"default","ast-page-background-meta":{"desktop":{"background-color":"","background-image":"","background-repeat":"repeat","background-position":"center center","background-size":"auto","background-attachment":"scroll","background-type":"","background-media":"","overlay-type":"","overlay-color":"","overlay-opacity":"","overlay-gradient":""},"tablet":{"background-color":"","background-image":"","background-repeat":"repeat","background-position":"center center","background-size":"auto","background-attachment":"scroll","background-type":"","background-media":"","overlay-type":"","overlay-color":"","overlay-opacity":"","overlay-gradient":""},"mobile":{"background-color":"","background-image":"","background-repeat":"repeat","background-position":"center center","background-size":"auto","background-attachment":"scroll","background-type":"","background-media":"","overlay-type":"","overlay-color":"","overlay-opacity":"","overlay-gradient":""}},"ast-content-background-meta":{"desktop":{"background-color":"var(--ast-global-color-5)","background-image":"","background-repeat":"repeat","background-position":"center center","background-size":"auto","background-attachment":"scroll","background-type":"","background-media":"","overlay-type":"","overlay-color":"","overlay-opacity":"","overlay-gradient":""},"tablet":{"background-color":"var(--ast-global-color-5)","background-image":"","background-repeat":"repeat","background-position":"center center","background-size":"auto","background-attachment":"scroll","background-type":"","background-media":"","overlay-type":"","overlay-color":"","overlay-opacity":"","overlay-gradient":""},"mobile":{"background-color":"var(--ast-global-color-5)","background-image":"","background-repeat":"repeat","background-position":"center center","background-size":"auto","background-attachment":"scroll","background-type":"","background-media":"","overlay-type":"","overlay-color":"","overlay-opacity":"","overlay-gradient":""}}},"product_brand":[],"product_cat":[45,49],"product_tag":[],"class_list":{"0":"post-6609","1":"product","2":"type-product","3":"status-publish","4":"has-post-thumbnail","6":"product_cat-detalles-para-bodas-y-eventos","7":"product_cat-regalos-originales","8":"desktop-align-center","9":"tablet-align-left","10":"mobile-align-center","11":"ast-product-gallery-layout-horizontal","12":"ast-magnify-disabled","13":"ast-product-tabs-layout-horizontal","14":"tm-has-options","16":"first","17":"instock","18":"taxable","19":"shipping-taxable","20":"purchasable","21":"product-type-simple"},"_links":{"self":[{"href":"https:\/\/kiemmi.com\/ro\/wp-json\/wp\/v2\/product\/6609","targetHints":{"allow":["GET"]}}],"collection":[{"href":"https:\/\/kiemmi.com\/ro\/wp-json\/wp\/v2\/product"}],"about":[{"href":"https:\/\/kiemmi.com\/ro\/wp-json\/wp\/v2\/types\/product"}],"version-history":[{"count":0,"href":"https:\/\/kiemmi.com\/ro\/wp-json\/wp\/v2\/product\/6609\/revisions"}],"wp:featuredmedia":[{"embeddable":true,"href":"https:\/\/kiemmi.com\/ro\/wp-json\/wp\/v2\/media\/6630"}],"wp:attachment":[{"href":"https:\/\/kiemmi.com\/ro\/wp-json\/wp\/v2\/media?parent=6609"}],"wp:term":[{"taxonomy":"product_brand","embeddable":true,"href":"https:\/\/kiemmi.com\/ro\/wp-json\/wp\/v2\/product_brand?post=6609"},{"taxonomy":"product_cat","embeddable":true,"href":"https:\/\/kiemmi.com\/ro\/wp-json\/wp\/v2\/product_cat?post=6609"},{"taxonomy":"product_tag","embeddable":true,"href":"https:\/\/kiemmi.com\/ro\/wp-json\/wp\/v2\/product_tag?post=6609"}],"curies":[{"name":"wp","href":"https:\/\/api.w.org\/{rel}","templated":true}]}}