{"id":5871,"date":"2023-06-06T22:23:59","date_gmt":"2023-06-06T22:23:59","guid":{"rendered":"https:\/\/kiemmi.com\/?post_type=product&#038;p=5871"},"modified":"2024-07-28T13:50:36","modified_gmt":"2024-07-28T13:50:36","slug":"placa-de-lemn-pentru-profesori","status":"publish","type":"product","link":"https:\/\/kiemmi.com\/ro\/shop\/decoracion-del-hogar\/placa-de-madera-para-profesores\/","title":{"rendered":"Placa de lemn pentru profesori"},"content":{"rendered":"<p>S\u0103rb\u0103tore\u0219te-\u021bi profesorul \u00eentr-un mod special cu placa noastr\u0103 personalizat\u0103 din lemn pentru profesor! Aceast\u0103 plac\u0103 rafinat\u0103 din lemn este cadoul perfect pentru a comemora sf\u00e2r\u0219itul cursului sau pensionarea acelui profesor de neuitat.<\/p>\n<p>Fiecare plac\u0103 prezint\u0103 un disc elegant din lemn \u00een form\u0103 de cerc, t\u0103iat cu grij\u0103 cu numele profesorului \u00een relief \u0219i culoare. Aceast\u0103 tehnic\u0103 unic\u0103 eviden\u021biaz\u0103 numele \u0219i \u00eei confer\u0103 o not\u0103 distinctiv\u0103 \u0219i atr\u0103g\u0103toare. \u00cen plus, lemnul de \u00eenalt\u0103 calitate folosit \u00een plac\u0103 provine din p\u0103duri europene durabile, reflect\u00e2nd angajamentul nostru fa\u021b\u0103 de responsabilitatea fa\u021b\u0103 de mediu.<\/p>\n<p>Dar asta nu este tot, pute\u021bi personaliza \u0219i placa cu numele elevilor gravate \u00een lemn! Aceast\u0103 caracteristic\u0103 special\u0103 permite fiec\u0103rui elev s\u0103-\u0219i lase amprenta asupra cadoului, cre\u00e2nd un suvenir comemorativ unic \u0219i semnificativ. Pute\u021bi alege fraza care v\u0103 place cel mai mult, f\u0103c\u00e2nd din aceast\u0103 plac\u0103 un cadou cu adev\u0103rat personal \u0219i emo\u021bionant.<\/p>\n<p>Placa noastr\u0103 de profesor din lemn este mult mai mult dec\u00e2t un simplu cadou. Este o amintire durabil\u0103 \u0219i semnificativ\u0103, care surprinde momentele \u00eemp\u0103rt\u0103\u0219ite \u00een clas\u0103 \u0219i celebreaz\u0103 d\u0103ruirea \u0219i impactul pe care profesorul le-a avut asupra vie\u021bii elevilor s\u0103i. Cu acest cadou, \u00ee\u021bi vei ar\u0103ta recuno\u0219tin\u021ba \u0219i aprecierea \u00eentr-un mod tangibil \u0219i elegant.<\/p>\n<p>Nu rata\u021bi ocazia de a onora acel profesor special cu aceast\u0103 plac\u0103 unic\u0103 \u0219i memorabil\u0103. Comand\u0103-\u021bi ast\u0103zi \u0219i ofer\u0103 o amintire care va r\u0103m\u00e2ne pentru totdeauna \u00een inima profesorului t\u0103u preferat!<\/p>","protected":false},"excerpt":{"rendered":"<p>S\u0103rb\u0103tore\u0219te-\u021bi profesorul cu placa noastr\u0103 personalizat\u0103 din lemn. Un disc de lemn gravat cu numele profesorului. Lemnul provine din p\u0103duri europene durabile. Numele elevilor gravate pe lemn. Un cadou comemorativ pentru sf\u00e2r\u0219itul anului \u0219colar sau pentru pensionare. Personalizarea frazei \u00een func\u021bie de elevi. O amintire durabil\u0103 \u0219i semnificativ\u0103 pentru profesor.<\/p>","protected":false},"featured_media":5883,"template":"","meta":{"_seopress_robots_primary_cat":"51","_seopress_titles_title":"","_seopress_titles_desc":"","_seopress_robots_index":"","_seopress_analysis_target_kw":"","site-sidebar-layout":"default","site-content-layout":"","ast-site-content-layout":"default","site-content-style":"default","site-sidebar-style":"default","ast-global-header-display":"","ast-banner-title-visibility":"","ast-main-header-display":"","ast-hfb-above-header-display":"","ast-hfb-below-header-display":"","ast-hfb-mobile-header-display":"","site-post-title":"","ast-breadcrumbs-content":"","ast-featured-img":"","footer-sml-layout":"","ast-disable-related-posts":"","theme-transparent-header-meta":"","adv-header-id-meta":"","stick-header-meta":"","header-above-stick-meta":"","header-main-stick-meta":"","header-below-stick-meta":"","astra-migrate-meta-layouts":"default","ast-page-background-enabled":"default","ast-page-background-meta":{"desktop":{"background-color":"","background-image":"","background-repeat":"repeat","background-position":"center center","background-size":"auto","background-attachment":"scroll","background-type":"","background-media":"","overlay-type":"","overlay-color":"","overlay-opacity":"","overlay-gradient":""},"tablet":{"background-color":"","background-image":"","background-repeat":"repeat","background-position":"center center","background-size":"auto","background-attachment":"scroll","background-type":"","background-media":"","overlay-type":"","overlay-color":"","overlay-opacity":"","overlay-gradient":""},"mobile":{"background-color":"","background-image":"","background-repeat":"repeat","background-position":"center center","background-size":"auto","background-attachment":"scroll","background-type":"","background-media":"","overlay-type":"","overlay-color":"","overlay-opacity":"","overlay-gradient":""}},"ast-content-background-meta":{"desktop":{"background-color":"var(--ast-global-color-5)","background-image":"","background-repeat":"repeat","background-position":"center center","background-size":"auto","background-attachment":"scroll","background-type":"","background-media":"","overlay-type":"","overlay-color":"","overlay-opacity":"","overlay-gradient":""},"tablet":{"background-color":"var(--ast-global-color-5)","background-image":"","background-repeat":"repeat","background-position":"center center","background-size":"auto","background-attachment":"scroll","background-type":"","background-media":"","overlay-type":"","overlay-color":"","overlay-opacity":"","overlay-gradient":""},"mobile":{"background-color":"var(--ast-global-color-5)","background-image":"","background-repeat":"repeat","background-position":"center center","background-size":"auto","background-attachment":"scroll","background-type":"","background-media":"","overlay-type":"","overlay-color":"","overlay-opacity":"","overlay-gradient":""}}},"product_brand":[],"product_cat":[51,49],"product_tag":[],"class_list":{"0":"post-5871","1":"product","2":"type-product","3":"status-publish","4":"has-post-thumbnail","6":"product_cat-decoracion-del-hogar","7":"product_cat-regalos-originales","8":"desktop-align-center","9":"tablet-align-left","10":"mobile-align-center","11":"ast-product-gallery-layout-horizontal","12":"ast-magnify-disabled","13":"ast-product-tabs-layout-horizontal","14":"tm-has-options","16":"first","17":"instock","18":"taxable","19":"shipping-taxable","20":"purchasable","21":"product-type-simple"},"_links":{"self":[{"href":"https:\/\/kiemmi.com\/ro\/wp-json\/wp\/v2\/product\/5871","targetHints":{"allow":["GET"]}}],"collection":[{"href":"https:\/\/kiemmi.com\/ro\/wp-json\/wp\/v2\/product"}],"about":[{"href":"https:\/\/kiemmi.com\/ro\/wp-json\/wp\/v2\/types\/product"}],"version-history":[{"count":0,"href":"https:\/\/kiemmi.com\/ro\/wp-json\/wp\/v2\/product\/5871\/revisions"}],"wp:featuredmedia":[{"embeddable":true,"href":"https:\/\/kiemmi.com\/ro\/wp-json\/wp\/v2\/media\/5883"}],"wp:attachment":[{"href":"https:\/\/kiemmi.com\/ro\/wp-json\/wp\/v2\/media?parent=5871"}],"wp:term":[{"taxonomy":"product_brand","embeddable":true,"href":"https:\/\/kiemmi.com\/ro\/wp-json\/wp\/v2\/product_brand?post=5871"},{"taxonomy":"product_cat","embeddable":true,"href":"https:\/\/kiemmi.com\/ro\/wp-json\/wp\/v2\/product_cat?post=5871"},{"taxonomy":"product_tag","embeddable":true,"href":"https:\/\/kiemmi.com\/ro\/wp-json\/wp\/v2\/product_tag?post=5871"}],"curies":[{"name":"wp","href":"https:\/\/api.w.org\/{rel}","templated":true}]}}