{"id":5864,"date":"2023-06-05T09:37:06","date_gmt":"2023-06-05T09:37:06","guid":{"rendered":"https:\/\/kiemmi.com\/?post_type=product&#038;p=5864"},"modified":"2024-08-01T08:33:44","modified_gmt":"2024-08-01T08:33:44","slug":"joaca-toata-ziua-semn-din-lemn-pentru-decorarea-peretilor","status":"publish","type":"product","link":"https:\/\/kiemmi.com\/ro\/shop\/decoracion-del-hogar\/cartel-de-madera-play-all-day-para-decoracion-mural\/","title":{"rendered":"Semn din lemn \u201eJOA\u021aI toat\u0103 ziua\u201d pentru decorarea peretelui"},"content":{"rendered":"<p>St\u00e2rne\u0219te imagina\u021bia micu\u021bilor t\u0103i vis\u0103tori cu semnul nostru fermec\u0103tor din lemn natural \u201eJOC\u0102-TE toat\u0103 ziua\u201d. Acest poster este ideal pentru a decora pere\u021bii camerei copiilor t\u0103i, cre\u00e2nd o atmosfer\u0103 confortabil\u0103 \u0219i stimulatoare.<\/p>\n<p>Semnul nostru din lemn natural a fost realizat cu grij\u0103, cu dragoste \u0219i aten\u021bie la detalii. Fiecare liter\u0103 a fost sculptat\u0103 cu precizie din lemn de \u00eenalt\u0103 calitate, oferindu-i un farmec rustic de lung\u0103 durat\u0103. Designul s\u0103u simplu \u0219i elegant surprinde esen\u021ba copil\u0103riei, invit\u00e2nd copiii s\u0103-\u0219i exploreze imagina\u021bia \u0219i s\u0103 se cufunde \u00eentr-o lume a jocului nelimitat.<\/p>\n<p>A\u0219ez\u00e2nd acest poster pe peretele camerei, le vei reaminti copiilor t\u0103i importan\u021ba jocului. \u201eJOC\u0102\u021aI toat\u0103 ziua\u201d devine motto-ul lor zilnic, amintindu-le c\u0103 fiecare moment este o oportunitate de a visa, de a crea \u0219i de a se bucura. Acest semn va deveni un memento constant c\u0103 imagina\u021bia este motorul cre\u0219terii \u0219i dezvolt\u0103rii tale.<\/p>\n<p>Indiferent dac\u0103 copiilor t\u0103i le place s\u0103 se joace cu juc\u0103riile lor preferate, s\u0103 inventeze pove\u0219ti fantastice sau s\u0103 se cufunde \u00een lumi magice, semnul nostru din lemn natural este piesa perfect\u0103 pentru a le stimula spiritul copil\u0103resc. Designul s\u0103u simplu \u0219i fermec\u0103tor va deveni centrul aten\u021biei \u00een camer\u0103, ad\u0103ug\u00e2nd o not\u0103 special\u0103 fiec\u0103rui col\u021b.<\/p>\n<p>Nu rata ocazia de a decora camera micu\u021bului t\u0103u cu acest semn frumos din lemn natural \u201eJOC\u0102-TE toat\u0103 ziua\u201d. Ofer\u0103 copiilor t\u0103i un spa\u021biu confortabil care s\u0103rb\u0103tore\u0219te copil\u0103ria lor \u0219i le stimuleaz\u0103 imagina\u021bia nelimitat\u0103. Face\u021bi din fiecare zi o aventur\u0103 plin\u0103 de jocuri \u0219i distrac\u021bie cu semnul nostru din lemn natural \u201eJOC\u0102\u021aI toat\u0103 ziua\u201d!<\/p>\n<p>Fotografie realizat\u0103 de <a href=\"https:\/\/www.instagram.com\/p\/CraT5bZtnQS\/\" target=\"_blank\" rel=\"noopener\">col\u021burile_mei<\/a>.<\/p>","protected":false},"excerpt":{"rendered":"<p>St\u00e2nje\u0219te imagina\u021bia copiilor t\u0103i cu semnul nostru fermec\u0103tor din lemn natural \u201eJOC\u0102-TE toat\u0103 ziua\u201d. Ideal pentru decorarea camerei \u0219i stimularea creativit\u0103\u021bii. Fiecare liter\u0103 este sculptat\u0103 cu precizie din lemn de \u00eenalt\u0103 calitate. O reamintire constant\u0103 a importan\u021bei jocului \u0219i a imagina\u021biei \u00een dezvoltarea lor.<\/p>\n<p><strong>Dimensiuni:<\/strong><\/p>\n<ul>\n<li><strong>&quot;JUCA&quot;<\/strong>: 20 cm inaltime x 67 cm lungime<\/li>\n<li><strong>\u201etoat\u0103 ziua\u201d<\/strong>: 22 cm inaltime x 60 cm lungime<\/li>\n<\/ul>","protected":false},"featured_media":5866,"template":"","meta":{"_seopress_robots_primary_cat":"51","_seopress_titles_title":"%%title%% %%page%%","_seopress_titles_desc":"","_seopress_robots_index":"","_seopress_analysis_target_kw":"","site-sidebar-layout":"default","site-content-layout":"","ast-site-content-layout":"default","site-content-style":"default","site-sidebar-style":"default","ast-global-header-display":"","ast-banner-title-visibility":"","ast-main-header-display":"","ast-hfb-above-header-display":"","ast-hfb-below-header-display":"","ast-hfb-mobile-header-display":"","site-post-title":"","ast-breadcrumbs-content":"","ast-featured-img":"","footer-sml-layout":"","ast-disable-related-posts":"","theme-transparent-header-meta":"","adv-header-id-meta":"","stick-header-meta":"","header-above-stick-meta":"","header-main-stick-meta":"","header-below-stick-meta":"","astra-migrate-meta-layouts":"default","ast-page-background-enabled":"default","ast-page-background-meta":{"desktop":{"background-color":"","background-image":"","background-repeat":"repeat","background-position":"center center","background-size":"auto","background-attachment":"scroll","background-type":"","background-media":"","overlay-type":"","overlay-color":"","overlay-opacity":"","overlay-gradient":""},"tablet":{"background-color":"","background-image":"","background-repeat":"repeat","background-position":"center center","background-size":"auto","background-attachment":"scroll","background-type":"","background-media":"","overlay-type":"","overlay-color":"","overlay-opacity":"","overlay-gradient":""},"mobile":{"background-color":"","background-image":"","background-repeat":"repeat","background-position":"center center","background-size":"auto","background-attachment":"scroll","background-type":"","background-media":"","overlay-type":"","overlay-color":"","overlay-opacity":"","overlay-gradient":""}},"ast-content-background-meta":{"desktop":{"background-color":"var(--ast-global-color-5)","background-image":"","background-repeat":"repeat","background-position":"center center","background-size":"auto","background-attachment":"scroll","background-type":"","background-media":"","overlay-type":"","overlay-color":"","overlay-opacity":"","overlay-gradient":""},"tablet":{"background-color":"var(--ast-global-color-5)","background-image":"","background-repeat":"repeat","background-position":"center center","background-size":"auto","background-attachment":"scroll","background-type":"","background-media":"","overlay-type":"","overlay-color":"","overlay-opacity":"","overlay-gradient":""},"mobile":{"background-color":"var(--ast-global-color-5)","background-image":"","background-repeat":"repeat","background-position":"center center","background-size":"auto","background-attachment":"scroll","background-type":"","background-media":"","overlay-type":"","overlay-color":"","overlay-opacity":"","overlay-gradient":""}}},"product_brand":[],"product_cat":[44,51,52],"product_tag":[],"class_list":{"0":"post-5864","1":"product","2":"type-product","3":"status-publish","4":"has-post-thumbnail","6":"product_cat-cartel-madera","7":"product_cat-decoracion-del-hogar","8":"product_cat-habitacion-de-bebe","9":"desktop-align-center","10":"tablet-align-left","11":"mobile-align-center","12":"ast-product-gallery-layout-horizontal","13":"ast-product-gallery-with-no-image","14":"ast-magnify-disabled","15":"ast-product-tabs-layout-horizontal","16":"tm-no-options","18":"first","19":"instock","20":"taxable","21":"shipping-taxable","22":"purchasable","23":"product-type-simple"},"_links":{"self":[{"href":"https:\/\/kiemmi.com\/ro\/wp-json\/wp\/v2\/product\/5864","targetHints":{"allow":["GET"]}}],"collection":[{"href":"https:\/\/kiemmi.com\/ro\/wp-json\/wp\/v2\/product"}],"about":[{"href":"https:\/\/kiemmi.com\/ro\/wp-json\/wp\/v2\/types\/product"}],"version-history":[{"count":0,"href":"https:\/\/kiemmi.com\/ro\/wp-json\/wp\/v2\/product\/5864\/revisions"}],"wp:featuredmedia":[{"embeddable":true,"href":"https:\/\/kiemmi.com\/ro\/wp-json\/wp\/v2\/media\/5866"}],"wp:attachment":[{"href":"https:\/\/kiemmi.com\/ro\/wp-json\/wp\/v2\/media?parent=5864"}],"wp:term":[{"taxonomy":"product_brand","embeddable":true,"href":"https:\/\/kiemmi.com\/ro\/wp-json\/wp\/v2\/product_brand?post=5864"},{"taxonomy":"product_cat","embeddable":true,"href":"https:\/\/kiemmi.com\/ro\/wp-json\/wp\/v2\/product_cat?post=5864"},{"taxonomy":"product_tag","embeddable":true,"href":"https:\/\/kiemmi.com\/ro\/wp-json\/wp\/v2\/product_tag?post=5864"}],"curies":[{"name":"wp","href":"https:\/\/api.w.org\/{rel}","templated":true}]}}