{"id":5851,"date":"2023-06-03T11:48:39","date_gmt":"2023-06-03T11:48:39","guid":{"rendered":"https:\/\/kiemmi.com\/?post_type=product&#038;p=5851"},"modified":"2025-12-09T11:26:37","modified_gmt":"2025-12-09T11:26:37","slug":"pusculita-3d-in-scrisoare","status":"publish","type":"product","link":"https:\/\/kiemmi.com\/ro\/shop\/regalos-originales\/hucha-3d-en-letra\/","title":{"rendered":"Pu\u0219culi\u021b\u0103 3D \u00een scrisoare"},"content":{"rendered":"<p>Pu\u0219culi\u021b\u0103 3D \u00een form\u0103 de liter\u0103, creat\u0103 cu cea mai avansat\u0103 tehnologie de imprimare 3D. Aceast\u0103 pu\u0219culi\u021b\u0103 personalizabil\u0103 incredibil\u0103 este cadoul perfect care va face s\u0103 zboare imagina\u021bia copiilor.<\/p>\n<p>Pu\u0219culi\u021bele noastre 3D \u00een form\u0103 de litere sunt unice \u0219i pot fi personalizate cu numele fiec\u0103rui copil. Imagineaz\u0103-\u021bi emo\u021bia de pe fe\u021bele lor c\u00e2nd primesc o pu\u0219culi\u021b\u0103 cu ini\u021biala \u0219i propriul nume. Este un detaliu deosebit care \u00eei va face s\u0103 se simt\u0103 unici \u0219i iubi\u021bi.<\/p>\n<p>Partea din fa\u021b\u0103 a pu\u0219culi\u021bei este proiectat\u0103 cu un material transparent, permi\u021b\u00e2nd copiilor s\u0103 vad\u0103 cum cresc economiile lor. Este o experien\u021b\u0103 vizual\u0103 fascinant\u0103 \u0219i educativ\u0103 care \u00eei \u00eenva\u021b\u0103 importan\u021ba gestion\u0103rii \u00een\u021belepte a banilor.<\/p>\n<p>Pu\u0219culi\u021bele noastre 3D nu sunt doar practice, ci \u0219i un element decorativ fermec\u0103tor pentru camera oric\u0103rui copil. Designul s\u0103u modern \u0219i atr\u0103g\u0103tor adaug\u0103 o not\u0103 de distrac\u021bie \u0219i stil decorului.<\/p>\n<p>Pe l\u00e2ng\u0103 faptul c\u0103 sunt un cadou original, pu\u0219culi\u021bele noastre 3D \u00een form\u0103 de litere sunt o modalitate distractiv\u0103 prin care copiii \u00eenva\u021b\u0103 s\u0103-\u0219i economiseasc\u0103 \u0219i s\u0103-\u0219i gestioneze finan\u021bele. \u00cei va \u00eenv\u0103\u021ba abilit\u0103\u021bi valoroase care \u00eei vor servi pe tot parcursul vie\u021bii.<\/p>\n<p>Pe scurt, cele mai interesante \u0219i personalizabile pu\u0219culi\u021be cu scrisori 3D ale noastre sunt cadoul perfect pentru copii, inspir\u00e2ndu-i s\u0103 economiseasc\u0103 \u0219i s\u0103-\u0219i gestioneze banii \u00een timp ce se bucur\u0103 de propria lor pu\u0219culi\u021b\u0103 unic\u0103. Profita de aceasta ocazie si surprinde-i pe cei mici cu un cadou de neuitat!<\/p>\n<p><strong>Dimensiuni:<\/strong><\/p>\n<ul>\n<li><strong>Larg:<\/strong> Depinde de scrisoare<\/li>\n<li><strong>Ridicat:<\/strong> 15,5 cm<\/li>\n<li><strong>Grosime:<\/strong> 4 cm<\/li>\n<\/ul>","protected":false},"excerpt":{"rendered":"<p>Pu\u0219culi\u021b\u0103 3D personalizabil\u0103 \u00een form\u0103 de liter\u0103, realizat\u0103 cu imprimare 3D. Designul frontal transparent v\u0103 permite s\u0103 vede\u021bi cum se umple cu monede, transform\u00e2nd economisirea \u00eentr-o experien\u021b\u0103 captivant\u0103. Este cadoul ideal si original pentru copii, promovand invatarea acestora in administratia economica.<\/p>","protected":false},"featured_media":5856,"template":"","meta":{"_seopress_robots_primary_cat":"49","_seopress_titles_title":"","_seopress_titles_desc":"","_seopress_robots_index":"","_seopress_analysis_target_kw":"","site-sidebar-layout":"default","site-content-layout":"","ast-site-content-layout":"default","site-content-style":"default","site-sidebar-style":"default","ast-global-header-display":"","ast-banner-title-visibility":"","ast-main-header-display":"","ast-hfb-above-header-display":"","ast-hfb-below-header-display":"","ast-hfb-mobile-header-display":"","site-post-title":"","ast-breadcrumbs-content":"","ast-featured-img":"","footer-sml-layout":"","ast-disable-related-posts":"","theme-transparent-header-meta":"","adv-header-id-meta":"","stick-header-meta":"","header-above-stick-meta":"","header-main-stick-meta":"","header-below-stick-meta":"","astra-migrate-meta-layouts":"default","ast-page-background-enabled":"default","ast-page-background-meta":{"desktop":{"background-color":"","background-image":"","background-repeat":"repeat","background-position":"center center","background-size":"auto","background-attachment":"scroll","background-type":"","background-media":"","overlay-type":"","overlay-color":"","overlay-opacity":"","overlay-gradient":""},"tablet":{"background-color":"","background-image":"","background-repeat":"repeat","background-position":"center center","background-size":"auto","background-attachment":"scroll","background-type":"","background-media":"","overlay-type":"","overlay-color":"","overlay-opacity":"","overlay-gradient":""},"mobile":{"background-color":"","background-image":"","background-repeat":"repeat","background-position":"center center","background-size":"auto","background-attachment":"scroll","background-type":"","background-media":"","overlay-type":"","overlay-color":"","overlay-opacity":"","overlay-gradient":""}},"ast-content-background-meta":{"desktop":{"background-color":"var(--ast-global-color-5)","background-image":"","background-repeat":"repeat","background-position":"center center","background-size":"auto","background-attachment":"scroll","background-type":"","background-media":"","overlay-type":"","overlay-color":"","overlay-opacity":"","overlay-gradient":""},"tablet":{"background-color":"var(--ast-global-color-5)","background-image":"","background-repeat":"repeat","background-position":"center center","background-size":"auto","background-attachment":"scroll","background-type":"","background-media":"","overlay-type":"","overlay-color":"","overlay-opacity":"","overlay-gradient":""},"mobile":{"background-color":"var(--ast-global-color-5)","background-image":"","background-repeat":"repeat","background-position":"center center","background-size":"auto","background-attachment":"scroll","background-type":"","background-media":"","overlay-type":"","overlay-color":"","overlay-opacity":"","overlay-gradient":""}}},"product_brand":[],"product_cat":[52,49],"product_tag":[],"class_list":{"0":"post-5851","1":"product","2":"type-product","3":"status-publish","4":"has-post-thumbnail","6":"product_cat-habitacion-de-bebe","7":"product_cat-regalos-originales","8":"desktop-align-center","9":"tablet-align-left","10":"mobile-align-center","11":"ast-product-gallery-layout-horizontal","12":"ast-magnify-disabled","13":"ast-product-tabs-layout-horizontal","14":"tm-has-options","16":"first","17":"instock","18":"taxable","19":"shipping-taxable","20":"purchasable","21":"product-type-simple"},"_links":{"self":[{"href":"https:\/\/kiemmi.com\/ro\/wp-json\/wp\/v2\/product\/5851","targetHints":{"allow":["GET"]}}],"collection":[{"href":"https:\/\/kiemmi.com\/ro\/wp-json\/wp\/v2\/product"}],"about":[{"href":"https:\/\/kiemmi.com\/ro\/wp-json\/wp\/v2\/types\/product"}],"version-history":[{"count":0,"href":"https:\/\/kiemmi.com\/ro\/wp-json\/wp\/v2\/product\/5851\/revisions"}],"wp:featuredmedia":[{"embeddable":true,"href":"https:\/\/kiemmi.com\/ro\/wp-json\/wp\/v2\/media\/5856"}],"wp:attachment":[{"href":"https:\/\/kiemmi.com\/ro\/wp-json\/wp\/v2\/media?parent=5851"}],"wp:term":[{"taxonomy":"product_brand","embeddable":true,"href":"https:\/\/kiemmi.com\/ro\/wp-json\/wp\/v2\/product_brand?post=5851"},{"taxonomy":"product_cat","embeddable":true,"href":"https:\/\/kiemmi.com\/ro\/wp-json\/wp\/v2\/product_cat?post=5851"},{"taxonomy":"product_tag","embeddable":true,"href":"https:\/\/kiemmi.com\/ro\/wp-json\/wp\/v2\/product_tag?post=5851"}],"curies":[{"name":"wp","href":"https:\/\/api.w.org\/{rel}","templated":true}]}}