{"id":5650,"date":"2023-05-16T20:41:58","date_gmt":"2023-05-16T20:41:58","guid":{"rendered":"https:\/\/kiemmi.com\/?post_type=product&#038;p=5650"},"modified":"2026-02-15T12:42:37","modified_gmt":"2026-02-15T12:42:37","slug":"cutie-de-bijuterii-din-lemn-personalizabila","status":"publish","type":"product","link":"https:\/\/kiemmi.com\/ro\/shop\/cajas-de-madera-personalizadas\/joyero-de-madera-personalizable\/","title":{"rendered":"Cutie de bijuterii personalizat\u0103 \u00een form\u0103 de inim\u0103, realizat\u0103 din lemn masiv de pin"},"content":{"rendered":"<p>Descoper\u0103 c\u0103ldura \u0219i elegan\u021ba lemnului natural cu aceast\u0103 cutie exclusiv\u0103 de bijuterii \u00een form\u0103 de inim\u0103, realizat\u0103 manual din lemn masiv de pin \u0219i conceput\u0103 pentru a p\u0103stra cele mai speciale bijuterii \u0219i amintiri ale tale.<\/p>\n<p>Fiecare pies\u0103 este realizat\u0103 cu grij\u0103 la comand\u0103 \u00een atelierul nostru, combin\u00e2nd tehnici de t\u0103iere \u0219i gravare cu laser de \u00eenalt\u0103 precizie cu un finisaj artizanal care eviden\u021biaz\u0103 frumuse\u021bea autentic\u0103 a lemnului. Fibrele naturale ale pinului fac ca fiecare cutie de bijuterii s\u0103 fie unic\u0103, o pies\u0103 unic\u0103, plin\u0103 de caracter.<\/p>\n<p>Designul s\u0103u \u00een form\u0103 de inim\u0103 simbolizeaz\u0103 afec\u021biunea \u0219i momentele importante, fiind un cadou ideal pentru anivers\u0103ri, zile de na\u0219tere, nun\u021bi sau orice ocazie special\u0103. \u00cen plus, capacul poate fi personalizat cu un nume sau un mesaj la alegere, cre\u00e2nd o amintire durabil\u0103 \u0219i semnificativ\u0103.<\/p>\n<p>Sistemul integrat de \u00eenchidere magnetic\u0103, format din trei magne\u021bi din neodim ascun\u0219i, men\u021bine capacul perfect aliniat \u0219i asigur\u0103 o \u00eenchidere ferm\u0103 \u0219i elegant\u0103, f\u0103r\u0103 a fi nevoie de balamale vizibile, oferind un design curat \u0219i modern.<\/p>\n<p>Po\u021bi alege \u00eentre a include o oglind\u0103 \u00een interior sau a p\u0103stra finisajul complet din lemn natural, adapt\u00e2ndu-l stilului t\u0103u personal.<\/p>\n<p>Mai mult dec\u00e2t o simpl\u0103 cutie de bijuterii, este o pies\u0103 decorativ\u0103 conceput\u0103 s\u0103 te \u00eenso\u021beasc\u0103 ani de zile \u0219i s\u0103 p\u0103streze ceea ce conteaz\u0103 cu adev\u0103rat.<\/p>\n<p>\u2728 Caracteristici:<\/p>\n<ul>\n<li>Fabricat din lemn masiv de pin natural<\/li>\n<li>Design elegant \u00een form\u0103 de inim\u0103<\/li>\n<li>\u00cenchidere magnetic\u0103 ascuns\u0103 cu 3 magne\u021bi din neodim<\/li>\n<li>Gravur\u0103 laser de \u00eenalt\u0103 precizie<\/li>\n<li>Personalizare op\u021bional\u0103 cu nume sau mesaj<\/li>\n<li>Op\u021biune cu oglind\u0103 interioar\u0103 sau finisaj natural<\/li>\n<li>Lucrat manual la comand\u0103<\/li>\n<\/ul>\n<p>\ud83d\udcd0 Dimensiuni:<\/p>\n<ul>\n<li>L\u0103\u021bime: 11,5 cm<\/li>\n<li>\u00cen\u0103l\u021bime: 10 cm<\/li>\n<li>Grosime: 2,4 cm<\/li>\n<\/ul>\n<p>\ud83d\udce6 Informa\u021bii suplimentare:<\/p>\n<p>Fiecare cutie de bijuterii este fabricat\u0103 individual dup\u0103 plasarea comenzii, garant\u00e2nd o pies\u0103 unic\u0103.<br \/>\nBijuteriile prezentate \u00een imagini nu sunt incluse.<\/p>","protected":false},"excerpt":{"rendered":"<p>Cutie elegant\u0103 pentru bijuterii \u00een form\u0103 de inim\u0103, realizat\u0103 manual din lemn masiv de pin. Personaliza\u021bi-o cu un nume sau un mesaj \u0219i dispune de o \u00eenchidere magnetic\u0103 ascuns\u0103 cu magne\u021bi din neodim. Un cadou unic \u0219i plin de semnifica\u021bie pentru ocazii speciale.<\/p>","protected":false},"featured_media":52863,"template":"","meta":{"_seopress_robots_primary_cat":"38","_seopress_titles_title":"Joyero coraz\u00f3n personalizado de madera maciza de pino con cierre magn\u00e9tico","_seopress_titles_desc":"Joyero en forma de coraz\u00f3n fabricado en madera maciza de pino, personalizado y hecho a mano. Con cierre magn\u00e9tico oculto y dise\u00f1o elegante, ideal como regalo especial o recuerdo \u00fanico.","_seopress_robots_index":"","_seopress_analysis_target_kw":"","site-sidebar-layout":"default","site-content-layout":"","ast-site-content-layout":"default","site-content-style":"default","site-sidebar-style":"default","ast-global-header-display":"","ast-banner-title-visibility":"","ast-main-header-display":"","ast-hfb-above-header-display":"","ast-hfb-below-header-display":"","ast-hfb-mobile-header-display":"","site-post-title":"","ast-breadcrumbs-content":"","ast-featured-img":"","footer-sml-layout":"","ast-disable-related-posts":"","theme-transparent-header-meta":"default","adv-header-id-meta":"","stick-header-meta":"default","header-above-stick-meta":"","header-main-stick-meta":"","header-below-stick-meta":"","astra-migrate-meta-layouts":"set","ast-page-background-enabled":"default","ast-page-background-meta":{"desktop":{"background-color":"","background-image":"","background-repeat":"repeat","background-position":"center center","background-size":"auto","background-attachment":"scroll","background-type":"","background-media":"","overlay-type":"","overlay-color":"","overlay-opacity":"","overlay-gradient":""},"tablet":{"background-color":"","background-image":"","background-repeat":"repeat","background-position":"center center","background-size":"auto","background-attachment":"scroll","background-type":"","background-media":"","overlay-type":"","overlay-color":"","overlay-opacity":"","overlay-gradient":""},"mobile":{"background-color":"","background-image":"","background-repeat":"repeat","background-position":"center center","background-size":"auto","background-attachment":"scroll","background-type":"","background-media":"","overlay-type":"","overlay-color":"","overlay-opacity":"","overlay-gradient":""}},"ast-content-background-meta":{"desktop":{"background-color":"var(--ast-global-color-5)","background-image":"","background-repeat":"repeat","background-position":"center center","background-size":"auto","background-attachment":"scroll","background-type":"","background-media":"","overlay-type":"","overlay-color":"","overlay-opacity":"","overlay-gradient":""},"tablet":{"background-color":"var(--ast-global-color-5)","background-image":"","background-repeat":"repeat","background-position":"center center","background-size":"auto","background-attachment":"scroll","background-type":"","background-media":"","overlay-type":"","overlay-color":"","overlay-opacity":"","overlay-gradient":""},"mobile":{"background-color":"var(--ast-global-color-5)","background-image":"","background-repeat":"repeat","background-position":"center center","background-size":"auto","background-attachment":"scroll","background-type":"","background-media":"","overlay-type":"","overlay-color":"","overlay-opacity":"","overlay-gradient":""}}},"product_brand":[],"product_cat":[38,49],"product_tag":[],"class_list":{"0":"post-5650","1":"product","2":"type-product","3":"status-publish","4":"has-post-thumbnail","6":"product_cat-cajas-de-madera-personalizadas","7":"product_cat-regalos-originales","8":"desktop-align-center","9":"tablet-align-left","10":"mobile-align-center","11":"ast-product-gallery-layout-horizontal","12":"ast-magnify-disabled","13":"ast-product-tabs-layout-horizontal","14":"tm-has-options","16":"first","17":"instock","18":"taxable","19":"shipping-taxable","20":"purchasable","21":"product-type-simple"},"_links":{"self":[{"href":"https:\/\/kiemmi.com\/ro\/wp-json\/wp\/v2\/product\/5650","targetHints":{"allow":["GET"]}}],"collection":[{"href":"https:\/\/kiemmi.com\/ro\/wp-json\/wp\/v2\/product"}],"about":[{"href":"https:\/\/kiemmi.com\/ro\/wp-json\/wp\/v2\/types\/product"}],"version-history":[{"count":0,"href":"https:\/\/kiemmi.com\/ro\/wp-json\/wp\/v2\/product\/5650\/revisions"}],"wp:featuredmedia":[{"embeddable":true,"href":"https:\/\/kiemmi.com\/ro\/wp-json\/wp\/v2\/media\/52863"}],"wp:attachment":[{"href":"https:\/\/kiemmi.com\/ro\/wp-json\/wp\/v2\/media?parent=5650"}],"wp:term":[{"taxonomy":"product_brand","embeddable":true,"href":"https:\/\/kiemmi.com\/ro\/wp-json\/wp\/v2\/product_brand?post=5650"},{"taxonomy":"product_cat","embeddable":true,"href":"https:\/\/kiemmi.com\/ro\/wp-json\/wp\/v2\/product_cat?post=5650"},{"taxonomy":"product_tag","embeddable":true,"href":"https:\/\/kiemmi.com\/ro\/wp-json\/wp\/v2\/product_tag?post=5650"}],"curies":[{"name":"wp","href":"https:\/\/api.w.org\/{rel}","templated":true}]}}