{"id":5634,"date":"2023-05-13T09:47:46","date_gmt":"2023-05-13T09:47:46","guid":{"rendered":"https:\/\/kiemmi.com\/?post_type=product&#038;p=5634"},"modified":"2025-09-12T11:14:14","modified_gmt":"2025-09-12T11:14:14","slug":"lada-personalizata-cadou-din-lemn-realizata-manual","status":"publish","type":"product","link":"https:\/\/kiemmi.com\/ro\/shop\/cajas-de-madera-personalizadas\/cofre-de-madera-personalizada-para-regalos-hecha-a-mano\/","title":{"rendered":"Cutie cadou personalizata din lemn realizata manual"},"content":{"rendered":"<p>Cuf\u0103r din lemn t\u0103iat \u0219i gravat cu laser, cu capac personalizabil. Acest cuf\u0103r este locul perfect pentru a-\u021bi depozita cele mai pre\u021bioase bijuterii sau pentru a oferi cadou cuiva special.<\/p>\n<p>Ceea ce face ca acest cuf\u0103r s\u0103 fie deosebit este faptul c\u0103 este realizat manual la cele mai \u00eenalte standarde de calitate \u0219i aten\u021bie la detalii. Folosim lemn din p\u0103duri europene durabile, asigur\u00e2ndu-ne c\u0103 fiecare lad\u0103 este unic\u0103 \u0219i are propria sa poveste. \u00cen plus, am folosit produse ecologice pentru a l\u0103cui pieptul, care nu numai c\u0103 protejeaz\u0103 suprafa\u021ba \u0219i o face durabil\u0103, dar ajut\u0103 \u0219i la protejarea planetei noastre.<\/p>\n<p>Fiecare lad\u0103 se face la comand\u0103, ceea ce \u00eenseamn\u0103 c\u0103 nu avem stoc. Acest lucru asigur\u0103 c\u0103 fiecare cuf\u0103r este realizat cu \u00eengrijire \u0219i aten\u021bie individualizate. Gravura cu laser de pe capacul personalizabil este o caracteristic\u0103 special\u0103 care adaug\u0103 o not\u0103 personal\u0103 \u0219i unic\u0103 pieptului.<\/p>\n<p>Dac\u0103 sunte\u021bi \u00een c\u0103utarea unui cadou pentru cineva special sau pur \u0219i simplu dori\u021bi s\u0103 v\u0103 depozita\u021bi bijuteriile \u00eentr-un loc special, aceast\u0103 lad\u0103 din lemn realizat\u0103 manual este alegerea perfect\u0103. Suntem siguri c\u0103 ve\u021bi iubi calitatea \u0219i detaliile din fiecare cuf\u0103r pe care \u00eel facem. Nu ezita\u021bi s\u0103 plasa\u021bi comanda ast\u0103zi \u0219i experimenta\u021bi m\u0103iestria de \u00eenalt\u0103 calitate \u00een casa dvs.!<\/p>\n<p><strong>Caracteristici:<\/strong><\/p>\n<ul>\n<li>Material: Lemn natural lacuit cu produse ecologice<\/li>\n<li>Dimensiuni: 10 cm latime x 8,6 cm lungime x 6,8 cm inaltime<\/li>\n<\/ul>","protected":false},"excerpt":{"rendered":"<p>V\u0103 prezent\u0103m lada noastr\u0103 din lemn realizat\u0103 manual, cu t\u0103iere \u0219i gravare cu laser, \u0219i un capac personalizabil. Ideal pentru depozitarea bijuteriilor sau ca un cadou pentru cineva special. Folosim lemn din p\u0103duri europene durabile \u0219i lac ecologic pentru a-i proteja suprafa\u021ba. Fiecare lad\u0103 este realizat\u0103 la comand\u0103, asigur\u00e2nd o aten\u021bie individualizat\u0103 \u0219i o calitate excep\u021bional\u0103. Comanda\u021bi ast\u0103zi \u0219i experimenta\u021bi m\u0103iestria de \u00eenalt\u0103 calitate \u00een casa dvs.<\/p>","protected":false},"featured_media":6249,"template":"","meta":{"_seopress_robots_primary_cat":"38","_seopress_titles_title":"%%title%% %%page%%","_seopress_titles_desc":"","_seopress_robots_index":"","_seopress_analysis_target_kw":"","site-sidebar-layout":"default","site-content-layout":"","ast-site-content-layout":"default","site-content-style":"default","site-sidebar-style":"default","ast-global-header-display":"","ast-banner-title-visibility":"","ast-main-header-display":"","ast-hfb-above-header-display":"","ast-hfb-below-header-display":"","ast-hfb-mobile-header-display":"","site-post-title":"","ast-breadcrumbs-content":"","ast-featured-img":"","footer-sml-layout":"","ast-disable-related-posts":"","theme-transparent-header-meta":"default","adv-header-id-meta":"","stick-header-meta":"default","header-above-stick-meta":"","header-main-stick-meta":"","header-below-stick-meta":"","astra-migrate-meta-layouts":"set","ast-page-background-enabled":"default","ast-page-background-meta":{"desktop":{"background-color":"","background-image":"","background-repeat":"repeat","background-position":"center center","background-size":"auto","background-attachment":"scroll","background-type":"","background-media":"","overlay-type":"","overlay-color":"","overlay-opacity":"","overlay-gradient":""},"tablet":{"background-color":"","background-image":"","background-repeat":"repeat","background-position":"center center","background-size":"auto","background-attachment":"scroll","background-type":"","background-media":"","overlay-type":"","overlay-color":"","overlay-opacity":"","overlay-gradient":""},"mobile":{"background-color":"","background-image":"","background-repeat":"repeat","background-position":"center center","background-size":"auto","background-attachment":"scroll","background-type":"","background-media":"","overlay-type":"","overlay-color":"","overlay-opacity":"","overlay-gradient":""}},"ast-content-background-meta":{"desktop":{"background-color":"var(--ast-global-color-5)","background-image":"","background-repeat":"repeat","background-position":"center center","background-size":"auto","background-attachment":"scroll","background-type":"","background-media":"","overlay-type":"","overlay-color":"","overlay-opacity":"","overlay-gradient":""},"tablet":{"background-color":"var(--ast-global-color-5)","background-image":"","background-repeat":"repeat","background-position":"center center","background-size":"auto","background-attachment":"scroll","background-type":"","background-media":"","overlay-type":"","overlay-color":"","overlay-opacity":"","overlay-gradient":""},"mobile":{"background-color":"var(--ast-global-color-5)","background-image":"","background-repeat":"repeat","background-position":"center center","background-size":"auto","background-attachment":"scroll","background-type":"","background-media":"","overlay-type":"","overlay-color":"","overlay-opacity":"","overlay-gradient":""}}},"product_brand":[],"product_cat":[38],"product_tag":[],"class_list":{"0":"post-5634","1":"product","2":"type-product","3":"status-publish","4":"has-post-thumbnail","6":"product_cat-cajas-de-madera-personalizadas","7":"desktop-align-center","8":"tablet-align-left","9":"mobile-align-center","10":"ast-product-gallery-layout-horizontal","11":"ast-magnify-disabled","12":"ast-product-tabs-layout-horizontal","13":"tm-has-options","15":"first","16":"instock","17":"taxable","18":"shipping-taxable","19":"purchasable","20":"product-type-simple"},"_links":{"self":[{"href":"https:\/\/kiemmi.com\/ro\/wp-json\/wp\/v2\/product\/5634","targetHints":{"allow":["GET"]}}],"collection":[{"href":"https:\/\/kiemmi.com\/ro\/wp-json\/wp\/v2\/product"}],"about":[{"href":"https:\/\/kiemmi.com\/ro\/wp-json\/wp\/v2\/types\/product"}],"version-history":[{"count":0,"href":"https:\/\/kiemmi.com\/ro\/wp-json\/wp\/v2\/product\/5634\/revisions"}],"wp:featuredmedia":[{"embeddable":true,"href":"https:\/\/kiemmi.com\/ro\/wp-json\/wp\/v2\/media\/6249"}],"wp:attachment":[{"href":"https:\/\/kiemmi.com\/ro\/wp-json\/wp\/v2\/media?parent=5634"}],"wp:term":[{"taxonomy":"product_brand","embeddable":true,"href":"https:\/\/kiemmi.com\/ro\/wp-json\/wp\/v2\/product_brand?post=5634"},{"taxonomy":"product_cat","embeddable":true,"href":"https:\/\/kiemmi.com\/ro\/wp-json\/wp\/v2\/product_cat?post=5634"},{"taxonomy":"product_tag","embeddable":true,"href":"https:\/\/kiemmi.com\/ro\/wp-json\/wp\/v2\/product_tag?post=5634"}],"curies":[{"name":"wp","href":"https:\/\/api.w.org\/{rel}","templated":true}]}}