{"id":5484,"date":"2023-05-08T08:02:04","date_gmt":"2023-05-08T08:02:04","guid":{"rendered":"https:\/\/kiemmi.com\/?post_type=product&#038;p=5484"},"modified":"2025-09-12T11:15:21","modified_gmt":"2025-09-12T11:15:21","slug":"cutie-cadou-din-lemn-personalizata-lucrata-manual","status":"publish","type":"product","link":"https:\/\/kiemmi.com\/ro\/shop\/cajas-de-madera-personalizadas\/caja-de-madera-personalizada-para-regalos-hecha-a-mano\/","title":{"rendered":"Cutie cadou personalizata din lemn realizata manual"},"content":{"rendered":"<p>Cutia noastr\u0103 din lemn realizat\u0103 manual este o adev\u0103rat\u0103 comoar\u0103 a m\u0103iestriei. Fiecare cutie este t\u0103iat\u0103 \u0219i gravat\u0103 cu laser pentru a asigura o potrivire perfect\u0103 \u0219i un design personalizat. Capacul superior al cutiei poate fi personalizat cu orice text \u00ee\u021bi place, f\u0103c\u00e2ndu-l un cadou cu adev\u0103rat special pentru prieteni, familie sau chiar pentru tine.<\/p>\n<p>Cutia este realizat\u0103 din lemn care provine din p\u0103duri europene durabile \u0219i este l\u0103cuit\u0103 cu produse ecologice pentru a-\u0219i proteja suprafa\u021ba \u0219i a asigura durabilitatea pe termen lung. \u00cen plus, po\u021bi alege s\u0103 ai fundul cutiei preg\u0103tit cu catifea neagr\u0103 sau ro\u0219ie pentru un aspect \u0219i mai elegant.<\/p>\n<p>Nu avem stoc, fiecare cutie este realizata manual la comanda. Acest lucru ne permite s\u0103 dedic\u0103m timpul \u0219i aten\u021bia necesare pentru a ne asigura c\u0103 fiecare cutie are finisaje incredibile, de \u00eenalt\u0103 calitate. Aten\u021bia la detalii este una dintre preocup\u0103rile noastre principale \u0219i ne asigur\u0103m c\u0103 fiecare cutie pe care o expediem este o oper\u0103 de art\u0103 unic\u0103, personalizat\u0103.<\/p>\n<p>Pe scurt, cutia noastra din lemn lucrata manual este un cadou original si personalizat pe care nu il vei gasi in niciun alt magazin. Cu materiale durabile \u0219i o aten\u021bie de neegalat la detalii, aceast\u0103 cutie este cu adev\u0103rat unic\u0103 \u0219i va fi apreciat\u0103 de oricine o prime\u0219te.<\/p>\n<p><strong>Caracteristici:<\/strong><\/p>\n<ul>\n<li>Material: Lemn natural vopsit culoarea nuc si lacuit cu produse ecologice<\/li>\n<li>Dimensiuni: 15 cm latime x 8 cm lungime x 3,4 cm inaltime<\/li>\n<\/ul>","protected":false},"excerpt":{"rendered":"<p>Cutia noastr\u0103 din lemn realizat\u0103 manual este o oper\u0103 de art\u0103 personalizat\u0103. Decupat \u0219i gravat cu laser, capacul superior al cutiei poate fi personalizat cu orice text dori\u021bi sau cu numele persoanei c\u0103reia dori\u021bi s\u0103-i face\u021bi cadou cutia. Fabricat\u0103 din lemn provenit din p\u0103duri europene durabile \u0219i l\u0103cuit\u0103 cu produse ecologice pentru a-\u0219i proteja suprafa\u021ba, fiecare cutie este realizat\u0103 manual la comand\u0103 pentru a asigura un finisaj incredibil, de \u00eenalt\u0103 calitate. \u00cen plus, fundul cutiei poate fi preg\u0103tit cu catifea neagr\u0103 sau ro\u0219ie pentru un aspect \u0219i mai elegant. Este cadoul perfect si original pentru orice ocazie.<\/p>","protected":false},"featured_media":5486,"template":"","meta":{"_seopress_robots_primary_cat":"38","_seopress_titles_title":"%%title%% %%page%%","_seopress_titles_desc":"","_seopress_robots_index":"","_seopress_analysis_target_kw":"","site-sidebar-layout":"default","site-content-layout":"","ast-site-content-layout":"default","site-content-style":"default","site-sidebar-style":"default","ast-global-header-display":"","ast-banner-title-visibility":"","ast-main-header-display":"","ast-hfb-above-header-display":"","ast-hfb-below-header-display":"","ast-hfb-mobile-header-display":"","site-post-title":"","ast-breadcrumbs-content":"","ast-featured-img":"","footer-sml-layout":"","ast-disable-related-posts":"","theme-transparent-header-meta":"default","adv-header-id-meta":"","stick-header-meta":"default","header-above-stick-meta":"","header-main-stick-meta":"","header-below-stick-meta":"","astra-migrate-meta-layouts":"set","ast-page-background-enabled":"default","ast-page-background-meta":{"desktop":{"background-color":"","background-image":"","background-repeat":"repeat","background-position":"center center","background-size":"auto","background-attachment":"scroll","background-type":"","background-media":"","overlay-type":"","overlay-color":"","overlay-opacity":"","overlay-gradient":""},"tablet":{"background-color":"","background-image":"","background-repeat":"repeat","background-position":"center center","background-size":"auto","background-attachment":"scroll","background-type":"","background-media":"","overlay-type":"","overlay-color":"","overlay-opacity":"","overlay-gradient":""},"mobile":{"background-color":"","background-image":"","background-repeat":"repeat","background-position":"center center","background-size":"auto","background-attachment":"scroll","background-type":"","background-media":"","overlay-type":"","overlay-color":"","overlay-opacity":"","overlay-gradient":""}},"ast-content-background-meta":{"desktop":{"background-color":"var(--ast-global-color-5)","background-image":"","background-repeat":"repeat","background-position":"center center","background-size":"auto","background-attachment":"scroll","background-type":"","background-media":"","overlay-type":"","overlay-color":"","overlay-opacity":"","overlay-gradient":""},"tablet":{"background-color":"var(--ast-global-color-5)","background-image":"","background-repeat":"repeat","background-position":"center center","background-size":"auto","background-attachment":"scroll","background-type":"","background-media":"","overlay-type":"","overlay-color":"","overlay-opacity":"","overlay-gradient":""},"mobile":{"background-color":"var(--ast-global-color-5)","background-image":"","background-repeat":"repeat","background-position":"center center","background-size":"auto","background-attachment":"scroll","background-type":"","background-media":"","overlay-type":"","overlay-color":"","overlay-opacity":"","overlay-gradient":""}}},"product_brand":[],"product_cat":[38],"product_tag":[],"class_list":{"0":"post-5484","1":"product","2":"type-product","3":"status-publish","4":"has-post-thumbnail","6":"product_cat-cajas-de-madera-personalizadas","7":"desktop-align-center","8":"tablet-align-left","9":"mobile-align-center","10":"ast-product-gallery-layout-horizontal","11":"ast-magnify-disabled","12":"ast-product-tabs-layout-horizontal","13":"tm-has-options","15":"first","16":"instock","17":"taxable","18":"shipping-taxable","19":"purchasable","20":"product-type-simple"},"_links":{"self":[{"href":"https:\/\/kiemmi.com\/ro\/wp-json\/wp\/v2\/product\/5484","targetHints":{"allow":["GET"]}}],"collection":[{"href":"https:\/\/kiemmi.com\/ro\/wp-json\/wp\/v2\/product"}],"about":[{"href":"https:\/\/kiemmi.com\/ro\/wp-json\/wp\/v2\/types\/product"}],"version-history":[{"count":0,"href":"https:\/\/kiemmi.com\/ro\/wp-json\/wp\/v2\/product\/5484\/revisions"}],"wp:featuredmedia":[{"embeddable":true,"href":"https:\/\/kiemmi.com\/ro\/wp-json\/wp\/v2\/media\/5486"}],"wp:attachment":[{"href":"https:\/\/kiemmi.com\/ro\/wp-json\/wp\/v2\/media?parent=5484"}],"wp:term":[{"taxonomy":"product_brand","embeddable":true,"href":"https:\/\/kiemmi.com\/ro\/wp-json\/wp\/v2\/product_brand?post=5484"},{"taxonomy":"product_cat","embeddable":true,"href":"https:\/\/kiemmi.com\/ro\/wp-json\/wp\/v2\/product_cat?post=5484"},{"taxonomy":"product_tag","embeddable":true,"href":"https:\/\/kiemmi.com\/ro\/wp-json\/wp\/v2\/product_tag?post=5484"}],"curies":[{"name":"wp","href":"https:\/\/api.w.org\/{rel}","templated":true}]}}