{"id":5420,"date":"2023-05-06T23:14:28","date_gmt":"2023-05-06T23:14:28","guid":{"rendered":"https:\/\/kiemmi.com\/?post_type=product&#038;p=5420"},"modified":"2026-04-09T17:04:49","modified_gmt":"2026-04-09T15:04:49","slug":"papion-personalizabil-din-lemn","status":"publish","type":"product","link":"https:\/\/kiemmi.com\/ro\/shop\/moda\/pajarita-de-madera-personalizable\/","title":{"rendered":"Papion personalizabil din lemn"},"content":{"rendered":"<p>Dac\u0103 sunte\u021bi \u00een c\u0103utarea unui accesoriu pentru \u021binuta dvs. care s\u0103 fie original \u0219i ecologic, nu c\u0103uta\u021bi mai departe dec\u00e2t papionurile noastre din lemn realizate manual, cu t\u0103iere \u0219i gravare cu laser. Fiecare dintre papioanele noastre este unic\u0103, deoarece este personalizat\u0103 \u00een func\u021bie de dorin\u021bele dumneavoastr\u0103 \u00een ceea ce prive\u0219te designul \u0219i culorile vopselei de lemn. Vrei un papion cu ini\u021bialele tale gravate cu laser? Sau prefera\u021bi un model unic care s\u0103 v\u0103 reflecte personalitatea? Posibilit\u0103\u021bile sunt nesf\u00e2r\u0219ite!<\/p>\n<p>Pe l\u00e2ng\u0103 faptul c\u0103 sunt personalizabile, papioanele noastre din lemn sunt realizate din materiale ecologice \u0219i durabile. Lemnul provine din p\u0103duri europene durabile, ceea ce \u00eenseamn\u0103 c\u0103 cump\u0103ra\u021bi un produs care a fost produs \u00een mod responsabil. \u0218i, pentru c\u0103 ne pas\u0103 de durabilitatea papionului nostru, folosim produse ecologice pentru a le l\u0103cui \u0219i a proteja suprafa\u021ba, asigur\u00e2ndu-ne c\u0103 papionul t\u0103u va rezista mult timp.<\/p>\n<p>Un papion din lemn este cadoul perfect pentru orice ocazie. Fie pentru un prieten, membru al familiei sau pentru tine, papionul nostru va scoate \u00een eviden\u021b\u0103 orice \u021binut\u0103 prin originalitate \u0219i stil. Daca planuiesti o nunta sau orice alt eveniment, papionul nostru poate fi alegerea perfecta pentru a da o nota unica si personala tinutei tale.<\/p>\n<p>Fiecare papion din lemn pe care \u00eel facem este lucrat manual \u0219i personalizat pentru tine. Nu avem stoc, ceea ce \u00eenseamn\u0103 c\u0103 po\u021bi fi sigur c\u0103 papionul t\u0103u este unic \u0219i a fost produs la un nivel de detaliu \u0219i calitate f\u0103r\u0103 egal. Procesul nostru de produc\u021bie cu t\u0103iere \u0219i gravur\u0103 cu laser ne permite s\u0103 cre\u0103m modele precise \u0219i detalii foarte detaliate, f\u0103c\u00e2nd din fiecare papion o oper\u0103 de art\u0103.<\/p>\n<p>Pe scurt, papionurile noastre din lemn lucrate manual sunt alegerea perfecta pentru cei care cauta o completare originala si ecologica a tinutei lor. Cu posibilitatea de a personaliza fiecare papion dupa dorintele tale si o calitate incomparabila, un papion din lemn este un cadou perfect pentru orice ocazie.<\/p>\n<p><strong>Caracteristici:<\/strong><\/p>\n<ul>\n<li>Material: Lemn natural<\/li>\n<li>Dimensiuni: 12cm x 5cm x 0.3cm<\/li>\n<\/ul>","protected":false},"excerpt":{"rendered":"<p>Papioanele noastre din lemn lucrate manual cu t\u0103iere \u0219i gravare cu laser sunt complementul perfect pentru orice \u021binut\u0103.<\/p>\n<p>Personalizabile \u00een ceea ce prive\u0219te designul \u0219i culorile vopselei pentru lemn, sunt o alegere unic\u0103 \u0219i ecologic\u0103.<\/p>\n<p>Folosim produse ecologice pentru a l\u0103cui \u0219i proteja suprafa\u021ba, asigur\u00e2ndu-ne c\u0103 acestea dureaz\u0103 mult timp.<\/p>\n<p>Nu avem stoc, fiecare papion este realizat manual la comanda, ceea ce garanteaza o calitate de neegalat.<\/p>\n<p>Face\u021bi-v\u0103 \u021binuta s\u0103 ias\u0103 \u00een eviden\u021b\u0103 cu un papion din lemn!<\/p>","protected":false},"featured_media":5426,"template":"","meta":{"_seopress_robots_primary_cat":"60","_seopress_titles_title":"Pajarita de madera: original, ecol\u00f3gica y personalizable","_seopress_titles_desc":"Destaca con nuestras pajaritas de madera \u00fanicas, ecol\u00f3gicas y personalizadas. Hechas a mano usando grabado l\u00e1ser para un estilo inigualable.","_seopress_robots_index":"","_seopress_analysis_target_kw":"","site-sidebar-layout":"default","site-content-layout":"","ast-site-content-layout":"default","site-content-style":"default","site-sidebar-style":"default","ast-global-header-display":"","ast-banner-title-visibility":"","ast-main-header-display":"","ast-hfb-above-header-display":"","ast-hfb-below-header-display":"","ast-hfb-mobile-header-display":"","site-post-title":"","ast-breadcrumbs-content":"","ast-featured-img":"","footer-sml-layout":"","ast-disable-related-posts":"","theme-transparent-header-meta":"default","adv-header-id-meta":"","stick-header-meta":"disabled","header-above-stick-meta":"","header-main-stick-meta":"on","header-below-stick-meta":"","astra-migrate-meta-layouts":"set","ast-page-background-enabled":"default","ast-page-background-meta":{"desktop":{"background-color":"","background-image":"","background-repeat":"repeat","background-position":"center center","background-size":"auto","background-attachment":"scroll","background-type":"","background-media":"","overlay-type":"","overlay-color":"","overlay-opacity":"","overlay-gradient":""},"tablet":{"background-color":"","background-image":"","background-repeat":"repeat","background-position":"center center","background-size":"auto","background-attachment":"scroll","background-type":"","background-media":"","overlay-type":"","overlay-color":"","overlay-opacity":"","overlay-gradient":""},"mobile":{"background-color":"","background-image":"","background-repeat":"repeat","background-position":"center center","background-size":"auto","background-attachment":"scroll","background-type":"","background-media":"","overlay-type":"","overlay-color":"","overlay-opacity":"","overlay-gradient":""}},"ast-content-background-meta":{"desktop":{"background-color":"var(--ast-global-color-5)","background-image":"","background-repeat":"repeat","background-position":"center center","background-size":"auto","background-attachment":"scroll","background-type":"","background-media":"","overlay-type":"","overlay-color":"","overlay-opacity":"","overlay-gradient":""},"tablet":{"background-color":"var(--ast-global-color-5)","background-image":"","background-repeat":"repeat","background-position":"center center","background-size":"auto","background-attachment":"scroll","background-type":"","background-media":"","overlay-type":"","overlay-color":"","overlay-opacity":"","overlay-gradient":""},"mobile":{"background-color":"var(--ast-global-color-5)","background-image":"","background-repeat":"repeat","background-position":"center center","background-size":"auto","background-attachment":"scroll","background-type":"","background-media":"","overlay-type":"","overlay-color":"","overlay-opacity":"","overlay-gradient":""}}},"product_brand":[],"product_cat":[60],"product_tag":[],"class_list":{"0":"post-5420","1":"product","2":"type-product","3":"status-publish","4":"has-post-thumbnail","6":"product_cat-moda","7":"desktop-align-center","8":"tablet-align-left","9":"mobile-align-center","10":"ast-product-gallery-layout-horizontal","11":"ast-magnify-disabled","12":"ast-product-tabs-layout-horizontal","13":"tm-no-options","15":"first","16":"instock","17":"sale","18":"taxable","19":"shipping-taxable","20":"purchasable","21":"product-type-simple"},"_links":{"self":[{"href":"https:\/\/kiemmi.com\/ro\/wp-json\/wp\/v2\/product\/5420","targetHints":{"allow":["GET"]}}],"collection":[{"href":"https:\/\/kiemmi.com\/ro\/wp-json\/wp\/v2\/product"}],"about":[{"href":"https:\/\/kiemmi.com\/ro\/wp-json\/wp\/v2\/types\/product"}],"version-history":[{"count":1,"href":"https:\/\/kiemmi.com\/ro\/wp-json\/wp\/v2\/product\/5420\/revisions"}],"predecessor-version":[{"id":68263,"href":"https:\/\/kiemmi.com\/ro\/wp-json\/wp\/v2\/product\/5420\/revisions\/68263"}],"wp:featuredmedia":[{"embeddable":true,"href":"https:\/\/kiemmi.com\/ro\/wp-json\/wp\/v2\/media\/5426"}],"wp:attachment":[{"href":"https:\/\/kiemmi.com\/ro\/wp-json\/wp\/v2\/media?parent=5420"}],"wp:term":[{"taxonomy":"product_brand","embeddable":true,"href":"https:\/\/kiemmi.com\/ro\/wp-json\/wp\/v2\/product_brand?post=5420"},{"taxonomy":"product_cat","embeddable":true,"href":"https:\/\/kiemmi.com\/ro\/wp-json\/wp\/v2\/product_cat?post=5420"},{"taxonomy":"product_tag","embeddable":true,"href":"https:\/\/kiemmi.com\/ro\/wp-json\/wp\/v2\/product_tag?post=5420"}],"curies":[{"name":"wp","href":"https:\/\/api.w.org\/{rel}","templated":true}]}}