{"id":5323,"date":"2023-10-10T09:09:35","date_gmt":"2023-10-10T09:09:35","guid":{"rendered":"https:\/\/kiemmi.com\/?post_type=product&#038;p=5323"},"modified":"2025-09-12T06:18:36","modified_gmt":"2025-09-12T06:18:36","slug":"nu-deranjati-semnul-usii-in-forma-de-pisica","status":"publish","type":"product","link":"https:\/\/kiemmi.com\/ro\/shop\/decoracion-del-hogar\/letrero-colgante-para-puerta\/cartel-no-molestar-para-puerta-en-forma-de-gato\/","title":{"rendered":"Semn de u\u0219\u0103 \u201eNu deranja\u021bi\u201d \u00een form\u0103 de pisic\u0103"},"content":{"rendered":"<p>C\u0103uta\u021bi o modalitate unic\u0103 de a v\u0103 decora casa sau de a oferi un cadou special? Semnul nostru de u\u0219\u0103 \u00een form\u0103 de pisic\u0103 este alegerea perfect\u0103. Fiecare pies\u0103 este realizat\u0103 manual din lemn natural \u0219i gravat\u0103 cu laser pentru a asigura un finisaj precis.<\/p>\n<p><strong>Caracteristici recomandate:<\/strong><\/p>\n<ul>\n<li>Personalizare cu propriul text.<\/li>\n<li>Ideal pentru decorarea camerelor bebelu\u0219ilor \u0219i a oric\u0103rui spa\u021biu.<\/li>\n<li>Crea\u021bi o atmosfer\u0103 \u00eendr\u0103znea\u021b\u0103 \u0219i primitoare.<\/li>\n<li>Perfect pentru iubitorii de pisici.<\/li>\n<li>Lemn protejat cu lac pe baz\u0103 de ap\u0103 pentru o durabilitate sporit\u0103.<\/li>\n<\/ul>\n<p>Adaug\u0103 o not\u0103 de farmec \u0219i personalitate casei tale cu semnul nostru de u\u0219\u0103 pentru pisici. Indiferent dac\u0103 primi\u021bi un nou membru al familiei sau v\u0103 ar\u0103ta\u021bi dragostea pentru feline, aceast\u0103 zodie este alegerea perfect\u0103.<\/p>\n<p>Fiecare dintre semnele noastre este realizat\u0103 cu dragoste \u0219i grij\u0103, asigur\u00e2ndu-v\u0103 c\u0103 ve\u021bi ob\u021bine o pies\u0103 de decor de lung\u0103 durat\u0103. Lacul pe baz\u0103 de ap\u0103 protejeaz\u0103 lemnul natural, asigur\u00e2ndu-se c\u0103 acest semn va fi o comoar\u0103 \u00een casa ta pentru o lung\u0103 perioad\u0103 de timp.<\/p>\n<p>Personalizeaz\u0103-\u021bi semnul cu textul dorit, f\u0103c\u00e2ndu-l cu adev\u0103rat al t\u0103u. Este, de asemenea, un cadou atent pentru cei care iubesc pisicile \u0219i farmecul lor irezistibil.<\/p>\n<p>Nu mai a\u0219tepta s\u0103 dai o not\u0103 magic\u0103 spa\u021biului t\u0103u. Achizi\u021biona\u021bi ast\u0103zi semnul nostru personalizat de u\u0219\u0103 pentru pisici \u0219i crea\u021bi un mediu dragut pe care toat\u0103 lumea \u00eel va iubi.<\/p>\n<p>Adaug\u0103 acest semn fermec\u0103tor \u00een co\u0219ul t\u0103u acum \u0219i aduce frumuse\u021bea pisicilor \u00een casa ta.<\/p>\n<p><b>Caracteristici<\/b><strong>:<\/strong><\/p>\n<ul>\n<li>Material: Lemn natural (lacuit pe ambele fete cu produse ecologice)<\/li>\n<li>Dimensiuni: 7,5 cm latime x 24,4 cm inaltime x 0,3 cm grosime<\/li>\n<\/ul>","protected":false},"excerpt":{"rendered":"<p>Fabricat manual din lemn natural \u0219i gravat cu laser, semnul nostru de u\u0219\u0103 \u00een form\u0103 de pisic\u0103 este un plus fermec\u0103tor pentru orice cas\u0103. Acest produs permite personalizarea, este ideal pentru decorarea camerelor bebelu\u0219ilor sau a oric\u0103rui spa\u021biu \u0219i creeaz\u0103 o atmosfer\u0103 \u00eendr\u0103znea\u021b\u0103. In plus, este perfecta pentru iubitorii de pisici si este protejata cu lac pe baza de apa pentru a-i asigura durabilitatea. Adaug\u0103 o not\u0103 de personalitate \u0219i farmec casei tale sau d\u0103ruie\u0219te acest semn special cuiva care iube\u0219te pisicile.<\/p>","protected":false},"featured_media":6732,"template":"","meta":{"_seopress_robots_primary_cat":"57","_seopress_titles_title":"%%title%% %%page%%","_seopress_titles_desc":"Cartel de puerta \"No molestar\" personalizado en forma de gato: decoraci\u00f3n \u00fanica para tu hogar o regalo especial. Hecho a mano en madera natural.","_seopress_robots_index":"","_seopress_analysis_target_kw":"","site-sidebar-layout":"default","site-content-layout":"","ast-site-content-layout":"default","site-content-style":"default","site-sidebar-style":"default","ast-global-header-display":"","ast-banner-title-visibility":"","ast-main-header-display":"","ast-hfb-above-header-display":"","ast-hfb-below-header-display":"","ast-hfb-mobile-header-display":"","site-post-title":"","ast-breadcrumbs-content":"","ast-featured-img":"","footer-sml-layout":"","ast-disable-related-posts":"","theme-transparent-header-meta":"default","adv-header-id-meta":"","stick-header-meta":"default","header-above-stick-meta":"","header-main-stick-meta":"","header-below-stick-meta":"","astra-migrate-meta-layouts":"set","ast-page-background-enabled":"default","ast-page-background-meta":{"desktop":{"background-color":"","background-image":"","background-repeat":"repeat","background-position":"center center","background-size":"auto","background-attachment":"scroll","background-type":"","background-media":"","overlay-type":"","overlay-color":"","overlay-opacity":"","overlay-gradient":""},"tablet":{"background-color":"","background-image":"","background-repeat":"repeat","background-position":"center center","background-size":"auto","background-attachment":"scroll","background-type":"","background-media":"","overlay-type":"","overlay-color":"","overlay-opacity":"","overlay-gradient":""},"mobile":{"background-color":"","background-image":"","background-repeat":"repeat","background-position":"center center","background-size":"auto","background-attachment":"scroll","background-type":"","background-media":"","overlay-type":"","overlay-color":"","overlay-opacity":"","overlay-gradient":""}},"ast-content-background-meta":{"desktop":{"background-color":"var(--ast-global-color-5)","background-image":"","background-repeat":"repeat","background-position":"center center","background-size":"auto","background-attachment":"scroll","background-type":"","background-media":"","overlay-type":"","overlay-color":"","overlay-opacity":"","overlay-gradient":""},"tablet":{"background-color":"var(--ast-global-color-5)","background-image":"","background-repeat":"repeat","background-position":"center center","background-size":"auto","background-attachment":"scroll","background-type":"","background-media":"","overlay-type":"","overlay-color":"","overlay-opacity":"","overlay-gradient":""},"mobile":{"background-color":"var(--ast-global-color-5)","background-image":"","background-repeat":"repeat","background-position":"center center","background-size":"auto","background-attachment":"scroll","background-type":"","background-media":"","overlay-type":"","overlay-color":"","overlay-opacity":"","overlay-gradient":""}}},"product_brand":[],"product_cat":[44,51,57,87],"product_tag":[],"class_list":{"0":"post-5323","1":"product","2":"type-product","3":"status-publish","4":"has-post-thumbnail","6":"product_cat-cartel-madera","7":"product_cat-decoracion-del-hogar","8":"product_cat-letrero-colgante-para-puerta","9":"product_cat-mascotas","10":"desktop-align-center","11":"tablet-align-left","12":"mobile-align-center","13":"ast-product-gallery-layout-horizontal","14":"ast-magnify-disabled","15":"ast-product-tabs-layout-horizontal","16":"tm-has-options","18":"first","19":"instock","20":"taxable","21":"shipping-taxable","22":"purchasable","23":"product-type-simple"},"_links":{"self":[{"href":"https:\/\/kiemmi.com\/ro\/wp-json\/wp\/v2\/product\/5323","targetHints":{"allow":["GET"]}}],"collection":[{"href":"https:\/\/kiemmi.com\/ro\/wp-json\/wp\/v2\/product"}],"about":[{"href":"https:\/\/kiemmi.com\/ro\/wp-json\/wp\/v2\/types\/product"}],"version-history":[{"count":0,"href":"https:\/\/kiemmi.com\/ro\/wp-json\/wp\/v2\/product\/5323\/revisions"}],"wp:featuredmedia":[{"embeddable":true,"href":"https:\/\/kiemmi.com\/ro\/wp-json\/wp\/v2\/media\/6732"}],"wp:attachment":[{"href":"https:\/\/kiemmi.com\/ro\/wp-json\/wp\/v2\/media?parent=5323"}],"wp:term":[{"taxonomy":"product_brand","embeddable":true,"href":"https:\/\/kiemmi.com\/ro\/wp-json\/wp\/v2\/product_brand?post=5323"},{"taxonomy":"product_cat","embeddable":true,"href":"https:\/\/kiemmi.com\/ro\/wp-json\/wp\/v2\/product_cat?post=5323"},{"taxonomy":"product_tag","embeddable":true,"href":"https:\/\/kiemmi.com\/ro\/wp-json\/wp\/v2\/product_tag?post=5323"}],"curies":[{"name":"wp","href":"https:\/\/api.w.org\/{rel}","templated":true}]}}