{"id":5316,"date":"2023-04-12T14:15:11","date_gmt":"2023-04-12T14:15:11","guid":{"rendered":"https:\/\/kiemmi.com\/?post_type=product&#038;p=5316"},"modified":"2025-12-09T11:26:37","modified_gmt":"2025-12-09T11:26:37","slug":"nu-deranjati-semnul-usii-pentru-jucatori","status":"publish","type":"product","link":"https:\/\/kiemmi.com\/ro\/shop\/decoracion-del-hogar\/letrero-colgante-para-puerta\/cartel-no-molestar-para-puertas-para-gamers\/","title":{"rendered":"Semn special personalizat \u201eNu deranja\u201d pentru juc\u0103tori"},"content":{"rendered":"<p>Bine a\u021bi venit \u00een lumea juc\u0103torilor cu semnul nostru de u\u0219\u0103 din lemn f\u0103cut special pentru dvs.! Aceast\u0103 plac\u0103 de u\u0219\u0103 exclusiv\u0103 \u0219i personalizabil\u0103 \u00een form\u0103 de controler de consol\u0103 de jocuri video este accesoriul perfect pentru iubitorii de jocuri video.<\/p>\n<p>Cu un design inspirat de controlerele consolei de jocuri, acest semn de u\u0219\u0103 nu numai c\u0103 adaug\u0103 o not\u0103 de stil spa\u021biului t\u0103u de joc, dar serve\u0219te \u0219i o func\u021bie practic\u0103. C\u00e2nd ag\u0103\u021ba\u021bi acest semn pe u\u0219\u0103, ve\u021bi trimite un mesaj clar \u0219i concis: nu deranja\u021bi, juc\u0103torii sunt cufunda\u021bi \u00een lumea lor virtual\u0103!<\/p>\n<p>Semnul nostru de u\u0219\u0103 pentru juc\u0103tori este realizat manual meticulos, cu t\u0103iere precis\u0103 cu laser, asigur\u00e2nd un finisaj de \u00eenalt\u0103 calitate \u0219i detalii excep\u021bionale. Folosim lemn din p\u0103duri europene durabile, asigur\u00e2ndu-ne c\u0103 nu numai c\u0103 prime\u0219ti un produs excep\u021bional, ci \u0219i contribui la conservarea mediului.<\/p>\n<p>Cea mai bun\u0103 parte a semnului nostru de u\u0219\u0103 este c\u0103 mesajul t\u0103u este complet personalizabil. Indiferent dac\u0103 dori\u021bi s\u0103 difuza\u021bi \u201e\u00cen mijlocul unui joc, v\u0103 rug\u0103m s\u0103 nu deranja\u021bi\u201d sau \u201eCufundat \u00eentr-o lume a jocurilor video, m\u0103 voi \u00eentoarce \u00een cur\u00e2nd\u201d, pute\u021bi adapta con\u021binutul la stilul \u0219i preferin\u021bele dvs. Las\u0103-\u021bi creativitatea s\u0103 zboare \u0219i arat\u0103-\u021bi pasiunea pentru jocurile video prin acest accesoriu unic.<\/p>\n<p>Nu rata\u021bi ocazia de a v\u0103 transforma spa\u021biul de joc \u00eentr-un adev\u0103rat sanctuar pentru juc\u0103tori cu semnul nostru de u\u0219\u0103 din lemn. Fie pentru dormitorul tau, birou sau camera de jocuri, acest poster este un must-have pentru orice iubitor de jocuri video si console de jocuri.<\/p>\n<p>Ob\u021bine\u021bi semnul nostru de u\u0219\u0103 pentru juc\u0103tori \u0219i spune\u021bi tuturor c\u0103 sunte\u021bi cufundat \u00een lumea captivant\u0103 a jocurilor video!<\/p>\n<p><b>Caracteristici<\/b><strong>:<\/strong><\/p>\n<ul>\n<li>Culoare: Ro\u0219u (pentru alte culori, contacta\u021bi-ne)<\/li>\n<li>Material: Lemn natural, vopsit (pe partea superioar\u0103) \u0219i l\u0103cuit (pe ambele p\u0103r\u021bi)<\/li>\n<li>Dimensiuni: 11,4 cm latime x 25,4 cm inaltime x 0,3 cm grosime<\/li>\n<\/ul>","protected":false},"excerpt":{"rendered":"<p>Descoperi\u021bi semnul nostru exclusiv de u\u0219\u0103 din lemn \u00een form\u0103 de controler de consol\u0103 de jocuri video pentru juc\u0103tori. Personalizabil \u0219i realizat manual cu t\u0103iere cu laser. Folosim lemn din p\u0103duri europene durabile. Trimite\u021bi un mesaj clar: nu deranja\u021bi, juc\u0103torii sunt concentra\u021bi. Complementul perfect pentru spa\u021biul t\u0103u de joac\u0103.<\/p>","protected":false},"featured_media":6752,"template":"","meta":{"_seopress_robots_primary_cat":"57","_seopress_titles_title":"%%title%% %%page%%","_seopress_titles_desc":"","_seopress_robots_index":"","_seopress_analysis_target_kw":"","site-sidebar-layout":"default","site-content-layout":"","ast-site-content-layout":"default","site-content-style":"default","site-sidebar-style":"default","ast-global-header-display":"","ast-banner-title-visibility":"","ast-main-header-display":"","ast-hfb-above-header-display":"","ast-hfb-below-header-display":"","ast-hfb-mobile-header-display":"","site-post-title":"","ast-breadcrumbs-content":"","ast-featured-img":"","footer-sml-layout":"","ast-disable-related-posts":"","theme-transparent-header-meta":"default","adv-header-id-meta":"","stick-header-meta":"default","header-above-stick-meta":"","header-main-stick-meta":"","header-below-stick-meta":"","astra-migrate-meta-layouts":"set","ast-page-background-enabled":"default","ast-page-background-meta":{"desktop":{"background-color":"","background-image":"","background-repeat":"repeat","background-position":"center center","background-size":"auto","background-attachment":"scroll","background-type":"","background-media":"","overlay-type":"","overlay-color":"","overlay-opacity":"","overlay-gradient":""},"tablet":{"background-color":"","background-image":"","background-repeat":"repeat","background-position":"center center","background-size":"auto","background-attachment":"scroll","background-type":"","background-media":"","overlay-type":"","overlay-color":"","overlay-opacity":"","overlay-gradient":""},"mobile":{"background-color":"","background-image":"","background-repeat":"repeat","background-position":"center center","background-size":"auto","background-attachment":"scroll","background-type":"","background-media":"","overlay-type":"","overlay-color":"","overlay-opacity":"","overlay-gradient":""}},"ast-content-background-meta":{"desktop":{"background-color":"var(--ast-global-color-5)","background-image":"","background-repeat":"repeat","background-position":"center center","background-size":"auto","background-attachment":"scroll","background-type":"","background-media":"","overlay-type":"","overlay-color":"","overlay-opacity":"","overlay-gradient":""},"tablet":{"background-color":"var(--ast-global-color-5)","background-image":"","background-repeat":"repeat","background-position":"center center","background-size":"auto","background-attachment":"scroll","background-type":"","background-media":"","overlay-type":"","overlay-color":"","overlay-opacity":"","overlay-gradient":""},"mobile":{"background-color":"var(--ast-global-color-5)","background-image":"","background-repeat":"repeat","background-position":"center center","background-size":"auto","background-attachment":"scroll","background-type":"","background-media":"","overlay-type":"","overlay-color":"","overlay-opacity":"","overlay-gradient":""}}},"product_brand":[],"product_cat":[44,51,57],"product_tag":[],"class_list":{"0":"post-5316","1":"product","2":"type-product","3":"status-publish","4":"has-post-thumbnail","6":"product_cat-cartel-madera","7":"product_cat-decoracion-del-hogar","8":"product_cat-letrero-colgante-para-puerta","9":"desktop-align-center","10":"tablet-align-left","11":"mobile-align-center","12":"ast-product-gallery-layout-horizontal","13":"ast-magnify-disabled","14":"ast-product-tabs-layout-horizontal","15":"tm-has-options","17":"first","18":"instock","19":"taxable","20":"shipping-taxable","21":"purchasable","22":"product-type-simple"},"_links":{"self":[{"href":"https:\/\/kiemmi.com\/ro\/wp-json\/wp\/v2\/product\/5316","targetHints":{"allow":["GET"]}}],"collection":[{"href":"https:\/\/kiemmi.com\/ro\/wp-json\/wp\/v2\/product"}],"about":[{"href":"https:\/\/kiemmi.com\/ro\/wp-json\/wp\/v2\/types\/product"}],"version-history":[{"count":0,"href":"https:\/\/kiemmi.com\/ro\/wp-json\/wp\/v2\/product\/5316\/revisions"}],"wp:featuredmedia":[{"embeddable":true,"href":"https:\/\/kiemmi.com\/ro\/wp-json\/wp\/v2\/media\/6752"}],"wp:attachment":[{"href":"https:\/\/kiemmi.com\/ro\/wp-json\/wp\/v2\/media?parent=5316"}],"wp:term":[{"taxonomy":"product_brand","embeddable":true,"href":"https:\/\/kiemmi.com\/ro\/wp-json\/wp\/v2\/product_brand?post=5316"},{"taxonomy":"product_cat","embeddable":true,"href":"https:\/\/kiemmi.com\/ro\/wp-json\/wp\/v2\/product_cat?post=5316"},{"taxonomy":"product_tag","embeddable":true,"href":"https:\/\/kiemmi.com\/ro\/wp-json\/wp\/v2\/product_tag?post=5316"}],"curies":[{"name":"wp","href":"https:\/\/api.w.org\/{rel}","templated":true}]}}