{"id":5213,"date":"2023-02-28T14:37:41","date_gmt":"2023-02-28T14:37:41","guid":{"rendered":"https:\/\/kiemmi.com\/?post_type=product&#038;p=5213"},"modified":"2023-10-07T20:35:47","modified_gmt":"2023-10-07T20:35:47","slug":"medalion-din-lemn-personalizat","status":"publish","type":"product","link":"https:\/\/kiemmi.com\/ro\/shop\/decoracion-del-hogar\/habitacion-de-bebe\/medallon-de-madera-personalizado\/","title":{"rendered":"Medalion din lemn personalizat"},"content":{"rendered":"<p>E\u0219ti \u00een c\u0103utarea modului perfect de a oferi camerei bebelu\u0219ului t\u0103u o not\u0103 special\u0103 \u0219i personal\u0103? Medalionul nostru personalizat din lemn este alegerea ideal\u0103. Acest medalion fermec\u0103tor, realizat manual cu precizie prin t\u0103iere cu laser, va deveni o bijuterie unic\u0103 care va marca momente speciale din via\u021ba familiei tale.<\/p>\n<p><strong>Caracteristici recomandate:<\/strong><\/p>\n<ul>\n<li><strong>Lemn natural de \u00eenalt\u0103 calitate:<\/strong> Fiecare medalion este lucrat cu grij\u0103 din lemn natural, asigur\u00e2nd \u00een fiecare pies\u0103 frumuse\u021be rustic\u0103, autentic\u0103.<\/li>\n<li><strong>Personalizare pe placul tau:<\/strong> Datorit\u0103 tehnologiei de gravare cu laser de \u00eenalt\u0103 precizie, po\u021bi personaliza acest medalion cu numele bebelu\u0219ului t\u0103u, al copilului t\u0103u sau al persoanei dragi pe care o dore\u0219ti. Prima liter\u0103 \u00een relief, fie din lemn natural, fie \u00eentr-o culoare la alegere, \u00eei confer\u0103 o not\u0103 distinctiv\u0103 \u0219i elegant\u0103.<\/li>\n<li><strong>Perfect pentru decorare:<\/strong> Acest medalion este piesa perfect\u0103 pentru decorul camerei bebelu\u0219ului t\u0103u. Adaug\u0103 o not\u0103 de c\u0103ldur\u0103 \u0219i personalitate, cre\u00e2nd \u00een acela\u0219i timp o atmosfer\u0103 confortabil\u0103 \u0219i unic\u0103.<\/li>\n<li><strong>Cadoul perfect:<\/strong> Nu numai c\u0103 este grozav pentru propria ta cas\u0103, dar este \u0219i un cadou perfect pentru baby showers sau orice ocazie special\u0103. Surprinde-i pe cei dragi cu un cadou pe care il vor pretui toata viata.<\/li>\n<li><strong>F\u0103cut cu dragoste:<\/strong> Fiecare medalion este creat cu dragoste \u0219i grij\u0103, iar fiecare detaliu este verificat pentru a asigura calitate \u0219i durabilitate maxim\u0103.<\/li>\n<\/ul>\n<p>Transform\u0103 orice spa\u021biu \u00een ceva special cu Medalionul nostru personalizat din lemn. O nota de eleganta si dragoste care va rezista de-a lungul anilor in camera bebelusului tau.<\/p>\n<p><strong>Dimensiuni:<\/strong><\/p>\n<ul>\n<li><strong>Diametru:<\/strong> 12 cm.<\/li>\n<\/ul>","protected":false},"excerpt":{"rendered":"<p>Descoperi\u021bi Medalionul nostru Personalizat din Lemn, o bijuterie realizat\u0103 manual cu t\u0103iere cu laser \u0219i lemn natural de \u00eenalt\u0103 calitate. Personalizeaza-l cu numele bebelusului sau al persoanei dragi, cu prima litera in relief in lemn natural sau colorat, creand o nota distincta si eleganta. Acest medalion este perfect pentru a decora camera bebelu\u0219ului \u0219i pentru a face un cadou de neuitat la ocazii speciale. Fiecare pies\u0103 este creat\u0103 cu grij\u0103 \u0219i dragoste, asigur\u00e2nd calitate \u0219i durabilitate. Transform\u0103-\u021bi spa\u021biul cu aceast\u0103 atingere unic\u0103 \u0219i semnificativ\u0103 ast\u0103zi.<\/p>\n<p><strong>Diametru:<\/strong> 12 cm.<\/p>","protected":false},"featured_media":5214,"template":"","meta":{"_seopress_robots_primary_cat":"52","_seopress_titles_title":"Medallon de madera personalizable con el nombre de tus hijos","_seopress_titles_desc":"Medallon de madera personalizado con tu nombre o el nombre de tus hijos.Ideal para la decoraci\u00f3n de la habitaci\u00f3n.Producto hecho a mano en Espa\u00f1a.","_seopress_robots_index":"","_seopress_analysis_target_kw":"","site-sidebar-layout":"default","site-content-layout":"","ast-site-content-layout":"default","site-content-style":"default","site-sidebar-style":"default","ast-global-header-display":"","ast-banner-title-visibility":"","ast-main-header-display":"","ast-hfb-above-header-display":"","ast-hfb-below-header-display":"","ast-hfb-mobile-header-display":"","site-post-title":"","ast-breadcrumbs-content":"","ast-featured-img":"","footer-sml-layout":"","ast-disable-related-posts":"","theme-transparent-header-meta":"","adv-header-id-meta":"","stick-header-meta":"","header-above-stick-meta":"","header-main-stick-meta":"","header-below-stick-meta":"","astra-migrate-meta-layouts":"default","ast-page-background-enabled":"default","ast-page-background-meta":{"desktop":{"background-color":"","background-image":"","background-repeat":"repeat","background-position":"center center","background-size":"auto","background-attachment":"scroll","background-type":"","background-media":"","overlay-type":"","overlay-color":"","overlay-opacity":"","overlay-gradient":""},"tablet":{"background-color":"","background-image":"","background-repeat":"repeat","background-position":"center center","background-size":"auto","background-attachment":"scroll","background-type":"","background-media":"","overlay-type":"","overlay-color":"","overlay-opacity":"","overlay-gradient":""},"mobile":{"background-color":"","background-image":"","background-repeat":"repeat","background-position":"center center","background-size":"auto","background-attachment":"scroll","background-type":"","background-media":"","overlay-type":"","overlay-color":"","overlay-opacity":"","overlay-gradient":""}},"ast-content-background-meta":{"desktop":{"background-color":"var(--ast-global-color-5)","background-image":"","background-repeat":"repeat","background-position":"center center","background-size":"auto","background-attachment":"scroll","background-type":"","background-media":"","overlay-type":"","overlay-color":"","overlay-opacity":"","overlay-gradient":""},"tablet":{"background-color":"var(--ast-global-color-5)","background-image":"","background-repeat":"repeat","background-position":"center center","background-size":"auto","background-attachment":"scroll","background-type":"","background-media":"","overlay-type":"","overlay-color":"","overlay-opacity":"","overlay-gradient":""},"mobile":{"background-color":"var(--ast-global-color-5)","background-image":"","background-repeat":"repeat","background-position":"center center","background-size":"auto","background-attachment":"scroll","background-type":"","background-media":"","overlay-type":"","overlay-color":"","overlay-opacity":"","overlay-gradient":""}}},"product_brand":[],"product_cat":[51,52,49],"product_tag":[],"class_list":{"0":"post-5213","1":"product","2":"type-product","3":"status-publish","4":"has-post-thumbnail","6":"product_cat-decoracion-del-hogar","7":"product_cat-habitacion-de-bebe","8":"product_cat-regalos-originales","9":"desktop-align-center","10":"tablet-align-left","11":"mobile-align-center","12":"ast-product-gallery-layout-horizontal","13":"ast-magnify-disabled","14":"ast-product-tabs-layout-horizontal","15":"tm-has-options","17":"first","18":"instock","19":"taxable","20":"shipping-taxable","21":"purchasable","22":"product-type-simple"},"_links":{"self":[{"href":"https:\/\/kiemmi.com\/ro\/wp-json\/wp\/v2\/product\/5213","targetHints":{"allow":["GET"]}}],"collection":[{"href":"https:\/\/kiemmi.com\/ro\/wp-json\/wp\/v2\/product"}],"about":[{"href":"https:\/\/kiemmi.com\/ro\/wp-json\/wp\/v2\/types\/product"}],"version-history":[{"count":0,"href":"https:\/\/kiemmi.com\/ro\/wp-json\/wp\/v2\/product\/5213\/revisions"}],"wp:featuredmedia":[{"embeddable":true,"href":"https:\/\/kiemmi.com\/ro\/wp-json\/wp\/v2\/media\/5214"}],"wp:attachment":[{"href":"https:\/\/kiemmi.com\/ro\/wp-json\/wp\/v2\/media?parent=5213"}],"wp:term":[{"taxonomy":"product_brand","embeddable":true,"href":"https:\/\/kiemmi.com\/ro\/wp-json\/wp\/v2\/product_brand?post=5213"},{"taxonomy":"product_cat","embeddable":true,"href":"https:\/\/kiemmi.com\/ro\/wp-json\/wp\/v2\/product_cat?post=5213"},{"taxonomy":"product_tag","embeddable":true,"href":"https:\/\/kiemmi.com\/ro\/wp-json\/wp\/v2\/product_tag?post=5213"}],"curies":[{"name":"wp","href":"https:\/\/api.w.org\/{rel}","templated":true}]}}