{"id":5094,"date":"2023-01-18T16:05:30","date_gmt":"2023-01-18T16:05:30","guid":{"rendered":"https:\/\/kiemmi.com\/?post_type=product&#038;p=5094"},"modified":"2025-06-29T10:42:57","modified_gmt":"2025-06-29T10:42:57","slug":"caiet-cu-coperta-din-lemn-cu-design-chitara","status":"publish","type":"product","link":"https:\/\/kiemmi.com\/ro\/shop\/libretas-de-madera-personalizadas\/libreta-con-tapa-de-madera-con-diseno-de-guitarra\/","title":{"rendered":"Caiet cu coperta din lemn cu design de chitara"},"content":{"rendered":"<p>Caiet personalizat cu copert\u0103 din lemn cu chitar\u0103 t\u0103iat\u0103 \u0219i note muzicale.<\/p>\n<p>Personaliza\u021bi numele de pe coperta dup\u0103 bunul plac.<\/p>\n<p><span class=\"a-list-item a-size-base\">Caietele noastre cu copert\u0103 din lemn sunt ideale pentru a v\u0103 face<\/span>Un cadou original, distractiv \u0219i personalizabil.<\/p>\n<p>Ideal pentru un prieten sau membru al familiei care iube\u0219te chitara sau muzica \u00een general.<\/p>\n<p><strong>Caracteristici:<\/strong><\/p>\n<ul>\n<li>Dimensiuni: 21 cm x 15 cm<\/li>\n<li>Coperta fata si spate din lemn<\/li>\n<li>Caiet cu foi p\u0103trate<\/li>\n<li>80 de pagini de 90 gr.<\/li>\n<\/ul>","protected":false},"excerpt":{"rendered":"<p>Caiet personalizat cu copert\u0103 din lemn cu chitar\u0103 t\u0103iat\u0103 \u0219i note muzicale.<\/p>\n<p>Personaliza\u021bi numele de pe coperta dup\u0103 bunul plac.<\/p>\n<p><span class=\"a-list-item a-size-base\">Caietele noastre cu copert\u0103 din lemn sunt ideale pentru a v\u0103 face<\/span>Un cadou original, distractiv \u0219i personalizabil.<\/p>\n<p>Ideal pentru un prieten sau membru al familiei care iube\u0219te chitara sau muzica \u00een general.<\/p>","protected":false},"featured_media":20158,"template":"","meta":{"_seopress_robots_primary_cat":"50","_seopress_titles_title":"Libreta personalizada: Tapa de madera con guitarra","_seopress_titles_desc":"Regala originalidad con nuestra libreta de tapa de madera y guitarra troquelada. Personaliza el nombre y sorprende a amantes de la m\u00fasica. \u00a1Desc\u00fabrela!","_seopress_robots_index":"","_seopress_analysis_target_kw":"libreta,madera,guitarra,personalizada","site-sidebar-layout":"default","site-content-layout":"","ast-site-content-layout":"default","site-content-style":"default","site-sidebar-style":"default","ast-global-header-display":"","ast-banner-title-visibility":"","ast-main-header-display":"","ast-hfb-above-header-display":"","ast-hfb-below-header-display":"","ast-hfb-mobile-header-display":"","site-post-title":"","ast-breadcrumbs-content":"","ast-featured-img":"","footer-sml-layout":"","ast-disable-related-posts":"","theme-transparent-header-meta":"default","adv-header-id-meta":"","stick-header-meta":"default","header-above-stick-meta":"","header-main-stick-meta":"","header-below-stick-meta":"","astra-migrate-meta-layouts":"set","ast-page-background-enabled":"default","ast-page-background-meta":{"desktop":{"background-color":"","background-image":"","background-repeat":"repeat","background-position":"center center","background-size":"auto","background-attachment":"scroll","background-type":"","background-media":"","overlay-type":"","overlay-color":"","overlay-opacity":"","overlay-gradient":""},"tablet":{"background-color":"","background-image":"","background-repeat":"repeat","background-position":"center center","background-size":"auto","background-attachment":"scroll","background-type":"","background-media":"","overlay-type":"","overlay-color":"","overlay-opacity":"","overlay-gradient":""},"mobile":{"background-color":"","background-image":"","background-repeat":"repeat","background-position":"center center","background-size":"auto","background-attachment":"scroll","background-type":"","background-media":"","overlay-type":"","overlay-color":"","overlay-opacity":"","overlay-gradient":""}},"ast-content-background-meta":{"desktop":{"background-color":"var(--ast-global-color-5)","background-image":"","background-repeat":"repeat","background-position":"center center","background-size":"auto","background-attachment":"scroll","background-type":"","background-media":"","overlay-type":"","overlay-color":"","overlay-opacity":"","overlay-gradient":""},"tablet":{"background-color":"var(--ast-global-color-5)","background-image":"","background-repeat":"repeat","background-position":"center center","background-size":"auto","background-attachment":"scroll","background-type":"","background-media":"","overlay-type":"","overlay-color":"","overlay-opacity":"","overlay-gradient":""},"mobile":{"background-color":"var(--ast-global-color-5)","background-image":"","background-repeat":"repeat","background-position":"center center","background-size":"auto","background-attachment":"scroll","background-type":"","background-media":"","overlay-type":"","overlay-color":"","overlay-opacity":"","overlay-gradient":""}}},"product_brand":[],"product_cat":[50],"product_tag":[],"class_list":{"0":"post-5094","1":"product","2":"type-product","3":"status-publish","4":"has-post-thumbnail","6":"product_cat-libretas-de-madera-personalizadas","7":"desktop-align-center","8":"tablet-align-left","9":"mobile-align-center","10":"ast-product-gallery-layout-horizontal","11":"ast-magnify-disabled","12":"ast-product-tabs-layout-horizontal","13":"tm-has-options","15":"first","16":"instock","17":"taxable","18":"shipping-taxable","19":"purchasable","20":"product-type-simple"},"_links":{"self":[{"href":"https:\/\/kiemmi.com\/ro\/wp-json\/wp\/v2\/product\/5094","targetHints":{"allow":["GET"]}}],"collection":[{"href":"https:\/\/kiemmi.com\/ro\/wp-json\/wp\/v2\/product"}],"about":[{"href":"https:\/\/kiemmi.com\/ro\/wp-json\/wp\/v2\/types\/product"}],"version-history":[{"count":0,"href":"https:\/\/kiemmi.com\/ro\/wp-json\/wp\/v2\/product\/5094\/revisions"}],"wp:featuredmedia":[{"embeddable":true,"href":"https:\/\/kiemmi.com\/ro\/wp-json\/wp\/v2\/media\/20158"}],"wp:attachment":[{"href":"https:\/\/kiemmi.com\/ro\/wp-json\/wp\/v2\/media?parent=5094"}],"wp:term":[{"taxonomy":"product_brand","embeddable":true,"href":"https:\/\/kiemmi.com\/ro\/wp-json\/wp\/v2\/product_brand?post=5094"},{"taxonomy":"product_cat","embeddable":true,"href":"https:\/\/kiemmi.com\/ro\/wp-json\/wp\/v2\/product_cat?post=5094"},{"taxonomy":"product_tag","embeddable":true,"href":"https:\/\/kiemmi.com\/ro\/wp-json\/wp\/v2\/product_tag?post=5094"}],"curies":[{"name":"wp","href":"https:\/\/api.w.org\/{rel}","templated":true}]}}