{"id":4995,"date":"2022-11-10T07:35:58","date_gmt":"2022-11-10T07:35:58","guid":{"rendered":"https:\/\/kiemmi.com\/?post_type=product&#038;p=4995"},"modified":"2026-01-19T21:26:26","modified_gmt":"2026-01-19T21:26:26","slug":"calendar-3d-din-lemn-sub-forma-unui-dodecaedru-personalizabil","status":"publish","type":"product","link":"https:\/\/kiemmi.com\/ro\/shop\/decoracion-del-hogar\/calendario-3d-de-madera-en-forma-de-dodecaedro-personalizable\/","title":{"rendered":"Calendar 3D din lemn sub forma unui dodecaedru personalizabil | Calendarul 2025"},"content":{"rendered":"<p>C\u0103uta\u021bi o pies\u0103 de decor unic\u0103 care s\u0103 combin\u0103 elegan\u021ba \u0219i durabilitatea? Calendarul nostru cu dodecaedru 3D din lemn este o oper\u0103 de art\u0103 t\u0103iat\u0103 manual cu laser, care v\u0103 va impresiona oaspe\u021bii \u0219i v\u0103 va lumina spa\u021biul. Fiecare pies\u0103 este o etap\u0103 de m\u0103iestrie excep\u021bional\u0103 \u0219i poate fi personalizat\u0103 pentru a se potrivi perfect stilului t\u0103u.<\/p>\n<p><strong>Caracteristici recomandate:<\/strong><\/p>\n<ul>\n<li><strong>Design geometric excep\u021bional:<\/strong> Calendarul nostru 3D ia forma unui dodecaedru, un poliedru cu 12 fe\u021be, care aduce o estetic\u0103 unic\u0103 acas\u0103 sau la birou.<\/li>\n<li><strong>Realizat manual cu t\u0103iere precis\u0103 cu laser:<\/strong> Fiecare calendar este t\u0103iat cu aten\u021bie cu laser pentru o acurate\u021be precis\u0103 \u00een fiecare detaliu.<\/li>\n<li><strong>Personalizare pe placul tau:<\/strong> Vrei ca numele t\u0103u, o dat\u0103 special\u0103 sau un mesaj inspirant s\u0103 fie gravat pe calendar? Putem face s\u0103 se \u00eent\u00e2mple!<\/li>\n<li><strong>Ecologic \u0219i durabil:<\/strong> Folosim lacuri pe baza de apa care sunt prietenoase cu mediul pentru a proteja lemnul si a asigura durabilitatea produsului.<\/li>\n<li><strong>Ideal ca cadou original:<\/strong> Fie c\u0103 este vorba de o zi de na\u0219tere, aniversare sau orice ocazie special\u0103, acest calendar este un cadou unic care va fi apreciat \u0219i amintit.<\/li>\n<li><strong>Dimensiuni:<\/strong> Diametru 14 cm.<\/li>\n<\/ul>\n<p>Acest calendar din lemn 3D dodecaedru este mult mai mult dec\u00e2t un simplu instrument pentru a \u021bine eviden\u021ba timpului; Este o declara\u021bie de stil \u0219i angajament fa\u021b\u0103 de natur\u0103. Adaug\u0103 o not\u0103 de clas\u0103 spa\u021biului t\u0103u cu aceast\u0103 pies\u0103 de decor unic\u0103 \u0219i personalizabil\u0103.<\/p>\n<p>Ia-l pe al t\u0103u ast\u0103zi \u0219i transform\u0103-\u021bi mediul \u00eentr-o capodopera de design ecologic!<\/p>","protected":false},"excerpt":{"rendered":"<p>Calendarul nostru 3D din lemn \u00een form\u0103 de dodecaedru este o pies\u0103 de decor unic\u0103 \u0219i durabil\u0103. Realizat manual cu t\u0103iere cu laser de precizie, designul s\u0103u geometric excep\u021bional aduce distinc\u021bie oric\u0103rui spa\u021biu. \u00cel po\u021bi personaliza cu gravuri speciale, iar noi folosim lacuri ecologice. Este ideal ca un cadou original pentru ocazii speciale. Transform\u0103-\u021bi mediul \u00eentr-o capodoper\u0103 de design ecologic, cump\u0103r\u00e2ndu-l ast\u0103zi.<\/p>","protected":false},"featured_media":10229,"template":"","meta":{"_seopress_robots_primary_cat":"51","_seopress_titles_title":"Calendario de Madera 3D: Elegancia y Sostenibilidad","_seopress_titles_desc":"Descubre un calendario 3D de madera en forma de dodecaedro, totalmente personalizable. A\u00f1ade estilo y originalidad a tu espacio con esta obra de arte \u00fanica.","_seopress_robots_index":"","_seopress_analysis_target_kw":"","site-sidebar-layout":"default","site-content-layout":"","ast-site-content-layout":"default","site-content-style":"default","site-sidebar-style":"default","ast-global-header-display":"","ast-banner-title-visibility":"","ast-main-header-display":"","ast-hfb-above-header-display":"","ast-hfb-below-header-display":"","ast-hfb-mobile-header-display":"","site-post-title":"","ast-breadcrumbs-content":"","ast-featured-img":"","footer-sml-layout":"","ast-disable-related-posts":"","theme-transparent-header-meta":"default","adv-header-id-meta":"","stick-header-meta":"default","header-above-stick-meta":"","header-main-stick-meta":"","header-below-stick-meta":"","astra-migrate-meta-layouts":"set","ast-page-background-enabled":"default","ast-page-background-meta":{"desktop":{"background-color":"","background-image":"","background-repeat":"repeat","background-position":"center center","background-size":"auto","background-attachment":"scroll","background-type":"","background-media":"","overlay-type":"","overlay-color":"","overlay-opacity":"","overlay-gradient":""},"tablet":{"background-color":"","background-image":"","background-repeat":"repeat","background-position":"center center","background-size":"auto","background-attachment":"scroll","background-type":"","background-media":"","overlay-type":"","overlay-color":"","overlay-opacity":"","overlay-gradient":""},"mobile":{"background-color":"","background-image":"","background-repeat":"repeat","background-position":"center center","background-size":"auto","background-attachment":"scroll","background-type":"","background-media":"","overlay-type":"","overlay-color":"","overlay-opacity":"","overlay-gradient":""}},"ast-content-background-meta":{"desktop":{"background-color":"var(--ast-global-color-5)","background-image":"","background-repeat":"repeat","background-position":"center center","background-size":"auto","background-attachment":"scroll","background-type":"","background-media":"","overlay-type":"","overlay-color":"","overlay-opacity":"","overlay-gradient":""},"tablet":{"background-color":"var(--ast-global-color-5)","background-image":"","background-repeat":"repeat","background-position":"center center","background-size":"auto","background-attachment":"scroll","background-type":"","background-media":"","overlay-type":"","overlay-color":"","overlay-opacity":"","overlay-gradient":""},"mobile":{"background-color":"var(--ast-global-color-5)","background-image":"","background-repeat":"repeat","background-position":"center center","background-size":"auto","background-attachment":"scroll","background-type":"","background-media":"","overlay-type":"","overlay-color":"","overlay-opacity":"","overlay-gradient":""}}},"product_brand":[],"product_cat":[51],"product_tag":[],"class_list":{"0":"post-4995","1":"product","2":"type-product","3":"status-publish","4":"has-post-thumbnail","6":"product_cat-decoracion-del-hogar","7":"desktop-align-center","8":"tablet-align-left","9":"mobile-align-center","10":"ast-product-gallery-layout-horizontal","11":"ast-magnify-disabled","12":"ast-product-tabs-layout-horizontal","13":"tm-has-options","15":"first","16":"instock","17":"sale","18":"taxable","19":"shipping-taxable","20":"purchasable","21":"product-type-simple"},"_links":{"self":[{"href":"https:\/\/kiemmi.com\/ro\/wp-json\/wp\/v2\/product\/4995","targetHints":{"allow":["GET"]}}],"collection":[{"href":"https:\/\/kiemmi.com\/ro\/wp-json\/wp\/v2\/product"}],"about":[{"href":"https:\/\/kiemmi.com\/ro\/wp-json\/wp\/v2\/types\/product"}],"version-history":[{"count":0,"href":"https:\/\/kiemmi.com\/ro\/wp-json\/wp\/v2\/product\/4995\/revisions"}],"wp:featuredmedia":[{"embeddable":true,"href":"https:\/\/kiemmi.com\/ro\/wp-json\/wp\/v2\/media\/10229"}],"wp:attachment":[{"href":"https:\/\/kiemmi.com\/ro\/wp-json\/wp\/v2\/media?parent=4995"}],"wp:term":[{"taxonomy":"product_brand","embeddable":true,"href":"https:\/\/kiemmi.com\/ro\/wp-json\/wp\/v2\/product_brand?post=4995"},{"taxonomy":"product_cat","embeddable":true,"href":"https:\/\/kiemmi.com\/ro\/wp-json\/wp\/v2\/product_cat?post=4995"},{"taxonomy":"product_tag","embeddable":true,"href":"https:\/\/kiemmi.com\/ro\/wp-json\/wp\/v2\/product_tag?post=4995"}],"curies":[{"name":"wp","href":"https:\/\/api.w.org\/{rel}","templated":true}]}}