{"id":4932,"date":"2022-10-23T08:12:17","date_gmt":"2022-10-23T08:12:17","guid":{"rendered":"https:\/\/kiemmi.com\/?post_type=product&#038;p=4932"},"modified":"2023-10-07T20:47:22","modified_gmt":"2023-10-07T20:47:22","slug":"balon-din-lemn-cu-nume-personalizat-pentru-a-decora-camera-bebelusului-tau","status":"publish","type":"product","link":"https:\/\/kiemmi.com\/ro\/shop\/decoracion-del-hogar\/habitacion-de-bebe\/globo-de-madera-con-nombre-personalizado-para-decoracion-de-habitacion-de-tu-bebe\/","title":{"rendered":"Balon din lemn cu nume personalizat pentru a decora camera bebelusului tau"},"content":{"rendered":"<p>Dac\u0103 e\u0219ti \u00een c\u0103utarea unui mod unic \u0219i special de a ad\u0103uga o not\u0103 de farmec camerei bebelu\u0219ului t\u0103u sau de a surprinde o persoan\u0103 drag\u0103 care tocmai a \u00eent\u00e2mpinat un nou-n\u0103scut, ai venit \u00een locul potrivit. Baloanele noastre din lemn natural t\u0103iate manual, t\u0103iate cu laser, sunt alegerea perfect\u0103 pentru a ad\u0103uga o not\u0103 de dr\u0103gu\u021b \u0219i personalitate oric\u0103rui spa\u021biu.<\/p>\n<p>Ce face baloanele noastre at\u00e2t de speciale? \u00cen primul r\u00e2nd, fiecare balon este o oper\u0103 de art\u0103, realizat\u0103 manual cu dragoste \u0219i grij\u0103. Folosim lemn natural de cea mai \u00eenalt\u0103 calitate pentru a asigura o pies\u0103 durabil\u0103 \u0219i frumoas\u0103. Dar ceea ce face cu adev\u0103rat aceste baloane unice este capacitatea de a le personaliza cu numele bebelu\u0219ului t\u0103u sau cu numele acelei persoane speciale. Este o modalitate minunat\u0103 de a face fiecare balon cu adev\u0103rat unic \u0219i semnificativ.<\/p>\n<p>Pentru a se potrivi preferintelor si nevoilor dumneavoastra, va oferim trei variante de culoare: albastru, roz sau lemn natural. Po\u021bi alege tonul care se potrive\u0219te cel mai bine stilului camerei sau gustului persoanei c\u0103reia \u00eei vei oferi. \u00cen plus, v\u0103 oferim dou\u0103 dimensiuni diferite de baloane: 25 cm sau 30 cm \u00een\u0103l\u021bime, astfel \u00eenc\u00e2t s\u0103 pute\u021bi g\u0103si dimensiunea perfect\u0103 pentru decorul pe care l-a\u021bi avut \u00een vedere.<\/p>\n<p>Baloanele noastre personalizate din lemn sunt mai mult dec\u00e2t simple obiecte decorative; Sunt comori care vor spune o poveste \u0219i vor crea amintiri de neuitat. Fie c\u0103 dori\u021bi s\u0103 \u00eenfrumuse\u021ba\u021bi camera bebelu\u0219ului sau s\u0103 oferi\u021bi un cadou cu o not\u0103 personal\u0103 la o ocazie special\u0103, baloanele noastre sunt alegerea perfect\u0103.<\/p>\n<p>A\u0219a c\u0103 nu mai a\u0219tepta \u0219i adaug\u0103 o not\u0103 de magie vie\u021bii tale cu baloanele noastre fermec\u0103toare din lemn natural personalizate. Plaseaz\u0103-\u021bi comanda ast\u0103zi \u0219i creeaz\u0103 momente de neuitat care vor dura pentru totdeauna!<\/p>\n<p><strong style=\"font-size: 1rem;\">Dimensiuni:<\/strong><\/p>\n<ul>\n<li><strong>Model normal:<\/strong>\n<ul>\n<li><strong>Ridicat:<\/strong> 25 cm<\/li>\n<li><strong>Larg:<\/strong> Variaz\u0103 \u00een func\u021bie de lungimea numelui<\/li>\n<li><strong>Grosime:<\/strong> 8 mm<\/li>\n<\/ul>\n<\/li>\n<li><strong>Model mare:<\/strong>\n<ul>\n<li><strong>Ridicat:<\/strong> 30 cm<\/li>\n<li><strong>Larg:<\/strong> Variaz\u0103 \u00een func\u021bie de lungimea numelui<\/li>\n<li><strong>Grosime:<\/strong> 8 mm<\/li>\n<\/ul>\n<\/li>\n<\/ul>","protected":false},"excerpt":{"rendered":"<p>Descoperi\u021bi baloanele noastre personalizate din lemn natural, ideale pentru decorarea camerelor bebelu\u0219ilor sau ca cadouri speciale. Fiecare balon este realizat manual cu t\u0103iere cu laser \u0219i poate fi personalizat cu numele bebelu\u0219ului sau al persoanei dragi. Oferim trei culori (albastru, roz sau lemn natural) \u0219i dou\u0103 dimensiuni (25 cm sau 30 cm) pentru a se potrivi preferin\u021belor dumneavoastr\u0103. Aceste baloane sunt piese unice care adaug\u0103 farmec \u0219i sens oric\u0103rui spa\u021biu. Comanda ast\u0103zi \u0219i creeaz\u0103 momente de neuitat cu baloanele noastre personalizate.<\/p>","protected":false},"featured_media":4933,"template":"","meta":{"_seopress_robots_primary_cat":"52","_seopress_titles_title":"Globo de madera con nombre personalizado para habitaci\u00f3n de ni\u00f1o","_seopress_titles_desc":"Globo decorativo hecho a mano de madera personalizado con el nombre de tu bebe. Ideal para la decoraci\u00f3n de la habitaci\u00f3n de tu bebe.","_seopress_robots_index":"","_seopress_analysis_target_kw":"","site-sidebar-layout":"default","site-content-layout":"","ast-site-content-layout":"default","site-content-style":"default","site-sidebar-style":"default","ast-global-header-display":"","ast-banner-title-visibility":"","ast-main-header-display":"","ast-hfb-above-header-display":"","ast-hfb-below-header-display":"","ast-hfb-mobile-header-display":"","site-post-title":"","ast-breadcrumbs-content":"","ast-featured-img":"","footer-sml-layout":"","ast-disable-related-posts":"","theme-transparent-header-meta":"","adv-header-id-meta":"","stick-header-meta":"","header-above-stick-meta":"","header-main-stick-meta":"","header-below-stick-meta":"","astra-migrate-meta-layouts":"default","ast-page-background-enabled":"default","ast-page-background-meta":{"desktop":{"background-color":"","background-image":"","background-repeat":"repeat","background-position":"center center","background-size":"auto","background-attachment":"scroll","background-type":"","background-media":"","overlay-type":"","overlay-color":"","overlay-opacity":"","overlay-gradient":""},"tablet":{"background-color":"","background-image":"","background-repeat":"repeat","background-position":"center center","background-size":"auto","background-attachment":"scroll","background-type":"","background-media":"","overlay-type":"","overlay-color":"","overlay-opacity":"","overlay-gradient":""},"mobile":{"background-color":"","background-image":"","background-repeat":"repeat","background-position":"center center","background-size":"auto","background-attachment":"scroll","background-type":"","background-media":"","overlay-type":"","overlay-color":"","overlay-opacity":"","overlay-gradient":""}},"ast-content-background-meta":{"desktop":{"background-color":"var(--ast-global-color-5)","background-image":"","background-repeat":"repeat","background-position":"center center","background-size":"auto","background-attachment":"scroll","background-type":"","background-media":"","overlay-type":"","overlay-color":"","overlay-opacity":"","overlay-gradient":""},"tablet":{"background-color":"var(--ast-global-color-5)","background-image":"","background-repeat":"repeat","background-position":"center center","background-size":"auto","background-attachment":"scroll","background-type":"","background-media":"","overlay-type":"","overlay-color":"","overlay-opacity":"","overlay-gradient":""},"mobile":{"background-color":"var(--ast-global-color-5)","background-image":"","background-repeat":"repeat","background-position":"center center","background-size":"auto","background-attachment":"scroll","background-type":"","background-media":"","overlay-type":"","overlay-color":"","overlay-opacity":"","overlay-gradient":""}}},"product_brand":[],"product_cat":[51,52],"product_tag":[],"class_list":{"0":"post-4932","1":"product","2":"type-product","3":"status-publish","4":"has-post-thumbnail","6":"product_cat-decoracion-del-hogar","7":"product_cat-habitacion-de-bebe","8":"desktop-align-center","9":"tablet-align-left","10":"mobile-align-center","11":"ast-product-gallery-layout-horizontal","12":"ast-magnify-disabled","13":"ast-product-tabs-layout-horizontal","14":"tm-has-options","16":"first","17":"instock","18":"taxable","19":"shipping-taxable","20":"purchasable","21":"product-type-simple"},"_links":{"self":[{"href":"https:\/\/kiemmi.com\/ro\/wp-json\/wp\/v2\/product\/4932","targetHints":{"allow":["GET"]}}],"collection":[{"href":"https:\/\/kiemmi.com\/ro\/wp-json\/wp\/v2\/product"}],"about":[{"href":"https:\/\/kiemmi.com\/ro\/wp-json\/wp\/v2\/types\/product"}],"version-history":[{"count":0,"href":"https:\/\/kiemmi.com\/ro\/wp-json\/wp\/v2\/product\/4932\/revisions"}],"wp:featuredmedia":[{"embeddable":true,"href":"https:\/\/kiemmi.com\/ro\/wp-json\/wp\/v2\/media\/4933"}],"wp:attachment":[{"href":"https:\/\/kiemmi.com\/ro\/wp-json\/wp\/v2\/media?parent=4932"}],"wp:term":[{"taxonomy":"product_brand","embeddable":true,"href":"https:\/\/kiemmi.com\/ro\/wp-json\/wp\/v2\/product_brand?post=4932"},{"taxonomy":"product_cat","embeddable":true,"href":"https:\/\/kiemmi.com\/ro\/wp-json\/wp\/v2\/product_cat?post=4932"},{"taxonomy":"product_tag","embeddable":true,"href":"https:\/\/kiemmi.com\/ro\/wp-json\/wp\/v2\/product_tag?post=4932"}],"curies":[{"name":"wp","href":"https:\/\/api.w.org\/{rel}","templated":true}]}}