{"id":4659,"date":"2022-09-16T08:55:17","date_gmt":"2022-09-16T08:55:17","guid":{"rendered":"https:\/\/kiemmi.com\/?post_type=product&#038;p=4659"},"modified":"2025-12-09T11:26:36","modified_gmt":"2025-12-09T11:26:36","slug":"fluturi-din-lemn-pentru-decorarea-peretilor-in-stil-rachita","status":"publish","type":"product","link":"https:\/\/kiemmi.com\/ro\/shop\/decoracion-del-hogar\/mariposas-de-madera-de-decoracion-mural-con-estilo-mimbre\/","title":{"rendered":"Decor de perete fluturi din lemn cu stil rachita"},"content":{"rendered":"<p>Transform\u0103-\u021bi spa\u021biul \u00eentr-un loc fermec\u0103tor \u0219i elegant cu fluturii no\u0219tri din lemn lucra\u021bi manual. Fiecare pies\u0103 este unic\u0103, realizat\u0103 cu precizie prin t\u0103iere cu laser pentru un design detaliat care evoc\u0103 farmecul vintage cu un model distinctiv de r\u0103chit\u0103.<\/p>\n<p>Disponibili in trei modele diferite, fiecare cu dimensiunile sale, acesti fluturi se adapteaza stilului si preferintelor dumneavoastra de decor. De la o dimensiune mic\u0103 \u0219i delicat\u0103 la o pies\u0103 mare uimitoare, ve\u021bi g\u0103si combina\u021bia perfect\u0103 pentru a v\u0103 \u00eembun\u0103t\u0103\u021bi pictura mural\u0103 acas\u0103.<\/p>\n<p>Artizanatul \u0219i ecologicul se reunesc \u00een aceste piese unice: fiecare fluture este \u0219lefuit, vopsit \u0219i l\u0103cuit manual de c\u0103tre artizani exper\u021bi. Folosim exclusiv produse pe baz\u0103 de ap\u0103, ecologice, asigur\u00e2nd nu doar frumuse\u021bea, ci \u0219i durabilitatea acestor minunate piese decorative.<\/p>\n<p>Devotamentul nostru pentru calitate \u0219i durabilitate \u00eenseamn\u0103 c\u0103 nu numai c\u0103 v\u0103 \u00eenfrumuse\u021ba\u021bi casa, ci \u0219i contribui\u021bi la \u00eengrijirea planetei!<\/p>\n<p><strong>Caracteristici recomandate:<\/strong><\/p>\n<ul>\n<li>Fabricat manual cu lemn de \u00eenalt\u0103 calitate.<\/li>\n<li>Design vintage cu un model unic de r\u0103chit\u0103.<\/li>\n<li>Dimensiuni variate pentru a se adapta la orice spatiu.<\/li>\n<li>Tratat cu produse ecologice pe baza de apa pentru o mai mare durabilitate.<\/li>\n<\/ul>\n<p>Adaug\u0103 o not\u0103 de nostalgie \u0219i distinc\u021bie casei tale cu fluturii no\u0219tri din lemn. Ia-l pe al t\u0103u \u0219i las\u0103-\u021bi imagina\u021bia s\u0103 zboare!<\/p>\n<p><strong style=\"font-size: 1rem;\">Dimensiuni:<\/strong><\/p>\n<ul>\n<li><strong>Model A:<\/strong>\n<ul>\n<li><strong>Ridicat:<\/strong> 25,7 cm<\/li>\n<li><strong>Larg:<\/strong> 25 cm<\/li>\n<\/ul>\n<\/li>\n<li><strong>Model B:<\/strong>\n<ul>\n<li><strong>Ridicat:<\/strong> 20 cm<\/li>\n<li><strong>Larg:<\/strong> 13,4 cm<\/li>\n<\/ul>\n<\/li>\n<li><strong>Model C:<\/strong>\n<ul>\n<li><strong>Ridicat:<\/strong> 15 cm<\/li>\n<li><strong>Larg:<\/strong> 13,5 cm<\/li>\n<\/ul>\n<\/li>\n<\/ul>","protected":false},"excerpt":{"rendered":"<p>Transform\u0103-\u021bi casa cu farmec de epoc\u0103 datorit\u0103 fluturilor no\u0219tri din lemn lucra\u021bi manual, realiza\u021bi cu t\u0103iere cu laser \u0219i un model distinctiv de r\u0103chit\u0103, disponibili \u00een trei modele de dimensiuni diferite pentru a se adapta stilului t\u0103u de decorare. Fiecare piesa, slefuita cu grija, vopsita si lacuita manual cu produse ecologice pe baza de apa, garanteaza nu numai frumusete, ci si durabilitate si respect pentru mediu. Ace\u0219ti fluturi unici adaug\u0103 o not\u0103 de nostalgie \u0219i distinc\u021bie oric\u0103rui spa\u021biu de perete de acas\u0103, fiind o combina\u021bie perfect\u0103 \u00eentre artizanal \u0219i durabil, folosind lemn de \u00eenalt\u0103 calitate \u0219i tehnici care respect\u0103 planeta. Achizi\u021biona\u021bi aceste piese exclusive \u0219i l\u0103sa\u021bi-v\u0103 imagina\u021bia s\u0103 zboare, ad\u0103ug\u00e2nd un farmec aparte \u0219i contribuind la frumuse\u021bea \u0219i \u00eengrijirea mediului dumneavoastr\u0103.<\/p>","protected":false},"featured_media":7018,"template":"","meta":{"_seopress_robots_primary_cat":"51","_seopress_titles_title":"Marisposas de madera para decoraci\u00f3n mural","_seopress_titles_desc":"Mariposas de madera de decoraci\u00f3n mural hechas a mano. 3 tama\u00f1os. Perfectas como elemento de dedocaci\u00f3n de pared para tu casa o como regalo regalo.","_seopress_robots_index":"","_seopress_analysis_target_kw":"","site-sidebar-layout":"default","site-content-layout":"","ast-site-content-layout":"default","site-content-style":"default","site-sidebar-style":"default","ast-global-header-display":"","ast-banner-title-visibility":"","ast-main-header-display":"","ast-hfb-above-header-display":"","ast-hfb-below-header-display":"","ast-hfb-mobile-header-display":"","site-post-title":"","ast-breadcrumbs-content":"","ast-featured-img":"","footer-sml-layout":"","ast-disable-related-posts":"","theme-transparent-header-meta":"","adv-header-id-meta":"","stick-header-meta":"","header-above-stick-meta":"","header-main-stick-meta":"","header-below-stick-meta":"","astra-migrate-meta-layouts":"default","ast-page-background-enabled":"default","ast-page-background-meta":{"desktop":{"background-color":"","background-image":"","background-repeat":"repeat","background-position":"center center","background-size":"auto","background-attachment":"scroll","background-type":"","background-media":"","overlay-type":"","overlay-color":"","overlay-opacity":"","overlay-gradient":""},"tablet":{"background-color":"","background-image":"","background-repeat":"repeat","background-position":"center center","background-size":"auto","background-attachment":"scroll","background-type":"","background-media":"","overlay-type":"","overlay-color":"","overlay-opacity":"","overlay-gradient":""},"mobile":{"background-color":"","background-image":"","background-repeat":"repeat","background-position":"center center","background-size":"auto","background-attachment":"scroll","background-type":"","background-media":"","overlay-type":"","overlay-color":"","overlay-opacity":"","overlay-gradient":""}},"ast-content-background-meta":{"desktop":{"background-color":"var(--ast-global-color-5)","background-image":"","background-repeat":"repeat","background-position":"center center","background-size":"auto","background-attachment":"scroll","background-type":"","background-media":"","overlay-type":"","overlay-color":"","overlay-opacity":"","overlay-gradient":""},"tablet":{"background-color":"var(--ast-global-color-5)","background-image":"","background-repeat":"repeat","background-position":"center center","background-size":"auto","background-attachment":"scroll","background-type":"","background-media":"","overlay-type":"","overlay-color":"","overlay-opacity":"","overlay-gradient":""},"mobile":{"background-color":"var(--ast-global-color-5)","background-image":"","background-repeat":"repeat","background-position":"center center","background-size":"auto","background-attachment":"scroll","background-type":"","background-media":"","overlay-type":"","overlay-color":"","overlay-opacity":"","overlay-gradient":""}}},"product_brand":[],"product_cat":[51,87,49],"product_tag":[],"class_list":{"0":"post-4659","1":"product","2":"type-product","3":"status-publish","4":"has-post-thumbnail","6":"product_cat-decoracion-del-hogar","7":"product_cat-mascotas","8":"product_cat-regalos-originales","9":"desktop-align-center","10":"tablet-align-left","11":"mobile-align-center","12":"ast-product-gallery-layout-horizontal","13":"ast-magnify-disabled","14":"ast-product-tabs-layout-horizontal","15":"tm-has-options","17":"first","18":"instock","19":"taxable","20":"shipping-taxable","21":"purchasable","22":"product-type-simple"},"_links":{"self":[{"href":"https:\/\/kiemmi.com\/ro\/wp-json\/wp\/v2\/product\/4659","targetHints":{"allow":["GET"]}}],"collection":[{"href":"https:\/\/kiemmi.com\/ro\/wp-json\/wp\/v2\/product"}],"about":[{"href":"https:\/\/kiemmi.com\/ro\/wp-json\/wp\/v2\/types\/product"}],"version-history":[{"count":0,"href":"https:\/\/kiemmi.com\/ro\/wp-json\/wp\/v2\/product\/4659\/revisions"}],"wp:featuredmedia":[{"embeddable":true,"href":"https:\/\/kiemmi.com\/ro\/wp-json\/wp\/v2\/media\/7018"}],"wp:attachment":[{"href":"https:\/\/kiemmi.com\/ro\/wp-json\/wp\/v2\/media?parent=4659"}],"wp:term":[{"taxonomy":"product_brand","embeddable":true,"href":"https:\/\/kiemmi.com\/ro\/wp-json\/wp\/v2\/product_brand?post=4659"},{"taxonomy":"product_cat","embeddable":true,"href":"https:\/\/kiemmi.com\/ro\/wp-json\/wp\/v2\/product_cat?post=4659"},{"taxonomy":"product_tag","embeddable":true,"href":"https:\/\/kiemmi.com\/ro\/wp-json\/wp\/v2\/product_tag?post=4659"}],"curies":[{"name":"wp","href":"https:\/\/api.w.org\/{rel}","templated":true}]}}