{"id":4210,"date":"2022-04-18T09:46:41","date_gmt":"2022-04-18T09:46:41","guid":{"rendered":"https:\/\/kiemmi.com\/?post_type=product&#038;p=4210"},"modified":"2025-12-09T11:26:36","modified_gmt":"2025-12-09T11:26:36","slug":"caiet-cu-coperta-din-lemn-pentru-retete-de-gatit","status":"publish","type":"product","link":"https:\/\/kiemmi.com\/ro\/shop\/libretas-de-madera-personalizadas\/libreta-con-tapa-de-madera-para-recetas-de-cocina\/","title":{"rendered":"Caiet cu coperta din lemn pentru retete de gatit"},"content":{"rendered":"<p>Explora\u021bi o lume a creativit\u0103\u021bii culinare cu Cartea noastr\u0103 de re\u021bete de g\u0103tit, unde deliciul se \u00eent\u00e2lne\u0219te cu personalizarea. Cu coper\u021bi din lemn gravate cu laser, acest caiet devine o p\u00e2nz\u0103 pentru pasiunea ta pentru g\u0103tit.<\/p>\n<p>Fiecare caiet are coper\u021bi din lemn care nu numai c\u0103 ofer\u0103 durabilitate, dar adaug\u0103 \u0219i o not\u0103 de c\u0103ldur\u0103 crea\u021biilor tale culinare. Posibilitatea de personalizare a copertelor folosind gravarea laser permite caietului tau sa fie la fel de unic ca si cele mai pretioase retete ale tale.<\/p>\n<p>Dar asta nu este tot. Cu 80 de coli, adic\u0103 160 de pagini, caietul \u00ee\u021bi ofer\u0103 spa\u021biu mai mult dec\u00e2t suficient pentru a surprinde re\u021betele tale preferate, trucurile culinare \u0219i experimentele din buc\u0103t\u0103rie. \u00cen plus, personalizarea nu se opre\u0219te aici; Pute\u021bi chiar s\u0103 adapta\u021bi foile \u00een sine pentru a face caietul cu adev\u0103rat exclusivist.<\/p>\n<p>Acest caiet nu este doar un instrument practic \u00een buc\u0103t\u0103rie, ci \u0219i cadoul perfect pentru familia \u0219i prietenii iubitori de m\u00e2ncare. S\u0103rb\u0103tore\u0219te momentele speciale oferind cadou un caiet care nu numai c\u0103 surprinde re\u021bete, ci \u0219i amintiri \u00eemp\u0103rt\u0103\u0219ite \u00een jurul mesei.<\/p>\n<p>Realizat cu atentie la fiecare detaliu, acest notebook garanteaza rezistenta si eleganta. Transform\u0103 fiecare pagin\u0103 \u00eentr-o oper\u0103 de art\u0103 culinar\u0103 \u0219i p\u0103streaz\u0103-\u021bi crea\u021biile \u00een stil.<\/p>\n<p>Transforma\u021bi modul \u00een care \u00eemp\u0103rt\u0103\u0219i\u021bi \u0219i v\u0103 bucura\u021bi de g\u0103tit cu Caietul nostru de re\u021bete personalizate pentru buc\u0103t\u0103rie. Comanda acum \u0219i d\u0103 o not\u0103 unic\u0103 experien\u021bei tale culinare!<\/p>\n<p><strong>Caracteristici:<\/strong><\/p>\n<ul>\n<li>Coperta fata si spate din lemn<\/li>\n<li>Coperta frontal\u0103 este personalizabil\u0103<\/li>\n<li>Caiet \u00een format Din A5 (14,8 cm l\u0103\u021bime x 21 cm \u00een\u0103l\u021bime)<\/li>\n<li>80 de coli (160 de pagini)<\/li>\n<li>Paginile sunt personalizabile<\/li>\n<\/ul>","protected":false},"excerpt":{"rendered":"<p>Explora\u021bi creativitatea culinar\u0103 cu Cartea noastr\u0103 de re\u021bete, eviden\u021biat\u0103 de copertele sale personalizate din lemn cu gravare cu laser. Cu 80 de foi adaptabile, acest caiet ofer\u0103 spa\u021biu pentru a surprinde re\u021betele tale unice. Ideal ca cadou, reflect\u0103 pasiunea pentru g\u0103tit \u0219i creeaz\u0103 amintiri comune. Rezisten\u021ba \u0219i elegan\u021ba se reunesc \u00een acest caiet, transform\u00e2nd fiecare pagin\u0103 \u00eentr-o oper\u0103 de art\u0103 culinar\u0103. Transform\u0103-\u021bi experien\u021ba culinar\u0103 cu Cartea noastr\u0103 de re\u021bete de buc\u0103t\u0103rie personalizat\u0103, unde rafinamentul se \u00eent\u00e2lne\u0219te cu exclusivitatea.<\/p>","protected":false},"featured_media":36505,"template":"","meta":{"_seopress_robots_primary_cat":"50","_seopress_titles_title":"%%title%% %%page%% - Kiemmi","_seopress_titles_desc":"","_seopress_robots_index":"","_seopress_analysis_target_kw":"","site-sidebar-layout":"default","site-content-layout":"","ast-site-content-layout":"default","site-content-style":"default","site-sidebar-style":"default","ast-global-header-display":"","ast-banner-title-visibility":"","ast-main-header-display":"","ast-hfb-above-header-display":"","ast-hfb-below-header-display":"","ast-hfb-mobile-header-display":"","site-post-title":"","ast-breadcrumbs-content":"","ast-featured-img":"","footer-sml-layout":"","ast-disable-related-posts":"","theme-transparent-header-meta":"default","adv-header-id-meta":"","stick-header-meta":"default","header-above-stick-meta":"","header-main-stick-meta":"","header-below-stick-meta":"","astra-migrate-meta-layouts":"set","ast-page-background-enabled":"default","ast-page-background-meta":{"desktop":{"background-color":"","background-image":"","background-repeat":"repeat","background-position":"center center","background-size":"auto","background-attachment":"scroll","background-type":"","background-media":"","overlay-type":"","overlay-color":"","overlay-opacity":"","overlay-gradient":""},"tablet":{"background-color":"","background-image":"","background-repeat":"repeat","background-position":"center center","background-size":"auto","background-attachment":"scroll","background-type":"","background-media":"","overlay-type":"","overlay-color":"","overlay-opacity":"","overlay-gradient":""},"mobile":{"background-color":"","background-image":"","background-repeat":"repeat","background-position":"center center","background-size":"auto","background-attachment":"scroll","background-type":"","background-media":"","overlay-type":"","overlay-color":"","overlay-opacity":"","overlay-gradient":""}},"ast-content-background-meta":{"desktop":{"background-color":"var(--ast-global-color-5)","background-image":"","background-repeat":"repeat","background-position":"center center","background-size":"auto","background-attachment":"scroll","background-type":"","background-media":"","overlay-type":"","overlay-color":"","overlay-opacity":"","overlay-gradient":""},"tablet":{"background-color":"var(--ast-global-color-5)","background-image":"","background-repeat":"repeat","background-position":"center center","background-size":"auto","background-attachment":"scroll","background-type":"","background-media":"","overlay-type":"","overlay-color":"","overlay-opacity":"","overlay-gradient":""},"mobile":{"background-color":"var(--ast-global-color-5)","background-image":"","background-repeat":"repeat","background-position":"center center","background-size":"auto","background-attachment":"scroll","background-type":"","background-media":"","overlay-type":"","overlay-color":"","overlay-opacity":"","overlay-gradient":""}}},"product_brand":[103],"product_cat":[50],"product_tag":[],"class_list":{"0":"post-4210","1":"product","2":"type-product","3":"status-publish","4":"has-post-thumbnail","6":"product_brand-kiemmi-creations","7":"product_cat-libretas-de-madera-personalizadas","8":"desktop-align-center","9":"tablet-align-left","10":"mobile-align-center","11":"ast-product-gallery-layout-horizontal","12":"ast-magnify-disabled","13":"ast-product-tabs-layout-horizontal","14":"tm-has-options","16":"first","17":"instock","18":"taxable","19":"shipping-taxable","20":"purchasable","21":"product-type-simple"},"_links":{"self":[{"href":"https:\/\/kiemmi.com\/ro\/wp-json\/wp\/v2\/product\/4210","targetHints":{"allow":["GET"]}}],"collection":[{"href":"https:\/\/kiemmi.com\/ro\/wp-json\/wp\/v2\/product"}],"about":[{"href":"https:\/\/kiemmi.com\/ro\/wp-json\/wp\/v2\/types\/product"}],"version-history":[{"count":0,"href":"https:\/\/kiemmi.com\/ro\/wp-json\/wp\/v2\/product\/4210\/revisions"}],"wp:featuredmedia":[{"embeddable":true,"href":"https:\/\/kiemmi.com\/ro\/wp-json\/wp\/v2\/media\/36505"}],"wp:attachment":[{"href":"https:\/\/kiemmi.com\/ro\/wp-json\/wp\/v2\/media?parent=4210"}],"wp:term":[{"taxonomy":"product_brand","embeddable":true,"href":"https:\/\/kiemmi.com\/ro\/wp-json\/wp\/v2\/product_brand?post=4210"},{"taxonomy":"product_cat","embeddable":true,"href":"https:\/\/kiemmi.com\/ro\/wp-json\/wp\/v2\/product_cat?post=4210"},{"taxonomy":"product_tag","embeddable":true,"href":"https:\/\/kiemmi.com\/ro\/wp-json\/wp\/v2\/product_tag?post=4210"}],"curies":[{"name":"wp","href":"https:\/\/api.w.org\/{rel}","templated":true}]}}