{"id":4154,"date":"2022-04-15T07:16:51","date_gmt":"2022-04-15T07:16:51","guid":{"rendered":"https:\/\/kiemmi.com\/?post_type=product&#038;p=4154"},"modified":"2025-06-18T08:48:06","modified_gmt":"2025-06-18T08:48:06","slug":"magnet-de-frigider-din-lemn-in-forma-de-carte-deschisa","status":"publish","type":"product","link":"https:\/\/kiemmi.com\/ro\/shop\/iman-nevera-magnet\/iman-para-nevera-de-madera-en-forma-de-libro-abierto\/","title":{"rendered":"Magnet de frigider din lemn \u00een form\u0103 de carte deschis\u0103 personalizabil"},"content":{"rendered":"<p>Magnet de frigider din lemn realizat manual \u00een form\u0103 de carte veche deschis\u0103.<\/p>\n<p>Personaliza\u021bi magnetul cu mesajul dorit pe ambele pagini.<\/p>\n<p>Cadou ideal pentru a oferi un mesaj de recuno\u0219tin\u021b\u0103, mesaj de \u00eencurajare etc. pentru un prieten sau membru al familiei.<\/p>\n<p>Magne\u021bii sunt fabrica\u021bi din placaj de mesteac\u0103n de calitate premium, atent selectat.<\/p>\n<p>Produs ecologic realizat manual in Spania.<\/p>\n<p><strong>Modele:<\/strong><\/p>\n<div id='gallery-1' class='gallery galleryid-4154 gallery-columns-3 gallery-size-thumbnail'><figure class='gallery-item'>\n\t\t\t<div class='gallery-icon landscape'>\n\t\t\t\t<a href='https:\/\/kiemmi.com\/wp-content\/uploads\/2022\/04\/20220415_083240_2m.jpg'><img width=\"150\" height=\"150\" src=\"https:\/\/kiemmi.com\/wp-content\/uploads\/2022\/04\/20220415_083240_2m-150x150.jpg\" class=\"attachment-thumbnail size-thumbnail\" alt=\"Magnet de frigider \u00een form\u0103 de carte deschis\u0103 - Model A\" aria-describedby=\"gallery-1-4158\" srcset=\"https:\/\/kiemmi.com\/wp-content\/uploads\/2022\/04\/20220415_083240_2m-150x150.jpg 150w, https:\/\/kiemmi.com\/wp-content\/uploads\/2022\/04\/20220415_083240_2m-300x300.jpg 300w, https:\/\/kiemmi.com\/wp-content\/uploads\/2022\/04\/20220415_083240_2m-100x100.jpg 100w, https:\/\/kiemmi.com\/wp-content\/uploads\/2022\/04\/20220415_083240_2m-600x600.jpg 600w, https:\/\/kiemmi.com\/wp-content\/uploads\/2022\/04\/20220415_083240_2m-64x64.jpg 64w, https:\/\/kiemmi.com\/wp-content\/uploads\/2022\/04\/20220415_083240_2m-1024x1024.jpg 1024w, https:\/\/kiemmi.com\/wp-content\/uploads\/2022\/04\/20220415_083240_2m-768x768.jpg 768w, https:\/\/kiemmi.com\/wp-content\/uploads\/2022\/04\/20220415_083240_2m-1536x1536.jpg 1536w, https:\/\/kiemmi.com\/wp-content\/uploads\/2022\/04\/20220415_083240_2m-500x500.jpg 500w, https:\/\/kiemmi.com\/wp-content\/uploads\/2022\/04\/20220415_083240_2m.jpg 2000w\" sizes=\"(max-width: 150px) 100vw, 150px\" data-xoowscfly=\"fly\" decoding=\"async\" \/><\/a>\n\t\t\t<\/div>\n\t\t\t\t<figcaption class='wp-caption-text gallery-caption' id='gallery-1-4158'>\n\t\t\t\tModelul A\n\t\t\t\t<\/figcaption><\/figure><figure class='gallery-item'>\n\t\t\t<div class='gallery-icon landscape'>\n\t\t\t\t<a href='https:\/\/kiemmi.com\/wp-content\/uploads\/2022\/04\/20220415_083221_2m.jpg'><img width=\"150\" height=\"150\" src=\"https:\/\/kiemmi.com\/wp-content\/uploads\/2022\/04\/20220415_083221_2m-150x150.jpg\" class=\"attachment-thumbnail size-thumbnail\" alt=\"Magnet de frigider \u00een form\u0103 de carte deschis\u0103 - Model B\" aria-describedby=\"gallery-1-4155\" srcset=\"https:\/\/kiemmi.com\/wp-content\/uploads\/2022\/04\/20220415_083221_2m-150x150.jpg 150w, https:\/\/kiemmi.com\/wp-content\/uploads\/2022\/04\/20220415_083221_2m-300x300.jpg 300w, https:\/\/kiemmi.com\/wp-content\/uploads\/2022\/04\/20220415_083221_2m-100x100.jpg 100w, https:\/\/kiemmi.com\/wp-content\/uploads\/2022\/04\/20220415_083221_2m-600x600.jpg 600w, https:\/\/kiemmi.com\/wp-content\/uploads\/2022\/04\/20220415_083221_2m-64x64.jpg 64w, https:\/\/kiemmi.com\/wp-content\/uploads\/2022\/04\/20220415_083221_2m-1024x1024.jpg 1024w, https:\/\/kiemmi.com\/wp-content\/uploads\/2022\/04\/20220415_083221_2m-768x768.jpg 768w, https:\/\/kiemmi.com\/wp-content\/uploads\/2022\/04\/20220415_083221_2m-1536x1536.jpg 1536w, https:\/\/kiemmi.com\/wp-content\/uploads\/2022\/04\/20220415_083221_2m-500x500.jpg 500w, https:\/\/kiemmi.com\/wp-content\/uploads\/2022\/04\/20220415_083221_2m.jpg 2000w\" sizes=\"(max-width: 150px) 100vw, 150px\" data-xoowscfly=\"fly\" decoding=\"async\" \/><\/a>\n\t\t\t<\/div>\n\t\t\t\t<figcaption class='wp-caption-text gallery-caption' id='gallery-1-4155'>\n\t\t\t\tModelul B\n\t\t\t\t<\/figcaption><\/figure><figure class='gallery-item'>\n\t\t\t<div class='gallery-icon landscape'>\n\t\t\t\t<a href='https:\/\/kiemmi.com\/wp-content\/uploads\/2022\/04\/20220415_083255_2m.jpg'><img width=\"150\" height=\"150\" src=\"https:\/\/kiemmi.com\/wp-content\/uploads\/2022\/04\/20220415_083255_2m-150x150.jpg\" class=\"attachment-thumbnail size-thumbnail\" alt=\"Magnet de frigider \u00een form\u0103 de carte deschis\u0103 - Model C\" aria-describedby=\"gallery-1-4159\" srcset=\"https:\/\/kiemmi.com\/wp-content\/uploads\/2022\/04\/20220415_083255_2m-150x150.jpg 150w, https:\/\/kiemmi.com\/wp-content\/uploads\/2022\/04\/20220415_083255_2m-300x300.jpg 300w, https:\/\/kiemmi.com\/wp-content\/uploads\/2022\/04\/20220415_083255_2m-100x100.jpg 100w, https:\/\/kiemmi.com\/wp-content\/uploads\/2022\/04\/20220415_083255_2m-600x600.jpg 600w, https:\/\/kiemmi.com\/wp-content\/uploads\/2022\/04\/20220415_083255_2m-64x64.jpg 64w, https:\/\/kiemmi.com\/wp-content\/uploads\/2022\/04\/20220415_083255_2m-1024x1024.jpg 1024w, https:\/\/kiemmi.com\/wp-content\/uploads\/2022\/04\/20220415_083255_2m-768x768.jpg 768w, https:\/\/kiemmi.com\/wp-content\/uploads\/2022\/04\/20220415_083255_2m-1536x1536.jpg 1536w, https:\/\/kiemmi.com\/wp-content\/uploads\/2022\/04\/20220415_083255_2m-500x500.jpg 500w, https:\/\/kiemmi.com\/wp-content\/uploads\/2022\/04\/20220415_083255_2m.jpg 2000w\" sizes=\"(max-width: 150px) 100vw, 150px\" data-xoowscfly=\"fly\" decoding=\"async\" \/><\/a>\n\t\t\t<\/div>\n\t\t\t\t<figcaption class='wp-caption-text gallery-caption' id='gallery-1-4159'>\n\t\t\t\tModelul C\n\t\t\t\t<\/figcaption><\/figure>\n\t\t<\/div>\n\n<p><strong>Dimensiuni:<\/strong><\/p>\n<ul>\n<li><strong>Model A:<\/strong>\n<ul>\n<li>Latime: 8 cm<\/li>\n<li>Inaltime: 5 cm<\/li>\n<li>Grosime: 0,5 cm (magnet inclus)<\/li>\n<\/ul>\n<\/li>\n<li><strong>Model B:<\/strong>\n<ul>\n<li>Latime: 7,5 cm<\/li>\n<li>Inaltime: 5,5 cm<\/li>\n<li>Grosime 0,5 cm (magnet inclus)<\/li>\n<\/ul>\n<\/li>\n<li><strong>Model C:<\/strong>\n<ul>\n<li>Latime: 8 cm<\/li>\n<li>Inaltime: 5,5 cm<\/li>\n<li>Grosime: 0,5 cm (magnet inclus)<\/li>\n<\/ul>\n<\/li>\n<\/ul>","protected":false},"excerpt":{"rendered":"<p>Magnet de frigider din lemn realizat manual \u00een form\u0103 de carte veche deschis\u0103.<\/p>\n<p>Personaliza\u021bi magnetul cu mesajul dorit pe ambele pagini.<\/p>\n<p>Cadou ideal pentru a oferi un mesaj de recuno\u0219tin\u021b\u0103, mesaj de \u00eencurajare etc. pentru un prieten sau membru al familiei.<\/p>","protected":false},"featured_media":4156,"template":"","meta":{"_seopress_robots_primary_cat":"37","_seopress_titles_title":"%%title%% %%page%%","_seopress_titles_desc":"Iman de nevera de madera en forma de libro antiguo abierto. Ponle un mensaje personalizado. Regalo ideal para amigos o familiares.","_seopress_robots_index":"","_seopress_analysis_target_kw":"im\u00e1n para nevera de madera","site-sidebar-layout":"default","site-content-layout":"","ast-site-content-layout":"default","site-content-style":"default","site-sidebar-style":"default","ast-global-header-display":"","ast-banner-title-visibility":"","ast-main-header-display":"","ast-hfb-above-header-display":"","ast-hfb-below-header-display":"","ast-hfb-mobile-header-display":"","site-post-title":"","ast-breadcrumbs-content":"","ast-featured-img":"","footer-sml-layout":"","ast-disable-related-posts":"","theme-transparent-header-meta":"default","adv-header-id-meta":"","stick-header-meta":"default","header-above-stick-meta":"","header-main-stick-meta":"","header-below-stick-meta":"","astra-migrate-meta-layouts":"set","ast-page-background-enabled":"default","ast-page-background-meta":{"desktop":{"background-color":"","background-image":"","background-repeat":"repeat","background-position":"center center","background-size":"auto","background-attachment":"scroll","background-type":"","background-media":"","overlay-type":"","overlay-color":"","overlay-opacity":"","overlay-gradient":""},"tablet":{"background-color":"","background-image":"","background-repeat":"repeat","background-position":"center center","background-size":"auto","background-attachment":"scroll","background-type":"","background-media":"","overlay-type":"","overlay-color":"","overlay-opacity":"","overlay-gradient":""},"mobile":{"background-color":"","background-image":"","background-repeat":"repeat","background-position":"center center","background-size":"auto","background-attachment":"scroll","background-type":"","background-media":"","overlay-type":"","overlay-color":"","overlay-opacity":"","overlay-gradient":""}},"ast-content-background-meta":{"desktop":{"background-color":"var(--ast-global-color-5)","background-image":"","background-repeat":"repeat","background-position":"center center","background-size":"auto","background-attachment":"scroll","background-type":"","background-media":"","overlay-type":"","overlay-color":"","overlay-opacity":"","overlay-gradient":""},"tablet":{"background-color":"var(--ast-global-color-5)","background-image":"","background-repeat":"repeat","background-position":"center center","background-size":"auto","background-attachment":"scroll","background-type":"","background-media":"","overlay-type":"","overlay-color":"","overlay-opacity":"","overlay-gradient":""},"mobile":{"background-color":"var(--ast-global-color-5)","background-image":"","background-repeat":"repeat","background-position":"center center","background-size":"auto","background-attachment":"scroll","background-type":"","background-media":"","overlay-type":"","overlay-color":"","overlay-opacity":"","overlay-gradient":""}}},"product_brand":[],"product_cat":[37],"product_tag":[],"class_list":{"0":"post-4154","1":"product","2":"type-product","3":"status-publish","4":"has-post-thumbnail","6":"product_cat-iman-nevera-magnet","7":"desktop-align-center","8":"tablet-align-left","9":"mobile-align-center","10":"ast-product-gallery-layout-horizontal","11":"ast-magnify-disabled","12":"ast-product-tabs-layout-horizontal","13":"tm-has-options","15":"first","16":"instock","17":"taxable","18":"shipping-taxable","19":"purchasable","20":"product-type-simple"},"_links":{"self":[{"href":"https:\/\/kiemmi.com\/ro\/wp-json\/wp\/v2\/product\/4154","targetHints":{"allow":["GET"]}}],"collection":[{"href":"https:\/\/kiemmi.com\/ro\/wp-json\/wp\/v2\/product"}],"about":[{"href":"https:\/\/kiemmi.com\/ro\/wp-json\/wp\/v2\/types\/product"}],"version-history":[{"count":0,"href":"https:\/\/kiemmi.com\/ro\/wp-json\/wp\/v2\/product\/4154\/revisions"}],"wp:featuredmedia":[{"embeddable":true,"href":"https:\/\/kiemmi.com\/ro\/wp-json\/wp\/v2\/media\/4156"}],"wp:attachment":[{"href":"https:\/\/kiemmi.com\/ro\/wp-json\/wp\/v2\/media?parent=4154"}],"wp:term":[{"taxonomy":"product_brand","embeddable":true,"href":"https:\/\/kiemmi.com\/ro\/wp-json\/wp\/v2\/product_brand?post=4154"},{"taxonomy":"product_cat","embeddable":true,"href":"https:\/\/kiemmi.com\/ro\/wp-json\/wp\/v2\/product_cat?post=4154"},{"taxonomy":"product_tag","embeddable":true,"href":"https:\/\/kiemmi.com\/ro\/wp-json\/wp\/v2\/product_tag?post=4154"}],"curies":[{"name":"wp","href":"https:\/\/api.w.org\/{rel}","templated":true}]}}