{"id":37833,"date":"2025-12-14T18:46:21","date_gmt":"2025-12-14T18:46:21","guid":{"rendered":"https:\/\/kiemmi.com\/?post_type=product&#038;p=37833"},"modified":"2026-01-18T00:31:47","modified_gmt":"2026-01-18T00:31:47","slug":"adunarea-internationala-a-brelocului-2026-fericiti-pana-la-adanci-batraneti","status":"publish","type":"product","link":"https:\/\/kiemmi.com\/ro\/shop\/jw\/asambleas-internacionales-2026-jw\/llavero-asamblea-internacional-2026-felices-para-siempre\/","title":{"rendered":"Breloc Adunarea Interna\u021bional\u0103 2026 \u00abFerici\u021bi p\u00e2n\u0103 la ad\u00e2nci b\u0103tr\u00e2ne\u021bi\u00bb"},"content":{"rendered":"<p>Comemoreaz\u0103 <strong>Adunarea Interna\u021bional\u0103 a Martorilor lui Iehova 2026<\/strong> cu acest breloc din lemn conceput ca un suvenir special al temei inspiratoare \u201c<strong>Ferici\u021bi p\u00e2n\u0103 la ad\u00e2nci b\u0103tr\u00e2ne\u021bi<\/strong>\u201dFiecare pies\u0103 este realizat\u0103 manual \u0219i prezint\u0103 o imprimare color a logo-ului oficial al adun\u0103rii, reflect\u00e2nd mesajul de speran\u021b\u0103 \u0219i fericire durabil\u0103 ce caracterizeaz\u0103 acest eveniment interna\u021bional.<\/p>\n<p>Acest breloc combin\u0103 func\u021bionalitatea cu semnifica\u021bia spiritual\u0103, permi\u021b\u00e2ndu-v\u0103 s\u0103 purta\u021bi zilnic o amintire a adun\u0103rii \u0219i a mesajului biblic pe care \u00eel transmite, fie pe chei, \u00eentr-un rucsac sau \u00eentr-o po\u0219et\u0103.<\/p>\n<p><strong>Caracteristicile produsului:<\/strong><\/p>\n<p style=\"padding-left: 40px;\">\ud83c\udf3f <strong>Lemn din surse sustenabile:<\/strong> Material natural \u0219i ecologic, cu un finisaj cald \u0219i pl\u0103cut<br \/>\n\ud83c\udfa8 <strong>Imprimare full-color:<\/strong> Culori vibrante, bine definite, care sporesc designul \u0219i \u00ee\u0219i men\u021bin calitatea \u00een timp.<br \/>\n\ud83d\udc50 <strong>Lucrat manual:<\/strong> Fiecare breloc este realizat manual, acord\u00e2ndu-se aten\u021bie fiec\u0103rui detaliu al t\u0103ierii \u0219i finis\u0103rii.<br \/>\n\ud83d\udd11 <strong>Format practic \u0219i u\u0219or:<\/strong> Dimensiune confortabil\u0103 pentru utilizare zilnic\u0103, f\u0103r\u0103 a fi voluminoas\u0103<br \/>\n\ud83d\udd12 <strong>Inel metalic rezistent:<\/strong> Prindere ferm\u0103 \u0219i sigur\u0103 pentru chei sau alte accesorii<br \/>\n\ud83c\udf81 <strong>O amintire cu valoare spiritual\u0103:<\/strong> Ideal ca \u0219i cadou pentru fra\u021bii \u0219i surorile care particip\u0103 la adunare sau pentru a fi p\u0103strat ca suvenir personal<\/p>\n<p>Acest breloc din lemn este mai mult dec\u00e2t un accesoriu: este un simbol al mesajului \u201c<strong>Ferici\u021bi p\u00e2n\u0103 la ad\u00e2nci b\u0103tr\u00e2ne\u021bi<\/strong>\u201d, conceput\u0103 s\u0103 te \u00eenso\u021beasc\u0103 \u00een fiecare zi \u0219i s\u0103-\u021bi aminteasc\u0103 de speran\u021ba \u0219i bucuria \u00eemp\u0103rt\u0103\u0219ite \u00een timpul Adun\u0103rii Interna\u021bionale din 2026.<\/p>","protected":false},"excerpt":{"rendered":"<p>Breloc comemorativ din lemn al <strong>Adunarea Interna\u021bional\u0103 a Martorilor lui Iehova 2026<\/strong>, a c\u0103rui tem\u0103 este \u201c<strong>Ferici\u021bi p\u00e2n\u0103 la ad\u00e2nci b\u0103tr\u00e2ne\u021bi<\/strong>\u201d. Realizat manual \u0219i imprimat color cu sigla oficial\u0103, este un suvenir practic \u0219i semnificativ, care reflect\u0103 speran\u021ba \u0219i bucuria transmise \u00een timpul acestei adun\u0103ri speciale.<\/p>","protected":false},"featured_media":37848,"template":"","meta":{"_seopress_robots_primary_cat":"","_seopress_titles_title":"Llavero de Madera Asamblea Especial 2025 - Adoraci\u00f3n Pura","_seopress_titles_desc":"Conmemora la Asamblea Especial 2025 - \"Adoraci\u00f3n Pura\" - con un llavero artesanal de madera y logo oficial, perfecto recuerdo ecol\u00f3gico y significativo.","_seopress_robots_index":"","site-sidebar-layout":"default","site-content-layout":"","ast-site-content-layout":"default","site-content-style":"default","site-sidebar-style":"default","ast-global-header-display":"","ast-banner-title-visibility":"","ast-main-header-display":"","ast-hfb-above-header-display":"","ast-hfb-below-header-display":"","ast-hfb-mobile-header-display":"","site-post-title":"","ast-breadcrumbs-content":"","ast-featured-img":"","footer-sml-layout":"","ast-disable-related-posts":"","theme-transparent-header-meta":"default","adv-header-id-meta":"","stick-header-meta":"default","header-above-stick-meta":"","header-main-stick-meta":"","header-below-stick-meta":"","astra-migrate-meta-layouts":"set","ast-page-background-enabled":"default","ast-page-background-meta":{"desktop":{"background-color":"","background-image":"","background-repeat":"repeat","background-position":"center center","background-size":"auto","background-attachment":"scroll","background-type":"","background-media":"","overlay-type":"","overlay-color":"","overlay-opacity":"","overlay-gradient":""},"tablet":{"background-color":"","background-image":"","background-repeat":"repeat","background-position":"center center","background-size":"auto","background-attachment":"scroll","background-type":"","background-media":"","overlay-type":"","overlay-color":"","overlay-opacity":"","overlay-gradient":""},"mobile":{"background-color":"","background-image":"","background-repeat":"repeat","background-position":"center center","background-size":"auto","background-attachment":"scroll","background-type":"","background-media":"","overlay-type":"","overlay-color":"","overlay-opacity":"","overlay-gradient":""}},"ast-content-background-meta":{"desktop":{"background-color":"var(--ast-global-color-5)","background-image":"","background-repeat":"repeat","background-position":"center center","background-size":"auto","background-attachment":"scroll","background-type":"","background-media":"","overlay-type":"","overlay-color":"","overlay-opacity":"","overlay-gradient":""},"tablet":{"background-color":"var(--ast-global-color-5)","background-image":"","background-repeat":"repeat","background-position":"center center","background-size":"auto","background-attachment":"scroll","background-type":"","background-media":"","overlay-type":"","overlay-color":"","overlay-opacity":"","overlay-gradient":""},"mobile":{"background-color":"var(--ast-global-color-5)","background-image":"","background-repeat":"repeat","background-position":"center center","background-size":"auto","background-attachment":"scroll","background-type":"","background-media":"","overlay-type":"","overlay-color":"","overlay-opacity":"","overlay-gradient":""}}},"product_brand":[103],"product_cat":[105,66],"product_tag":[],"class_list":{"0":"post-37833","1":"product","2":"type-product","3":"status-publish","4":"has-post-thumbnail","6":"product_brand-kiemmi-creations","7":"product_cat-asambleas-internacionales-2026-jw","8":"product_cat-llaveros-jw","9":"desktop-align-center","10":"tablet-align-left","11":"mobile-align-center","12":"ast-product-gallery-layout-horizontal","13":"ast-magnify-disabled","14":"ast-product-tabs-layout-horizontal","15":"tm-has-options","17":"first","18":"instock","19":"taxable","20":"shipping-taxable","21":"purchasable","22":"product-type-simple"},"_links":{"self":[{"href":"https:\/\/kiemmi.com\/ro\/wp-json\/wp\/v2\/product\/37833","targetHints":{"allow":["GET"]}}],"collection":[{"href":"https:\/\/kiemmi.com\/ro\/wp-json\/wp\/v2\/product"}],"about":[{"href":"https:\/\/kiemmi.com\/ro\/wp-json\/wp\/v2\/types\/product"}],"version-history":[{"count":1,"href":"https:\/\/kiemmi.com\/ro\/wp-json\/wp\/v2\/product\/37833\/revisions"}],"predecessor-version":[{"id":67209,"href":"https:\/\/kiemmi.com\/ro\/wp-json\/wp\/v2\/product\/37833\/revisions\/67209"}],"wp:featuredmedia":[{"embeddable":true,"href":"https:\/\/kiemmi.com\/ro\/wp-json\/wp\/v2\/media\/37848"}],"wp:attachment":[{"href":"https:\/\/kiemmi.com\/ro\/wp-json\/wp\/v2\/media?parent=37833"}],"wp:term":[{"taxonomy":"product_brand","embeddable":true,"href":"https:\/\/kiemmi.com\/ro\/wp-json\/wp\/v2\/product_brand?post=37833"},{"taxonomy":"product_cat","embeddable":true,"href":"https:\/\/kiemmi.com\/ro\/wp-json\/wp\/v2\/product_cat?post=37833"},{"taxonomy":"product_tag","embeddable":true,"href":"https:\/\/kiemmi.com\/ro\/wp-json\/wp\/v2\/product_tag?post=37833"}],"curies":[{"name":"wp","href":"https:\/\/api.w.org\/{rel}","templated":true}]}}