{"id":37773,"date":"2025-12-14T16:49:50","date_gmt":"2025-12-14T16:49:50","guid":{"rendered":"https:\/\/kiemmi.com\/?post_type=product&#038;p=37773"},"modified":"2025-12-26T14:53:09","modified_gmt":"2025-12-26T14:53:09","slug":"semne-de-carte-din-lemn-adunarea-internationala-2026-fericiti-pana-la-adanci-batraneti-martorii-lui-iehova","status":"publish","type":"product","link":"https:\/\/kiemmi.com\/ro\/shop\/jw\/asambleas-internacionales-2026-jw\/marcapaginas-de-madera-asamblea-international-2026-felices-para-siempre-jw\/","title":{"rendered":"Semne de carte din lemn \u2013 Adunarea Interna\u021bional\u0103 2026 \u00abFerici\u021bi p\u00e2n\u0103 la ad\u00e2nci b\u0103tr\u00e2ne\u021bi\u00bb \u2013 Martorii lui Iehova"},"content":{"rendered":"<p>Acest semn de carte din lemn a fost creat ca o amintire special\u0103 a <strong>Adunarea Interna\u021bional\u0103 a Martorilor lui Iehova 2026<\/strong>, a c\u0103rui tem\u0103 biblic\u0103 \u201c<strong>Ferici\u021bi p\u00e2n\u0103 la ad\u00e2nci b\u0103tr\u00e2ne\u021bi<\/strong>\u201dEviden\u021biaz\u0103 speran\u021ba unei fericiri ve\u0219nice bazate pe promisiunile lui Iehova.\u201d.<\/p>\n<p>Designul \u00eencorporeaz\u0103 logo-ul oficial al adun\u0103rii, imprimat \u00een culori complete pe lemn natural, oferind un finisaj armonios \u0219i rafinat. Formatul s\u0103u u\u0219or \u0219i elegant \u00eel face un complement ideal pentru lectura zilnic\u0103 a Bibliei \u0219i alte publica\u021bii spirituale, men\u021bin\u00e2nd mesajul adun\u0103rii prezent \u00een fiecare moment de studiu.<\/p>\n<p>Semnul de carte v\u0103 permite s\u0103 personaliza\u021bi textul cu imprimare color, cum ar fi un nume, o dat\u0103 sau un mesaj scurt, integr\u00e2ndu-l perfect \u00een design. Fiecare semn de carte include \u0219i un ciucure decorativ, trimis \u00een culori asortate, ad\u0103ug\u00e2nd o not\u0103 distinctiv\u0103 fiec\u0103rei piese.<\/p>\n<p><strong>Caracteristicile produsului:<\/strong><\/p>\n<p style=\"padding-left: 40px;\">\ud83d\udccf <strong>Dimensiuni:<\/strong> 14 cm \u00een\u0103l\u021bime \u00d7 3,7 cm l\u0103\u021bime \u00d7 1 mm grosime<br \/>\n\ud83c\udf33 <strong>Lemn natural:<\/strong> Material u\u0219or, durabil \u0219i pl\u0103cut la atingere<br \/>\n\ud83c\udfa8 <strong>Imprimare full-color:<\/strong> Sigla oficial\u0103 a Adun\u0103rii Interna\u021bionale din 2026, cu o claritate deosebit\u0103<br \/>\n\u270d\ufe0f <strong>Personalizare imprimat\u0103:<\/strong> Text personalizat folosind imprimare full-color<br \/>\n\ud83c\udf80 <strong>Ciucure decorativ:<\/strong> Include ciucure \u00een culori aleatorii<br \/>\n\ud83d\udc50 <strong>Lucrat manual:<\/strong> Fiecare semn de carte este realizat manual, acord\u00e2ndu-se aten\u021bie fiec\u0103rui detaliu.<br \/>\n\ud83d\udcda <strong>Utilizare practic\u0103:<\/strong> Ideal pentru marcarea paginilor din Biblie, c\u0103r\u021bi sau materiale de studiu<br \/>\n\ud83c\udf81 <strong>O amintire cu semnifica\u021bie spiritual\u0103:<\/strong> Un cadou special pentru fra\u021bii \u0219i surorile care particip\u0103 la adunare<\/p>\n<p>Acest semn de carte din lemn este o reamintire zilnic\u0103 a mesajului \u201c<strong>Ferici\u021bi p\u00e2n\u0103 la ad\u00e2nci b\u0103tr\u00e2ne\u021bi<\/strong>\u201d, concepute pentru a \u00eenso\u021bi momente de lectur\u0103, reflec\u021bie \u0219i studiu spiritual.<\/p>\n<p>Un suvenir simplu, func\u021bional \u0219i plin de semnifica\u021bie.<\/p>","protected":false},"excerpt":{"rendered":"<p>Semn de carte din lemn comemor\u00e2nd <strong>Adunarea Interna\u021bional\u0103 a Martorilor lui Iehova 2026<\/strong>, a c\u0103rui tem\u0103 este \u201c<strong>Ferici\u021bi p\u00e2n\u0103 la ad\u00e2nci b\u0103tr\u00e2ne\u021bi<\/strong>\u201d. Include sigla oficial\u0103 \u0219i op\u021biunea de a ad\u0103uga text personalizat prin imprimare color. O amintire u\u0219oar\u0103 \u0219i semnificativ\u0103 care s\u0103 \u00eenso\u021beasc\u0103 lectura zilnic\u0103 \u0219i s\u0103 p\u0103streze prezent mesajul spiritual al adun\u0103rii.<\/p>","protected":false},"featured_media":37753,"template":"","meta":{"_seopress_robots_primary_cat":"none","_seopress_titles_title":"Marcap\u00e1ginas personalizado para Asamblea Especial 2025 \"Adoraci\u00f3n Pura\"","_seopress_titles_desc":"Descubre el marcap\u00e1ginas de madera de la Asamblea Especial 2025 \"Adoraci\u00f3n Pura\": elegante, personalizable, hecho a mano y con impresi\u00f3n a color del logo oficial. \u00a1Perfecto para regalar!","_seopress_robots_index":"","site-sidebar-layout":"default","site-content-layout":"","ast-site-content-layout":"default","site-content-style":"default","site-sidebar-style":"default","ast-global-header-display":"","ast-banner-title-visibility":"","ast-main-header-display":"","ast-hfb-above-header-display":"","ast-hfb-below-header-display":"","ast-hfb-mobile-header-display":"","site-post-title":"","ast-breadcrumbs-content":"","ast-featured-img":"","footer-sml-layout":"","ast-disable-related-posts":"","theme-transparent-header-meta":"default","adv-header-id-meta":"","stick-header-meta":"default","header-above-stick-meta":"","header-main-stick-meta":"","header-below-stick-meta":"","astra-migrate-meta-layouts":"set","ast-page-background-enabled":"default","ast-page-background-meta":{"desktop":{"background-color":"","background-image":"","background-repeat":"repeat","background-position":"center center","background-size":"auto","background-attachment":"scroll","background-type":"","background-media":"","overlay-type":"","overlay-color":"","overlay-opacity":"","overlay-gradient":""},"tablet":{"background-color":"","background-image":"","background-repeat":"repeat","background-position":"center center","background-size":"auto","background-attachment":"scroll","background-type":"","background-media":"","overlay-type":"","overlay-color":"","overlay-opacity":"","overlay-gradient":""},"mobile":{"background-color":"","background-image":"","background-repeat":"repeat","background-position":"center center","background-size":"auto","background-attachment":"scroll","background-type":"","background-media":"","overlay-type":"","overlay-color":"","overlay-opacity":"","overlay-gradient":""}},"ast-content-background-meta":{"desktop":{"background-color":"var(--ast-global-color-5)","background-image":"","background-repeat":"repeat","background-position":"center center","background-size":"auto","background-attachment":"scroll","background-type":"","background-media":"","overlay-type":"","overlay-color":"","overlay-opacity":"","overlay-gradient":""},"tablet":{"background-color":"var(--ast-global-color-5)","background-image":"","background-repeat":"repeat","background-position":"center center","background-size":"auto","background-attachment":"scroll","background-type":"","background-media":"","overlay-type":"","overlay-color":"","overlay-opacity":"","overlay-gradient":""},"mobile":{"background-color":"var(--ast-global-color-5)","background-image":"","background-repeat":"repeat","background-position":"center center","background-size":"auto","background-attachment":"scroll","background-type":"","background-media":"","overlay-type":"","overlay-color":"","overlay-opacity":"","overlay-gradient":""}}},"product_brand":[103],"product_cat":[105,62,100],"product_tag":[],"class_list":{"0":"post-37773","1":"product","2":"type-product","3":"status-publish","4":"has-post-thumbnail","6":"product_brand-kiemmi-creations","7":"product_cat-asambleas-internacionales-2026-jw","8":"product_cat-jw","9":"product_cat-marcapaginas-jw","10":"desktop-align-center","11":"tablet-align-left","12":"mobile-align-center","13":"ast-product-gallery-layout-horizontal","14":"ast-magnify-disabled","15":"ast-product-tabs-layout-horizontal","16":"tm-has-options","18":"first","19":"instock","20":"taxable","21":"shipping-taxable","22":"purchasable","23":"product-type-simple"},"_links":{"self":[{"href":"https:\/\/kiemmi.com\/ro\/wp-json\/wp\/v2\/product\/37773","targetHints":{"allow":["GET"]}}],"collection":[{"href":"https:\/\/kiemmi.com\/ro\/wp-json\/wp\/v2\/product"}],"about":[{"href":"https:\/\/kiemmi.com\/ro\/wp-json\/wp\/v2\/types\/product"}],"version-history":[{"count":1,"href":"https:\/\/kiemmi.com\/ro\/wp-json\/wp\/v2\/product\/37773\/revisions"}],"predecessor-version":[{"id":67210,"href":"https:\/\/kiemmi.com\/ro\/wp-json\/wp\/v2\/product\/37773\/revisions\/67210"}],"wp:featuredmedia":[{"embeddable":true,"href":"https:\/\/kiemmi.com\/ro\/wp-json\/wp\/v2\/media\/37753"}],"wp:attachment":[{"href":"https:\/\/kiemmi.com\/ro\/wp-json\/wp\/v2\/media?parent=37773"}],"wp:term":[{"taxonomy":"product_brand","embeddable":true,"href":"https:\/\/kiemmi.com\/ro\/wp-json\/wp\/v2\/product_brand?post=37773"},{"taxonomy":"product_cat","embeddable":true,"href":"https:\/\/kiemmi.com\/ro\/wp-json\/wp\/v2\/product_cat?post=37773"},{"taxonomy":"product_tag","embeddable":true,"href":"https:\/\/kiemmi.com\/ro\/wp-json\/wp\/v2\/product_tag?post=37773"}],"curies":[{"name":"wp","href":"https:\/\/api.w.org\/{rel}","templated":true}]}}