{"id":37645,"date":"2025-12-14T11:47:17","date_gmt":"2025-12-14T11:47:17","guid":{"rendered":"https:\/\/kiemmi.com\/?post_type=product&#038;p=37645"},"modified":"2026-01-18T00:31:49","modified_gmt":"2026-01-18T00:31:49","slug":"magnet-de-frigider-din-lemn-adunare-internationala-2026-fericiti-pana-la-adanci-batraneti-jw","status":"publish","type":"product","link":"https:\/\/kiemmi.com\/ro\/shop\/jw\/asambleas-internacionales-2026-jw\/magnet-iman-para-nevera-de-madera-asamblea-internacional-2026-felices-para-siempre-jw\/","title":{"rendered":"Magnet de frigider din lemn \/ Adunarea Interna\u021bional\u0103 2026 \u00abFerici\u021bi p\u00e2n\u0103 la ad\u00e2nci b\u0103tr\u00e2ne\u021bi\u00bb \u2013 JW"},"content":{"rendered":"<p>Acest magnet de frigider din lemn a fost conceput ca un suvenir special al... <strong>Adunarea Interna\u021bional\u0103 a Martorilor lui Iehova 2026<\/strong>, a c\u0103rui tem\u0103 biblic\u0103 \u201c<strong>Ferici\u021bi p\u00e2n\u0103 la ad\u00e2nci b\u0103tr\u00e2ne\u021bi<\/strong>\u201dEviden\u021biaz\u0103 speran\u021ba unei fericiri ve\u0219nice bazate pe promisiunile lui Iehova.\u201d.<\/p>\n<p>Designul s\u0103u circular, echilibrat \u0219i discret prezint\u0103 sigla oficial\u0103 a adun\u0103rii, imprimat\u0103 color pe lemn natural. Plasat\u0103 pe frigider sau pe orice suprafa\u021b\u0103 metalic\u0103, devine o amintire zilnic\u0103 a mesajului spiritual transmis \u00een timpul acestei importante adun\u0103ri interna\u021bionale.<\/p>\n<p>Op\u021biunea de <strong>Personaliza\u021bi un mesaj \u00een partea de jos<\/strong> Permite ca fiecare magnet s\u0103 fie unic, fie c\u0103 are un nume, o dat\u0103 sau o scurt\u0103 expresie care \u00eent\u0103re\u0219te valoarea spiritual\u0103 \u0219i comemorativ\u0103 a amintirii.<\/p>\n<p><strong>Detalii produs:<\/strong><\/p>\n<p style=\"padding-left: 40px;\">\ud83e\udeb5 <strong>Lemn natural de calitate:<\/strong> Material rezistent \u0219i c\u0103lduros, cu un finisaj simplu care spore\u0219te designul.<br \/>\n\ud83c\udfa8 <strong>Imprimare full-color:<\/strong> O imagine clar\u0103 \u0219i de lung\u0103 durat\u0103 care men\u021bine claritatea logo-ului \u00een timp.<br \/>\n\ud83d\udee0\ufe0f <strong>Lucrat manual:<\/strong> Fiecare magnet este realizat manual, cu aten\u021bie deosebit\u0103 la t\u0103iere, gravare \u0219i finisare final\u0103.<br \/>\n\u270d\ufe0f <strong>Mesaj personalizabil:<\/strong> Spa\u021biu destinat unui text scurt care adaug\u0103 o valoare personal\u0103 \u0219i spiritual\u0103 amintirii.<br \/>\n\ud83d\udccf <strong>M\u0103sur\u0103:<\/strong> Diametru 50 mm (5 cm \/ 1,97\u201d), dimensiune ideal\u0103 pentru a eviden\u021bia designul f\u0103r\u0103 a fi intruziv.<br \/>\n\ud83e\uddf2 <strong>Magnet spate durabil:<\/strong> Fixare ferm\u0103 pentru suprafe\u021be metalice precum frigidere, fi\u0219ete sau table albe.<br \/>\n\ud83c\udf81 <strong>Amintire spiritual\u0103 durabil\u0103:<\/strong> Ideal de p\u0103strat ca suvenir personal sau de oferit fra\u021bilor \u0219i surorilor care particip\u0103 la adunare.<\/p>\n<p>Acest magnet din lemn nu este doar un obiect decorativ, ci o amintire zilnic\u0103 a mesajului \u201cFerici\u021bi p\u00e2n\u0103 la ad\u00e2nci b\u0103tr\u00e2ne\u021bi\u201d, conceput pentru a men\u021bine vii speran\u021ba \u0219i bucuria care caracterizeaz\u0103 aceast\u0103 adunare interna\u021bional\u0103.<\/p>\n<p>Un detaliu simplu, practic, plin de semnifica\u021bie spiritual\u0103.<\/p>","protected":false},"excerpt":{"rendered":"<p>Magnet comemorativ din lemn pentru frigider <strong>Adunarea Interna\u021bional\u0103 a Martorilor lui Iehova 2026<\/strong>, a c\u0103rui tem\u0103 este \u201c<strong>Ferici\u021bi p\u00e2n\u0103 la ad\u00e2nci b\u0103tr\u00e2ne\u021bi<\/strong>\u201d. Prezint\u0103 logo-ul oficial imprimat color pe lemn natural \u0219i permite ad\u0103ugarea unui mesaj personalizat. O amintire practic\u0103 \u0219i semnificativ\u0103 care p\u0103streaz\u0103 speran\u021ba \u0219i bucuria \u00eemp\u0103rt\u0103\u0219ite \u00een timpul acestei adun\u0103ri speciale.<\/p>","protected":false},"featured_media":37704,"template":"","meta":{"_seopress_robots_primary_cat":"","_seopress_titles_title":"Im\u00e1n para Asambleas Especiales 2025 - \"Adoraci\u00f3n Pura\"","_seopress_titles_desc":"Celebra las Asambleas Especiales 2025 - \"Adoraci\u00f3n Pura\" - con nuestro exclusivo im\u00e1n de madera personalizado. \u00a1Personal\u00edzalo hoy!","_seopress_robots_index":"","site-sidebar-layout":"default","site-content-layout":"","ast-site-content-layout":"default","site-content-style":"default","site-sidebar-style":"default","ast-global-header-display":"","ast-banner-title-visibility":"","ast-main-header-display":"","ast-hfb-above-header-display":"","ast-hfb-below-header-display":"","ast-hfb-mobile-header-display":"","site-post-title":"","ast-breadcrumbs-content":"","ast-featured-img":"","footer-sml-layout":"","ast-disable-related-posts":"","theme-transparent-header-meta":"default","adv-header-id-meta":"","stick-header-meta":"default","header-above-stick-meta":"","header-main-stick-meta":"","header-below-stick-meta":"","astra-migrate-meta-layouts":"set","ast-page-background-enabled":"default","ast-page-background-meta":{"desktop":{"background-color":"","background-image":"","background-repeat":"repeat","background-position":"center center","background-size":"auto","background-attachment":"scroll","background-type":"","background-media":"","overlay-type":"","overlay-color":"","overlay-opacity":"","overlay-gradient":""},"tablet":{"background-color":"","background-image":"","background-repeat":"repeat","background-position":"center center","background-size":"auto","background-attachment":"scroll","background-type":"","background-media":"","overlay-type":"","overlay-color":"","overlay-opacity":"","overlay-gradient":""},"mobile":{"background-color":"","background-image":"","background-repeat":"repeat","background-position":"center center","background-size":"auto","background-attachment":"scroll","background-type":"","background-media":"","overlay-type":"","overlay-color":"","overlay-opacity":"","overlay-gradient":""}},"ast-content-background-meta":{"desktop":{"background-color":"var(--ast-global-color-5)","background-image":"","background-repeat":"repeat","background-position":"center center","background-size":"auto","background-attachment":"scroll","background-type":"","background-media":"","overlay-type":"","overlay-color":"","overlay-opacity":"","overlay-gradient":""},"tablet":{"background-color":"var(--ast-global-color-5)","background-image":"","background-repeat":"repeat","background-position":"center center","background-size":"auto","background-attachment":"scroll","background-type":"","background-media":"","overlay-type":"","overlay-color":"","overlay-opacity":"","overlay-gradient":""},"mobile":{"background-color":"var(--ast-global-color-5)","background-image":"","background-repeat":"repeat","background-position":"center center","background-size":"auto","background-attachment":"scroll","background-type":"","background-media":"","overlay-type":"","overlay-color":"","overlay-opacity":"","overlay-gradient":""}}},"product_brand":[103],"product_cat":[105,65],"product_tag":[],"class_list":{"0":"post-37645","1":"product","2":"type-product","3":"status-publish","4":"has-post-thumbnail","6":"product_brand-kiemmi-creations","7":"product_cat-asambleas-internacionales-2026-jw","8":"product_cat-imanes-de-nevera-jw","9":"desktop-align-center","10":"tablet-align-left","11":"mobile-align-center","12":"ast-product-gallery-layout-horizontal","13":"ast-magnify-disabled","14":"ast-product-tabs-layout-horizontal","15":"tm-has-options","17":"first","18":"instock","19":"taxable","20":"shipping-taxable","21":"purchasable","22":"product-type-simple"},"_links":{"self":[{"href":"https:\/\/kiemmi.com\/ro\/wp-json\/wp\/v2\/product\/37645","targetHints":{"allow":["GET"]}}],"collection":[{"href":"https:\/\/kiemmi.com\/ro\/wp-json\/wp\/v2\/product"}],"about":[{"href":"https:\/\/kiemmi.com\/ro\/wp-json\/wp\/v2\/types\/product"}],"version-history":[{"count":1,"href":"https:\/\/kiemmi.com\/ro\/wp-json\/wp\/v2\/product\/37645\/revisions"}],"predecessor-version":[{"id":67211,"href":"https:\/\/kiemmi.com\/ro\/wp-json\/wp\/v2\/product\/37645\/revisions\/67211"}],"wp:featuredmedia":[{"embeddable":true,"href":"https:\/\/kiemmi.com\/ro\/wp-json\/wp\/v2\/media\/37704"}],"wp:attachment":[{"href":"https:\/\/kiemmi.com\/ro\/wp-json\/wp\/v2\/media?parent=37645"}],"wp:term":[{"taxonomy":"product_brand","embeddable":true,"href":"https:\/\/kiemmi.com\/ro\/wp-json\/wp\/v2\/product_brand?post=37645"},{"taxonomy":"product_cat","embeddable":true,"href":"https:\/\/kiemmi.com\/ro\/wp-json\/wp\/v2\/product_cat?post=37645"},{"taxonomy":"product_tag","embeddable":true,"href":"https:\/\/kiemmi.com\/ro\/wp-json\/wp\/v2\/product_tag?post=37645"}],"curies":[{"name":"wp","href":"https:\/\/api.w.org\/{rel}","templated":true}]}}