{"id":37620,"date":"2025-12-14T11:40:49","date_gmt":"2025-12-14T11:40:49","guid":{"rendered":"https:\/\/kiemmi.com\/?post_type=product&#038;p=37620"},"modified":"2025-12-19T13:08:08","modified_gmt":"2025-12-19T13:08:08","slug":"insigne-din-lemn-personalizabile-adunare-internationala-2026-fericiti-pana-la-adanci-batraneti","status":"publish","type":"product","link":"https:\/\/kiemmi.com\/ro\/shop\/jw\/asambleas-internacionales-2026-jw\/chapas-pins-de-madera-personalizables-asamblea-internacional-2026-felices-para-siempre\/","title":{"rendered":"Insigne\/bro\u0219e din lemn personalizabile \u2013 Adunarea Interna\u021bional\u0103 2026 \u00abFerici\u021bi p\u00e2n\u0103 la ad\u00e2nci b\u0103tr\u00e2ne\u021bi\u00bb"},"content":{"rendered":"<p>Aceste pl\u0103cu\u021be de lemn au fost create ca o amintire special\u0103 a <strong>Adun\u0103rile Interna\u021bionale ale Martorilor lui Iehova 2026<\/strong>, a c\u0103rui tem\u0103 biblic\u0103 \u201c<strong>Ferici\u021bi p\u00e2n\u0103 la ad\u00e2nci b\u0103tr\u00e2ne\u021bi<\/strong>\u201dNe invit\u0103 s\u0103 reflect\u0103m asupra speran\u021bei \u0219i promisiunii unui viitor plin de adev\u0103rat\u0103 fericire.\u201d.<\/p>\n<p>Designul s\u0103u simplu, armonios \u0219i circular prezint\u0103 sigla oficial\u0103 a adun\u0103rii, imprimat\u0103 color pe lemn natural, transmi\u021b\u00e2nd un mesaj de pace, credin\u021b\u0103 \u0219i \u00eencredere \u00een promisiunile lui Iehova. Fiecare pies\u0103 este conceput\u0103 pentru a \u00eenso\u021bi acest eveniment spiritual semnificativ \u0219i pentru a-i p\u0103stra memoria de-a lungul timpului.<\/p>\n<p>\u00cen plus, posibilitatea de a <strong>Personaliza\u021bi un mesaj \u00een partea de jos<\/strong> \u00ce\u021bi permite s\u0103 transformi fiecare insign\u0103 \u00eentr-un detaliu unic, fie cu un nume, o dat\u0103 special\u0103 sau o scurt\u0103 expresie care \u00eent\u0103re\u0219te sensul spiritual al adun\u0103rii.<\/p>\n<p><strong>Detalii produs:<\/strong><\/p>\n<p style=\"padding-left: 40px;\">\ud83e\udeb5 <strong>Lemn natural selectat:<\/strong> Material cald \u0219i durabil, care ofer\u0103 un finisaj simplu ce respect\u0103 designul original.<br \/>\n\ud83c\udfa8 <strong>Imprimare clar\u0103 \u0219i de lung\u0103 durat\u0103:<\/strong> Culori definite care men\u021bin claritatea logo-ului \u0219i a mesajului \u00een utilizarea zilnic\u0103.<br \/>\n\ud83d\udee0\ufe0f <strong>Lucrat manual:<\/strong> Fiecare foaie este realizat\u0103 manual, av\u00e2nd grij\u0103 de fiecare detaliu \u00een t\u0103ierea \u0219i finisarea ei.<br \/>\n\u270d\ufe0f <strong>Text personalizabil:<\/strong> Spa\u021biu destinat unui scurt mesaj care s\u0103 \u00eent\u0103reasc\u0103 valoarea spiritual\u0103 \u0219i comemorativ\u0103 a articolului.<br \/>\n\ud83d\udccf <strong>M\u0103rimi disponibile:<\/strong><br \/>\n\ud83d\udd39 5 cm (1,97\u201d): Dimensiune echilibrat\u0103 care v\u0103 permite s\u0103 aprecia\u021bi designul \u00een \u00eentregime.<br \/>\n\ud83d\udd39 4 cm (1,57\u201d): Format mai discret \u0219i mai u\u0219or.<br \/>\n\ud83d\udccc <strong>\u00cenchidere sigur\u0103:<\/strong> \u00cenchiz\u0103toare durabil\u0103, conceput\u0103 pentru utilizare confortabil\u0103 \u0219i prelungit\u0103.<br \/>\n\ud83c\udf81 <strong>O amintire cu semnifica\u021bie spiritual\u0103:<\/strong> Ideal de p\u0103strat ca suvenir personal sau de oferit fra\u021bilor \u0219i surorilor care particip\u0103 la adunare.<\/p>\n<p>Aceste pl\u0103cu\u021be din lemn nu sunt doar un accesoriu, ci o amintire vizual\u0103 a mesajului \u201cFerici\u021bi p\u00e2n\u0103 la ad\u00e2nci b\u0103tr\u00e2ne\u021bi\u201d, contribuind la men\u021binerea vie a speran\u021bei \u0219i bucuriei care caracterizeaz\u0103 aceast\u0103 adunare interna\u021bional\u0103.<\/p>\n<p>O amintire simpl\u0103, personal\u0103, plin\u0103 de semnifica\u021bie spiritual\u0103.<\/p>","protected":false},"excerpt":{"rendered":"<p>Suvenir comemorativ al <strong>Adunarea Interna\u021bional\u0103 a Martorilor lui Iehova 2026<\/strong>, sub tema \u201c<strong>Ferici\u021bi p\u00e2n\u0103 la ad\u00e2nci b\u0103tr\u00e2ne\u021bi<\/strong>\u201d. Aceste pl\u0103cu\u021be din lemn lucrate manual prezint\u0103 logo-ul oficial imprimat color pe lemn natural \u0219i permit ad\u0103ugarea unui mesaj personalizat. Un detaliu simplu, dar semnificativ, care reflect\u0103 speran\u021ba, credin\u021ba \u0219i bucuria \u00eemp\u0103rt\u0103\u0219ite \u00een timpul acestei adun\u0103ri speciale.<\/p>","protected":false},"featured_media":37622,"template":"","meta":{"_seopress_robots_primary_cat":"none","_seopress_titles_title":"Chapas exclusivas para las Asambleas Especiales 2025 - Adoraci\u00f3n Pura","_seopress_titles_desc":"Haz memorable la Asamblea Especial 2025 \"Adoraci\u00f3n Pura\"  con chapas de madera personalizables con el logo de la asamblea. Dise\u00f1o circular y elegante.","_seopress_robots_index":"","site-sidebar-layout":"default","site-content-layout":"","ast-site-content-layout":"default","site-content-style":"default","site-sidebar-style":"default","ast-global-header-display":"","ast-banner-title-visibility":"","ast-main-header-display":"","ast-hfb-above-header-display":"","ast-hfb-below-header-display":"","ast-hfb-mobile-header-display":"","site-post-title":"","ast-breadcrumbs-content":"","ast-featured-img":"","footer-sml-layout":"","ast-disable-related-posts":"","theme-transparent-header-meta":"default","adv-header-id-meta":"","stick-header-meta":"default","header-above-stick-meta":"","header-main-stick-meta":"","header-below-stick-meta":"","astra-migrate-meta-layouts":"set","ast-page-background-enabled":"default","ast-page-background-meta":{"desktop":{"background-color":"","background-image":"","background-repeat":"repeat","background-position":"center center","background-size":"auto","background-attachment":"scroll","background-type":"","background-media":"","overlay-type":"","overlay-color":"","overlay-opacity":"","overlay-gradient":""},"tablet":{"background-color":"","background-image":"","background-repeat":"repeat","background-position":"center center","background-size":"auto","background-attachment":"scroll","background-type":"","background-media":"","overlay-type":"","overlay-color":"","overlay-opacity":"","overlay-gradient":""},"mobile":{"background-color":"","background-image":"","background-repeat":"repeat","background-position":"center center","background-size":"auto","background-attachment":"scroll","background-type":"","background-media":"","overlay-type":"","overlay-color":"","overlay-opacity":"","overlay-gradient":""}},"ast-content-background-meta":{"desktop":{"background-color":"var(--ast-global-color-5)","background-image":"","background-repeat":"repeat","background-position":"center center","background-size":"auto","background-attachment":"scroll","background-type":"","background-media":"","overlay-type":"","overlay-color":"","overlay-opacity":"","overlay-gradient":""},"tablet":{"background-color":"var(--ast-global-color-5)","background-image":"","background-repeat":"repeat","background-position":"center center","background-size":"auto","background-attachment":"scroll","background-type":"","background-media":"","overlay-type":"","overlay-color":"","overlay-opacity":"","overlay-gradient":""},"mobile":{"background-color":"var(--ast-global-color-5)","background-image":"","background-repeat":"repeat","background-position":"center center","background-size":"auto","background-attachment":"scroll","background-type":"","background-media":"","overlay-type":"","overlay-color":"","overlay-opacity":"","overlay-gradient":""}}},"product_brand":[103],"product_cat":[105,62,66],"product_tag":[],"class_list":{"0":"post-37620","1":"product","2":"type-product","3":"status-publish","4":"has-post-thumbnail","6":"product_brand-kiemmi-creations","7":"product_cat-asambleas-internacionales-2026-jw","8":"product_cat-jw","9":"product_cat-llaveros-jw","10":"desktop-align-center","11":"tablet-align-left","12":"mobile-align-center","13":"ast-product-gallery-layout-horizontal","14":"ast-magnify-disabled","15":"ast-product-tabs-layout-horizontal","16":"tm-has-options","18":"first","19":"instock","20":"taxable","21":"shipping-taxable","22":"purchasable","23":"product-type-simple"},"_links":{"self":[{"href":"https:\/\/kiemmi.com\/ro\/wp-json\/wp\/v2\/product\/37620","targetHints":{"allow":["GET"]}}],"collection":[{"href":"https:\/\/kiemmi.com\/ro\/wp-json\/wp\/v2\/product"}],"about":[{"href":"https:\/\/kiemmi.com\/ro\/wp-json\/wp\/v2\/types\/product"}],"version-history":[{"count":1,"href":"https:\/\/kiemmi.com\/ro\/wp-json\/wp\/v2\/product\/37620\/revisions"}],"predecessor-version":[{"id":67212,"href":"https:\/\/kiemmi.com\/ro\/wp-json\/wp\/v2\/product\/37620\/revisions\/67212"}],"wp:featuredmedia":[{"embeddable":true,"href":"https:\/\/kiemmi.com\/ro\/wp-json\/wp\/v2\/media\/37622"}],"wp:attachment":[{"href":"https:\/\/kiemmi.com\/ro\/wp-json\/wp\/v2\/media?parent=37620"}],"wp:term":[{"taxonomy":"product_brand","embeddable":true,"href":"https:\/\/kiemmi.com\/ro\/wp-json\/wp\/v2\/product_brand?post=37620"},{"taxonomy":"product_cat","embeddable":true,"href":"https:\/\/kiemmi.com\/ro\/wp-json\/wp\/v2\/product_cat?post=37620"},{"taxonomy":"product_tag","embeddable":true,"href":"https:\/\/kiemmi.com\/ro\/wp-json\/wp\/v2\/product_tag?post=37620"}],"curies":[{"name":"wp","href":"https:\/\/api.w.org\/{rel}","templated":true}]}}