{"id":37494,"date":"2025-12-13T18:28:26","date_gmt":"2025-12-13T18:28:26","guid":{"rendered":"https:\/\/kiemmi.com\/?post_type=product&#038;p=37494"},"modified":"2026-03-09T07:07:52","modified_gmt":"2026-03-09T07:07:52","slug":"insigne-insigne-adunarea-internationala-2026-fericiti-pana-la-adanci-batraneti","status":"publish","type":"product","link":"https:\/\/kiemmi.com\/ro\/shop\/jw\/asambleas-internacionales-2026-jw\/chapas-pins-asamblea-internacional-2026-felices-para-siempre\/","title":{"rendered":"Insigne \/ Pin-uri Adunarea Interna\u021bional\u0103 2026 \u00abFerici\u021bi p\u00e2n\u0103 la ad\u00e2nci b\u0103tr\u00e2ne\u021bi\u00bb"},"content":{"rendered":"<p>S\u0103rb\u0103tori\u021bi acest eveniment special cu insigne\/bro\u0219e personalizate inspirate de sigla oficial\u0103 a <strong>Adunarea Interna\u021bional\u0103 2026<\/strong>. Fiecare pies\u0103 este realizat\u0103 cu mare aten\u021bie la detalii, astfel \u00eenc\u00e2t s\u0103 ave\u021bi o amintire unic\u0103 \u0219i semnificativ\u0103 a acestei ocazii de neuitat.<\/p>\n<p><strong>\ud83c\udf81 O amintire unic\u0103, creat\u0103 special pentru tine<\/strong><br \/>\nAceast\u0103 insign\u0103 nu este doar un suvenir: este o amintire personal\u0103 pe care o po\u021bi personaliza. Este perfect\u0103 ca \u0219i cadou pentru fra\u021bi sau prieteni sau pentru a o p\u0103stra ca amintire special\u0103 a adun\u0103rii care \u021bi-a f\u0103cut experien\u021ba at\u00e2t de memorabil\u0103.<\/p>\n<p><strong>\ud83d\udd8a\ufe0f Personalizare disponibil\u0103<\/strong><br \/>\n\u00ce\u021bi po\u021bi personaliza insigna\/pinul cu:<\/p>\n<p style=\"padding-left: 40px;\">\ud83d\udccd Ora\u0219ul adun\u0103rii<br \/>\n\u270d\ufe0f Nume, dat\u0103 sau un scurt text comemorativ<br \/>\n\ud83c\udfa8 Diferite op\u021biuni de finisare (\u00een func\u021bie de disponibilitate)<\/p>\n<p>Fiecare unitate este preg\u0103tit\u0103 la comand\u0103, av\u00e2nd grij\u0103 de fiecare detaliu pentru a asigura un rezultat special \u0219i exclusivist.<\/p>\n<p><strong>\ud83c\udf0d Disponibil pentru a 19-a edi\u021bie a Adun\u0103rilor Interna\u021bionale 2026<\/strong><\/p>\n<p style=\"padding-left: 40px;\">\ud83d\udd38 Douala (Camerun)<br \/>\n\ud83d\udd38 Bucure\u0219ti (Rom\u00e2nia)<br \/>\n\ud83d\udd38 Curitiba (Brazilia)<br \/>\n\ud83d\udd38 St. John&#039;s, Newfoundland (Canada)<br \/>\n\ud83d\udd38 Var\u0219ovia (Polonia)<br \/>\n\ud83d\udd38 Stockholm (Suedia)<br \/>\n\ud83d\udd38 Kaohsiung (Taiwan)<br \/>\n\ud83d\udd38 Ora\u0219ul Panama (Panama)<br \/>\n\ud83d\udd38 Porto (Portugalia)<br \/>\n\ud83d\udd38 Calgary (Canada)<br \/>\n\ud83d\udd38 Quito (Ecuador)<br \/>\n\ud83d\udd38 Vilnius (Lituania)<br \/>\n\ud83d\udd38 Hamburg (Germania)<br \/>\n\ud83d\udd38 Utrecht (Olanda)<br \/>\n\ud83d\udd38 Johannesburg (Africa de Sud)<br \/>\n\ud83d\udd38 Milwaukee (SUA)<br \/>\n\ud83d\udd38 Manila (Filipine)<br \/>\n\ud83d\udd38 San Diego (SUA)<br \/>\n\ud83d\udd38 Bangkok (Thailanda)<\/p>\n<p><strong>\ud83d\udccc Caracteristici<\/strong><\/p>\n<p style=\"padding-left: 40px;\">\u2714\ufe0f U\u0219or \u0219i confortabil pentru utilizare zilnic\u0103<br \/>\n\u2714\ufe0f Design durabil \u0219i robust<br \/>\n\u2714\ufe0f Realizat la comand\u0103 cu aten\u021bie la detalii<br \/>\n<span style=\"font-size: 16px;\">\u2714\ufe0f Personalizare clar\u0103 \u0219i simpl\u0103<\/span><\/p>\n<p>\u2728 F\u0103-\u021bi amintirea cu adev\u0103rat special\u0103<\/p>\n<p>Purta\u021bi cu dumneavoastr\u0103 un simbol unic al <strong>Adunarea Interna\u021bional\u0103 2026<\/strong>, creat special pentru tine.<\/p>\n<p>\ud83d\udc49 Personalizeaz\u0103-l pe al t\u0103u \u0219i p\u0103streaz\u0103 aceast\u0103 amintire pentru totdeauna.<\/p>","protected":false},"excerpt":{"rendered":"<p>Insign\u0103\/Pins\u0103 personalizat\u0103 \u2013 Adunarea Interna\u021bional\u0103 2026\u201c<strong>Ferici\u021bi p\u00e2n\u0103 la ad\u00e2nci b\u0103tr\u00e2ne\u021bi<\/strong>\u201d.<br \/>\nSuvenir exclusiv inspirat de Adunarea Interna\u021bional\u0103 din 2026.<br \/>\nInsign\u0103 sau bro\u0219\u0103 personalizabil\u0103 cu ora\u0219ul adun\u0103rii \u0219i text comemorativ.<br \/>\nU\u0219oare, confortabile \u0219i realizate la comand\u0103, ideale ca un cadou special sau o amintire durabil\u0103 a acestui eveniment unic.<\/p>","protected":false},"featured_media":37498,"template":"","meta":{"_seopress_robots_primary_cat":"none","_seopress_titles_title":"Chapas exclusivas para las Asambleas Especiales 2025 - Adoraci\u00f3n Pura","_seopress_titles_desc":"Haz memorable la Asamblea Especial 2025 \"Adoraci\u00f3n Pura\"  con chapas de madera personalizables con el logo de la asamblea. Dise\u00f1o circular y elegante.","_seopress_robots_index":"","site-sidebar-layout":"default","site-content-layout":"","ast-site-content-layout":"default","site-content-style":"default","site-sidebar-style":"default","ast-global-header-display":"","ast-banner-title-visibility":"","ast-main-header-display":"","ast-hfb-above-header-display":"","ast-hfb-below-header-display":"","ast-hfb-mobile-header-display":"","site-post-title":"","ast-breadcrumbs-content":"","ast-featured-img":"","footer-sml-layout":"","ast-disable-related-posts":"","theme-transparent-header-meta":"default","adv-header-id-meta":"","stick-header-meta":"default","header-above-stick-meta":"","header-main-stick-meta":"","header-below-stick-meta":"","astra-migrate-meta-layouts":"set","ast-page-background-enabled":"default","ast-page-background-meta":{"desktop":{"background-color":"","background-image":"","background-repeat":"repeat","background-position":"center center","background-size":"auto","background-attachment":"scroll","background-type":"","background-media":"","overlay-type":"","overlay-color":"","overlay-opacity":"","overlay-gradient":""},"tablet":{"background-color":"","background-image":"","background-repeat":"repeat","background-position":"center center","background-size":"auto","background-attachment":"scroll","background-type":"","background-media":"","overlay-type":"","overlay-color":"","overlay-opacity":"","overlay-gradient":""},"mobile":{"background-color":"","background-image":"","background-repeat":"repeat","background-position":"center center","background-size":"auto","background-attachment":"scroll","background-type":"","background-media":"","overlay-type":"","overlay-color":"","overlay-opacity":"","overlay-gradient":""}},"ast-content-background-meta":{"desktop":{"background-color":"var(--ast-global-color-5)","background-image":"","background-repeat":"repeat","background-position":"center center","background-size":"auto","background-attachment":"scroll","background-type":"","background-media":"","overlay-type":"","overlay-color":"","overlay-opacity":"","overlay-gradient":""},"tablet":{"background-color":"var(--ast-global-color-5)","background-image":"","background-repeat":"repeat","background-position":"center center","background-size":"auto","background-attachment":"scroll","background-type":"","background-media":"","overlay-type":"","overlay-color":"","overlay-opacity":"","overlay-gradient":""},"mobile":{"background-color":"var(--ast-global-color-5)","background-image":"","background-repeat":"repeat","background-position":"center center","background-size":"auto","background-attachment":"scroll","background-type":"","background-media":"","overlay-type":"","overlay-color":"","overlay-opacity":"","overlay-gradient":""}}},"product_brand":[103],"product_cat":[105,62,66],"product_tag":[],"class_list":{"0":"post-37494","1":"product","2":"type-product","3":"status-publish","4":"has-post-thumbnail","6":"product_brand-kiemmi-creations","7":"product_cat-asambleas-internacionales-2026-jw","8":"product_cat-jw","9":"product_cat-llaveros-jw","10":"desktop-align-center","11":"tablet-align-left","12":"mobile-align-center","13":"ast-product-gallery-layout-horizontal","14":"ast-magnify-disabled","15":"ast-product-tabs-layout-horizontal","16":"tm-has-options","18":"first","19":"instock","20":"taxable","21":"shipping-taxable","22":"purchasable","23":"product-type-simple"},"_links":{"self":[{"href":"https:\/\/kiemmi.com\/ro\/wp-json\/wp\/v2\/product\/37494","targetHints":{"allow":["GET"]}}],"collection":[{"href":"https:\/\/kiemmi.com\/ro\/wp-json\/wp\/v2\/product"}],"about":[{"href":"https:\/\/kiemmi.com\/ro\/wp-json\/wp\/v2\/types\/product"}],"version-history":[{"count":1,"href":"https:\/\/kiemmi.com\/ro\/wp-json\/wp\/v2\/product\/37494\/revisions"}],"predecessor-version":[{"id":67001,"href":"https:\/\/kiemmi.com\/ro\/wp-json\/wp\/v2\/product\/37494\/revisions\/67001"}],"wp:featuredmedia":[{"embeddable":true,"href":"https:\/\/kiemmi.com\/ro\/wp-json\/wp\/v2\/media\/37498"}],"wp:attachment":[{"href":"https:\/\/kiemmi.com\/ro\/wp-json\/wp\/v2\/media?parent=37494"}],"wp:term":[{"taxonomy":"product_brand","embeddable":true,"href":"https:\/\/kiemmi.com\/ro\/wp-json\/wp\/v2\/product_brand?post=37494"},{"taxonomy":"product_cat","embeddable":true,"href":"https:\/\/kiemmi.com\/ro\/wp-json\/wp\/v2\/product_cat?post=37494"},{"taxonomy":"product_tag","embeddable":true,"href":"https:\/\/kiemmi.com\/ro\/wp-json\/wp\/v2\/product_tag?post=37494"}],"curies":[{"name":"wp","href":"https:\/\/api.w.org\/{rel}","templated":true}]}}