{"id":3409,"date":"2022-02-12T21:46:05","date_gmt":"2022-02-12T21:46:05","guid":{"rendered":"https:\/\/kiemmi.com\/?post_type=product&#038;p=3409"},"modified":"2025-09-16T16:07:10","modified_gmt":"2025-09-16T16:07:10","slug":"brelocuri-din-lemn-de-pisici-obraznice-personalizabile","status":"publish","type":"product","link":"https:\/\/kiemmi.com\/ro\/shop\/llaveros-madera\/llaveros-de-madera-de-gatos-traviesos-personalizable\/","title":{"rendered":"Brelocuri din lemn cu pisici obraznice personalizabile"},"content":{"rendered":"<p>Descoper\u0103 colec\u021bia <strong>Brelocuri din lemn \u00een form\u0103 de pisic\u0103<\/strong>, un detaliu unic, plin de personalitate. Fiecare pies\u0103 este <strong>t\u0103iat precis cu laser<\/strong> \u015fi <strong>decorat cu imprimare full-color<\/strong>, ob\u021bin\u00e2nd un finisaj vibrant \u0219i de lung\u0103 durat\u0103 care eviden\u021biaz\u0103 fiecare expresie felin\u0103.<\/p>\n<p>Aceste brelocuri sunt ideale pentru iubitorii de pisici, deoarece fiecare model transmite un sentiment diferit: tandre\u021be, bucurie, prietenie sau n\u0103zb\u00e2tie. Datorit\u0103 construc\u021biei lor din lemn lucrate manual, fiecare breloc devine un accesoriu u\u0219or, durabil \u0219i complet original.<\/p>\n<p>\u00cen plus, pute\u021bi <strong>Personalizeaz\u0103-\u021bi brelocul cu numele animalului t\u0103u de companie, cu propriul t\u0103u nume sau cu numele persoanei pe care vrei s\u0103 o surprinzi.<\/strong>Acest lucru le face un cadou perfect pentru orice ocazie: zile de na\u0219tere, anivers\u0103ri, cadouri pentru prieteni sau suveniruri speciale.<\/p>\n<p>Designul s\u0103u practic include o <strong>lan\u021b metalic \u0219i inel puternic<\/strong>, ideal pentru a purta cheile cu tine tot timpul sau pentru a le ag\u0103\u021ba de rucsacuri, gen\u021bi sau penare.<\/p>\n<p><strong>Caracteristici principale:<\/strong><\/p>\n<ul>\n<li>Fabricat din lemn natural, t\u0103iat cu tehnologie laser<\/li>\n<li>Imprimare color de \u00eenalt\u0103 calitate, cu modele expresive \u0219i distractive de pisici<\/li>\n<li>Personalizare cu nume, pentru un detaliu exclusiv \u0219i unic<\/li>\n<li>U\u0219oare, durabile \u0219i confortabile de purtat \u00een fiecare zi.<\/li>\n<li>Perfect ca un cadou original pentru iubitorii de pisici sau ca accesoriu personal<\/li>\n<\/ul>\n<p>Cu aceste brelocuri, nu numai c\u0103 \u00ee\u021bi vei p\u0103stra cheile \u00een siguran\u021b\u0103, dar vei ad\u0103uga \u0219i o not\u0103 special\u0103 de dragoste \u0219i stil.<\/p>","protected":false},"excerpt":{"rendered":"<p>Un breloc din lemn \u00een form\u0103 de pisic\u0103, decupat cu laser \u0219i imprimat color, personalizabil cu un nume. Original, durabil \u0219i perfect pentru a fi oferit cadou.<\/p>","protected":false},"featured_media":31537,"template":"","meta":{"_seopress_robots_primary_cat":"33","_seopress_titles_title":"Llaveros de madera con gatos traviesos personalizables","_seopress_titles_desc":"Descubre llaveros de madera hechos a mano con forma de gato, personalizables con el nombre de tu mascota. Elige entre 5 modelos \u00fanicos.","_seopress_robots_index":"","_seopress_analysis_target_kw":"","site-sidebar-layout":"default","site-content-layout":"","ast-site-content-layout":"default","site-content-style":"default","site-sidebar-style":"default","ast-global-header-display":"","ast-banner-title-visibility":"","ast-main-header-display":"","ast-hfb-above-header-display":"","ast-hfb-below-header-display":"","ast-hfb-mobile-header-display":"","site-post-title":"","ast-breadcrumbs-content":"","ast-featured-img":"","footer-sml-layout":"","ast-disable-related-posts":"","theme-transparent-header-meta":"default","adv-header-id-meta":"","stick-header-meta":"default","header-above-stick-meta":"","header-main-stick-meta":"","header-below-stick-meta":"","astra-migrate-meta-layouts":"set","ast-page-background-enabled":"default","ast-page-background-meta":{"desktop":{"background-color":"","background-image":"","background-repeat":"repeat","background-position":"center center","background-size":"auto","background-attachment":"scroll","background-type":"","background-media":"","overlay-type":"","overlay-color":"","overlay-opacity":"","overlay-gradient":""},"tablet":{"background-color":"","background-image":"","background-repeat":"repeat","background-position":"center center","background-size":"auto","background-attachment":"scroll","background-type":"","background-media":"","overlay-type":"","overlay-color":"","overlay-opacity":"","overlay-gradient":""},"mobile":{"background-color":"","background-image":"","background-repeat":"repeat","background-position":"center center","background-size":"auto","background-attachment":"scroll","background-type":"","background-media":"","overlay-type":"","overlay-color":"","overlay-opacity":"","overlay-gradient":""}},"ast-content-background-meta":{"desktop":{"background-color":"var(--ast-global-color-5)","background-image":"","background-repeat":"repeat","background-position":"center center","background-size":"auto","background-attachment":"scroll","background-type":"","background-media":"","overlay-type":"","overlay-color":"","overlay-opacity":"","overlay-gradient":""},"tablet":{"background-color":"var(--ast-global-color-5)","background-image":"","background-repeat":"repeat","background-position":"center center","background-size":"auto","background-attachment":"scroll","background-type":"","background-media":"","overlay-type":"","overlay-color":"","overlay-opacity":"","overlay-gradient":""},"mobile":{"background-color":"var(--ast-global-color-5)","background-image":"","background-repeat":"repeat","background-position":"center center","background-size":"auto","background-attachment":"scroll","background-type":"","background-media":"","overlay-type":"","overlay-color":"","overlay-opacity":"","overlay-gradient":""}}},"product_brand":[],"product_cat":[33],"product_tag":[],"class_list":{"0":"post-3409","1":"product","2":"type-product","3":"status-publish","4":"has-post-thumbnail","6":"product_cat-llaveros-madera","7":"desktop-align-center","8":"tablet-align-left","9":"mobile-align-center","10":"ast-product-gallery-layout-horizontal","11":"ast-magnify-disabled","12":"ast-product-tabs-layout-horizontal","13":"tm-has-options","15":"first","16":"instock","17":"taxable","18":"shipping-taxable","19":"purchasable","20":"product-type-simple"},"_links":{"self":[{"href":"https:\/\/kiemmi.com\/ro\/wp-json\/wp\/v2\/product\/3409","targetHints":{"allow":["GET"]}}],"collection":[{"href":"https:\/\/kiemmi.com\/ro\/wp-json\/wp\/v2\/product"}],"about":[{"href":"https:\/\/kiemmi.com\/ro\/wp-json\/wp\/v2\/types\/product"}],"version-history":[{"count":0,"href":"https:\/\/kiemmi.com\/ro\/wp-json\/wp\/v2\/product\/3409\/revisions"}],"wp:featuredmedia":[{"embeddable":true,"href":"https:\/\/kiemmi.com\/ro\/wp-json\/wp\/v2\/media\/31537"}],"wp:attachment":[{"href":"https:\/\/kiemmi.com\/ro\/wp-json\/wp\/v2\/media?parent=3409"}],"wp:term":[{"taxonomy":"product_brand","embeddable":true,"href":"https:\/\/kiemmi.com\/ro\/wp-json\/wp\/v2\/product_brand?post=3409"},{"taxonomy":"product_cat","embeddable":true,"href":"https:\/\/kiemmi.com\/ro\/wp-json\/wp\/v2\/product_cat?post=3409"},{"taxonomy":"product_tag","embeddable":true,"href":"https:\/\/kiemmi.com\/ro\/wp-json\/wp\/v2\/product_tag?post=3409"}],"curies":[{"name":"wp","href":"https:\/\/api.w.org\/{rel}","templated":true}]}}