{"id":33067,"date":"2025-10-05T08:42:41","date_gmt":"2025-10-05T08:42:41","guid":{"rendered":"https:\/\/kiemmi.com\/?post_type=product&#038;p=33067"},"modified":"2026-01-18T00:33:38","modified_gmt":"2026-01-18T00:33:38","slug":"adunari-internationale-cu-ace-2026-fericiti-pana-la-adanci-batraneti-jw","status":"publish","type":"product","link":"https:\/\/kiemmi.com\/ro\/shop\/jw\/asambleas-internacionales-2026-jw\/pins-asambleas-internacionales-2026-felices-para-siempre-jw\/","title":{"rendered":"Adun\u0103rile Interna\u021bionale Pins 2026 \u00abFerici\u021bi p\u00e2n\u0103 la ad\u00e2nci b\u0103tr\u00e2ne\u021bi\u00bb \u2013 Martorii lui Iehova"},"content":{"rendered":"<p>S\u0103rb\u0103tori\u021bi Adun\u0103rile Interna\u021bionale ale Martorilor lui Iehova din 2026 cu aceste frumoase ace din lemn! \ud83c\udf0d\u2728<br \/>\nFiecare este realizat\u0103 manual cu d\u0103ruire \u0219i dragoste, conceput\u0103 pentru a reflecta bucuria \u0219i unitatea care vor fi tr\u0103ite la edi\u021bia a 19-a. <strong>Adun\u0103rile Interna\u021bionale 2026 \u2013 \u201cFerici\u021bi p\u00e2n\u0103 la ad\u00e2nci b\u0103tr\u00e2ne\u021bi\u201d<\/strong>. Sunt amintirea perfect\u0103 pentru a-\u021bi aminti acest eveniment special sau pentru a o \u00eemp\u0103rt\u0103\u0219i cu fra\u021bii \u0219i surorile din \u00eentreaga lume.<\/p>\n<p>Aceste insigne combin\u0103 c\u0103ldura lemnului natural cu o imprimare color a logo-ului oficial al adun\u0103rii, cre\u00e2nd o pies\u0103 elegant\u0103, durabil\u0103, plin\u0103 de semnifica\u021bie spiritual\u0103.<\/p>\n<p><strong>Caracteristici:<\/strong><\/p>\n<ul>\n<li>\ud83c\udf3f <strong>Material natural:<\/strong> Fabricat din lemn ecologic \u0219i durabil, cu un finisaj neted \u0219i de \u00eenalt\u0103 calitate<\/li>\n<li>\ud83c\udfa8 <strong>Imprimare full-color:<\/strong> Logo-ul \u201cHappily Ever After\u201d arat\u0103 vibrant \u0219i plin de via\u021b\u0103, cu un nivel ridicat de detaliu.<\/li>\n<li>\ud83e\udd32 <strong>F\u0103cut manual:<\/strong> Fiecare pies\u0103 este lucrat\u0103 manual, ceea ce o transform\u0103 \u00eentr-un suvenir unic \u0219i special.<\/li>\n<li>\ud83d\udccf <strong>Dimensiune confortabil\u0103:<\/strong> Perfect de transportat \u00een haine, \u00een rucsac sau \u00eentr-o e\u0219arf\u0103, f\u0103r\u0103 a fi greu.<\/li>\n<li>\ud83d\udd12 <strong>\u00cenchidere sigur\u0103:<\/strong> Acestea includ o \u00eencuietoare metalic\u0103 sigur\u0103, astfel \u00eenc\u00e2t s\u0103 le po\u021bi folosi cu \u00eencredere deplin\u0103.<\/li>\n<li>\ud83c\udf81 <strong>Un cadou cu semnifica\u021bie:<\/strong> Ideal pentru a fi oferit prietenilor \u0219i fra\u021bilor \u00een timpul adun\u0103rilor, ca simbol al unit\u0103\u021bii \u0219i bucuriei spirituale<\/li>\n<\/ul>\n<p>P\u0103streaz\u0103 cu tine o amintire plin\u0103 de credin\u021b\u0103 \u0219i bucurie de la Adun\u0103rile Interna\u021bionale din 2026 \u201cFerici\u021bi p\u00e2n\u0103 la ad\u00e2nci b\u0103tr\u00e2ne\u021bi\u201d \u0219i pre\u021buie\u0219te mereu \u00een inima ta emo\u021bia acestor zile de neuitat. \ud83d\udc9b<\/p>","protected":false},"excerpt":{"rendered":"<p>S\u0103rb\u0103tori\u021bi Adun\u0103rile Interna\u021bionale din 2026\u201c<strong>Ferici\u021bi p\u00e2n\u0103 la ad\u00e2nci b\u0103tr\u00e2ne\u021bi<\/strong>\u201d cu aceste frumoase insigne lucrate manual. Fiecare insign\u0103 prezint\u0103 logo-ul oficial imprimat color, simboliz\u00e2nd bucuria \u0219i unitatea spiritual\u0103. O amintire special\u0103 \u0219i semnificativ\u0103 de \u00eemp\u0103rt\u0103\u0219it \u00eentre fra\u021bi \u0219i surori din \u00eentreaga lume.<\/p>","protected":false},"featured_media":33078,"template":"","meta":{"_seopress_robots_primary_cat":"","_seopress_titles_title":"Pins Asambleas Internacionales 2026 \"Felices para siempre\" - JW","_seopress_titles_desc":"Descubre nuestros pins artesanales para las Asambleas Internacionales 2026 \"Felices para siempre\". Con logo a todo color y cierre seguro. \u00a1El regalo perfecto!","_seopress_robots_index":"","site-sidebar-layout":"default","site-content-layout":"","ast-site-content-layout":"default","site-content-style":"default","site-sidebar-style":"default","ast-global-header-display":"","ast-banner-title-visibility":"","ast-main-header-display":"","ast-hfb-above-header-display":"","ast-hfb-below-header-display":"","ast-hfb-mobile-header-display":"","site-post-title":"","ast-breadcrumbs-content":"","ast-featured-img":"","footer-sml-layout":"","ast-disable-related-posts":"","theme-transparent-header-meta":"default","adv-header-id-meta":"","stick-header-meta":"default","header-above-stick-meta":"","header-main-stick-meta":"","header-below-stick-meta":"","astra-migrate-meta-layouts":"set","ast-page-background-enabled":"default","ast-page-background-meta":{"desktop":{"background-color":"","background-image":"","background-repeat":"repeat","background-position":"center center","background-size":"auto","background-attachment":"scroll","background-type":"","background-media":"","overlay-type":"","overlay-color":"","overlay-opacity":"","overlay-gradient":""},"tablet":{"background-color":"","background-image":"","background-repeat":"repeat","background-position":"center center","background-size":"auto","background-attachment":"scroll","background-type":"","background-media":"","overlay-type":"","overlay-color":"","overlay-opacity":"","overlay-gradient":""},"mobile":{"background-color":"","background-image":"","background-repeat":"repeat","background-position":"center center","background-size":"auto","background-attachment":"scroll","background-type":"","background-media":"","overlay-type":"","overlay-color":"","overlay-opacity":"","overlay-gradient":""}},"ast-content-background-meta":{"desktop":{"background-color":"var(--ast-global-color-5)","background-image":"","background-repeat":"repeat","background-position":"center center","background-size":"auto","background-attachment":"scroll","background-type":"","background-media":"","overlay-type":"","overlay-color":"","overlay-opacity":"","overlay-gradient":""},"tablet":{"background-color":"var(--ast-global-color-5)","background-image":"","background-repeat":"repeat","background-position":"center center","background-size":"auto","background-attachment":"scroll","background-type":"","background-media":"","overlay-type":"","overlay-color":"","overlay-opacity":"","overlay-gradient":""},"mobile":{"background-color":"var(--ast-global-color-5)","background-image":"","background-repeat":"repeat","background-position":"center center","background-size":"auto","background-attachment":"scroll","background-type":"","background-media":"","overlay-type":"","overlay-color":"","overlay-opacity":"","overlay-gradient":""}}},"product_brand":[103],"product_cat":[105,62,66],"product_tag":[],"class_list":{"0":"post-33067","1":"product","2":"type-product","3":"status-publish","4":"has-post-thumbnail","6":"product_brand-kiemmi-creations","7":"product_cat-asambleas-internacionales-2026-jw","8":"product_cat-jw","9":"product_cat-llaveros-jw","10":"desktop-align-center","11":"tablet-align-left","12":"mobile-align-center","13":"ast-product-gallery-layout-horizontal","14":"ast-magnify-disabled","15":"ast-product-tabs-layout-horizontal","16":"tm-has-options","18":"first","19":"instock","20":"taxable","21":"shipping-taxable","22":"purchasable","23":"product-type-simple"},"_links":{"self":[{"href":"https:\/\/kiemmi.com\/ro\/wp-json\/wp\/v2\/product\/33067","targetHints":{"allow":["GET"]}}],"collection":[{"href":"https:\/\/kiemmi.com\/ro\/wp-json\/wp\/v2\/product"}],"about":[{"href":"https:\/\/kiemmi.com\/ro\/wp-json\/wp\/v2\/types\/product"}],"version-history":[{"count":1,"href":"https:\/\/kiemmi.com\/ro\/wp-json\/wp\/v2\/product\/33067\/revisions"}],"predecessor-version":[{"id":67214,"href":"https:\/\/kiemmi.com\/ro\/wp-json\/wp\/v2\/product\/33067\/revisions\/67214"}],"wp:featuredmedia":[{"embeddable":true,"href":"https:\/\/kiemmi.com\/ro\/wp-json\/wp\/v2\/media\/33078"}],"wp:attachment":[{"href":"https:\/\/kiemmi.com\/ro\/wp-json\/wp\/v2\/media?parent=33067"}],"wp:term":[{"taxonomy":"product_brand","embeddable":true,"href":"https:\/\/kiemmi.com\/ro\/wp-json\/wp\/v2\/product_brand?post=33067"},{"taxonomy":"product_cat","embeddable":true,"href":"https:\/\/kiemmi.com\/ro\/wp-json\/wp\/v2\/product_cat?post=33067"},{"taxonomy":"product_tag","embeddable":true,"href":"https:\/\/kiemmi.com\/ro\/wp-json\/wp\/v2\/product_tag?post=33067"}],"curies":[{"name":"wp","href":"https:\/\/api.w.org\/{rel}","templated":true}]}}