{"id":3192,"date":"2022-01-31T15:08:37","date_gmt":"2022-01-31T15:08:37","guid":{"rendered":"https:\/\/kiemmi.com\/?post_type=product&#038;p=3192"},"modified":"2024-11-11T20:07:48","modified_gmt":"2024-11-11T20:07:48","slug":"cutie-din-lemn-personalizabila-lucrata-manual-in-forma-de-chitara","status":"publish","type":"product","link":"https:\/\/kiemmi.com\/ro\/shop\/cajas-de-madera-personalizadas\/caja-de-madera-en-forma-de-guitarra-personalizable-hecho-a-mano\/","title":{"rendered":"Cutie din lemn personalizat\u0103 manual \u00een form\u0103 de chitar\u0103"},"content":{"rendered":"<p>Cutie din lemn in forma de chitara, o capodopera lucrata manual, perfecta pentru iubitorii de muzica! Fiecare carcas\u0103 este realizat\u0103 manual cu aten\u021bie \u0219i proiectat\u0103 \u00een form\u0103 de chitar\u0103 cu tehnologie de t\u0103iere cu laser de precizie, asigur\u00e2nd un finisaj impecabil \u00een fiecare detaliu.<\/p>\n<p>Aceast\u0103 cutie din lemn este mult mai mult dec\u00e2t un simplu obiect de depozitare. Este un accesoriu obligatoriu pentru fiecare muzician care dore\u0219te s\u0103-\u0219i p\u0103streze pre\u021bioasele alegeri organizate \u0219i protejate \u00eentr-un loc special. Designul s\u0103u ingenios \u0219i atractiv v\u0103 permite s\u0103 stoca\u021bi mai multe alegeri de diferite dimensiuni \u0219i stiluri, \u021bin\u00e2ndu-le \u00eentotdeauna la \u00eendem\u00e2n\u0103.<\/p>\n<p>Dar asta nu este tot, pentru c\u0103 aceast\u0103 cutie este complet personalizabil\u0103. Pute\u021bi ad\u0103uga o not\u0103 special\u0103 grav\u00e2nd numele dvs., numele prietenului dvs. sau numele persoanei iubite de muzician pe partea din fa\u021b\u0103 a carcasei cu gravare laser elegant\u0103 \u0219i durabil\u0103. In acest fel, vei transforma aceasta cutie intr-o piesa unica si exclusivista.<\/p>\n<p>\u00cen plus, oferim o gam\u0103 larg\u0103 de op\u021biuni pentru a adapta cutia la preferin\u021bele dumneavoastr\u0103 personale. Pute\u021bi alege \u00eentre diferite vopsele pentru lemn. De asemenea, ave\u021bi op\u021biunea de a alege \u00eentre diferite modele de chitar\u0103, fiecare cu propria personalitate \u0219i stil unic.<\/p>\n<p>Cutia din lemn vine cu un fund care poate fi din lemn natural sau catifea, in functie de preferinte. Partea inferioar\u0103 moale \u0219i luxoas\u0103 din catifea ofer\u0103 o protec\u021bie suplimentar\u0103 pentru alegerile tale \u0219i adaug\u0103 o not\u0103 de elegan\u021b\u0103 cutiei.<\/p>\n<p>Pe scurt, aceast\u0103 cutie din lemn \u00een form\u0103 de chitar\u0103 este cadoul perfect pentru un prieten muzician sau membru al familiei. Este un obiect func\u021bional \u0219i decorativ care reflect\u0103 dragostea pentru muzic\u0103 \u0219i grija pentru detalii. Nu numai c\u0103 ofer\u0103 un loc sigur pentru a-\u021bi depozita alegerile, dar este \u0219i o pies\u0103 de art\u0103 \u00een sine. Surprinde-i pe cei dragi cu acest cadou original si special pe care cu siguranta il vor aprecia toata viata!<\/p>","protected":false},"excerpt":{"rendered":"<p>Cutie din lemn in forma de chitara, realizata manual cu taiere cu laser. Ideal pentru depozitarea pick-urilor, poate fi personalizat cu gravare laser si poti alege diferite coloranti si modele de chitara. Fundalul poate fi din lemn natural sau catifea. Un cadou original pentru prieteni sau familie muzicale care combin\u0103 func\u021bionalitatea \u0219i designul artizanal. Surprinde\u021bi cu acest cadou unic \u0219i special.<\/p>","protected":false},"featured_media":5849,"template":"","meta":{"_seopress_robots_primary_cat":"0","_seopress_titles_title":"%%title%% %%page%%","_seopress_titles_desc":"","_seopress_robots_index":"","_seopress_analysis_target_kw":"","site-sidebar-layout":"default","site-content-layout":"","ast-site-content-layout":"default","site-content-style":"default","site-sidebar-style":"default","ast-global-header-display":"","ast-banner-title-visibility":"","ast-main-header-display":"","ast-hfb-above-header-display":"","ast-hfb-below-header-display":"","ast-hfb-mobile-header-display":"","site-post-title":"","ast-breadcrumbs-content":"","ast-featured-img":"","footer-sml-layout":"","ast-disable-related-posts":"","theme-transparent-header-meta":"","adv-header-id-meta":"","stick-header-meta":"","header-above-stick-meta":"","header-main-stick-meta":"","header-below-stick-meta":"","astra-migrate-meta-layouts":"default","ast-page-background-enabled":"default","ast-page-background-meta":{"desktop":{"background-color":"","background-image":"","background-repeat":"repeat","background-position":"center center","background-size":"auto","background-attachment":"scroll","background-type":"","background-media":"","overlay-type":"","overlay-color":"","overlay-opacity":"","overlay-gradient":""},"tablet":{"background-color":"","background-image":"","background-repeat":"repeat","background-position":"center center","background-size":"auto","background-attachment":"scroll","background-type":"","background-media":"","overlay-type":"","overlay-color":"","overlay-opacity":"","overlay-gradient":""},"mobile":{"background-color":"","background-image":"","background-repeat":"repeat","background-position":"center center","background-size":"auto","background-attachment":"scroll","background-type":"","background-media":"","overlay-type":"","overlay-color":"","overlay-opacity":"","overlay-gradient":""}},"ast-content-background-meta":{"desktop":{"background-color":"var(--ast-global-color-5)","background-image":"","background-repeat":"repeat","background-position":"center center","background-size":"auto","background-attachment":"scroll","background-type":"","background-media":"","overlay-type":"","overlay-color":"","overlay-opacity":"","overlay-gradient":""},"tablet":{"background-color":"var(--ast-global-color-5)","background-image":"","background-repeat":"repeat","background-position":"center center","background-size":"auto","background-attachment":"scroll","background-type":"","background-media":"","overlay-type":"","overlay-color":"","overlay-opacity":"","overlay-gradient":""},"mobile":{"background-color":"var(--ast-global-color-5)","background-image":"","background-repeat":"repeat","background-position":"center center","background-size":"auto","background-attachment":"scroll","background-type":"","background-media":"","overlay-type":"","overlay-color":"","overlay-opacity":"","overlay-gradient":""}}},"product_brand":[],"product_cat":[38],"product_tag":[],"class_list":{"0":"post-3192","1":"product","2":"type-product","3":"status-publish","4":"has-post-thumbnail","6":"product_cat-cajas-de-madera-personalizadas","7":"desktop-align-center","8":"tablet-align-left","9":"mobile-align-center","10":"ast-product-gallery-layout-horizontal","11":"ast-magnify-disabled","12":"ast-product-tabs-layout-horizontal","13":"tm-has-options","15":"first","16":"instock","17":"taxable","18":"shipping-taxable","19":"purchasable","20":"product-type-simple"},"_links":{"self":[{"href":"https:\/\/kiemmi.com\/ro\/wp-json\/wp\/v2\/product\/3192","targetHints":{"allow":["GET"]}}],"collection":[{"href":"https:\/\/kiemmi.com\/ro\/wp-json\/wp\/v2\/product"}],"about":[{"href":"https:\/\/kiemmi.com\/ro\/wp-json\/wp\/v2\/types\/product"}],"version-history":[{"count":0,"href":"https:\/\/kiemmi.com\/ro\/wp-json\/wp\/v2\/product\/3192\/revisions"}],"wp:featuredmedia":[{"embeddable":true,"href":"https:\/\/kiemmi.com\/ro\/wp-json\/wp\/v2\/media\/5849"}],"wp:attachment":[{"href":"https:\/\/kiemmi.com\/ro\/wp-json\/wp\/v2\/media?parent=3192"}],"wp:term":[{"taxonomy":"product_brand","embeddable":true,"href":"https:\/\/kiemmi.com\/ro\/wp-json\/wp\/v2\/product_brand?post=3192"},{"taxonomy":"product_cat","embeddable":true,"href":"https:\/\/kiemmi.com\/ro\/wp-json\/wp\/v2\/product_cat?post=3192"},{"taxonomy":"product_tag","embeddable":true,"href":"https:\/\/kiemmi.com\/ro\/wp-json\/wp\/v2\/product_tag?post=3192"}],"curies":[{"name":"wp","href":"https:\/\/api.w.org\/{rel}","templated":true}]}}