{"id":2865,"date":"2021-08-25T17:09:11","date_gmt":"2021-08-25T17:09:11","guid":{"rendered":"https:\/\/www.tks3d.com\/?post_type=product&#038;p=2865"},"modified":"2025-09-11T21:28:27","modified_gmt":"2025-09-11T21:28:27","slug":"breloc-din-lemn-in-forma-de-nume-de-pisica-si-animal-de-companie","status":"publish","type":"product","link":"https:\/\/kiemmi.com\/ro\/shop\/llaveros-madera\/llavero-de-madera-con-forma-de-gato-y-nombre-mascota\/","title":{"rendered":"Breloc din lemn \u00een form\u0103 de nume de pisic\u0103 \u0219i animal de companie"},"content":{"rendered":"<p>Brelocul pentru pisici din lemn realizat manual este un produs unic \u0219i personalizat, care este perfect pentru cei care \u00ee\u0219i iubesc animalele de companie \u0219i doresc s\u0103 poarte un memento al acestora peste tot. T\u0103ierea \u0219i gravarea cu laser de \u00eenalt\u0103 precizie permit crearea unei pisici detaliate pe lemn, oferindu-i un aspect elegant \u0219i modern.<\/p>\n<p>Brelocul poate fi personalizat cu numele animalului de companie sau orice alt nume dorit, facandu-l un cadou special si memorabil pentru prieteni si familie. \u00cen plus, pute\u021bi alege dintre diferite expresii de pisic\u0103 pentru a se potrivi personalit\u0103\u021bii unice a fiec\u0103ruia.<\/p>\n<p>Lemnul folosit \u00een breloc este din p\u0103duri europene durabile, ceea ce \u00eenseamn\u0103 c\u0103 este un produs ecologic \u0219i prietenos cu mediul. In plus, poti alege intre diferite nuante de lemn, de la lemn natural la diferite pete, astfel incat brelocul sa se adapteze oricarui stil personal.<\/p>\n<p>In final, suprafata brelocului este protejata cu lac ecologic pentru a-l face sa reziste mai mult, facandu-l un produs durabil si rezistent la utilizarea zilnica. Pe scurt, brelocul de pisici din lemn realizat manual este un cadou personalizat si eco-friendly care va fi cu siguranta apreciat de orice iubitor de pisici.<\/p>\n<p><strong>Dimensiuni:<\/strong><\/p>\n<ul>\n<li>Grosime: 3 mm<\/li>\n<li>Latime: 43,5 mm<\/li>\n<li>Inaltime: 40 mm<\/li>\n<\/ul>\n<p><strong>Material:<\/strong><\/p>\n<ul>\n<li>Lemn<\/li>\n<\/ul>","protected":false},"excerpt":{"rendered":"<p>Brelocul pentru pisici din lemn realizat manual este un produs unic \u0219i personalizat, care este perfect pentru cei care \u00ee\u0219i iubesc animalele de companie \u0219i doresc s\u0103 poarte un memento al acestora peste tot. T\u0103ierea \u0219i gravarea cu laser de \u00eenalt\u0103 precizie permit crearea unei pisici detaliate pe lemn, oferindu-i un aspect elegant \u0219i modern.<\/p>\n<p>Brelocul poate fi personalizat cu numele animalului de companie sau orice alt nume dorit, facandu-l un cadou special si memorabil pentru prieteni si familie. \u00cen plus, pute\u021bi alege dintre diferite expresii de pisic\u0103 pentru a se potrivi personalit\u0103\u021bii unice a fiec\u0103ruia.<\/p>\n<p>Lemnul folosit \u00een breloc este din p\u0103duri europene durabile, ceea ce \u00eenseamn\u0103 c\u0103 este un produs ecologic \u0219i prietenos cu mediul. In plus, poti alege intre diferite nuante de lemn, de la lemn natural la diferite pete, astfel incat brelocul sa se adapteze oricarui stil personal.<\/p>\n<p>In final, suprafata brelocului este protejata cu lac ecologic pentru a-l face sa reziste mai mult, facandu-l un produs durabil si rezistent la utilizarea zilnica. Pe scurt, brelocul de pisici din lemn realizat manual este un cadou personalizat si eco-friendly care va fi cu siguranta apreciat de orice iubitor de pisici.<\/p>","protected":false},"featured_media":5375,"template":"","meta":{"_seopress_robots_primary_cat":"33","_seopress_titles_title":"Llavero de Madera Personalizado en Forma de Gato \u00fanico","_seopress_titles_desc":"Lleva tu amor por los gatos a todas partes con este llavero \u00fanico y ecol\u00f3gico, personalizado con el nombre de tu mascota y una expresi\u00f3n \u00fanica.","_seopress_robots_index":"","_seopress_analysis_target_kw":"","site-sidebar-layout":"default","site-content-layout":"","ast-site-content-layout":"default","site-content-style":"default","site-sidebar-style":"default","ast-global-header-display":"","ast-banner-title-visibility":"","ast-main-header-display":"","ast-hfb-above-header-display":"","ast-hfb-below-header-display":"","ast-hfb-mobile-header-display":"","site-post-title":"","ast-breadcrumbs-content":"","ast-featured-img":"","footer-sml-layout":"","ast-disable-related-posts":"","theme-transparent-header-meta":"default","adv-header-id-meta":"","stick-header-meta":"default","header-above-stick-meta":"","header-main-stick-meta":"","header-below-stick-meta":"","astra-migrate-meta-layouts":"set","ast-page-background-enabled":"default","ast-page-background-meta":{"desktop":{"background-color":"","background-image":"","background-repeat":"repeat","background-position":"center center","background-size":"auto","background-attachment":"scroll","background-type":"","background-media":"","overlay-type":"","overlay-color":"","overlay-opacity":"","overlay-gradient":""},"tablet":{"background-color":"","background-image":"","background-repeat":"repeat","background-position":"center center","background-size":"auto","background-attachment":"scroll","background-type":"","background-media":"","overlay-type":"","overlay-color":"","overlay-opacity":"","overlay-gradient":""},"mobile":{"background-color":"","background-image":"","background-repeat":"repeat","background-position":"center center","background-size":"auto","background-attachment":"scroll","background-type":"","background-media":"","overlay-type":"","overlay-color":"","overlay-opacity":"","overlay-gradient":""}},"ast-content-background-meta":{"desktop":{"background-color":"var(--ast-global-color-5)","background-image":"","background-repeat":"repeat","background-position":"center center","background-size":"auto","background-attachment":"scroll","background-type":"","background-media":"","overlay-type":"","overlay-color":"","overlay-opacity":"","overlay-gradient":""},"tablet":{"background-color":"var(--ast-global-color-5)","background-image":"","background-repeat":"repeat","background-position":"center center","background-size":"auto","background-attachment":"scroll","background-type":"","background-media":"","overlay-type":"","overlay-color":"","overlay-opacity":"","overlay-gradient":""},"mobile":{"background-color":"var(--ast-global-color-5)","background-image":"","background-repeat":"repeat","background-position":"center center","background-size":"auto","background-attachment":"scroll","background-type":"","background-media":"","overlay-type":"","overlay-color":"","overlay-opacity":"","overlay-gradient":""}}},"product_brand":[],"product_cat":[33],"product_tag":[],"class_list":{"0":"post-2865","1":"product","2":"type-product","3":"status-publish","4":"has-post-thumbnail","6":"product_cat-llaveros-madera","7":"desktop-align-center","8":"tablet-align-left","9":"mobile-align-center","10":"ast-product-gallery-layout-horizontal","11":"ast-magnify-disabled","12":"ast-product-tabs-layout-horizontal","13":"tm-has-options","15":"first","16":"instock","17":"taxable","18":"shipping-taxable","19":"purchasable","20":"product-type-simple"},"_links":{"self":[{"href":"https:\/\/kiemmi.com\/ro\/wp-json\/wp\/v2\/product\/2865","targetHints":{"allow":["GET"]}}],"collection":[{"href":"https:\/\/kiemmi.com\/ro\/wp-json\/wp\/v2\/product"}],"about":[{"href":"https:\/\/kiemmi.com\/ro\/wp-json\/wp\/v2\/types\/product"}],"version-history":[{"count":0,"href":"https:\/\/kiemmi.com\/ro\/wp-json\/wp\/v2\/product\/2865\/revisions"}],"wp:featuredmedia":[{"embeddable":true,"href":"https:\/\/kiemmi.com\/ro\/wp-json\/wp\/v2\/media\/5375"}],"wp:attachment":[{"href":"https:\/\/kiemmi.com\/ro\/wp-json\/wp\/v2\/media?parent=2865"}],"wp:term":[{"taxonomy":"product_brand","embeddable":true,"href":"https:\/\/kiemmi.com\/ro\/wp-json\/wp\/v2\/product_brand?post=2865"},{"taxonomy":"product_cat","embeddable":true,"href":"https:\/\/kiemmi.com\/ro\/wp-json\/wp\/v2\/product_cat?post=2865"},{"taxonomy":"product_tag","embeddable":true,"href":"https:\/\/kiemmi.com\/ro\/wp-json\/wp\/v2\/product_tag?post=2865"}],"curies":[{"name":"wp","href":"https:\/\/api.w.org\/{rel}","templated":true}]}}