{"id":2830,"date":"2021-08-23T08:55:07","date_gmt":"2021-08-23T08:55:07","guid":{"rendered":"https:\/\/www.tks3d.com\/?post_type=product&#038;p=2830"},"modified":"2025-10-13T12:26:45","modified_gmt":"2025-10-13T12:26:45","slug":"breloc-din-lemn-in-forma-de-picior-si-numele-bebelusului-tau","status":"publish","type":"product","link":"https:\/\/kiemmi.com\/ro\/shop\/llaveros-madera\/llavero-de-madera-con-forma-de-pie-y-el-nombre-de-tu-bebe\/","title":{"rendered":"Breloc din lemn in forma de picior si numele bebelusului tau"},"content":{"rendered":"<p>El <strong>breloc personalizat \u00een form\u0103 de picioru\u0219 de bebelu\u0219<\/strong> Este un detaliu delicat \u0219i unic pentru a s\u0103rb\u0103tori sosirea unui nou-n\u0103scut. Fabricat \u00een <strong>lemn natural de \u00eenalt\u0103 calitate<\/strong>, combin\u0103 c\u0103ldura artizanal\u0103 cu o <strong>imprimare color de \u00eenalt\u0103 rezolu\u021bie<\/strong>, ob\u021bin\u00e2nd un rezultat plin de via\u021b\u0103 \u0219i sens.<\/p>\n<p>\u00cen <strong>fa\u021ba frontal\u0103<\/strong>, este tip\u0103rit <strong>numele \u0219i data na\u0219terii bebelu\u0219ului<\/strong>, \u00een timp ce se afl\u0103 \u00een <strong>spate<\/strong> sunt ad\u0103ugate <strong>timpul, greutatea \u0219i \u00een\u0103l\u021bimea<\/strong> de la na\u0219tere. Fiecare detaliu este personalizat cu aten\u021bie, cre\u00e2nd o amintire emo\u021bionant\u0103 \u0219i unic\u0103.<\/p>\n<p>Pute\u021bi alege \u00eentre <strong>diferite culori de lemn<\/strong>, f\u0103c\u00e2nd fiecare pies\u0103 \u0219i mai special\u0103. Finisajul s\u0103u neted \u0219i durabil face din acest breloc un accesoriu perfect de purtat mereu cu tine sau de p\u0103strat ca amintire de familie.<\/p>\n<p>Acest breloc din lemn este un <strong>o idee minunat\u0103 de cadou<\/strong> pentru proaspe\u021bii p\u0103rin\u021bi, bunici sau prieteni care tocmai au primit un copil. Este o <strong>suvenir de na\u0219tere original \u0219i delicat<\/strong> care nu trece niciodat\u0103 neobservat\u0103.<\/p>\n<p><strong>\ud83c\udf3f Caracteristici eviden\u021biate:<\/strong><\/p>\n<ul>\n<li>\ud83e\udeb5 Fabricat din lemn natural de \u00eenalt\u0103 calitate.<\/li>\n<li>\ud83c\udfa8 Text imprimat color, clar \u0219i durabil.<\/li>\n<li>\ud83d\udc63 Design cu picioru\u0219 de bebelu\u0219, simboliz\u00e2nd \u00eenceputul unei noi vie\u021bi.<\/li>\n<li>\ud83d\udc95 Personalizare complet\u0103 pe ambele p\u0103r\u021bi: nume, dat\u0103, or\u0103, greutate \u0219i \u00een\u0103l\u021bime.<\/li>\n<li>\ud83c\udf81 Ideal ca \u0219i cadou pentru nou-n\u0103scu\u021bi, petreceri pentru copii etc\u2026<\/li>\n<\/ul>\n<p>S\u0103rb\u0103tore\u0219te sosirea unui nou membru al familiei cu acest breloc personalizat din lemn, imprimat color - o amintire pe care o vei pre\u021bui pentru totdeauna.<\/p>\n<p>\ud83d\udccf Dimensiuni (aproximative):<\/p>\n<ul>\n<li>L\u0103\u021bime: 3,4 cm<\/li>\n<li>\u00cen\u0103l\u021bime: 4,8 cm<\/li>\n<li>Grosime: 0,3 cm<\/li>\n<\/ul>","protected":false},"excerpt":{"rendered":"<p>El <strong data-start=\"2049\" data-end=\"2086\">breloc personalizat pentru picioru\u0219ul bebelu\u0219ului<\/strong> afi\u0219eaz\u0103 datele de na\u0219tere tip\u0103rite <strong data-start=\"2129\" data-end=\"2145\">\u00een culori complete<\/strong> \u00een lemn natural.<br data-start=\"2438\" data-end=\"2441\" \/>O <strong data-start=\"2444\" data-end=\"2472\">un cadou tandru \u0219i original<\/strong> pentru a s\u0103rb\u0103tori sosirea unui nou-n\u0103scut.<\/p>\n<p>Cadou foarte original si exclusivist.<\/p>","protected":false},"featured_media":33301,"template":"","meta":{"_seopress_robots_primary_cat":"33","_seopress_titles_title":"Regalo ideal: %%title%% %%page%%","_seopress_titles_desc":"Llavero de madera hechos a mano y personalizable a las 2 carras con el nombre de tu bebe y su fecha de nacimiento, hora, peso, altura.","_seopress_robots_index":"","_seopress_analysis_target_kw":"","site-sidebar-layout":"default","site-content-layout":"","ast-site-content-layout":"default","site-content-style":"default","site-sidebar-style":"default","ast-global-header-display":"","ast-banner-title-visibility":"","ast-main-header-display":"","ast-hfb-above-header-display":"","ast-hfb-below-header-display":"","ast-hfb-mobile-header-display":"","site-post-title":"","ast-breadcrumbs-content":"","ast-featured-img":"","footer-sml-layout":"","ast-disable-related-posts":"","theme-transparent-header-meta":"default","adv-header-id-meta":"","stick-header-meta":"default","header-above-stick-meta":"","header-main-stick-meta":"","header-below-stick-meta":"","astra-migrate-meta-layouts":"set","ast-page-background-enabled":"default","ast-page-background-meta":{"desktop":{"background-color":"","background-image":"","background-repeat":"repeat","background-position":"center center","background-size":"auto","background-attachment":"scroll","background-type":"","background-media":"","overlay-type":"","overlay-color":"","overlay-opacity":"","overlay-gradient":""},"tablet":{"background-color":"","background-image":"","background-repeat":"repeat","background-position":"center center","background-size":"auto","background-attachment":"scroll","background-type":"","background-media":"","overlay-type":"","overlay-color":"","overlay-opacity":"","overlay-gradient":""},"mobile":{"background-color":"","background-image":"","background-repeat":"repeat","background-position":"center center","background-size":"auto","background-attachment":"scroll","background-type":"","background-media":"","overlay-type":"","overlay-color":"","overlay-opacity":"","overlay-gradient":""}},"ast-content-background-meta":{"desktop":{"background-color":"var(--ast-global-color-5)","background-image":"","background-repeat":"repeat","background-position":"center center","background-size":"auto","background-attachment":"scroll","background-type":"","background-media":"","overlay-type":"","overlay-color":"","overlay-opacity":"","overlay-gradient":""},"tablet":{"background-color":"var(--ast-global-color-5)","background-image":"","background-repeat":"repeat","background-position":"center center","background-size":"auto","background-attachment":"scroll","background-type":"","background-media":"","overlay-type":"","overlay-color":"","overlay-opacity":"","overlay-gradient":""},"mobile":{"background-color":"var(--ast-global-color-5)","background-image":"","background-repeat":"repeat","background-position":"center center","background-size":"auto","background-attachment":"scroll","background-type":"","background-media":"","overlay-type":"","overlay-color":"","overlay-opacity":"","overlay-gradient":""}}},"product_brand":[103],"product_cat":[33,81,49],"product_tag":[],"class_list":{"0":"post-2830","1":"product","2":"type-product","3":"status-publish","4":"has-post-thumbnail","6":"product_brand-kiemmi-creations","7":"product_cat-llaveros-madera","8":"product_cat-natalicios","9":"product_cat-regalos-originales","10":"desktop-align-center","11":"tablet-align-left","12":"mobile-align-center","13":"ast-product-gallery-layout-horizontal","14":"ast-magnify-disabled","15":"ast-product-tabs-layout-horizontal","16":"tm-has-options","18":"first","19":"instock","20":"taxable","21":"shipping-taxable","22":"purchasable","23":"product-type-simple"},"_links":{"self":[{"href":"https:\/\/kiemmi.com\/ro\/wp-json\/wp\/v2\/product\/2830","targetHints":{"allow":["GET"]}}],"collection":[{"href":"https:\/\/kiemmi.com\/ro\/wp-json\/wp\/v2\/product"}],"about":[{"href":"https:\/\/kiemmi.com\/ro\/wp-json\/wp\/v2\/types\/product"}],"version-history":[{"count":0,"href":"https:\/\/kiemmi.com\/ro\/wp-json\/wp\/v2\/product\/2830\/revisions"}],"wp:featuredmedia":[{"embeddable":true,"href":"https:\/\/kiemmi.com\/ro\/wp-json\/wp\/v2\/media\/33301"}],"wp:attachment":[{"href":"https:\/\/kiemmi.com\/ro\/wp-json\/wp\/v2\/media?parent=2830"}],"wp:term":[{"taxonomy":"product_brand","embeddable":true,"href":"https:\/\/kiemmi.com\/ro\/wp-json\/wp\/v2\/product_brand?post=2830"},{"taxonomy":"product_cat","embeddable":true,"href":"https:\/\/kiemmi.com\/ro\/wp-json\/wp\/v2\/product_cat?post=2830"},{"taxonomy":"product_tag","embeddable":true,"href":"https:\/\/kiemmi.com\/ro\/wp-json\/wp\/v2\/product_tag?post=2830"}],"curies":[{"name":"wp","href":"https:\/\/api.w.org\/{rel}","templated":true}]}}