{"id":2755,"date":"2021-08-20T12:39:54","date_gmt":"2021-08-20T12:39:54","guid":{"rendered":"https:\/\/www.tks3d.com\/?post_type=product&#038;p=2755"},"modified":"2025-09-15T12:13:03","modified_gmt":"2025-09-15T12:13:03","slug":"breloc-din-lemn-in-forma-de-os-cu-nume-de-animal-de-companie","status":"publish","type":"product","link":"https:\/\/kiemmi.com\/ro\/shop\/llaveros-madera\/llavero-de-madera-con-forma-de-hueso-y-nombre-mascota\/","title":{"rendered":"Breloc din lemn \u00een form\u0103 de os \u0219i nume de animal de companie"},"content":{"rendered":"<p>Ad\u0103uga\u021bi o not\u0103 de farmec \u0219i personalitate cheilor dvs. cu acest breloc adorabil din lemn \u00een form\u0103 de os, o pies\u0103 unic\u0103 care v\u0103 va scoate cu siguran\u021b\u0103 cheile \u00een eviden\u021b\u0103!<\/p>\n<p>Fiecare breloc este lucrat manual meticulos, folosind tehnologia de t\u0103iere \u0219i gravare cu laser pentru a ob\u021bine un nivel de detaliu \u0219i precizie de neegalat.<\/p>\n<p>Lemnul de \u00eenalt\u0103 calitate provine din p\u0103duri europene durabile, ar\u0103t\u00e2nd angajamentul nostru pentru conservarea mediului \u0219i excelen\u021ba \u00een fiecare detaliu.<\/p>\n<p>\u00cen plus, v\u0103 oferim op\u021biunea de a v\u0103 personaliza brelocul cu o varietate de culori de vopsea, permi\u021b\u00e2ndu-v\u0103 s\u0103 crea\u021bi o pies\u0103 cu adev\u0103rat unic\u0103.<\/p>\n<p>Pentru a-i asigura durabilitatea \u0219i a-\u0219i p\u0103stra frumuse\u021bea intact\u0103, fiecare breloc este l\u0103cuit cu aten\u021bie, oferind protec\u021bie \u00eempotriva uzurii zilnice.<\/p>\n<p>Fie pentru tine, fie ca un cadou special pentru cineva apropiat, acest breloc nu este doar un accesoriu practic, ci si un simbol al iubirii si loialitatii fata de iubitele noastre animale de companie. Ia-l pe al t\u0103u ast\u0103zi \u0219i poart\u0103 spiritul tovar\u0103\u0219ului t\u0103u canin cu tine oriunde ai merge!<\/p>\n<p><strong>Dimensiuni:<\/strong><\/p>\n<ul>\n<li>Latime: 30 mm<\/li>\n<li>Inaltime: 55 mm<\/li>\n<li>Grosime: 3 mm<\/li>\n<\/ul>\n<p><strong>Material:<\/strong><\/p>\n<ul>\n<li>Lemn<\/li>\n<\/ul>","protected":false},"excerpt":{"rendered":"<p>Adaug\u0103 farmec cheilor tale cu acest breloc din lemn \u00een form\u0103 de os. Fabricat manual cu precizie \u0219i detalii de neegalat. Folose\u0219te lemn de calitate din p\u0103duri europene durabile. Personalizat cu o varietate de culori de vopsea. Un accesoriu care reflect\u0103 dragostea \u0219i loialitatea fa\u021b\u0103 de animalele de companie.<\/p>","protected":false},"featured_media":5362,"template":"","meta":{"_seopress_robots_primary_cat":"33","_seopress_titles_title":"Llavero de madera en forma de hueso: \u00fanico y personalizable","_seopress_titles_desc":"Destaca con un llavero de madera artesanal y sostenible. Personal\u00edzalo en color para ti o como regalo especial. Pr\u00e1ctico y con estilo \u00fanico.","_seopress_robots_index":"","_seopress_analysis_target_kw":"","site-sidebar-layout":"default","site-content-layout":"","ast-site-content-layout":"default","site-content-style":"default","site-sidebar-style":"default","ast-global-header-display":"","ast-banner-title-visibility":"","ast-main-header-display":"","ast-hfb-above-header-display":"","ast-hfb-below-header-display":"","ast-hfb-mobile-header-display":"","site-post-title":"","ast-breadcrumbs-content":"","ast-featured-img":"","footer-sml-layout":"","ast-disable-related-posts":"","theme-transparent-header-meta":"default","adv-header-id-meta":"","stick-header-meta":"default","header-above-stick-meta":"","header-main-stick-meta":"","header-below-stick-meta":"","astra-migrate-meta-layouts":"set","ast-page-background-enabled":"default","ast-page-background-meta":{"desktop":{"background-color":"","background-image":"","background-repeat":"repeat","background-position":"center center","background-size":"auto","background-attachment":"scroll","background-type":"","background-media":"","overlay-type":"","overlay-color":"","overlay-opacity":"","overlay-gradient":""},"tablet":{"background-color":"","background-image":"","background-repeat":"repeat","background-position":"center center","background-size":"auto","background-attachment":"scroll","background-type":"","background-media":"","overlay-type":"","overlay-color":"","overlay-opacity":"","overlay-gradient":""},"mobile":{"background-color":"","background-image":"","background-repeat":"repeat","background-position":"center center","background-size":"auto","background-attachment":"scroll","background-type":"","background-media":"","overlay-type":"","overlay-color":"","overlay-opacity":"","overlay-gradient":""}},"ast-content-background-meta":{"desktop":{"background-color":"var(--ast-global-color-5)","background-image":"","background-repeat":"repeat","background-position":"center center","background-size":"auto","background-attachment":"scroll","background-type":"","background-media":"","overlay-type":"","overlay-color":"","overlay-opacity":"","overlay-gradient":""},"tablet":{"background-color":"var(--ast-global-color-5)","background-image":"","background-repeat":"repeat","background-position":"center center","background-size":"auto","background-attachment":"scroll","background-type":"","background-media":"","overlay-type":"","overlay-color":"","overlay-opacity":"","overlay-gradient":""},"mobile":{"background-color":"var(--ast-global-color-5)","background-image":"","background-repeat":"repeat","background-position":"center center","background-size":"auto","background-attachment":"scroll","background-type":"","background-media":"","overlay-type":"","overlay-color":"","overlay-opacity":"","overlay-gradient":""}}},"product_brand":[],"product_cat":[33,87],"product_tag":[],"class_list":{"0":"post-2755","1":"product","2":"type-product","3":"status-publish","4":"has-post-thumbnail","6":"product_cat-llaveros-madera","7":"product_cat-mascotas","8":"desktop-align-center","9":"tablet-align-left","10":"mobile-align-center","11":"ast-product-gallery-layout-horizontal","12":"ast-magnify-disabled","13":"ast-product-tabs-layout-horizontal","14":"tm-has-options","16":"first","17":"instock","18":"taxable","19":"shipping-taxable","20":"purchasable","21":"product-type-simple"},"_links":{"self":[{"href":"https:\/\/kiemmi.com\/ro\/wp-json\/wp\/v2\/product\/2755","targetHints":{"allow":["GET"]}}],"collection":[{"href":"https:\/\/kiemmi.com\/ro\/wp-json\/wp\/v2\/product"}],"about":[{"href":"https:\/\/kiemmi.com\/ro\/wp-json\/wp\/v2\/types\/product"}],"version-history":[{"count":0,"href":"https:\/\/kiemmi.com\/ro\/wp-json\/wp\/v2\/product\/2755\/revisions"}],"wp:featuredmedia":[{"embeddable":true,"href":"https:\/\/kiemmi.com\/ro\/wp-json\/wp\/v2\/media\/5362"}],"wp:attachment":[{"href":"https:\/\/kiemmi.com\/ro\/wp-json\/wp\/v2\/media?parent=2755"}],"wp:term":[{"taxonomy":"product_brand","embeddable":true,"href":"https:\/\/kiemmi.com\/ro\/wp-json\/wp\/v2\/product_brand?post=2755"},{"taxonomy":"product_cat","embeddable":true,"href":"https:\/\/kiemmi.com\/ro\/wp-json\/wp\/v2\/product_cat?post=2755"},{"taxonomy":"product_tag","embeddable":true,"href":"https:\/\/kiemmi.com\/ro\/wp-json\/wp\/v2\/product_tag?post=2755"}],"curies":[{"name":"wp","href":"https:\/\/api.w.org\/{rel}","templated":true}]}}