{"id":2744,"date":"2021-08-18T07:49:19","date_gmt":"2021-08-18T07:49:19","guid":{"rendered":"https:\/\/www.tks3d.com\/?post_type=product&#038;p=2744"},"modified":"2025-09-11T21:27:27","modified_gmt":"2025-09-11T21:27:27","slug":"breloc-din-lemn-amprenta-cainelui-si-numele-animalului-de-companie","status":"publish","type":"product","link":"https:\/\/kiemmi.com\/ro\/shop\/llaveros-madera\/llavero-madera-huella-de-perro-y-nombre-mascota\/","title":{"rendered":"Brelocuri din lemn cu amprent\u0103 de c\u00e2ine \u0219i nume personalizat de animal de companie"},"content":{"rendered":"<p>Transform\u0103 fiecare clip\u0103 \u00eentr-o amintire special\u0103 cu acest breloc fermec\u0103tor din lemn \u00een form\u0103 de labe de c\u00e2ine, o pies\u0103 unic\u0103 care surprinde esen\u021ba iubirii pentru animalele noastre de companie.<\/p>\n<p>Fiecare breloc este realizat manual cu aten\u021bie, folosind tehnologia de t\u0103iere \u0219i gravare cu laser pentru a asigura o calitate \u0219i detalii excep\u021bionale.<\/p>\n<p>Lemnul folosit provine din p\u0103duri europene durabile, reflect\u00e2nd angajamentul nostru fa\u021b\u0103 de mediu \u0219i calitate.<\/p>\n<p>\u00cen plus, oferim op\u021biunea de a v\u0103 personaliza brelocul cu o varietate de culori de vopsea, permi\u021b\u00e2ndu-v\u0103 s\u0103 ad\u0103uga\u021bi o not\u0103 personalizat\u0103.<\/p>\n<p>Pentru a asigura durabilitatea \u0219i a-\u0219i p\u0103stra frumuse\u021bea intact\u0103, fiecare breloc este l\u0103cuit cu experien\u021b\u0103, oferind protec\u021bie \u00eempotriva uzurii zilnice.<\/p>\n<p>Fie pentru tine sau ca un cadou semnificativ, acest breloc este mult mai mult dec\u00e2t un simplu accesoriu - este un tribut adus conexiunii speciale pe care o \u00eemp\u0103rt\u0103\u0219im cu prietenii no\u0219tri bl\u0103ni\u021bi. Ia-l pe al t\u0103u ast\u0103zi \u0219i ia spiritul animalului t\u0103u cu tine oriunde ai merge!<\/p>\n<p><strong>Dimensiuni:<\/strong><\/p>\n<ul>\n<li>Grosime: 3 mm<\/li>\n<li>Latime: 45 mm<\/li>\n<li>Inaltime: 42 mm<\/li>\n<\/ul>\n<p><strong>Material:<\/strong><\/p>\n<ul>\n<li>Lemn<\/li>\n<\/ul>\n<p><strong>Culori:<\/strong><\/p>\n<div id='gallery-1' class='gallery galleryid-2744 gallery-columns-6 gallery-size-thumbnail'><figure class='gallery-item'>\n\t\t\t<div class='gallery-icon landscape'>\n\t\t\t\t<a href='https:\/\/kiemmi.com\/ro\/?attachment_id=5352'><img width=\"150\" height=\"150\" src=\"https:\/\/kiemmi.com\/wp-content\/uploads\/2022\/12\/20230422_170532_001-150x150.jpg\" class=\"attachment-thumbnail size-thumbnail\" alt=\"Breloc din lemn Amprenta cainelui \/ Amprenta pisicii\" aria-describedby=\"gallery-1-5352\" srcset=\"https:\/\/kiemmi.com\/wp-content\/uploads\/2022\/12\/20230422_170532_001-150x150.jpg 150w, https:\/\/kiemmi.com\/wp-content\/uploads\/2022\/12\/20230422_170532_001-300x300.jpg 300w, https:\/\/kiemmi.com\/wp-content\/uploads\/2022\/12\/20230422_170532_001-100x100.jpg 100w, https:\/\/kiemmi.com\/wp-content\/uploads\/2022\/12\/20230422_170532_001-600x600.jpg 600w, https:\/\/kiemmi.com\/wp-content\/uploads\/2022\/12\/20230422_170532_001-64x64.jpg 64w, https:\/\/kiemmi.com\/wp-content\/uploads\/2022\/12\/20230422_170532_001-1024x1024.jpg 1024w, https:\/\/kiemmi.com\/wp-content\/uploads\/2022\/12\/20230422_170532_001-768x768.jpg 768w, https:\/\/kiemmi.com\/wp-content\/uploads\/2022\/12\/20230422_170532_001-1536x1536.jpg 1536w, https:\/\/kiemmi.com\/wp-content\/uploads\/2022\/12\/20230422_170532_001-12x12.jpg 12w, https:\/\/kiemmi.com\/wp-content\/uploads\/2022\/12\/20230422_170532_001-500x500.jpg 500w, https:\/\/kiemmi.com\/wp-content\/uploads\/2022\/12\/20230422_170532_001.jpg 2000w\" sizes=\"(max-width: 150px) 100vw, 150px\" data-xoowscfly=\"fly\" decoding=\"async\" \/><\/a>\n\t\t\t<\/div>\n\t\t\t\t<figcaption class='wp-caption-text gallery-caption' id='gallery-1-5352'>\n\t\t\t\tlemn natural\n\t\t\t\t<\/figcaption><\/figure><figure class='gallery-item'>\n\t\t\t<div class='gallery-icon landscape'>\n\t\t\t\t<a href='https:\/\/kiemmi.com\/ro\/?attachment_id=5355'><img width=\"150\" height=\"150\" src=\"https:\/\/kiemmi.com\/wp-content\/uploads\/2022\/12\/20230422_170632_001-150x150.jpg\" class=\"attachment-thumbnail size-thumbnail\" alt=\"Breloc din lemn Amprenta cainelui \/ Amprenta pisicii\" aria-describedby=\"gallery-1-5355\" srcset=\"https:\/\/kiemmi.com\/wp-content\/uploads\/2022\/12\/20230422_170632_001-150x150.jpg 150w, https:\/\/kiemmi.com\/wp-content\/uploads\/2022\/12\/20230422_170632_001-300x300.jpg 300w, https:\/\/kiemmi.com\/wp-content\/uploads\/2022\/12\/20230422_170632_001-100x100.jpg 100w, https:\/\/kiemmi.com\/wp-content\/uploads\/2022\/12\/20230422_170632_001-600x600.jpg 600w, https:\/\/kiemmi.com\/wp-content\/uploads\/2022\/12\/20230422_170632_001-64x64.jpg 64w, https:\/\/kiemmi.com\/wp-content\/uploads\/2022\/12\/20230422_170632_001-1024x1024.jpg 1024w, https:\/\/kiemmi.com\/wp-content\/uploads\/2022\/12\/20230422_170632_001-768x768.jpg 768w, https:\/\/kiemmi.com\/wp-content\/uploads\/2022\/12\/20230422_170632_001-1536x1536.jpg 1536w, https:\/\/kiemmi.com\/wp-content\/uploads\/2022\/12\/20230422_170632_001-12x12.jpg 12w, https:\/\/kiemmi.com\/wp-content\/uploads\/2022\/12\/20230422_170632_001-500x500.jpg 500w, https:\/\/kiemmi.com\/wp-content\/uploads\/2022\/12\/20230422_170632_001.jpg 2000w\" sizes=\"(max-width: 150px) 100vw, 150px\" data-xoowscfly=\"fly\" decoding=\"async\" \/><\/a>\n\t\t\t<\/div>\n\t\t\t\t<figcaption class='wp-caption-text gallery-caption' id='gallery-1-5355'>\n\t\t\t\tStejar\n\t\t\t\t<\/figcaption><\/figure><figure class='gallery-item'>\n\t\t\t<div class='gallery-icon landscape'>\n\t\t\t\t<a href='https:\/\/kiemmi.com\/ro\/?attachment_id=5353'><img width=\"150\" height=\"150\" src=\"https:\/\/kiemmi.com\/wp-content\/uploads\/2022\/12\/20230422_170608_001-150x150.jpg\" class=\"attachment-thumbnail size-thumbnail\" alt=\"Breloc din lemn Amprenta cainelui \/ Amprenta pisicii\" aria-describedby=\"gallery-1-5353\" srcset=\"https:\/\/kiemmi.com\/wp-content\/uploads\/2022\/12\/20230422_170608_001-150x150.jpg 150w, https:\/\/kiemmi.com\/wp-content\/uploads\/2022\/12\/20230422_170608_001-300x300.jpg 300w, https:\/\/kiemmi.com\/wp-content\/uploads\/2022\/12\/20230422_170608_001-100x100.jpg 100w, https:\/\/kiemmi.com\/wp-content\/uploads\/2022\/12\/20230422_170608_001-600x600.jpg 600w, https:\/\/kiemmi.com\/wp-content\/uploads\/2022\/12\/20230422_170608_001-64x64.jpg 64w, https:\/\/kiemmi.com\/wp-content\/uploads\/2022\/12\/20230422_170608_001-1024x1024.jpg 1024w, https:\/\/kiemmi.com\/wp-content\/uploads\/2022\/12\/20230422_170608_001-768x768.jpg 768w, https:\/\/kiemmi.com\/wp-content\/uploads\/2022\/12\/20230422_170608_001-1536x1536.jpg 1536w, https:\/\/kiemmi.com\/wp-content\/uploads\/2022\/12\/20230422_170608_001-12x12.jpg 12w, https:\/\/kiemmi.com\/wp-content\/uploads\/2022\/12\/20230422_170608_001-500x500.jpg 500w, https:\/\/kiemmi.com\/wp-content\/uploads\/2022\/12\/20230422_170608_001.jpg 2000w\" sizes=\"(max-width: 150px) 100vw, 150px\" data-xoowscfly=\"fly\" decoding=\"async\" \/><\/a>\n\t\t\t<\/div>\n\t\t\t\t<figcaption class='wp-caption-text gallery-caption' id='gallery-1-5353'>\n\t\t\t\tSapele\n\t\t\t\t<\/figcaption><\/figure><figure class='gallery-item'>\n\t\t\t<div class='gallery-icon landscape'>\n\t\t\t\t<a href='https:\/\/kiemmi.com\/ro\/?attachment_id=5347'><img width=\"150\" height=\"150\" src=\"https:\/\/kiemmi.com\/wp-content\/uploads\/2022\/12\/20230422_170559_001-150x150.jpg\" class=\"attachment-thumbnail size-thumbnail\" alt=\"Breloc din lemn \u00een form\u0103 de lab\u0103 de c\u00e2ine\/pisic\u0103\" aria-describedby=\"gallery-1-5347\" srcset=\"https:\/\/kiemmi.com\/wp-content\/uploads\/2022\/12\/20230422_170559_001-150x150.jpg 150w, https:\/\/kiemmi.com\/wp-content\/uploads\/2022\/12\/20230422_170559_001-300x300.jpg 300w, https:\/\/kiemmi.com\/wp-content\/uploads\/2022\/12\/20230422_170559_001-100x100.jpg 100w, https:\/\/kiemmi.com\/wp-content\/uploads\/2022\/12\/20230422_170559_001-600x600.jpg 600w, https:\/\/kiemmi.com\/wp-content\/uploads\/2022\/12\/20230422_170559_001-64x64.jpg 64w, https:\/\/kiemmi.com\/wp-content\/uploads\/2022\/12\/20230422_170559_001-1024x1024.jpg 1024w, https:\/\/kiemmi.com\/wp-content\/uploads\/2022\/12\/20230422_170559_001-768x768.jpg 768w, https:\/\/kiemmi.com\/wp-content\/uploads\/2022\/12\/20230422_170559_001-1536x1536.jpg 1536w, https:\/\/kiemmi.com\/wp-content\/uploads\/2022\/12\/20230422_170559_001-12x12.jpg 12w, https:\/\/kiemmi.com\/wp-content\/uploads\/2022\/12\/20230422_170559_001-500x500.jpg 500w, https:\/\/kiemmi.com\/wp-content\/uploads\/2022\/12\/20230422_170559_001.jpg 2000w\" sizes=\"(max-width: 150px) 100vw, 150px\" data-xoowscfly=\"fly\" decoding=\"async\" \/><\/a>\n\t\t\t<\/div>\n\t\t\t\t<figcaption class='wp-caption-text gallery-caption' id='gallery-1-5347'>\n\t\t\t\tNuc\n\t\t\t\t<\/figcaption><\/figure><figure class='gallery-item'>\n\t\t\t<div class='gallery-icon landscape'>\n\t\t\t\t<a href='https:\/\/kiemmi.com\/ro\/?attachment_id=5348'><img width=\"150\" height=\"150\" src=\"https:\/\/kiemmi.com\/wp-content\/uploads\/2022\/12\/20230422_170543_001-150x150.jpg\" class=\"attachment-thumbnail size-thumbnail\" alt=\"Breloc din lemn Amprenta cainelui \/ Amprenta pisicii\" aria-describedby=\"gallery-1-5348\" srcset=\"https:\/\/kiemmi.com\/wp-content\/uploads\/2022\/12\/20230422_170543_001-150x150.jpg 150w, https:\/\/kiemmi.com\/wp-content\/uploads\/2022\/12\/20230422_170543_001-300x300.jpg 300w, https:\/\/kiemmi.com\/wp-content\/uploads\/2022\/12\/20230422_170543_001-100x100.jpg 100w, https:\/\/kiemmi.com\/wp-content\/uploads\/2022\/12\/20230422_170543_001-600x600.jpg 600w, https:\/\/kiemmi.com\/wp-content\/uploads\/2022\/12\/20230422_170543_001-64x64.jpg 64w, https:\/\/kiemmi.com\/wp-content\/uploads\/2022\/12\/20230422_170543_001-1024x1024.jpg 1024w, https:\/\/kiemmi.com\/wp-content\/uploads\/2022\/12\/20230422_170543_001-768x768.jpg 768w, https:\/\/kiemmi.com\/wp-content\/uploads\/2022\/12\/20230422_170543_001-1536x1536.jpg 1536w, https:\/\/kiemmi.com\/wp-content\/uploads\/2022\/12\/20230422_170543_001-12x12.jpg 12w, https:\/\/kiemmi.com\/wp-content\/uploads\/2022\/12\/20230422_170543_001-500x500.jpg 500w, https:\/\/kiemmi.com\/wp-content\/uploads\/2022\/12\/20230422_170543_001.jpg 2000w\" sizes=\"(max-width: 150px) 100vw, 150px\" data-xoowscfly=\"fly\" decoding=\"async\" \/><\/a>\n\t\t\t<\/div>\n\t\t\t\t<figcaption class='wp-caption-text gallery-caption' id='gallery-1-5348'>\n\t\t\t\tWenge\n\t\t\t\t<\/figcaption><\/figure><figure class='gallery-item'>\n\t\t\t<div class='gallery-icon landscape'>\n\t\t\t\t<a href='https:\/\/kiemmi.com\/ro\/?attachment_id=5354'><img width=\"150\" height=\"150\" src=\"https:\/\/kiemmi.com\/wp-content\/uploads\/2022\/12\/20230422_170621_001-150x150.jpg\" class=\"attachment-thumbnail size-thumbnail\" alt=\"Breloc din lemn Amprenta cainelui \/ Amprenta pisicii\" aria-describedby=\"gallery-1-5354\" srcset=\"https:\/\/kiemmi.com\/wp-content\/uploads\/2022\/12\/20230422_170621_001-150x150.jpg 150w, https:\/\/kiemmi.com\/wp-content\/uploads\/2022\/12\/20230422_170621_001-300x300.jpg 300w, https:\/\/kiemmi.com\/wp-content\/uploads\/2022\/12\/20230422_170621_001-100x100.jpg 100w, https:\/\/kiemmi.com\/wp-content\/uploads\/2022\/12\/20230422_170621_001-600x600.jpg 600w, https:\/\/kiemmi.com\/wp-content\/uploads\/2022\/12\/20230422_170621_001-64x64.jpg 64w, https:\/\/kiemmi.com\/wp-content\/uploads\/2022\/12\/20230422_170621_001-1024x1024.jpg 1024w, https:\/\/kiemmi.com\/wp-content\/uploads\/2022\/12\/20230422_170621_001-768x768.jpg 768w, https:\/\/kiemmi.com\/wp-content\/uploads\/2022\/12\/20230422_170621_001-1536x1536.jpg 1536w, https:\/\/kiemmi.com\/wp-content\/uploads\/2022\/12\/20230422_170621_001-12x12.jpg 12w, https:\/\/kiemmi.com\/wp-content\/uploads\/2022\/12\/20230422_170621_001-500x500.jpg 500w, https:\/\/kiemmi.com\/wp-content\/uploads\/2022\/12\/20230422_170621_001.jpg 2000w\" sizes=\"(max-width: 150px) 100vw, 150px\" data-xoowscfly=\"fly\" decoding=\"async\" \/><\/a>\n\t\t\t<\/div>\n\t\t\t\t<figcaption class='wp-caption-text gallery-caption' id='gallery-1-5354'>\n\t\t\t\tRo\u015fu\n\t\t\t\t<\/figcaption><\/figure>\n\t\t<\/div>","protected":false},"excerpt":{"rendered":"<p>Transform\u0103 fiecare moment cu acest fermec\u0103tor breloc din lemn \u00een form\u0103 de labe de c\u00e2ine, o pies\u0103 unic\u0103 care surprinde esen\u021ba iubirii pentru animalele noastre de companie. Fiecare breloc este realizat manual cu tehnologie de t\u0103iere \u0219i gravare cu laser pentru a asigura o calitate excep\u021bional\u0103. Lemnul provine din p\u0103duri europene durabile, reflect\u00e2nd angajamentul nostru fa\u021b\u0103 de mediu \u0219i calitate. Oferim personalizare cu o varietate de culori pentru a ad\u0103uga o not\u0103 personalizat\u0103. Acest breloc este un tribut adus conexiunii speciale pe care o \u00eemp\u0103rt\u0103\u0219im cu prietenii no\u0219tri bl\u0103ni\u021bi, ideal pentru tine sau ca un cadou semnificativ.<\/p>","protected":false},"featured_media":5349,"template":"","meta":{"_seopress_robots_primary_cat":"33","_seopress_titles_title":"Llavero Huella de Perro: Recuerda a Tu Mascota Siempre","_seopress_titles_desc":"Luce un llavero \u00fanico de madera en forma de huella de perro, personalizable y ecoamigable. Captura el amor por tu mascota con estilo y calidad.","_seopress_robots_index":"","_seopress_analysis_target_kw":"","site-sidebar-layout":"default","site-content-layout":"","ast-site-content-layout":"default","site-content-style":"default","site-sidebar-style":"default","ast-global-header-display":"","ast-banner-title-visibility":"","ast-main-header-display":"","ast-hfb-above-header-display":"","ast-hfb-below-header-display":"","ast-hfb-mobile-header-display":"","site-post-title":"","ast-breadcrumbs-content":"","ast-featured-img":"","footer-sml-layout":"","ast-disable-related-posts":"","theme-transparent-header-meta":"default","adv-header-id-meta":"","stick-header-meta":"default","header-above-stick-meta":"","header-main-stick-meta":"","header-below-stick-meta":"","astra-migrate-meta-layouts":"set","ast-page-background-enabled":"default","ast-page-background-meta":{"desktop":{"background-color":"","background-image":"","background-repeat":"repeat","background-position":"center center","background-size":"auto","background-attachment":"scroll","background-type":"","background-media":"","overlay-type":"","overlay-color":"","overlay-opacity":"","overlay-gradient":""},"tablet":{"background-color":"","background-image":"","background-repeat":"repeat","background-position":"center center","background-size":"auto","background-attachment":"scroll","background-type":"","background-media":"","overlay-type":"","overlay-color":"","overlay-opacity":"","overlay-gradient":""},"mobile":{"background-color":"","background-image":"","background-repeat":"repeat","background-position":"center center","background-size":"auto","background-attachment":"scroll","background-type":"","background-media":"","overlay-type":"","overlay-color":"","overlay-opacity":"","overlay-gradient":""}},"ast-content-background-meta":{"desktop":{"background-color":"var(--ast-global-color-5)","background-image":"","background-repeat":"repeat","background-position":"center center","background-size":"auto","background-attachment":"scroll","background-type":"","background-media":"","overlay-type":"","overlay-color":"","overlay-opacity":"","overlay-gradient":""},"tablet":{"background-color":"var(--ast-global-color-5)","background-image":"","background-repeat":"repeat","background-position":"center center","background-size":"auto","background-attachment":"scroll","background-type":"","background-media":"","overlay-type":"","overlay-color":"","overlay-opacity":"","overlay-gradient":""},"mobile":{"background-color":"var(--ast-global-color-5)","background-image":"","background-repeat":"repeat","background-position":"center center","background-size":"auto","background-attachment":"scroll","background-type":"","background-media":"","overlay-type":"","overlay-color":"","overlay-opacity":"","overlay-gradient":""}}},"product_brand":[],"product_cat":[33,87],"product_tag":[],"class_list":{"0":"post-2744","1":"product","2":"type-product","3":"status-publish","4":"has-post-thumbnail","6":"product_cat-llaveros-madera","7":"product_cat-mascotas","8":"desktop-align-center","9":"tablet-align-left","10":"mobile-align-center","11":"ast-product-gallery-layout-horizontal","12":"ast-magnify-disabled","13":"ast-product-tabs-layout-horizontal","14":"tm-has-options","16":"first","17":"instock","18":"taxable","19":"shipping-taxable","20":"purchasable","21":"product-type-simple"},"_links":{"self":[{"href":"https:\/\/kiemmi.com\/ro\/wp-json\/wp\/v2\/product\/2744","targetHints":{"allow":["GET"]}}],"collection":[{"href":"https:\/\/kiemmi.com\/ro\/wp-json\/wp\/v2\/product"}],"about":[{"href":"https:\/\/kiemmi.com\/ro\/wp-json\/wp\/v2\/types\/product"}],"version-history":[{"count":0,"href":"https:\/\/kiemmi.com\/ro\/wp-json\/wp\/v2\/product\/2744\/revisions"}],"wp:featuredmedia":[{"embeddable":true,"href":"https:\/\/kiemmi.com\/ro\/wp-json\/wp\/v2\/media\/5349"}],"wp:attachment":[{"href":"https:\/\/kiemmi.com\/ro\/wp-json\/wp\/v2\/media?parent=2744"}],"wp:term":[{"taxonomy":"product_brand","embeddable":true,"href":"https:\/\/kiemmi.com\/ro\/wp-json\/wp\/v2\/product_brand?post=2744"},{"taxonomy":"product_cat","embeddable":true,"href":"https:\/\/kiemmi.com\/ro\/wp-json\/wp\/v2\/product_cat?post=2744"},{"taxonomy":"product_tag","embeddable":true,"href":"https:\/\/kiemmi.com\/ro\/wp-json\/wp\/v2\/product_tag?post=2744"}],"curies":[{"name":"wp","href":"https:\/\/api.w.org\/{rel}","templated":true}]}}